{"id":13991,"date":"2016-05-17T14:54:15","date_gmt":"2016-05-17T11:54:15","guid":{"rendered":"https:\/\/www.usfen.com.tr\/markalarimiz-ve-cozum-ortaklarimiz\/"},"modified":"2016-05-17T14:54:15","modified_gmt":"2016-05-17T11:54:15","slug":"markalarimiz-ve-cozum-ortaklarimiz","status":"publish","type":"page","link":"https:\/\/www.usfen.com.tr\/en\/markalarimiz-ve-cozum-ortaklarimiz\/","title":{"rendered":"Markalar\u0131m\u0131z ve \u00c7\u00f6z\u00fcm Ortaklar\u0131m\u0131z"},"content":{"rendered":"<p>[vc_row][vc_column]<div class=\"mgt-header-block clearfix text-left text-black wpb_animate_when_almost_visible wpb_left-to-right wpb_content_element  mgt-header-block-style-1 mgt-header-texttransform-none  vc_custom_1512996930711\"><h2 class=\"mgt-header-block-title\">\u00c7\u00f6z\u00fcm Ortaklar\u0131m\u0131z<\/h2><div class=\"mgt-header-line\"><\/div><\/div>[\/vc_column][\/vc_row][vc_row][vc_column width=&#8221;1\/4&#8243;][vc_single_image image=&#8221;4624&#8243; img_size=&#8221;large&#8221; style=&#8221;vc_box_shadow_border&#8221; css_animation=&#8221;bottom-to-top&#8221;][vc_separator][\/vc_column][vc_column width=&#8221;3\/4&#8243;][vc_column_text]<\/p>\n<h3 class=\"no_stripe\">LISSMAC<\/h3>\n<h4 class=\"position\"><span style=\"color: #999999;\">\u0130n\u015faat Teknolojileri<\/span><\/h4>\n<hr \/>\n<div class=\"description\">Profesyonel uygulama i\u00e7in LISSMAC in\u015faat teknolojisi. \u00d6nc\u00fc ruhu ve yenilik\u00e7i g\u00fcc\u00fc ile, 30 y\u0131l\u0131 a\u015fk\u0131n s\u00fcredir in\u015faat sekt\u00f6r\u00fc i\u00e7in teknik olarak sofistike profesyonel \u00fcr\u00fcnler geli\u015ftirdik. Profesyonel in\u015faat makineleri i\u00e7in k\u00fcresel bir sistem tedarik\u00e7isi olarak, in\u015faat ekipman\u0131 tedarik\u00e7ileri ve ekipman kiralama \u015firketleri ile yak\u0131n i\u015fbirli\u011fi i\u00e7erisindeyiz. \u00dcr\u00fcnlerimizle \u00e7al\u0131\u015fma ko\u015fullar\u0131n\u0131 optimize eder, i\u015f s\u00fcre\u00e7lerini h\u0131zland\u0131r\u0131r ve m\u00fcmk\u00fcn oldu\u011funca kolayla\u015ft\u0131r\u0131r\u0131z. \u0130n\u015faat i\u00e7in kesme teknolojisinden, modern duvar i\u015fleme sistemlerine ve y\u00fcksek kaliteli elmas ara\u00e7lara kadar yenileme ve y\u0131k\u0131m \u00fcr\u00fcnlerine kadar t\u00fcm portf\u00f6y\u00fc sunuyoruz.<\/div>\n<p>[\/vc_column_text][\/vc_column][\/vc_row][vc_row][vc_column][vc_separator][\/vc_column][\/vc_row][vc_row][vc_column width=&#8221;1\/4&#8243;][vc_single_image image=&#8221;6371&#8243; img_size=&#8221;large&#8221; style=&#8221;vc_box_shadow_border&#8221; css_animation=&#8221;bottom-to-top&#8221;][\/vc_column][vc_column width=&#8221;3\/4&#8243;][vc_column_text]<\/p>\n<h3 class=\"no_stripe\">HYCON<\/h3>\n<h4 class=\"position\"><span style=\"color: #999999;\">Hidrolik Ekipmanlar<\/span><\/h4>\n<hr \/>\n<div class=\"description\">\n<p>HYCON, Danimarkal\u0131 bir el tipi hidrolik ekipman \u00fcreticisidir.<\/p>\n<p class=\"p1\"><b>Hycon<\/b>, hidrolik sistemlerle \u00e7al\u0131\u015fan ta\u015f\u0131nabilir ve dayan\u0131kl\u0131 <b>hidrolik el aletleri ve ekipmanlar\u0131<\/b> \u00fcreten bir markad\u0131r. \u00dcr\u00fcn yelpazesinde <b>hidrolik k\u0131r\u0131c\u0131lar, beton kesiciler, su pompalar\u0131, matkaplar ve g\u00fc\u00e7 \u00fcniteleri<\/b> bulunur.<\/p>\n<p class=\"p1\">Marka, \u00f6zellikle <b>in\u015faat, y\u0131k\u0131m, altyap\u0131 \u00e7al\u0131\u015fmalar\u0131, belediye hizmetleri<\/b> ve di\u011fer a\u011f\u0131r i\u015f ortamlar\u0131 i\u00e7in <b>y\u00fcksek performansl\u0131, verimli ve dayan\u0131kl\u0131 \u00e7\u00f6z\u00fcmler<\/b> sunmas\u0131yla bilinir. <b>Kompakt ve ta\u015f\u0131nabilir tasar\u0131mlar\u0131<\/b> sayesinde ta\u015frada ve zorlu sahalarda kullan\u0131m i\u00e7in idealdir.<\/p>\n<\/div>\n<p>[\/vc_column_text][\/vc_column][\/vc_row][vc_row][vc_column][vc_separator][\/vc_column][\/vc_row][vc_row][vc_column width=&#8221;1\/4&#8243;][vc_single_image image=&#8221;12725&#8243; img_size=&#8221;large&#8221; style=&#8221;vc_box_shadow_border&#8221; css_animation=&#8221;bottom-to-top&#8221;][\/vc_column][vc_column width=&#8221;3\/4&#8243;][vc_column_text]<\/p>\n<h3 class=\"no_stripe\">SPITZNAS<\/h3>\n<h4 class=\"position\"><span style=\"color: #999999;\">Hidrolik Pn\u00f6matik Elektrikli Ekipmanlar\u00a0<\/span><\/h4>\n<hr \/>\n<div class=\"description\">\n<p>Spitznas, Almanya men\u015feili bir \u00fcreticidir.<\/p>\n<p class=\"p1\"><b>Spitznas<\/b>; end\u00fcstriyel ve ticari kullan\u0131mlar i\u00e7in \u00f6zel olarak tasarlanm\u0131\u015f <b>pn\u00f6matik, hidrolik ve elektrikli el aletleri<\/b> ile <b>kesme, delme, z\u0131mparalama ve di\u011fer end\u00fcstriyel i\u015flemler<\/b> i\u00e7in ekipmanlar \u00fcreten bir Alman markas\u0131d\u0131r.<\/p>\n<p class=\"p1\">\u00d6zellikle tehlikeli alanlar ve zorlu \u00e7al\u0131\u015fma ko\u015fullar\u0131nda kullan\u0131lmak \u00fczere <b>patlamaya dayan\u0131kl\u0131 ATEX sertifikal\u0131 aletler<\/b> \u00fcretir. <b>Madencilik, petrol-gaz, gemi in\u015fas\u0131 ve demiryolu end\u00fcstrisi<\/b> gibi sekt\u00f6rlere hizmet verir.<\/p>\n<\/div>\n<p>[\/vc_column_text][\/vc_column][\/vc_row][vc_row][vc_column][vc_separator][\/vc_column][\/vc_row][vc_row][vc_column width=&#8221;1\/4&#8243;][vc_single_image image=&#8221;8703&#8243; img_size=&#8221;large&#8221; style=&#8221;vc_box_shadow_border&#8221; css_animation=&#8221;bottom-to-top&#8221;][\/vc_column][vc_column width=&#8221;3\/4&#8243;][vc_column_text]<\/p>\n<h3 class=\"no_stripe\">VACUWORX<\/h3>\n<h4 class=\"position\"><span style=\"color: #999999;\">Vakumlu Kald\u0131rma Sistemleri<\/span><\/h4>\n<hr \/>\n<div class=\"description\">\n<p class=\"p1\"><b>Vacuworx<\/b>, a\u011f\u0131r y\u00fcklerin ta\u015f\u0131nmas\u0131 ve kald\u0131r\u0131lmas\u0131 i\u00e7in kullan\u0131lan <b>vakuum kald\u0131rma sistemleri<\/b> \u00fcreten bir firmad\u0131r. \u015eirketin \u00fcr\u00fcnleri, \u00f6zellikle borular, beton plakalar, \u00e7elik levhalar gibi <b>a\u011f\u0131r ve hacimli malzemelerin g\u00fcvenli, verimli ve hasars\u0131z bir \u015fekilde kald\u0131r\u0131lmas\u0131<\/b> i\u00e7in tasarlanm\u0131\u015ft\u0131r.<\/p>\n<p class=\"p1\">Vacuworx, in\u015faat, boru hatt\u0131, altyap\u0131 ve ta\u015f\u0131mac\u0131l\u0131k gibi sekt\u00f6rlerde <b>i\u015f g\u00fcc\u00fc ve zaman tasarrufu sa\u011flamak<\/b> i\u00e7in yenilik\u00e7i \u00e7\u00f6z\u00fcmler sunar. <b>Mobil ve sabit kald\u0131rma sistemleri<\/b> ile farkl\u0131 uygulama ihtiya\u00e7lar\u0131na uyum sa\u011flar.<\/p>\n<\/div>\n<p>[\/vc_column_text][\/vc_column][\/vc_row][vc_row][vc_column][vc_separator][\/vc_column][\/vc_row][vc_row][vc_column width=&#8221;1\/4&#8243;][vc_single_image image=&#8221;6346&#8243; img_size=&#8221;large&#8221; style=&#8221;vc_box_shadow_border&#8221; css_animation=&#8221;bottom-to-top&#8221;][\/vc_column][vc_column width=&#8221;3\/4&#8243;][vc_column_text]<\/p>\n<h3 class=\"no_stripe\">MINNICH<\/h3>\n<h4 class=\"position\"><span style=\"color: #999999;\">Beton Vibrat\u00f6rleri &amp; Yatay D\u00fcbel Pimli Matkaplar<\/span><\/h4>\n<hr \/>\n<div class=\"description\">\n<p class=\"p1\"><b>Minnich Manufacturing<\/b>, in\u015faat sekt\u00f6r\u00fcne y\u00f6nelik <b>beton titre\u015fim ekipmanlar\u0131 ve delme sistemleri<\/b> \u00fcreten bir markad\u0131r. \u00dcr\u00fcn yelpazesinde;<\/p>\n<p class=\"p2\">\u2022<b>Beton vibrat\u00f6rleri<\/b> (dahili ve harici),<\/p>\n<p class=\"p2\">\u2022<b>Vibrat\u00f6r motorlar\u0131<\/b>,<\/p>\n<p class=\"p2\">\u2022<b>Hava darbeli delme makineleri<\/b> ve<\/p>\n<p class=\"p2\">\u2022<b>Kontrol sistemleri<\/b> bulunur.<\/p>\n<p class=\"p1\">Minnich, \u00f6zellikle <b>yol, k\u00f6pr\u00fc ve yap\u0131 in\u015faat\u0131<\/b> gibi projelerde betonun s\u0131k\u0131\u015ft\u0131r\u0131lmas\u0131 ve dayan\u0131kl\u0131l\u0131\u011f\u0131n\u0131n art\u0131r\u0131lmas\u0131 i\u00e7in kullan\u0131lan ekipmanlar\u0131yla bilinir. <b>Verimlilik, dayan\u0131kl\u0131l\u0131k ve hassasiyete<\/b> odaklanan \u00e7\u00f6z\u00fcmler sunar.<\/p>\n<\/div>\n<p>[\/vc_column_text][\/vc_column][\/vc_row][vc_row][vc_column][vc_separator][\/vc_column][\/vc_row][vc_row][vc_column width=&#8221;1\/4&#8243;][vc_single_image image=&#8221;4216&#8243; img_size=&#8221;large&#8221; style=&#8221;vc_box_shadow_border&#8221; css_animation=&#8221;bottom-to-top&#8221;][\/vc_column][vc_column width=&#8221;3\/4&#8243;][vc_column_text css_animation=&#8221;bottom-to-top&#8221;]<\/p>\n<h3 class=\"no_stripe\">ROGOMAT<\/h3>\n<h4 class=\"position\"><span style=\"color: #999999;\">R\u00f6gar Kapa\u011f\u0131 Tamir Ekipmanlar\u0131<\/span><\/h4>\n<hr \/>\n<div class=\"description\">Zaman ve yer kayb\u0131 ROGOMAT ile problem olmaktan \u00e7\u0131k\u0131yor. Ayarlanabilir kollar sayesinde \u00e7ok \u00e7e\u015fitli boyutlardaki ve ula\u015f\u0131lmas\u0131 zor yerlerdeki rogar kapaklar\u0131 sadece dakikalar i\u00e7inde tamir edilebiliyor.<\/div>\n<p>[\/vc_column_text][\/vc_column][\/vc_row][vc_row][vc_column][vc_separator][\/vc_column][\/vc_row][vc_row][vc_column width=&#8221;1\/4&#8243;][vc_single_image image=&#8221;4222&#8243; img_size=&#8221;large&#8221; style=&#8221;vc_box_shadow_border&#8221; css_animation=&#8221;bottom-to-top&#8221;][\/vc_column][vc_column width=&#8221;3\/4&#8243;][vc_column_text css_animation=&#8221;bottom-to-top&#8221;]<\/p>\n<h3 class=\"no_stripe\">OLI<\/h3>\n<h4 class=\"position\"><span style=\"color: #999999;\">End\u00fcstriyel Vibrasyon \u00c7\u00f6z\u00fcmleri<\/span><\/h4>\n<hr \/>\n<div class=\"description\">OLI, d\u00fcnya \u00e7ap\u0131nda 7 \u00fcretim tesisi, 16 ticari ba\u011fl\u0131 kurulu\u015f ve 36 depo bulunan, Elektrik Harici Motovibrat\u00f6rlerinin en \u00e7ok satan \u015firketi.<\/div>\n<p>[\/vc_column_text][\/vc_column][\/vc_row]<\/p>\n","protected":false},"excerpt":{"rendered":"<p>[vc_row][vc_column][\/vc_column][\/vc_row][vc_row][vc_column width=&#8221;1\/4&#8243;][vc_single_image image=&#8221;4624&#8243; img_size=&#8221;large&#8221; style=&#8221;vc_box_shadow_border&#8221; css_animation=&#8221;bottom-to-top&#8221;][vc_separator][\/vc_column][vc_column width=&#8221;3\/4&#8243;][vc_column_text] LISSMAC \u0130n\u015faat Teknolojileri Profesyonel uygulama i\u00e7in LISSMAC in\u015faat teknolojisi. \u00d6nc\u00fc ruhu ve yenilik\u00e7i g\u00fcc\u00fc ile, 30 y\u0131l\u0131 a\u015fk\u0131n s\u00fcredir in\u015faat sekt\u00f6r\u00fc i\u00e7in teknik&#8230;<\/p>\n","protected":false},"author":1,"featured_media":0,"parent":0,"menu_order":0,"comment_status":"closed","ping_status":"closed","template":"","meta":{"footnotes":""},"yoast_head":"<!-- This site is optimized with the Yoast SEO plugin v22.2 - https:\/\/yoast.com\/wordpress\/plugins\/seo\/ -->\n<title>Markalar\u0131m\u0131z ve \u00c7\u00f6z\u00fcm Ortaklar\u0131m\u0131z - \u00dcsfen Makina<\/title>\n<meta name=\"robots\" content=\"index, follow, max-snippet:-1, max-image-preview:large, max-video-preview:-1\" \/>\n<link rel=\"canonical\" href=\"https:\/\/www.usfen.com.tr\/en\/markalarimiz-ve-cozum-ortaklarimiz\/\" \/>\n<meta property=\"og:locale\" content=\"en_US\" \/>\n<meta property=\"og:type\" content=\"article\" \/>\n<meta property=\"og:title\" content=\"Markalar\u0131m\u0131z ve \u00c7\u00f6z\u00fcm Ortaklar\u0131m\u0131z - \u00dcsfen Makina\" \/>\n<meta property=\"og:description\" content=\"[vc_row][vc_column][\/vc_column][\/vc_row][vc_row][vc_column width=&#8221;1\/4&#8243;][vc_single_image image=&#8221;4624&#8243; img_size=&#8221;large&#8221; style=&#8221;vc_box_shadow_border&#8221; css_animation=&#8221;bottom-to-top&#8221;][vc_separator][\/vc_column][vc_column width=&#8221;3\/4&#8243;][vc_column_text] LISSMAC \u0130n\u015faat Teknolojileri Profesyonel uygulama i\u00e7in LISSMAC in\u015faat teknolojisi. \u00d6nc\u00fc ruhu ve yenilik\u00e7i g\u00fcc\u00fc ile, 30 y\u0131l\u0131 a\u015fk\u0131n s\u00fcredir in\u015faat sekt\u00f6r\u00fc i\u00e7in teknik...\" \/>\n<meta property=\"og:url\" content=\"https:\/\/www.usfen.com.tr\/en\/markalarimiz-ve-cozum-ortaklarimiz\/\" \/>\n<meta property=\"og:site_name\" content=\"\u00dcsfen Makina\" \/>\n<meta property=\"article:publisher\" content=\"https:\/\/www.facebook.com\/%c3%9csfen-Makina-280420642481393\/\" \/>\n<meta name=\"twitter:card\" content=\"summary_large_image\" \/>\n<meta name=\"twitter:site\" content=\"@usfenmakina\" \/>\n<meta name=\"twitter:label1\" content=\"Est. reading time\" \/>\n\t<meta name=\"twitter:data1\" content=\"5 minutes\" \/>\n<script type=\"application\/ld+json\" class=\"yoast-schema-graph\">{\"@context\":\"https:\/\/schema.org\",\"@graph\":[{\"@type\":\"WebPage\",\"@id\":\"https:\/\/www.usfen.com.tr\/en\/markalarimiz-ve-cozum-ortaklarimiz\/\",\"url\":\"https:\/\/www.usfen.com.tr\/en\/markalarimiz-ve-cozum-ortaklarimiz\/\",\"name\":\"Markalar\u0131m\u0131z ve \u00c7\u00f6z\u00fcm Ortaklar\u0131m\u0131z - \u00dcsfen Makina\",\"isPartOf\":{\"@id\":\"https:\/\/www.usfen.com.tr\/#website\"},\"datePublished\":\"2016-05-17T11:54:15+00:00\",\"dateModified\":\"2016-05-17T11:54:15+00:00\",\"breadcrumb\":{\"@id\":\"https:\/\/www.usfen.com.tr\/en\/markalarimiz-ve-cozum-ortaklarimiz\/#breadcrumb\"},\"inLanguage\":\"en-US\",\"potentialAction\":[{\"@type\":\"ReadAction\",\"target\":[\"https:\/\/www.usfen.com.tr\/en\/markalarimiz-ve-cozum-ortaklarimiz\/\"]}]},{\"@type\":\"BreadcrumbList\",\"@id\":\"https:\/\/www.usfen.com.tr\/en\/markalarimiz-ve-cozum-ortaklarimiz\/#breadcrumb\",\"itemListElement\":[{\"@type\":\"ListItem\",\"position\":1,\"name\":\"Ana sayfa\",\"item\":\"https:\/\/www.usfen.com.tr\/en\/\"},{\"@type\":\"ListItem\",\"position\":2,\"name\":\"Markalar\u0131m\u0131z ve \u00c7\u00f6z\u00fcm Ortaklar\u0131m\u0131z\"}]},{\"@type\":\"WebSite\",\"@id\":\"https:\/\/www.usfen.com.tr\/#website\",\"url\":\"https:\/\/www.usfen.com.tr\/\",\"name\":\"\u00dcsfen Makina\",\"description\":\"M\u00fchendislik, Teknoloji \u00dcss\u00fc\",\"publisher\":{\"@id\":\"https:\/\/www.usfen.com.tr\/#organization\"},\"potentialAction\":[{\"@type\":\"SearchAction\",\"target\":{\"@type\":\"EntryPoint\",\"urlTemplate\":\"https:\/\/www.usfen.com.tr\/?s={search_term_string}\"},\"query-input\":\"required name=search_term_string\"}],\"inLanguage\":\"en-US\"},{\"@type\":\"Organization\",\"@id\":\"https:\/\/www.usfen.com.tr\/#organization\",\"name\":\"\u00dcsfen Makina\",\"url\":\"https:\/\/www.usfen.com.tr\/\",\"logo\":{\"@type\":\"ImageObject\",\"inLanguage\":\"en-US\",\"@id\":\"https:\/\/www.usfen.com.tr\/#\/schema\/logo\/image\/\",\"url\":\"https:\/\/www.usfen.com.tr\/wp-content\/uploads\/2017\/12\/usfen-logo-bg.png\",\"contentUrl\":\"https:\/\/www.usfen.com.tr\/wp-content\/uploads\/2017\/12\/usfen-logo-bg.png\",\"width\":400,\"height\":151,\"caption\":\"\u00dcsfen Makina\"},\"image\":{\"@id\":\"https:\/\/www.usfen.com.tr\/#\/schema\/logo\/image\/\"},\"sameAs\":[\"https:\/\/www.facebook.com\/\u00dcsfen-Makina-280420642481393\/\",\"https:\/\/twitter.com\/usfenmakina\",\"https:\/\/www.instagram.com\/usfenmakina\/\",\"https:\/\/www.linkedin.com\/company\/18375652\/\"]}]}<\/script>\n<!-- \/ Yoast SEO plugin. -->","yoast_head_json":{"title":"Markalar\u0131m\u0131z ve \u00c7\u00f6z\u00fcm Ortaklar\u0131m\u0131z - \u00dcsfen Makina","robots":{"index":"index","follow":"follow","max-snippet":"max-snippet:-1","max-image-preview":"max-image-preview:large","max-video-preview":"max-video-preview:-1"},"canonical":"https:\/\/www.usfen.com.tr\/en\/markalarimiz-ve-cozum-ortaklarimiz\/","og_locale":"en_US","og_type":"article","og_title":"Markalar\u0131m\u0131z ve \u00c7\u00f6z\u00fcm Ortaklar\u0131m\u0131z - \u00dcsfen Makina","og_description":"[vc_row][vc_column][\/vc_column][\/vc_row][vc_row][vc_column width=&#8221;1\/4&#8243;][vc_single_image image=&#8221;4624&#8243; img_size=&#8221;large&#8221; style=&#8221;vc_box_shadow_border&#8221; css_animation=&#8221;bottom-to-top&#8221;][vc_separator][\/vc_column][vc_column width=&#8221;3\/4&#8243;][vc_column_text] LISSMAC \u0130n\u015faat Teknolojileri Profesyonel uygulama i\u00e7in LISSMAC in\u015faat teknolojisi. \u00d6nc\u00fc ruhu ve yenilik\u00e7i g\u00fcc\u00fc ile, 30 y\u0131l\u0131 a\u015fk\u0131n s\u00fcredir in\u015faat sekt\u00f6r\u00fc i\u00e7in teknik...","og_url":"https:\/\/www.usfen.com.tr\/en\/markalarimiz-ve-cozum-ortaklarimiz\/","og_site_name":"\u00dcsfen Makina","article_publisher":"https:\/\/www.facebook.com\/%c3%9csfen-Makina-280420642481393\/","twitter_card":"summary_large_image","twitter_site":"@usfenmakina","twitter_misc":{"Est. reading time":"5 minutes"},"schema":{"@context":"https:\/\/schema.org","@graph":[{"@type":"WebPage","@id":"https:\/\/www.usfen.com.tr\/en\/markalarimiz-ve-cozum-ortaklarimiz\/","url":"https:\/\/www.usfen.com.tr\/en\/markalarimiz-ve-cozum-ortaklarimiz\/","name":"Markalar\u0131m\u0131z ve \u00c7\u00f6z\u00fcm Ortaklar\u0131m\u0131z - \u00dcsfen Makina","isPartOf":{"@id":"https:\/\/www.usfen.com.tr\/#website"},"datePublished":"2016-05-17T11:54:15+00:00","dateModified":"2016-05-17T11:54:15+00:00","breadcrumb":{"@id":"https:\/\/www.usfen.com.tr\/en\/markalarimiz-ve-cozum-ortaklarimiz\/#breadcrumb"},"inLanguage":"en-US","potentialAction":[{"@type":"ReadAction","target":["https:\/\/www.usfen.com.tr\/en\/markalarimiz-ve-cozum-ortaklarimiz\/"]}]},{"@type":"BreadcrumbList","@id":"https:\/\/www.usfen.com.tr\/en\/markalarimiz-ve-cozum-ortaklarimiz\/#breadcrumb","itemListElement":[{"@type":"ListItem","position":1,"name":"Ana sayfa","item":"https:\/\/www.usfen.com.tr\/en\/"},{"@type":"ListItem","position":2,"name":"Markalar\u0131m\u0131z ve \u00c7\u00f6z\u00fcm Ortaklar\u0131m\u0131z"}]},{"@type":"WebSite","@id":"https:\/\/www.usfen.com.tr\/#website","url":"https:\/\/www.usfen.com.tr\/","name":"\u00dcsfen Makina","description":"M\u00fchendislik, Teknoloji \u00dcss\u00fc","publisher":{"@id":"https:\/\/www.usfen.com.tr\/#organization"},"potentialAction":[{"@type":"SearchAction","target":{"@type":"EntryPoint","urlTemplate":"https:\/\/www.usfen.com.tr\/?s={search_term_string}"},"query-input":"required name=search_term_string"}],"inLanguage":"en-US"},{"@type":"Organization","@id":"https:\/\/www.usfen.com.tr\/#organization","name":"\u00dcsfen Makina","url":"https:\/\/www.usfen.com.tr\/","logo":{"@type":"ImageObject","inLanguage":"en-US","@id":"https:\/\/www.usfen.com.tr\/#\/schema\/logo\/image\/","url":"https:\/\/www.usfen.com.tr\/wp-content\/uploads\/2017\/12\/usfen-logo-bg.png","contentUrl":"https:\/\/www.usfen.com.tr\/wp-content\/uploads\/2017\/12\/usfen-logo-bg.png","width":400,"height":151,"caption":"\u00dcsfen Makina"},"image":{"@id":"https:\/\/www.usfen.com.tr\/#\/schema\/logo\/image\/"},"sameAs":["https:\/\/www.facebook.com\/\u00dcsfen-Makina-280420642481393\/","https:\/\/twitter.com\/usfenmakina","https:\/\/www.instagram.com\/usfenmakina\/","https:\/\/www.linkedin.com\/company\/18375652\/"]}]}},"jetpack_sharing_enabled":true,"_links":{"self":[{"href":"https:\/\/www.usfen.com.tr\/en\/wp-json\/wp\/v2\/pages\/13991"}],"collection":[{"href":"https:\/\/www.usfen.com.tr\/en\/wp-json\/wp\/v2\/pages"}],"about":[{"href":"https:\/\/www.usfen.com.tr\/en\/wp-json\/wp\/v2\/types\/page"}],"author":[{"embeddable":true,"href":"https:\/\/www.usfen.com.tr\/en\/wp-json\/wp\/v2\/users\/1"}],"replies":[{"embeddable":true,"href":"https:\/\/www.usfen.com.tr\/en\/wp-json\/wp\/v2\/comments?post=13991"}],"version-history":[{"count":0,"href":"https:\/\/www.usfen.com.tr\/en\/wp-json\/wp\/v2\/pages\/13991\/revisions"}],"wp:attachment":[{"href":"https:\/\/www.usfen.com.tr\/en\/wp-json\/wp\/v2\/media?parent=13991"}],"curies":[{"name":"wp","href":"https:\/\/api.w.org\/{rel}","templated":true}]}}