{"id":7572,"date":"2020-07-21T11:18:33","date_gmt":"2020-07-21T08:18:33","guid":{"rendered":"http:\/\/www.usfen.com.tr\/beton-finiser-vibratoru\/"},"modified":"2025-01-23T15:05:58","modified_gmt":"2025-01-23T12:05:58","slug":"concrete-paving-vibrator","status":"publish","type":"page","link":"https:\/\/www.usfen.com.tr\/en\/sectoral-products\/concrete-vibration-solutions\/concrete-vibrators\/concrete-paving-vibrator\/","title":{"rendered":"Concrete Paving Vibrator"},"content":{"rendered":"<p>[vc_row][vc_column][vc_tta_tabs spacing=&#8221;2&#8243; alignment=&#8221;center&#8221; active_section=&#8221;1&#8243;][vc_tta_section title=&#8221;CONCRETE PAVING VIBRATOR&#8221; tab_id=&#8221;1514199267873-513b7fb0-0274e7cc-9afb13e7-12db12f9-8ada7821-4991&#8243;][vc_row_inner][vc_column_inner]<div class=\"mgt-header-block clearfix text-left text-black wpb_content_element  mgt-header-block-style-1 mgt-header-texttransform-header  vc_custom_1646120243820\"><h2 class=\"mgt-header-block-title\">Concrete Paving Vibrator<\/h2><p class=\"mgt-header-block-subtitle\">Product Features<\/p><div class=\"mgt-header-line\"><\/div><\/div>[\/vc_column_inner][\/vc_row_inner][vc_row_inner][vc_column_inner width=&#8221;1\/2&#8243;][vc_gallery type=&#8221;flexslider_slide&#8221; interval=&#8221;0&#8243; images=&#8221;6337,6338,6339,6340,6341&#8243; img_size=&#8221;large&#8221;][\/vc_column_inner][vc_column_inner width=&#8221;1\/2&#8243;][vc_column_text]Hydraulic head vibrators compatible with Gomaco, Guntert &amp; Zimmerman, HEM, Miller Formless slipform concrete pavers.<\/p>\n<p>With a head diameter of 2-5\/8\u201d, Minnich HV-2 Series hydraulic internal paving vibrators are ideal for most slip-form applications. Minnich paving vibrators are designed to withstand the rigors of the industry. For mainline paving, a block isolator offers better shear spring rate, less area for concrete build-up and a greater rubber-to-steel bond area. This translates to less end-of-day clean-up time, reduced transfer of vibration to the paver and less wear on the isolators. A two-isolator setup can fit into tighter areas for barrier wall molds. The hydraulic hose features an abrasion-resistant coating to help reduce vibrator failure. A specially designed Minnich three-gear motor provides hydrostatic balance for longer motor life and greater starting torque.<\/p>\n<p>#Gomaco #Guntert&amp;Zimmerman #HEM #Miller Formless[\/vc_column_text][\/vc_column_inner][\/vc_row_inner][\/vc_tta_section][\/vc_tta_tabs][\/vc_column][\/vc_row][vc_row][vc_column][vc_row_inner][vc_column_inner][vc_toggle title=&#8221;Minnich Vibrator Advantages Include:&#8221; open=&#8221;true&#8221;]<\/p>\n<div _ngcontent-spm-c114=\"\" id=\"leftPanel\" class=\"col-sm-6 col-md-5\">\n<div _ngcontent-spm-c114=\"\">\n<p><strong>Round Vibrator Heads<\/strong><\/p>\n<ul>\n<li>Better consolidation<\/li>\n<li>Greater amplitude<\/li>\n<li>Greater velocity<\/li>\n<li>Greater influence<\/li>\n<\/ul>\n<p><strong>Block Isolator<\/strong><\/p>\n<ul>\n<li>Standard on all paving models<\/li>\n<li>Better shear spring rate<\/li>\n<li>Less area for concrete build up<\/li>\n<li>Greater rubber to steel bond area<\/li>\n<\/ul>\n<p><strong>Armor Coated Hydraulic Hose<\/strong><\/p>\n<ul>\n<li>Greater wear resistance<\/li>\n<\/ul>\n<p><strong>Minnich Designed and Built Hydraulic Motor<\/strong><\/p>\n<ul>\n<li>Three gear motor provides hydrostatic balance for longer motor life<\/li>\n<li>Case hardened steel drive shaft and gear set<\/li>\n<li>Designed to provide greater starting torque<\/li>\n<li>Easy access to seal without complete tear down<\/li>\n<\/ul>\n<p><strong>Easy to Repair<\/strong><\/p>\n<ul>\n<li>Factory repair schools and repair videos available<\/li>\n<li>Factory qualified dealer\/repair network<\/li>\n<li>Any up-grades can be retrofitted to existing vibrators<\/li>\n<\/ul>\n<p><strong>Same Day Shipping<\/strong><\/p>\n<ul>\n<li>Same day shipping on standard parts and most vibrator orders<\/li>\n<\/ul>\n<p><strong>24\/7 Test Lab<\/strong><\/p>\n<ul>\n<li>24\/7 product testing and on-going product improvement<\/li>\n<\/ul>\n<\/div>\n<\/div>\n<div _ngcontent-spm-c114=\"\" class=\"col-sm-6 col-md-7\">\n<div _ngcontent-spm-c114=\"\"><\/div>\n<\/div>\n<p>[\/vc_toggle][vc_toggle title=&#8221;Technical Data&#8221; open=&#8221;true&#8221;]<\/p>\n<table class=\"table table-striped\">\n<thead>\n<tr>\n<th>Model<\/th>\n<th>HV-2 Series<\/th>\n<\/tr>\n<\/thead>\n<tbody>\n<tr>\n<td>Head Diameter<\/td>\n<td>2-5\/8&#8243; (66.67mm)<\/td>\n<\/tr>\n<tr>\n<td>Centrifugal Force<\/td>\n<td>1902 LBS (8460.51N)<\/td>\n<\/tr>\n<tr>\n<td>Amplitude<\/td>\n<td>0.126&#8243; (3.20mm)<\/td>\n<\/tr>\n<tr>\n<td>Diameter of Influence @ 10,500VPM<\/td>\n<td>26.50&#8243;-30.50&#8243; (673.1mm-774.7mm)<\/td>\n<\/tr>\n<tr>\n<td>Diameter of Influence @ 8,000VPM<\/td>\n<td>20.25&#8243;-24.25&#8243; (514.3mm-615.9mm)<\/td>\n<\/tr>\n<tr>\n<td>Maximum Flow<\/td>\n<td>4GPM (15.14 l\/min)<\/td>\n<\/tr>\n<tr>\n<td>Normal Operating Pressure<\/td>\n<td>800-1300PSI (5.51-8.96MPa)<\/td>\n<\/tr>\n<tr>\n<td>Back Pressure Maximum<\/td>\n<td>150 PSI (1.03MPa)<\/td>\n<\/tr>\n<tr>\n<td>Rated For Pressure Up To 2500PSI (17.24MPa)<\/td>\n<\/tr>\n<\/tbody>\n<\/table>\n<p>[\/vc_toggle][\/vc_column_inner][\/vc_row_inner][\/vc_column][\/vc_row][vc_row][vc_column width=&#8221;1\/2&#8243;][vc_video link=&#8221;https:\/\/youtu.be\/MeJYPkheM-A&#8221;][vc_video link=&#8221;https:\/\/youtu.be\/DTW9KEdFCow&#8221;][vc_video link=&#8221;https:\/\/youtu.be\/M_jZonxepS4&#8243;][\/vc_column][vc_column width=&#8221;1\/2&#8243;][vc_video link=&#8221;https:\/\/youtu.be\/ihH2TbJmlz0&#8243;][vc_video link=&#8221;https:\/\/youtu.be\/xUtgR2Wjt18&#8243;][vc_video link=&#8221;https:\/\/youtu.be\/uFC9kInE110&#8243;][\/vc_column][\/vc_row]<\/p>\n","protected":false},"excerpt":{"rendered":"<p>[vc_row][vc_column][vc_tta_tabs spacing=&#8221;2&#8243; alignment=&#8221;center&#8221; active_section=&#8221;1&#8243;][vc_tta_section title=&#8221;CONCRETE PAVING VIBRATOR&#8221; tab_id=&#8221;1514199267873-513b7fb0-0274e7cc-9afb13e7-12db12f9-8ada7821-4991&#8243;][vc_row_inner][vc_column_inner][\/vc_column_inner][\/vc_row_inner][vc_row_inner][vc_column_inner width=&#8221;1\/2&#8243;][vc_gallery type=&#8221;flexslider_slide&#8221; interval=&#8221;0&#8243; images=&#8221;6337,6338,6339,6340,6341&#8243; img_size=&#8221;large&#8221;][\/vc_column_inner][vc_column_inner width=&#8221;1\/2&#8243;][vc_column_text]Hydraulic head vibrators compatible with Gomaco, Guntert &amp; Zimmerman, HEM, Miller Formless slipform concrete pavers. With a&#8230;<\/p>\n","protected":false},"author":1,"featured_media":0,"parent":7785,"menu_order":0,"comment_status":"closed","ping_status":"closed","template":"","meta":{"footnotes":""},"yoast_head":"<!-- This site is optimized with the Yoast SEO plugin v22.2 - https:\/\/yoast.com\/wordpress\/plugins\/seo\/ -->\n<title>Concrete Paving Vibrator - \u00dcsfen Makina<\/title>\n<meta name=\"robots\" content=\"index, follow, max-snippet:-1, max-image-preview:large, max-video-preview:-1\" \/>\n<link rel=\"canonical\" href=\"https:\/\/www.usfen.com.tr\/en\/sectoral-products\/concrete-vibration-solutions\/concrete-vibrators\/concrete-paving-vibrator\/\" \/>\n<meta property=\"og:locale\" content=\"en_US\" \/>\n<meta property=\"og:type\" content=\"article\" \/>\n<meta property=\"og:title\" content=\"Concrete Paving Vibrator - \u00dcsfen Makina\" \/>\n<meta property=\"og:description\" content=\"[vc_row][vc_column][vc_tta_tabs spacing=&#8221;2&#8243; alignment=&#8221;center&#8221; active_section=&#8221;1&#8243;][vc_tta_section title=&#8221;CONCRETE PAVING VIBRATOR&#8221; tab_id=&#8221;1514199267873-513b7fb0-0274e7cc-9afb13e7-12db12f9-8ada7821-4991&#8243;][vc_row_inner][vc_column_inner][\/vc_column_inner][\/vc_row_inner][vc_row_inner][vc_column_inner width=&#8221;1\/2&#8243;][vc_gallery type=&#8221;flexslider_slide&#8221; interval=&#8221;0&#8243; images=&#8221;6337,6338,6339,6340,6341&#8243; img_size=&#8221;large&#8221;][\/vc_column_inner][vc_column_inner width=&#8221;1\/2&#8243;][vc_column_text]Hydraulic head vibrators compatible with Gomaco, Guntert &amp; Zimmerman, HEM, Miller Formless slipform concrete pavers. With a...\" \/>\n<meta property=\"og:url\" content=\"https:\/\/www.usfen.com.tr\/en\/sectoral-products\/concrete-vibration-solutions\/concrete-vibrators\/concrete-paving-vibrator\/\" \/>\n<meta property=\"og:site_name\" content=\"\u00dcsfen Makina\" \/>\n<meta property=\"article:publisher\" content=\"https:\/\/www.facebook.com\/%c3%9csfen-Makina-280420642481393\/\" \/>\n<meta property=\"article:modified_time\" content=\"2025-01-23T12:05:58+00:00\" \/>\n<meta name=\"twitter:card\" content=\"summary_large_image\" \/>\n<meta name=\"twitter:site\" content=\"@usfenmakina\" \/>\n<meta name=\"twitter:label1\" content=\"Est. reading time\" \/>\n\t<meta name=\"twitter:data1\" content=\"3 minutes\" \/>\n<script type=\"application\/ld+json\" class=\"yoast-schema-graph\">{\"@context\":\"https:\/\/schema.org\",\"@graph\":[{\"@type\":\"WebPage\",\"@id\":\"https:\/\/www.usfen.com.tr\/en\/sectoral-products\/concrete-vibration-solutions\/concrete-vibrators\/concrete-paving-vibrator\/\",\"url\":\"https:\/\/www.usfen.com.tr\/en\/sectoral-products\/concrete-vibration-solutions\/concrete-vibrators\/concrete-paving-vibrator\/\",\"name\":\"Concrete Paving Vibrator - \u00dcsfen Makina\",\"isPartOf\":{\"@id\":\"https:\/\/www.usfen.com.tr\/#website\"},\"datePublished\":\"2020-07-21T08:18:33+00:00\",\"dateModified\":\"2025-01-23T12:05:58+00:00\",\"breadcrumb\":{\"@id\":\"https:\/\/www.usfen.com.tr\/en\/sectoral-products\/concrete-vibration-solutions\/concrete-vibrators\/concrete-paving-vibrator\/#breadcrumb\"},\"inLanguage\":\"en-US\",\"potentialAction\":[{\"@type\":\"ReadAction\",\"target\":[\"https:\/\/www.usfen.com.tr\/en\/sectoral-products\/concrete-vibration-solutions\/concrete-vibrators\/concrete-paving-vibrator\/\"]}]},{\"@type\":\"BreadcrumbList\",\"@id\":\"https:\/\/www.usfen.com.tr\/en\/sectoral-products\/concrete-vibration-solutions\/concrete-vibrators\/concrete-paving-vibrator\/#breadcrumb\",\"itemListElement\":[{\"@type\":\"ListItem\",\"position\":1,\"name\":\"Ana sayfa\",\"item\":\"https:\/\/www.usfen.com.tr\/en\/\"},{\"@type\":\"ListItem\",\"position\":2,\"name\":\"Products\",\"item\":\"https:\/\/www.usfen.com.tr\/en\/sectoral-products\/\"},{\"@type\":\"ListItem\",\"position\":3,\"name\":\"Concrete Vibration Solutions\",\"item\":\"https:\/\/www.usfen.com.tr\/en\/sectoral-products\/concrete-vibration-solutions\/\"},{\"@type\":\"ListItem\",\"position\":4,\"name\":\"Concrete Vibrators\",\"item\":\"https:\/\/www.usfen.com.tr\/en\/sectoral-products\/concrete-vibration-solutions\/concrete-vibrators\/\"},{\"@type\":\"ListItem\",\"position\":5,\"name\":\"Concrete Paving Vibrator\"}]},{\"@type\":\"WebSite\",\"@id\":\"https:\/\/www.usfen.com.tr\/#website\",\"url\":\"https:\/\/www.usfen.com.tr\/\",\"name\":\"\u00dcsfen Makina\",\"description\":\"M\u00fchendislik, Teknoloji \u00dcss\u00fc\",\"publisher\":{\"@id\":\"https:\/\/www.usfen.com.tr\/#organization\"},\"potentialAction\":[{\"@type\":\"SearchAction\",\"target\":{\"@type\":\"EntryPoint\",\"urlTemplate\":\"https:\/\/www.usfen.com.tr\/?s={search_term_string}\"},\"query-input\":\"required name=search_term_string\"}],\"inLanguage\":\"en-US\"},{\"@type\":\"Organization\",\"@id\":\"https:\/\/www.usfen.com.tr\/#organization\",\"name\":\"\u00dcsfen Makina\",\"url\":\"https:\/\/www.usfen.com.tr\/\",\"logo\":{\"@type\":\"ImageObject\",\"inLanguage\":\"en-US\",\"@id\":\"https:\/\/www.usfen.com.tr\/#\/schema\/logo\/image\/\",\"url\":\"https:\/\/www.usfen.com.tr\/wp-content\/uploads\/2017\/12\/usfen-logo-bg.png\",\"contentUrl\":\"https:\/\/www.usfen.com.tr\/wp-content\/uploads\/2017\/12\/usfen-logo-bg.png\",\"width\":400,\"height\":151,\"caption\":\"\u00dcsfen Makina\"},\"image\":{\"@id\":\"https:\/\/www.usfen.com.tr\/#\/schema\/logo\/image\/\"},\"sameAs\":[\"https:\/\/www.facebook.com\/\u00dcsfen-Makina-280420642481393\/\",\"https:\/\/twitter.com\/usfenmakina\",\"https:\/\/www.instagram.com\/usfenmakina\/\",\"https:\/\/www.linkedin.com\/company\/18375652\/\"]}]}<\/script>\n<!-- \/ Yoast SEO plugin. -->","yoast_head_json":{"title":"Concrete Paving Vibrator - \u00dcsfen Makina","robots":{"index":"index","follow":"follow","max-snippet":"max-snippet:-1","max-image-preview":"max-image-preview:large","max-video-preview":"max-video-preview:-1"},"canonical":"https:\/\/www.usfen.com.tr\/en\/sectoral-products\/concrete-vibration-solutions\/concrete-vibrators\/concrete-paving-vibrator\/","og_locale":"en_US","og_type":"article","og_title":"Concrete Paving Vibrator - \u00dcsfen Makina","og_description":"[vc_row][vc_column][vc_tta_tabs spacing=&#8221;2&#8243; alignment=&#8221;center&#8221; active_section=&#8221;1&#8243;][vc_tta_section title=&#8221;CONCRETE PAVING VIBRATOR&#8221; tab_id=&#8221;1514199267873-513b7fb0-0274e7cc-9afb13e7-12db12f9-8ada7821-4991&#8243;][vc_row_inner][vc_column_inner][\/vc_column_inner][\/vc_row_inner][vc_row_inner][vc_column_inner width=&#8221;1\/2&#8243;][vc_gallery type=&#8221;flexslider_slide&#8221; interval=&#8221;0&#8243; images=&#8221;6337,6338,6339,6340,6341&#8243; img_size=&#8221;large&#8221;][\/vc_column_inner][vc_column_inner width=&#8221;1\/2&#8243;][vc_column_text]Hydraulic head vibrators compatible with Gomaco, Guntert &amp; Zimmerman, HEM, Miller Formless slipform concrete pavers. With a...","og_url":"https:\/\/www.usfen.com.tr\/en\/sectoral-products\/concrete-vibration-solutions\/concrete-vibrators\/concrete-paving-vibrator\/","og_site_name":"\u00dcsfen Makina","article_publisher":"https:\/\/www.facebook.com\/%c3%9csfen-Makina-280420642481393\/","article_modified_time":"2025-01-23T12:05:58+00:00","twitter_card":"summary_large_image","twitter_site":"@usfenmakina","twitter_misc":{"Est. reading time":"3 minutes"},"schema":{"@context":"https:\/\/schema.org","@graph":[{"@type":"WebPage","@id":"https:\/\/www.usfen.com.tr\/en\/sectoral-products\/concrete-vibration-solutions\/concrete-vibrators\/concrete-paving-vibrator\/","url":"https:\/\/www.usfen.com.tr\/en\/sectoral-products\/concrete-vibration-solutions\/concrete-vibrators\/concrete-paving-vibrator\/","name":"Concrete Paving Vibrator - \u00dcsfen Makina","isPartOf":{"@id":"https:\/\/www.usfen.com.tr\/#website"},"datePublished":"2020-07-21T08:18:33+00:00","dateModified":"2025-01-23T12:05:58+00:00","breadcrumb":{"@id":"https:\/\/www.usfen.com.tr\/en\/sectoral-products\/concrete-vibration-solutions\/concrete-vibrators\/concrete-paving-vibrator\/#breadcrumb"},"inLanguage":"en-US","potentialAction":[{"@type":"ReadAction","target":["https:\/\/www.usfen.com.tr\/en\/sectoral-products\/concrete-vibration-solutions\/concrete-vibrators\/concrete-paving-vibrator\/"]}]},{"@type":"BreadcrumbList","@id":"https:\/\/www.usfen.com.tr\/en\/sectoral-products\/concrete-vibration-solutions\/concrete-vibrators\/concrete-paving-vibrator\/#breadcrumb","itemListElement":[{"@type":"ListItem","position":1,"name":"Ana sayfa","item":"https:\/\/www.usfen.com.tr\/en\/"},{"@type":"ListItem","position":2,"name":"Products","item":"https:\/\/www.usfen.com.tr\/en\/sectoral-products\/"},{"@type":"ListItem","position":3,"name":"Concrete Vibration Solutions","item":"https:\/\/www.usfen.com.tr\/en\/sectoral-products\/concrete-vibration-solutions\/"},{"@type":"ListItem","position":4,"name":"Concrete Vibrators","item":"https:\/\/www.usfen.com.tr\/en\/sectoral-products\/concrete-vibration-solutions\/concrete-vibrators\/"},{"@type":"ListItem","position":5,"name":"Concrete Paving Vibrator"}]},{"@type":"WebSite","@id":"https:\/\/www.usfen.com.tr\/#website","url":"https:\/\/www.usfen.com.tr\/","name":"\u00dcsfen Makina","description":"M\u00fchendislik, Teknoloji \u00dcss\u00fc","publisher":{"@id":"https:\/\/www.usfen.com.tr\/#organization"},"potentialAction":[{"@type":"SearchAction","target":{"@type":"EntryPoint","urlTemplate":"https:\/\/www.usfen.com.tr\/?s={search_term_string}"},"query-input":"required name=search_term_string"}],"inLanguage":"en-US"},{"@type":"Organization","@id":"https:\/\/www.usfen.com.tr\/#organization","name":"\u00dcsfen Makina","url":"https:\/\/www.usfen.com.tr\/","logo":{"@type":"ImageObject","inLanguage":"en-US","@id":"https:\/\/www.usfen.com.tr\/#\/schema\/logo\/image\/","url":"https:\/\/www.usfen.com.tr\/wp-content\/uploads\/2017\/12\/usfen-logo-bg.png","contentUrl":"https:\/\/www.usfen.com.tr\/wp-content\/uploads\/2017\/12\/usfen-logo-bg.png","width":400,"height":151,"caption":"\u00dcsfen Makina"},"image":{"@id":"https:\/\/www.usfen.com.tr\/#\/schema\/logo\/image\/"},"sameAs":["https:\/\/www.facebook.com\/\u00dcsfen-Makina-280420642481393\/","https:\/\/twitter.com\/usfenmakina","https:\/\/www.instagram.com\/usfenmakina\/","https:\/\/www.linkedin.com\/company\/18375652\/"]}]}},"jetpack_sharing_enabled":true,"_links":{"self":[{"href":"https:\/\/www.usfen.com.tr\/en\/wp-json\/wp\/v2\/pages\/7572"}],"collection":[{"href":"https:\/\/www.usfen.com.tr\/en\/wp-json\/wp\/v2\/pages"}],"about":[{"href":"https:\/\/www.usfen.com.tr\/en\/wp-json\/wp\/v2\/types\/page"}],"author":[{"embeddable":true,"href":"https:\/\/www.usfen.com.tr\/en\/wp-json\/wp\/v2\/users\/1"}],"replies":[{"embeddable":true,"href":"https:\/\/www.usfen.com.tr\/en\/wp-json\/wp\/v2\/comments?post=7572"}],"version-history":[{"count":3,"href":"https:\/\/www.usfen.com.tr\/en\/wp-json\/wp\/v2\/pages\/7572\/revisions"}],"predecessor-version":[{"id":13940,"href":"https:\/\/www.usfen.com.tr\/en\/wp-json\/wp\/v2\/pages\/7572\/revisions\/13940"}],"up":[{"embeddable":true,"href":"https:\/\/www.usfen.com.tr\/en\/wp-json\/wp\/v2\/pages\/7785"}],"wp:attachment":[{"href":"https:\/\/www.usfen.com.tr\/en\/wp-json\/wp\/v2\/media?parent=7572"}],"curies":[{"name":"wp","href":"https:\/\/api.w.org\/{rel}","templated":true}]}}