{"id":7584,"date":"2019-06-19T15:11:43","date_gmt":"2019-06-19T12:11:43","guid":{"rendered":"http:\/\/www.usfen.com.tr\/camurlu-su-pompasi-svx750\/"},"modified":"2022-02-28T12:00:53","modified_gmt":"2022-02-28T09:00:53","slug":"sludge-pump-svx750","status":"publish","type":"page","link":"https:\/\/www.usfen.com.tr\/en\/sectoral-products\/sludge-pump-svx750\/","title":{"rendered":"Sludge Pump SVX750"},"content":{"rendered":"<p>[vc_row][vc_column][vc_tta_tabs spacing=&#8221;2&#8243; alignment=&#8221;center&#8221; active_section=&#8221;1&#8243; title=&#8221;\u00c7amurlu Su Pompas\u0131 SVX750&#8243;][vc_tta_section title=&#8221;Sludge Pump SVX750&#8243; tab_id=&#8221;1514199267873-513b7fb0-0274e7cc-9afb13e7-12dbc8b3-6f558554-c42b&#8221;][vc_row_inner][vc_column_inner]<div class=\"mgt-header-block clearfix text-left text-black wpb_content_element  mgt-header-block-style-1 mgt-header-texttransform-header  vc_custom_1646039473866\"><h2 class=\"mgt-header-block-title\">Sludge Pump SVX750<\/h2><p class=\"mgt-header-block-subtitle\">Product Features<\/p><div class=\"mgt-header-line\"><\/div><\/div>[\/vc_column_inner][\/vc_row_inner][vc_row_inner][vc_column_inner width=&#8221;1\/2&#8243;][vc_gallery type=&#8221;flexslider_slide&#8221; interval=&#8221;0&#8243; images=&#8221;6107&#8243; img_size=&#8221;large&#8221;][\/vc_column_inner][vc_column_inner width=&#8221;1\/2&#8243;][vc_column_text]Submersible slurry pump for liquids with solid particles up to 38 mm<\/p>\n<p>The SVX\u00ae 750 submersible slurry pump is a highly reliable, compact pump for a wide variety of drainage applications on construction sites, industry and municipalities. Sand, gravel, muds and many types of suspension can be pumped without problems.<\/p>\n<p>Impeller and pump body are made of wear-resistant polyurethane. Double jacket cooling allows the pump to operate continuously in non-submerged or slurry mode.<br \/>\nThermal motor protection combined with an external motor protection plug provides maximum protection against motor damage.[\/vc_column_text][\/vc_column_inner][\/vc_row_inner][vc_row_inner][vc_column_inner][vc_gallery type=&#8221;flexslider_slide&#8221; interval=&#8221;0&#8243; images=&#8221;6039&#8243; img_size=&#8221;large&#8221;][\/vc_column_inner][\/vc_row_inner][vc_toggle title=&#8221;Technical Document&#8221; el_id=&#8221;1514219102466-71ea4d31-99ce&#8221;]<a href=\"http:\/\/www.usfen.com.tr\/wp-content\/uploads\/2019\/06\/sptspr370-750-svx750-1.pdf\" target=\"_blank\" rel=\"noopener noreferrer\">\u00c7amurlu Su Pompas\u0131 SVX Teknik D\u00f6k\u00fcman DE<\/a>[\/vc_toggle][vc_toggle title=&#8221;Technical Data&#8221; open=&#8221;true&#8221;]<\/p>\n<div class=\"headline\" id=\"container\">\n<h2 class=\"title_texts small_margin\">Models: SVX<sup>\u00a0<\/sup>750 W, SVX<sup>\u00a0<\/sup>750 WS SVX 750 D<\/h2>\n<table>\n<thead>\n<tr>\n<th class=\"tablecolumnheader \"><span class=\"\">Model<\/span><\/th>\n<th class=\"tablecolumnheader \"><span class=\"\">SVX 750 W<\/span><\/th>\n<th class=\"tablecolumnheader \"><span class=\"\">SVX 750 WS<\/span><\/th>\n<th class=\"tablecolumnheader \"><span class=\"\">SVX 750 D<\/span><\/th>\n<\/tr>\n<\/thead>\n<tbody>\n<tr class=\"light\">\n<td><span class=\"\">Solid Permeability. mm<\/span><\/td>\n<td><span class=\"\">38<\/span><\/td>\n<td><span class=\"\">38<\/span><\/td>\n<td><span class=\"\">38<\/span><\/td>\n<\/tr>\n<tr class=\"dark\">\n<td><span class=\"\">Motor power kW<\/span><\/td>\n<td><span class=\"\">0.75<\/span><\/td>\n<td><span class=\"\">0.75<\/span><\/td>\n<td><span class=\"\">0.75<\/span><\/td>\n<\/tr>\n<tr class=\"light\">\n<td><span class=\"\">Speed 1\/dk<\/span><\/td>\n<td><span class=\"\">2850<\/span><\/td>\n<td><span class=\"\">2850<\/span><\/td>\n<td><span class=\"\">2850<\/span><\/td>\n<\/tr>\n<tr class=\"dark\">\n<td><span class=\"\">Ampere 1PH\/230V<\/span><\/td>\n<td><span class=\"\">5,2<\/span><\/td>\n<td><span class=\"\">5,2<\/span><\/td>\n<td><span class=\"\">2,0<\/span><\/td>\n<\/tr>\n<tr class=\"light\">\n<td><span class=\"\">Cable Length m<\/span><\/td>\n<td><span class=\"\">10<\/span><\/td>\n<td><span class=\"\">10<\/span><\/td>\n<td><span class=\"\">10<\/span><\/td>\n<\/tr>\n<tr class=\"dark\">\n<td><span class=\"\">Weight kg<\/span><\/td>\n<td><span class=\"\">15.0<\/span><\/td>\n<td><span class=\"\">15.5<\/span><\/td>\n<td><span class=\"\">15.0<\/span><\/td>\n<\/tr>\n<tr class=\"light\">\n<td><span class=\"\">Outlet<\/span><\/td>\n<td><span class=\"\">2&#8243; AG Storz C<\/span><\/td>\n<td><span class=\"\">2&#8243; AG Storz C<\/span><\/td>\n<td><span class=\"\">2&#8243; AG Storz C<\/span><\/td>\n<\/tr>\n<\/tbody>\n<\/table>\n<\/div>\n<p>[\/vc_toggle][\/vc_tta_section][\/vc_tta_tabs][\/vc_column][\/vc_row]<\/p>\n","protected":false},"excerpt":{"rendered":"<p>[vc_row][vc_column][vc_tta_tabs spacing=&#8221;2&#8243; alignment=&#8221;center&#8221; active_section=&#8221;1&#8243; title=&#8221;\u00c7amurlu Su Pompas\u0131 SVX750&#8243;][vc_tta_section title=&#8221;Sludge Pump SVX750&#8243; tab_id=&#8221;1514199267873-513b7fb0-0274e7cc-9afb13e7-12dbc8b3-6f558554-c42b&#8221;][vc_row_inner][vc_column_inner][\/vc_column_inner][\/vc_row_inner][vc_row_inner][vc_column_inner width=&#8221;1\/2&#8243;][vc_gallery type=&#8221;flexslider_slide&#8221; interval=&#8221;0&#8243; images=&#8221;6107&#8243; img_size=&#8221;large&#8221;][\/vc_column_inner][vc_column_inner width=&#8221;1\/2&#8243;][vc_column_text]Submersible slurry pump for liquids with solid particles up to 38 mm The&#8230;<\/p>\n","protected":false},"author":1,"featured_media":0,"parent":7792,"menu_order":0,"comment_status":"closed","ping_status":"closed","template":"","meta":{"footnotes":""},"yoast_head":"<!-- This site is optimized with the Yoast SEO plugin v22.2 - https:\/\/yoast.com\/wordpress\/plugins\/seo\/ -->\n<title>Sludge Pump SVX750 - \u00dcsfen Makina<\/title>\n<meta name=\"robots\" content=\"index, follow, max-snippet:-1, max-image-preview:large, max-video-preview:-1\" \/>\n<link rel=\"canonical\" href=\"https:\/\/www.usfen.com.tr\/en\/sectoral-products\/sludge-pump-svx750\/\" \/>\n<meta property=\"og:locale\" content=\"en_US\" \/>\n<meta property=\"og:type\" content=\"article\" \/>\n<meta property=\"og:title\" content=\"Sludge Pump SVX750 - \u00dcsfen Makina\" \/>\n<meta property=\"og:description\" content=\"[vc_row][vc_column][vc_tta_tabs spacing=&#8221;2&#8243; alignment=&#8221;center&#8221; active_section=&#8221;1&#8243; title=&#8221;\u00c7amurlu Su Pompas\u0131 SVX750&#8243;][vc_tta_section title=&#8221;Sludge Pump SVX750&#8243; tab_id=&#8221;1514199267873-513b7fb0-0274e7cc-9afb13e7-12dbc8b3-6f558554-c42b&#8221;][vc_row_inner][vc_column_inner][\/vc_column_inner][\/vc_row_inner][vc_row_inner][vc_column_inner width=&#8221;1\/2&#8243;][vc_gallery type=&#8221;flexslider_slide&#8221; interval=&#8221;0&#8243; images=&#8221;6107&#8243; img_size=&#8221;large&#8221;][\/vc_column_inner][vc_column_inner width=&#8221;1\/2&#8243;][vc_column_text]Submersible slurry pump for liquids with solid particles up to 38 mm The...\" \/>\n<meta property=\"og:url\" content=\"https:\/\/www.usfen.com.tr\/en\/sectoral-products\/sludge-pump-svx750\/\" \/>\n<meta property=\"og:site_name\" content=\"\u00dcsfen Makina\" \/>\n<meta property=\"article:publisher\" content=\"https:\/\/www.facebook.com\/%c3%9csfen-Makina-280420642481393\/\" \/>\n<meta property=\"article:modified_time\" content=\"2022-02-28T09:00:53+00:00\" \/>\n<meta name=\"twitter:card\" content=\"summary_large_image\" \/>\n<meta name=\"twitter:site\" content=\"@usfenmakina\" \/>\n<meta name=\"twitter:label1\" content=\"Est. reading time\" \/>\n\t<meta name=\"twitter:data1\" content=\"1 minute\" \/>\n<script type=\"application\/ld+json\" class=\"yoast-schema-graph\">{\"@context\":\"https:\/\/schema.org\",\"@graph\":[{\"@type\":\"WebPage\",\"@id\":\"https:\/\/www.usfen.com.tr\/en\/sectoral-products\/sludge-pump-svx750\/\",\"url\":\"https:\/\/www.usfen.com.tr\/en\/sectoral-products\/sludge-pump-svx750\/\",\"name\":\"Sludge Pump SVX750 - \u00dcsfen Makina\",\"isPartOf\":{\"@id\":\"https:\/\/www.usfen.com.tr\/#website\"},\"datePublished\":\"2019-06-19T12:11:43+00:00\",\"dateModified\":\"2022-02-28T09:00:53+00:00\",\"breadcrumb\":{\"@id\":\"https:\/\/www.usfen.com.tr\/en\/sectoral-products\/sludge-pump-svx750\/#breadcrumb\"},\"inLanguage\":\"en-US\",\"potentialAction\":[{\"@type\":\"ReadAction\",\"target\":[\"https:\/\/www.usfen.com.tr\/en\/sectoral-products\/sludge-pump-svx750\/\"]}]},{\"@type\":\"BreadcrumbList\",\"@id\":\"https:\/\/www.usfen.com.tr\/en\/sectoral-products\/sludge-pump-svx750\/#breadcrumb\",\"itemListElement\":[{\"@type\":\"ListItem\",\"position\":1,\"name\":\"Ana sayfa\",\"item\":\"https:\/\/www.usfen.com.tr\/en\/\"},{\"@type\":\"ListItem\",\"position\":2,\"name\":\"Products\",\"item\":\"https:\/\/www.usfen.com.tr\/en\/sectoral-products\/\"},{\"@type\":\"ListItem\",\"position\":3,\"name\":\"Sludge Pump SVX750\"}]},{\"@type\":\"WebSite\",\"@id\":\"https:\/\/www.usfen.com.tr\/#website\",\"url\":\"https:\/\/www.usfen.com.tr\/\",\"name\":\"\u00dcsfen Makina\",\"description\":\"M\u00fchendislik, Teknoloji \u00dcss\u00fc\",\"publisher\":{\"@id\":\"https:\/\/www.usfen.com.tr\/#organization\"},\"potentialAction\":[{\"@type\":\"SearchAction\",\"target\":{\"@type\":\"EntryPoint\",\"urlTemplate\":\"https:\/\/www.usfen.com.tr\/?s={search_term_string}\"},\"query-input\":\"required name=search_term_string\"}],\"inLanguage\":\"en-US\"},{\"@type\":\"Organization\",\"@id\":\"https:\/\/www.usfen.com.tr\/#organization\",\"name\":\"\u00dcsfen Makina\",\"url\":\"https:\/\/www.usfen.com.tr\/\",\"logo\":{\"@type\":\"ImageObject\",\"inLanguage\":\"en-US\",\"@id\":\"https:\/\/www.usfen.com.tr\/#\/schema\/logo\/image\/\",\"url\":\"https:\/\/www.usfen.com.tr\/wp-content\/uploads\/2017\/12\/usfen-logo-bg.png\",\"contentUrl\":\"https:\/\/www.usfen.com.tr\/wp-content\/uploads\/2017\/12\/usfen-logo-bg.png\",\"width\":400,\"height\":151,\"caption\":\"\u00dcsfen Makina\"},\"image\":{\"@id\":\"https:\/\/www.usfen.com.tr\/#\/schema\/logo\/image\/\"},\"sameAs\":[\"https:\/\/www.facebook.com\/\u00dcsfen-Makina-280420642481393\/\",\"https:\/\/twitter.com\/usfenmakina\",\"https:\/\/www.instagram.com\/usfenmakina\/\",\"https:\/\/www.linkedin.com\/company\/18375652\/\"]}]}<\/script>\n<!-- \/ Yoast SEO plugin. -->","yoast_head_json":{"title":"Sludge Pump SVX750 - \u00dcsfen Makina","robots":{"index":"index","follow":"follow","max-snippet":"max-snippet:-1","max-image-preview":"max-image-preview:large","max-video-preview":"max-video-preview:-1"},"canonical":"https:\/\/www.usfen.com.tr\/en\/sectoral-products\/sludge-pump-svx750\/","og_locale":"en_US","og_type":"article","og_title":"Sludge Pump SVX750 - \u00dcsfen Makina","og_description":"[vc_row][vc_column][vc_tta_tabs spacing=&#8221;2&#8243; alignment=&#8221;center&#8221; active_section=&#8221;1&#8243; title=&#8221;\u00c7amurlu Su Pompas\u0131 SVX750&#8243;][vc_tta_section title=&#8221;Sludge Pump SVX750&#8243; tab_id=&#8221;1514199267873-513b7fb0-0274e7cc-9afb13e7-12dbc8b3-6f558554-c42b&#8221;][vc_row_inner][vc_column_inner][\/vc_column_inner][\/vc_row_inner][vc_row_inner][vc_column_inner width=&#8221;1\/2&#8243;][vc_gallery type=&#8221;flexslider_slide&#8221; interval=&#8221;0&#8243; images=&#8221;6107&#8243; img_size=&#8221;large&#8221;][\/vc_column_inner][vc_column_inner width=&#8221;1\/2&#8243;][vc_column_text]Submersible slurry pump for liquids with solid particles up to 38 mm The...","og_url":"https:\/\/www.usfen.com.tr\/en\/sectoral-products\/sludge-pump-svx750\/","og_site_name":"\u00dcsfen Makina","article_publisher":"https:\/\/www.facebook.com\/%c3%9csfen-Makina-280420642481393\/","article_modified_time":"2022-02-28T09:00:53+00:00","twitter_card":"summary_large_image","twitter_site":"@usfenmakina","twitter_misc":{"Est. reading time":"1 minute"},"schema":{"@context":"https:\/\/schema.org","@graph":[{"@type":"WebPage","@id":"https:\/\/www.usfen.com.tr\/en\/sectoral-products\/sludge-pump-svx750\/","url":"https:\/\/www.usfen.com.tr\/en\/sectoral-products\/sludge-pump-svx750\/","name":"Sludge Pump SVX750 - \u00dcsfen Makina","isPartOf":{"@id":"https:\/\/www.usfen.com.tr\/#website"},"datePublished":"2019-06-19T12:11:43+00:00","dateModified":"2022-02-28T09:00:53+00:00","breadcrumb":{"@id":"https:\/\/www.usfen.com.tr\/en\/sectoral-products\/sludge-pump-svx750\/#breadcrumb"},"inLanguage":"en-US","potentialAction":[{"@type":"ReadAction","target":["https:\/\/www.usfen.com.tr\/en\/sectoral-products\/sludge-pump-svx750\/"]}]},{"@type":"BreadcrumbList","@id":"https:\/\/www.usfen.com.tr\/en\/sectoral-products\/sludge-pump-svx750\/#breadcrumb","itemListElement":[{"@type":"ListItem","position":1,"name":"Ana sayfa","item":"https:\/\/www.usfen.com.tr\/en\/"},{"@type":"ListItem","position":2,"name":"Products","item":"https:\/\/www.usfen.com.tr\/en\/sectoral-products\/"},{"@type":"ListItem","position":3,"name":"Sludge Pump SVX750"}]},{"@type":"WebSite","@id":"https:\/\/www.usfen.com.tr\/#website","url":"https:\/\/www.usfen.com.tr\/","name":"\u00dcsfen Makina","description":"M\u00fchendislik, Teknoloji \u00dcss\u00fc","publisher":{"@id":"https:\/\/www.usfen.com.tr\/#organization"},"potentialAction":[{"@type":"SearchAction","target":{"@type":"EntryPoint","urlTemplate":"https:\/\/www.usfen.com.tr\/?s={search_term_string}"},"query-input":"required name=search_term_string"}],"inLanguage":"en-US"},{"@type":"Organization","@id":"https:\/\/www.usfen.com.tr\/#organization","name":"\u00dcsfen Makina","url":"https:\/\/www.usfen.com.tr\/","logo":{"@type":"ImageObject","inLanguage":"en-US","@id":"https:\/\/www.usfen.com.tr\/#\/schema\/logo\/image\/","url":"https:\/\/www.usfen.com.tr\/wp-content\/uploads\/2017\/12\/usfen-logo-bg.png","contentUrl":"https:\/\/www.usfen.com.tr\/wp-content\/uploads\/2017\/12\/usfen-logo-bg.png","width":400,"height":151,"caption":"\u00dcsfen Makina"},"image":{"@id":"https:\/\/www.usfen.com.tr\/#\/schema\/logo\/image\/"},"sameAs":["https:\/\/www.facebook.com\/\u00dcsfen-Makina-280420642481393\/","https:\/\/twitter.com\/usfenmakina","https:\/\/www.instagram.com\/usfenmakina\/","https:\/\/www.linkedin.com\/company\/18375652\/"]}]}},"jetpack_sharing_enabled":true,"_links":{"self":[{"href":"https:\/\/www.usfen.com.tr\/en\/wp-json\/wp\/v2\/pages\/7584"}],"collection":[{"href":"https:\/\/www.usfen.com.tr\/en\/wp-json\/wp\/v2\/pages"}],"about":[{"href":"https:\/\/www.usfen.com.tr\/en\/wp-json\/wp\/v2\/types\/page"}],"author":[{"embeddable":true,"href":"https:\/\/www.usfen.com.tr\/en\/wp-json\/wp\/v2\/users\/1"}],"replies":[{"embeddable":true,"href":"https:\/\/www.usfen.com.tr\/en\/wp-json\/wp\/v2\/comments?post=7584"}],"version-history":[{"count":2,"href":"https:\/\/www.usfen.com.tr\/en\/wp-json\/wp\/v2\/pages\/7584\/revisions"}],"predecessor-version":[{"id":8197,"href":"https:\/\/www.usfen.com.tr\/en\/wp-json\/wp\/v2\/pages\/7584\/revisions\/8197"}],"up":[{"embeddable":true,"href":"https:\/\/www.usfen.com.tr\/en\/wp-json\/wp\/v2\/pages\/7792"}],"wp:attachment":[{"href":"https:\/\/www.usfen.com.tr\/en\/wp-json\/wp\/v2\/media?parent=7584"}],"curies":[{"name":"wp","href":"https:\/\/api.w.org\/{rel}","templated":true}]}}