{"id":7622,"date":"2018-04-23T21:10:32","date_gmt":"2018-04-23T18:10:32","guid":{"rendered":"http:\/\/www.usfen.com.tr\/elmas-kesici-wsp-501\/"},"modified":"2022-02-23T15:36:43","modified_gmt":"2022-02-23T12:36:43","slug":"diamond-cutting-saw-wsp-501","status":"publish","type":"page","link":"https:\/\/www.usfen.com.tr\/en\/sectoral-products\/diamond-tools\/diamond-cutting-saw-wsp-501\/","title":{"rendered":"Diamond Cutting Saw WSP 501"},"content":{"rendered":"<p>[vc_row][vc_column][vc_tta_tabs spacing=&#8221;2&#8243; alignment=&#8221;center&#8221; active_section=&#8221;1&#8243;][vc_tta_section title=&#8221;DIAMOND CUTTING SAW WSP 501&#8243; tab_id=&#8221;1514199267873-513b7fb0-0274e7cc-9afb13e7-12db12f9-8ada8b40-66a0&#8243;][vc_row_inner][vc_column_inner]<div class=\"mgt-header-block clearfix text-left text-black wpb_content_element  mgt-header-block-style-1 mgt-header-texttransform-header  vc_custom_1645620499479\"><h2 class=\"mgt-header-block-title\">DIAMOND CUTTING SAW WSP 501<\/h2><p class=\"mgt-header-block-subtitle\">Product Features<\/p><div class=\"mgt-header-line\"><\/div><\/div>[\/vc_column_inner][\/vc_row_inner][vc_row_inner][vc_column_inner width=&#8221;1\/2&#8243;][vc_gallery type=&#8221;flexslider_slide&#8221; interval=&#8221;0&#8243; images=&#8221;5221&#8243; img_size=&#8221;large&#8221;][\/vc_column_inner][vc_column_inner width=&#8221;1\/2&#8243;][vc_column_text]<\/p>\n<div itemprop=\"description\">\n<p>Cutting &#8211; \u00d8 500 &#8211; 1200 mm;<br \/>\n&lt; 25 kW<br \/>\nwall saw blade<\/p>\n<\/div>\n<p>[\/vc_column_text][\/vc_column_inner][\/vc_row_inner][vc_toggle title=&#8221;Description&#8221; open=&#8221;true&#8221; el_id=&#8221;1514218984874-193c5caf-e939&#8243;][\/vc_toggle][vc_toggle title=&#8221;Technical Data&#8221;]<\/p>\n<h3>WSP 501<\/h3>\n<table cellspacing=\"0\" cellpadding=\"0\">\n<tbody>\n<tr>\n<td>\u00d8 in mm<\/td>\n<td>Segments (LxWxH)<\/td>\n<td>Nr.<\/td>\n<\/tr>\n<tr>\n<td>500<\/td>\n<td>24 x 4.0 x 12<\/td>\n<td>54<\/td>\n<\/tr>\n<tr>\n<td>500<\/td>\n<td>24 x 4.8 x 12<\/td>\n<td>54<\/td>\n<\/tr>\n<tr>\n<td>600<\/td>\n<td>24 x 4.0 x 12<\/td>\n<td>66<\/td>\n<\/tr>\n<tr>\n<td>600<\/td>\n<td>24 x 4.8 x 12<\/td>\n<td>66<\/td>\n<\/tr>\n<tr>\n<td>650<\/td>\n<td>24 x 4.0 x 12<\/td>\n<td>70<\/td>\n<\/tr>\n<tr>\n<td>650<\/td>\n<td>24 x 4.8 x 12<\/td>\n<td>70<\/td>\n<\/tr>\n<tr>\n<td>700<\/td>\n<td>24 x 4.0 x 12<\/td>\n<td>76<\/td>\n<\/tr>\n<tr>\n<td>700<\/td>\n<td>24 x 4.8 x 12<\/td>\n<td>76<\/td>\n<\/tr>\n<tr>\n<td>800<\/td>\n<td>24 x 4.8 x 12<\/td>\n<td>88<\/td>\n<\/tr>\n<tr>\n<td>1000<\/td>\n<td>24 x 4.8 x 12<\/td>\n<td>102<\/td>\n<\/tr>\n<tr>\n<td>1200<\/td>\n<td>24 x 4.8 x 12<\/td>\n<td>118<\/td>\n<\/tr>\n<\/tbody>\n<\/table>\n<p>[\/vc_toggle][vc_toggle title=&#8221;Video&#8221; el_id=&#8221;1514219102466-71ea4d31-99ce&#8221;][\/vc_toggle][\/vc_tta_section][\/vc_tta_tabs][\/vc_column][\/vc_row]<\/p>\n","protected":false},"excerpt":{"rendered":"<p>[vc_row][vc_column][vc_tta_tabs spacing=&#8221;2&#8243; alignment=&#8221;center&#8221; active_section=&#8221;1&#8243;][vc_tta_section title=&#8221;DIAMOND CUTTING SAW WSP 501&#8243; tab_id=&#8221;1514199267873-513b7fb0-0274e7cc-9afb13e7-12db12f9-8ada8b40-66a0&#8243;][vc_row_inner][vc_column_inner][\/vc_column_inner][\/vc_row_inner][vc_row_inner][vc_column_inner width=&#8221;1\/2&#8243;][vc_gallery type=&#8221;flexslider_slide&#8221; interval=&#8221;0&#8243; images=&#8221;5221&#8243; img_size=&#8221;large&#8221;][\/vc_column_inner][vc_column_inner width=&#8221;1\/2&#8243;][vc_column_text] Cutting &#8211; \u00d8 500 &#8211; 1200 mm; &lt; 25 kW wall saw blade [\/vc_column_text][\/vc_column_inner][\/vc_row_inner][vc_toggle&#8230;<\/p>\n","protected":false},"author":2,"featured_media":0,"parent":7736,"menu_order":0,"comment_status":"closed","ping_status":"closed","template":"","meta":{"footnotes":""},"yoast_head":"<!-- This site is optimized with the Yoast SEO plugin v22.2 - https:\/\/yoast.com\/wordpress\/plugins\/seo\/ -->\n<title>Diamond Cutting Saw WSP 501 - \u00dcsfen Makina<\/title>\n<meta name=\"description\" content=\"Elmas Kesici WSP 501 Duvar testere b\u0131\u00e7a\u011f\u0131\" \/>\n<meta name=\"robots\" content=\"index, follow, max-snippet:-1, max-image-preview:large, max-video-preview:-1\" \/>\n<link rel=\"canonical\" href=\"https:\/\/www.usfen.com.tr\/urunler\/lissmac\/kesim-bicaklari\/elmas-kesici-wsp-501\/\" \/>\n<meta property=\"og:locale\" content=\"en_US\" \/>\n<meta property=\"og:type\" content=\"article\" \/>\n<meta property=\"og:title\" content=\"Diamond Cutting Saw WSP 501 - \u00dcsfen Makina\" \/>\n<meta property=\"og:description\" content=\"Elmas Kesici WSP 501 Duvar testere b\u0131\u00e7a\u011f\u0131\" \/>\n<meta property=\"og:url\" content=\"https:\/\/www.usfen.com.tr\/urunler\/lissmac\/kesim-bicaklari\/elmas-kesici-wsp-501\/\" \/>\n<meta property=\"og:site_name\" content=\"\u00dcsfen Makina\" \/>\n<meta property=\"article:publisher\" content=\"https:\/\/www.facebook.com\/%c3%9csfen-Makina-280420642481393\/\" \/>\n<meta property=\"article:modified_time\" content=\"2022-02-23T12:36:43+00:00\" \/>\n<meta name=\"twitter:card\" content=\"summary_large_image\" \/>\n<meta name=\"twitter:site\" content=\"@usfenmakina\" \/>\n<meta name=\"twitter:label1\" content=\"Est. reading time\" \/>\n\t<meta name=\"twitter:data1\" content=\"1 minute\" \/>\n<script type=\"application\/ld+json\" class=\"yoast-schema-graph\">{\"@context\":\"https:\/\/schema.org\",\"@graph\":[{\"@type\":\"WebPage\",\"@id\":\"https:\/\/www.usfen.com.tr\/urunler\/lissmac\/kesim-bicaklari\/elmas-kesici-wsp-501\/\",\"url\":\"https:\/\/www.usfen.com.tr\/urunler\/lissmac\/kesim-bicaklari\/elmas-kesici-wsp-501\/\",\"name\":\"Diamond Cutting Saw WSP 501 - \u00dcsfen Makina\",\"isPartOf\":{\"@id\":\"https:\/\/www.usfen.com.tr\/#website\"},\"datePublished\":\"2018-04-23T18:10:32+00:00\",\"dateModified\":\"2022-02-23T12:36:43+00:00\",\"description\":\"Elmas Kesici WSP 501 Duvar testere b\u0131\u00e7a\u011f\u0131\",\"breadcrumb\":{\"@id\":\"https:\/\/www.usfen.com.tr\/urunler\/lissmac\/kesim-bicaklari\/elmas-kesici-wsp-501\/#breadcrumb\"},\"inLanguage\":\"en-US\",\"potentialAction\":[{\"@type\":\"ReadAction\",\"target\":[\"https:\/\/www.usfen.com.tr\/urunler\/lissmac\/kesim-bicaklari\/elmas-kesici-wsp-501\/\"]}]},{\"@type\":\"BreadcrumbList\",\"@id\":\"https:\/\/www.usfen.com.tr\/urunler\/lissmac\/kesim-bicaklari\/elmas-kesici-wsp-501\/#breadcrumb\",\"itemListElement\":[{\"@type\":\"ListItem\",\"position\":1,\"name\":\"Ana sayfa\",\"item\":\"https:\/\/www.usfen.com.tr\/en\/\"},{\"@type\":\"ListItem\",\"position\":2,\"name\":\"Products\",\"item\":\"https:\/\/www.usfen.com.tr\/en\/sectoral-products\/\"},{\"@type\":\"ListItem\",\"position\":3,\"name\":\"Lissmac\",\"item\":\"https:\/\/www.usfen.com.tr\/en\/sectoral-products\/lissmac\/\"},{\"@type\":\"ListItem\",\"position\":4,\"name\":\"Diamond Tools\",\"item\":\"https:\/\/www.usfen.com.tr\/en\/sectoral-products\/lissmac\/diamond-tools\/\"},{\"@type\":\"ListItem\",\"position\":5,\"name\":\"Diamond Cutting Saw WSP 501\"}]},{\"@type\":\"WebSite\",\"@id\":\"https:\/\/www.usfen.com.tr\/#website\",\"url\":\"https:\/\/www.usfen.com.tr\/\",\"name\":\"\u00dcsfen Makina\",\"description\":\"M\u00fchendislik, Teknoloji \u00dcss\u00fc\",\"publisher\":{\"@id\":\"https:\/\/www.usfen.com.tr\/#organization\"},\"potentialAction\":[{\"@type\":\"SearchAction\",\"target\":{\"@type\":\"EntryPoint\",\"urlTemplate\":\"https:\/\/www.usfen.com.tr\/?s={search_term_string}\"},\"query-input\":\"required name=search_term_string\"}],\"inLanguage\":\"en-US\"},{\"@type\":\"Organization\",\"@id\":\"https:\/\/www.usfen.com.tr\/#organization\",\"name\":\"\u00dcsfen Makina\",\"url\":\"https:\/\/www.usfen.com.tr\/\",\"logo\":{\"@type\":\"ImageObject\",\"inLanguage\":\"en-US\",\"@id\":\"https:\/\/www.usfen.com.tr\/#\/schema\/logo\/image\/\",\"url\":\"https:\/\/www.usfen.com.tr\/wp-content\/uploads\/2017\/12\/usfen-logo-bg.png\",\"contentUrl\":\"https:\/\/www.usfen.com.tr\/wp-content\/uploads\/2017\/12\/usfen-logo-bg.png\",\"width\":400,\"height\":151,\"caption\":\"\u00dcsfen Makina\"},\"image\":{\"@id\":\"https:\/\/www.usfen.com.tr\/#\/schema\/logo\/image\/\"},\"sameAs\":[\"https:\/\/www.facebook.com\/\u00dcsfen-Makina-280420642481393\/\",\"https:\/\/twitter.com\/usfenmakina\",\"https:\/\/www.instagram.com\/usfenmakina\/\",\"https:\/\/www.linkedin.com\/company\/18375652\/\"]}]}<\/script>\n<!-- \/ Yoast SEO plugin. -->","yoast_head_json":{"title":"Diamond Cutting Saw WSP 501 - \u00dcsfen Makina","description":"Elmas Kesici WSP 501 Duvar testere b\u0131\u00e7a\u011f\u0131","robots":{"index":"index","follow":"follow","max-snippet":"max-snippet:-1","max-image-preview":"max-image-preview:large","max-video-preview":"max-video-preview:-1"},"canonical":"https:\/\/www.usfen.com.tr\/urunler\/lissmac\/kesim-bicaklari\/elmas-kesici-wsp-501\/","og_locale":"en_US","og_type":"article","og_title":"Diamond Cutting Saw WSP 501 - \u00dcsfen Makina","og_description":"Elmas Kesici WSP 501 Duvar testere b\u0131\u00e7a\u011f\u0131","og_url":"https:\/\/www.usfen.com.tr\/urunler\/lissmac\/kesim-bicaklari\/elmas-kesici-wsp-501\/","og_site_name":"\u00dcsfen Makina","article_publisher":"https:\/\/www.facebook.com\/%c3%9csfen-Makina-280420642481393\/","article_modified_time":"2022-02-23T12:36:43+00:00","twitter_card":"summary_large_image","twitter_site":"@usfenmakina","twitter_misc":{"Est. reading time":"1 minute"},"schema":{"@context":"https:\/\/schema.org","@graph":[{"@type":"WebPage","@id":"https:\/\/www.usfen.com.tr\/urunler\/lissmac\/kesim-bicaklari\/elmas-kesici-wsp-501\/","url":"https:\/\/www.usfen.com.tr\/urunler\/lissmac\/kesim-bicaklari\/elmas-kesici-wsp-501\/","name":"Diamond Cutting Saw WSP 501 - \u00dcsfen Makina","isPartOf":{"@id":"https:\/\/www.usfen.com.tr\/#website"},"datePublished":"2018-04-23T18:10:32+00:00","dateModified":"2022-02-23T12:36:43+00:00","description":"Elmas Kesici WSP 501 Duvar testere b\u0131\u00e7a\u011f\u0131","breadcrumb":{"@id":"https:\/\/www.usfen.com.tr\/urunler\/lissmac\/kesim-bicaklari\/elmas-kesici-wsp-501\/#breadcrumb"},"inLanguage":"en-US","potentialAction":[{"@type":"ReadAction","target":["https:\/\/www.usfen.com.tr\/urunler\/lissmac\/kesim-bicaklari\/elmas-kesici-wsp-501\/"]}]},{"@type":"BreadcrumbList","@id":"https:\/\/www.usfen.com.tr\/urunler\/lissmac\/kesim-bicaklari\/elmas-kesici-wsp-501\/#breadcrumb","itemListElement":[{"@type":"ListItem","position":1,"name":"Ana sayfa","item":"https:\/\/www.usfen.com.tr\/en\/"},{"@type":"ListItem","position":2,"name":"Products","item":"https:\/\/www.usfen.com.tr\/en\/sectoral-products\/"},{"@type":"ListItem","position":3,"name":"Lissmac","item":"https:\/\/www.usfen.com.tr\/en\/sectoral-products\/lissmac\/"},{"@type":"ListItem","position":4,"name":"Diamond Tools","item":"https:\/\/www.usfen.com.tr\/en\/sectoral-products\/lissmac\/diamond-tools\/"},{"@type":"ListItem","position":5,"name":"Diamond Cutting Saw WSP 501"}]},{"@type":"WebSite","@id":"https:\/\/www.usfen.com.tr\/#website","url":"https:\/\/www.usfen.com.tr\/","name":"\u00dcsfen Makina","description":"M\u00fchendislik, Teknoloji \u00dcss\u00fc","publisher":{"@id":"https:\/\/www.usfen.com.tr\/#organization"},"potentialAction":[{"@type":"SearchAction","target":{"@type":"EntryPoint","urlTemplate":"https:\/\/www.usfen.com.tr\/?s={search_term_string}"},"query-input":"required name=search_term_string"}],"inLanguage":"en-US"},{"@type":"Organization","@id":"https:\/\/www.usfen.com.tr\/#organization","name":"\u00dcsfen Makina","url":"https:\/\/www.usfen.com.tr\/","logo":{"@type":"ImageObject","inLanguage":"en-US","@id":"https:\/\/www.usfen.com.tr\/#\/schema\/logo\/image\/","url":"https:\/\/www.usfen.com.tr\/wp-content\/uploads\/2017\/12\/usfen-logo-bg.png","contentUrl":"https:\/\/www.usfen.com.tr\/wp-content\/uploads\/2017\/12\/usfen-logo-bg.png","width":400,"height":151,"caption":"\u00dcsfen Makina"},"image":{"@id":"https:\/\/www.usfen.com.tr\/#\/schema\/logo\/image\/"},"sameAs":["https:\/\/www.facebook.com\/\u00dcsfen-Makina-280420642481393\/","https:\/\/twitter.com\/usfenmakina","https:\/\/www.instagram.com\/usfenmakina\/","https:\/\/www.linkedin.com\/company\/18375652\/"]}]}},"jetpack_sharing_enabled":true,"_links":{"self":[{"href":"https:\/\/www.usfen.com.tr\/en\/wp-json\/wp\/v2\/pages\/7622"}],"collection":[{"href":"https:\/\/www.usfen.com.tr\/en\/wp-json\/wp\/v2\/pages"}],"about":[{"href":"https:\/\/www.usfen.com.tr\/en\/wp-json\/wp\/v2\/types\/page"}],"author":[{"embeddable":true,"href":"https:\/\/www.usfen.com.tr\/en\/wp-json\/wp\/v2\/users\/2"}],"replies":[{"embeddable":true,"href":"https:\/\/www.usfen.com.tr\/en\/wp-json\/wp\/v2\/comments?post=7622"}],"version-history":[{"count":2,"href":"https:\/\/www.usfen.com.tr\/en\/wp-json\/wp\/v2\/pages\/7622\/revisions"}],"predecessor-version":[{"id":8105,"href":"https:\/\/www.usfen.com.tr\/en\/wp-json\/wp\/v2\/pages\/7622\/revisions\/8105"}],"up":[{"embeddable":true,"href":"https:\/\/www.usfen.com.tr\/en\/wp-json\/wp\/v2\/pages\/7736"}],"wp:attachment":[{"href":"https:\/\/www.usfen.com.tr\/en\/wp-json\/wp\/v2\/media?parent=7622"}],"curies":[{"name":"wp","href":"https:\/\/api.w.org\/{rel}","templated":true}]}}