{"id":7627,"date":"2018-04-23T20:55:23","date_gmt":"2018-04-23T17:55:23","guid":{"rendered":"http:\/\/www.usfen.com.tr\/karot-makinasi-boru-delme-makinasi\/"},"modified":"2022-02-22T08:40:21","modified_gmt":"2022-02-22T05:40:21","slug":"drill-jet-core-drilling-system","status":"publish","type":"page","link":"https:\/\/www.usfen.com.tr\/en\/sectoral-products\/lissmac\/core-drilling-machine\/drill-jet-core-drilling-system\/","title":{"rendered":"Drill-Jet Channel Core Drilling System"},"content":{"rendered":"<p>[vc_row][vc_column][vc_tta_tabs spacing=&#8221;2&#8243; alignment=&#8221;center&#8221; active_section=&#8221;1&#8243;][vc_tta_section title=&#8221;DRILL-JET CHANNEL CORE DRILLING SYSTEM&#8221; tab_id=&#8221;1514199267873-513b7fb0-0274e7cc-9afb13e7-12db12f9-8ada3e3b-4f7d&#8221;][vc_row_inner][vc_column_inner]<div class=\"mgt-header-block clearfix text-left text-black wpb_content_element  mgt-header-block-style-1 mgt-header-texttransform-header  vc_custom_1645509099521\"><h2 class=\"mgt-header-block-title\">DRILL-JET CHANNEL CORE DRILLING SYSTEM<\/h2><p class=\"mgt-header-block-subtitle\">Product Features<\/p><div class=\"mgt-header-line\"><\/div><\/div>[\/vc_column_inner][\/vc_row_inner][vc_row_inner][vc_column_inner width=&#8221;1\/2&#8243;][vc_gallery type=&#8221;flexslider_slide&#8221; interval=&#8221;0&#8243; images=&#8221;5196,5197,5198,5199,5200,5201,5202&#8243; img_size=&#8221;large&#8221;][\/vc_column_inner][vc_column_inner width=&#8221;1\/2&#8243;][vc_column_text]<\/p>\n<div itemprop=\"description\">\n<p>Versatile diamond core drilling stand and diamond core drilling machine for pipe drilling up to 350 mm<\/p>\n<\/div>\n<p>[\/vc_column_text][\/vc_column_inner][\/vc_row_inner][vc_toggle title=&#8221;Description&#8221; open=&#8221;true&#8221; el_id=&#8221;1514218984874-193c5caf-e939&#8243;]CORE DRILLING MACHINE &#8211; CDM 23 WP<\/p>\n<ul>\n<li>User friendly \u2013 3 speed gear box allows optimal rotational speed depending on the core drilling diameter<\/li>\n<li>Rapid drill bit mounting with integrated spindle guard<\/li>\n<li>Emergency stop button is centrally located, right on the control display, and can be operated quickly and easily, even in the toughest situations<\/li>\n<li>To avoid risk of burns, the exhaust hose is equipped with additional protective heat insulation in the working area<\/li>\n<li>Maximum safety due to integrated centrifugal clutch (2-stroke gasoline motor) and mechanical overload clutch (3 speed gear box)<\/li>\n<\/ul>\n<p>CHANNEL CORE DRILLING STAND &#8211; CDR 350<\/p>\n<ul>\n<li>Easy mounting of core drilling stand to exposed sewer pipe by tensioning set or ratchet<\/li>\n<li>If the sewer pipe is not completely exposed, the core drilling stand can be mounted easily and efficiently directly to the ground, using spikes<\/li>\n<li>Ergonomic and effortless core drilling by a hand crank cross which can be operated vertically or horizontally<\/li>\n<li>The feed rate\u00a0is precisely controlled by a 1:1 direct ratio as well as a trapezoid spindle<\/li>\n<li>Precise guidance by galvanized steel posts and Teflon bushings<\/li>\n<li>Innovative drilling stand support bracket offers excellent stability and precise drilling between 45 and 90 degrees<\/li>\n<li>Adjustments for angle drilling can be made with the included No. 19 wrench<\/li>\n<li>Drilling stand support bracket can be mounted on right or left side, to accommodate the space requirements of any construction site<\/li>\n<li>Drilling stand support bracket also features a crane hook which facilitates lifting and lowering of the entire drilling system in and out of the construction pit<\/li>\n<\/ul>\n<p>[\/vc_toggle][vc_toggle title=&#8221;Technical Data&#8221;]<\/p>\n<h3>CDM 23 WP<\/h3>\n<table cellspacing=\"0\" cellpadding=\"0\">\n<tbody>\n<tr>\n<td>rated power<\/td>\n<td>3.1 hp \/ 2300 W<\/td>\n<\/tr>\n<tr>\n<td>output power<\/td>\n<td>2.7 hp \/ 2000 W<\/td>\n<\/tr>\n<tr>\n<td>speed without load<\/td>\n<td>360\/680\/1050 1\/min<\/td>\n<\/tr>\n<tr>\n<td>speed fully loaded<\/td>\n<td>220\/420\/650 1\/min<\/td>\n<\/tr>\n<tr>\n<td>max. core drill-\u00d8, stationary<\/td>\n<td>350\/160\/100 mm<\/td>\n<\/tr>\n<tr>\n<td>cooling<\/td>\n<td>air cooling<\/td>\n<\/tr>\n<tr>\n<td>core bit connection<\/td>\n<td>1 1\/4\\\\\\\\\\\\\\\\\\\\\\&#8221; UNC<\/td>\n<\/tr>\n<tr>\n<td>drill mor holder<\/td>\n<td>UNIVERSAL mounting plate<\/td>\n<\/tr>\n<tr>\n<td>dimensions with clip (L\/W\/H)<\/td>\n<td>695\/339\/290 mm<\/td>\n<\/tr>\n<tr>\n<td>weight<\/td>\n<td>16 kg<\/td>\n<\/tr>\n<\/tbody>\n<\/table>\n<h3>CDM 23 WP USA<\/h3>\n<table cellspacing=\"0\" cellpadding=\"0\">\n<tbody>\n<tr>\n<td>rated power<\/td>\n<td>3.1 hp \/ 2300 W<\/td>\n<\/tr>\n<tr>\n<td>output power<\/td>\n<td>2.7 hp \/ 2000 W<\/td>\n<\/tr>\n<tr>\n<td>speed without load<\/td>\n<td>360\/680\/1050 1\/min<\/td>\n<\/tr>\n<tr>\n<td>speed fully loaded<\/td>\n<td>220\/420\/650 1\/min<\/td>\n<\/tr>\n<tr>\n<td>max. core drill-\u00d8, stationary<\/td>\n<td>13.78\/6.30\/3.94 inch<\/td>\n<\/tr>\n<tr>\n<td>cooling<\/td>\n<td>air cooling<\/td>\n<\/tr>\n<tr>\n<td>core bit connection<\/td>\n<td>1 1\/4&#8243; UNC<\/td>\n<\/tr>\n<tr>\n<td>drill mor holder<\/td>\n<td>UNIVERSAL mounting plate<\/td>\n<\/tr>\n<tr>\n<td>dimensions with clip (L\/W\/H)<\/td>\n<td>27.36\/13.35\/11.41 inch<\/td>\n<\/tr>\n<tr>\n<td>weight<\/td>\n<td>35.27 lbs<\/td>\n<\/tr>\n<\/tbody>\n<\/table>\n<h3>CDR 350 USA<\/h3>\n<table cellspacing=\"0\" cellpadding=\"0\">\n<tbody>\n<tr>\n<td>core bits-\u00d8 recommended<\/td>\n<td>3.15-13.78 inch<\/td>\n<\/tr>\n<tr>\n<td>core bits-\u00d8 max.<\/td>\n<td>13.78 inch<\/td>\n<\/tr>\n<tr>\n<td>adjustable useful length<\/td>\n<td>9.84 inch<\/td>\n<\/tr>\n<tr>\n<td>motor mounting using<\/td>\n<td>UNIVERSAL<\/td>\n<\/tr>\n<tr>\n<td>feed gears<\/td>\n<td>1:1<\/td>\n<\/tr>\n<tr>\n<td>feed<\/td>\n<td>hand crank wheel<\/td>\n<\/tr>\n<tr>\n<td>angle drilling<\/td>\n<td>90\u00b0 &#8211; 45\u00b0<\/td>\n<\/tr>\n<tr>\n<td>drill stand foot<\/td>\n<td>steel<\/td>\n<\/tr>\n<tr>\n<td>fastening<\/td>\n<td>clamping-fixture\/peg<\/td>\n<\/tr>\n<tr>\n<td>dimensions (L\/W\/H)<\/td>\n<td>27.17\/16.69\/32.95 inch<\/td>\n<\/tr>\n<tr>\n<td>weight<\/td>\n<td>68.34 lbs<\/td>\n<\/tr>\n<\/tbody>\n<\/table>\n<p>[\/vc_toggle][vc_toggle title=&#8221;Video&#8221; el_id=&#8221;1514219102466-71ea4d31-99ce&#8221;]<iframe loading=\"lazy\" src=\"https:\/\/www.youtube.com\/embed\/dbG4DdIglq4\" width=\"560\" height=\"315\" frameborder=\"0\" allowfullscreen=\"allowfullscreen\"><\/iframe>[\/vc_toggle][\/vc_tta_section][\/vc_tta_tabs][\/vc_column][\/vc_row]<\/p>\n","protected":false},"excerpt":{"rendered":"<p>[vc_row][vc_column][vc_tta_tabs spacing=&#8221;2&#8243; alignment=&#8221;center&#8221; active_section=&#8221;1&#8243;][vc_tta_section title=&#8221;DRILL-JET CHANNEL CORE DRILLING SYSTEM&#8221; tab_id=&#8221;1514199267873-513b7fb0-0274e7cc-9afb13e7-12db12f9-8ada3e3b-4f7d&#8221;][vc_row_inner][vc_column_inner][\/vc_column_inner][\/vc_row_inner][vc_row_inner][vc_column_inner width=&#8221;1\/2&#8243;][vc_gallery type=&#8221;flexslider_slide&#8221; interval=&#8221;0&#8243; images=&#8221;5196,5197,5198,5199,5200,5201,5202&#8243; img_size=&#8221;large&#8221;][\/vc_column_inner][vc_column_inner width=&#8221;1\/2&#8243;][vc_column_text] Versatile diamond core drilling stand and diamond core drilling machine for pipe drilling up&#8230;<\/p>\n","protected":false},"author":2,"featured_media":0,"parent":7737,"menu_order":0,"comment_status":"closed","ping_status":"closed","template":"","meta":{"footnotes":""},"yoast_head":"<!-- This site is optimized with the Yoast SEO plugin v22.2 - https:\/\/yoast.com\/wordpress\/plugins\/seo\/ -->\n<title>Drill-Jet Channel Core Drilling System - \u00dcsfen Makina<\/title>\n<meta name=\"description\" content=\"Karot Makinas\u0131 Boru Delme Makinas\u0131 350 mm&#039;ye kadar boru delme i\u00e7in \u00e7ok y\u00f6nl\u00fc elmas karot delme stand\u0131 ve elmas karotlu sondaj makinesi\" \/>\n<meta name=\"robots\" content=\"index, follow, max-snippet:-1, max-image-preview:large, max-video-preview:-1\" \/>\n<link rel=\"canonical\" href=\"https:\/\/www.usfen.com.tr\/en\/sectoral-products\/lissmac\/core-drilling-machine\/drill-jet-core-drilling-system\/\" \/>\n<meta property=\"og:locale\" content=\"en_US\" \/>\n<meta property=\"og:type\" content=\"article\" \/>\n<meta property=\"og:title\" content=\"Drill-Jet Channel Core Drilling System - \u00dcsfen Makina\" \/>\n<meta property=\"og:description\" content=\"Karot Makinas\u0131 Boru Delme Makinas\u0131 350 mm&#039;ye kadar boru delme i\u00e7in \u00e7ok y\u00f6nl\u00fc elmas karot delme stand\u0131 ve elmas karotlu sondaj makinesi\" \/>\n<meta property=\"og:url\" content=\"https:\/\/www.usfen.com.tr\/en\/sectoral-products\/lissmac\/core-drilling-machine\/drill-jet-core-drilling-system\/\" \/>\n<meta property=\"og:site_name\" content=\"\u00dcsfen Makina\" \/>\n<meta property=\"article:publisher\" content=\"https:\/\/www.facebook.com\/%c3%9csfen-Makina-280420642481393\/\" \/>\n<meta property=\"article:modified_time\" content=\"2022-02-22T05:40:21+00:00\" \/>\n<meta name=\"twitter:card\" content=\"summary_large_image\" \/>\n<meta name=\"twitter:site\" content=\"@usfenmakina\" \/>\n<meta name=\"twitter:label1\" content=\"Est. reading time\" \/>\n\t<meta name=\"twitter:data1\" content=\"3 minutes\" \/>\n<script type=\"application\/ld+json\" class=\"yoast-schema-graph\">{\"@context\":\"https:\/\/schema.org\",\"@graph\":[{\"@type\":\"WebPage\",\"@id\":\"https:\/\/www.usfen.com.tr\/en\/sectoral-products\/lissmac\/core-drilling-machine\/drill-jet-core-drilling-system\/\",\"url\":\"https:\/\/www.usfen.com.tr\/en\/sectoral-products\/lissmac\/core-drilling-machine\/drill-jet-core-drilling-system\/\",\"name\":\"Drill-Jet Channel Core Drilling System - \u00dcsfen Makina\",\"isPartOf\":{\"@id\":\"https:\/\/www.usfen.com.tr\/#website\"},\"datePublished\":\"2018-04-23T17:55:23+00:00\",\"dateModified\":\"2022-02-22T05:40:21+00:00\",\"description\":\"Karot Makinas\u0131 Boru Delme Makinas\u0131 350 mm'ye kadar boru delme i\u00e7in \u00e7ok y\u00f6nl\u00fc elmas karot delme stand\u0131 ve elmas karotlu sondaj makinesi\",\"breadcrumb\":{\"@id\":\"https:\/\/www.usfen.com.tr\/en\/sectoral-products\/lissmac\/core-drilling-machine\/drill-jet-core-drilling-system\/#breadcrumb\"},\"inLanguage\":\"en-US\",\"potentialAction\":[{\"@type\":\"ReadAction\",\"target\":[\"https:\/\/www.usfen.com.tr\/en\/sectoral-products\/lissmac\/core-drilling-machine\/drill-jet-core-drilling-system\/\"]}]},{\"@type\":\"BreadcrumbList\",\"@id\":\"https:\/\/www.usfen.com.tr\/en\/sectoral-products\/lissmac\/core-drilling-machine\/drill-jet-core-drilling-system\/#breadcrumb\",\"itemListElement\":[{\"@type\":\"ListItem\",\"position\":1,\"name\":\"Ana sayfa\",\"item\":\"https:\/\/www.usfen.com.tr\/en\/\"},{\"@type\":\"ListItem\",\"position\":2,\"name\":\"Products\",\"item\":\"https:\/\/www.usfen.com.tr\/en\/sectoral-products\/\"},{\"@type\":\"ListItem\",\"position\":3,\"name\":\"Lissmac\",\"item\":\"https:\/\/www.usfen.com.tr\/en\/sectoral-products\/lissmac\/\"},{\"@type\":\"ListItem\",\"position\":4,\"name\":\"Core Drilling Machine\",\"item\":\"https:\/\/www.usfen.com.tr\/en\/sectoral-products\/lissmac\/core-drilling-machine\/\"},{\"@type\":\"ListItem\",\"position\":5,\"name\":\"Drill-Jet Channel Core Drilling System\"}]},{\"@type\":\"WebSite\",\"@id\":\"https:\/\/www.usfen.com.tr\/#website\",\"url\":\"https:\/\/www.usfen.com.tr\/\",\"name\":\"\u00dcsfen Makina\",\"description\":\"M\u00fchendislik, Teknoloji \u00dcss\u00fc\",\"publisher\":{\"@id\":\"https:\/\/www.usfen.com.tr\/#organization\"},\"potentialAction\":[{\"@type\":\"SearchAction\",\"target\":{\"@type\":\"EntryPoint\",\"urlTemplate\":\"https:\/\/www.usfen.com.tr\/?s={search_term_string}\"},\"query-input\":\"required name=search_term_string\"}],\"inLanguage\":\"en-US\"},{\"@type\":\"Organization\",\"@id\":\"https:\/\/www.usfen.com.tr\/#organization\",\"name\":\"\u00dcsfen Makina\",\"url\":\"https:\/\/www.usfen.com.tr\/\",\"logo\":{\"@type\":\"ImageObject\",\"inLanguage\":\"en-US\",\"@id\":\"https:\/\/www.usfen.com.tr\/#\/schema\/logo\/image\/\",\"url\":\"https:\/\/www.usfen.com.tr\/wp-content\/uploads\/2017\/12\/usfen-logo-bg.png\",\"contentUrl\":\"https:\/\/www.usfen.com.tr\/wp-content\/uploads\/2017\/12\/usfen-logo-bg.png\",\"width\":400,\"height\":151,\"caption\":\"\u00dcsfen Makina\"},\"image\":{\"@id\":\"https:\/\/www.usfen.com.tr\/#\/schema\/logo\/image\/\"},\"sameAs\":[\"https:\/\/www.facebook.com\/\u00dcsfen-Makina-280420642481393\/\",\"https:\/\/twitter.com\/usfenmakina\",\"https:\/\/www.instagram.com\/usfenmakina\/\",\"https:\/\/www.linkedin.com\/company\/18375652\/\"]}]}<\/script>\n<!-- \/ Yoast SEO plugin. -->","yoast_head_json":{"title":"Drill-Jet Channel Core Drilling System - \u00dcsfen Makina","description":"Karot Makinas\u0131 Boru Delme Makinas\u0131 350 mm'ye kadar boru delme i\u00e7in \u00e7ok y\u00f6nl\u00fc elmas karot delme stand\u0131 ve elmas karotlu sondaj makinesi","robots":{"index":"index","follow":"follow","max-snippet":"max-snippet:-1","max-image-preview":"max-image-preview:large","max-video-preview":"max-video-preview:-1"},"canonical":"https:\/\/www.usfen.com.tr\/en\/sectoral-products\/lissmac\/core-drilling-machine\/drill-jet-core-drilling-system\/","og_locale":"en_US","og_type":"article","og_title":"Drill-Jet Channel Core Drilling System - \u00dcsfen Makina","og_description":"Karot Makinas\u0131 Boru Delme Makinas\u0131 350 mm'ye kadar boru delme i\u00e7in \u00e7ok y\u00f6nl\u00fc elmas karot delme stand\u0131 ve elmas karotlu sondaj makinesi","og_url":"https:\/\/www.usfen.com.tr\/en\/sectoral-products\/lissmac\/core-drilling-machine\/drill-jet-core-drilling-system\/","og_site_name":"\u00dcsfen Makina","article_publisher":"https:\/\/www.facebook.com\/%c3%9csfen-Makina-280420642481393\/","article_modified_time":"2022-02-22T05:40:21+00:00","twitter_card":"summary_large_image","twitter_site":"@usfenmakina","twitter_misc":{"Est. reading time":"3 minutes"},"schema":{"@context":"https:\/\/schema.org","@graph":[{"@type":"WebPage","@id":"https:\/\/www.usfen.com.tr\/en\/sectoral-products\/lissmac\/core-drilling-machine\/drill-jet-core-drilling-system\/","url":"https:\/\/www.usfen.com.tr\/en\/sectoral-products\/lissmac\/core-drilling-machine\/drill-jet-core-drilling-system\/","name":"Drill-Jet Channel Core Drilling System - \u00dcsfen Makina","isPartOf":{"@id":"https:\/\/www.usfen.com.tr\/#website"},"datePublished":"2018-04-23T17:55:23+00:00","dateModified":"2022-02-22T05:40:21+00:00","description":"Karot Makinas\u0131 Boru Delme Makinas\u0131 350 mm'ye kadar boru delme i\u00e7in \u00e7ok y\u00f6nl\u00fc elmas karot delme stand\u0131 ve elmas karotlu sondaj makinesi","breadcrumb":{"@id":"https:\/\/www.usfen.com.tr\/en\/sectoral-products\/lissmac\/core-drilling-machine\/drill-jet-core-drilling-system\/#breadcrumb"},"inLanguage":"en-US","potentialAction":[{"@type":"ReadAction","target":["https:\/\/www.usfen.com.tr\/en\/sectoral-products\/lissmac\/core-drilling-machine\/drill-jet-core-drilling-system\/"]}]},{"@type":"BreadcrumbList","@id":"https:\/\/www.usfen.com.tr\/en\/sectoral-products\/lissmac\/core-drilling-machine\/drill-jet-core-drilling-system\/#breadcrumb","itemListElement":[{"@type":"ListItem","position":1,"name":"Ana sayfa","item":"https:\/\/www.usfen.com.tr\/en\/"},{"@type":"ListItem","position":2,"name":"Products","item":"https:\/\/www.usfen.com.tr\/en\/sectoral-products\/"},{"@type":"ListItem","position":3,"name":"Lissmac","item":"https:\/\/www.usfen.com.tr\/en\/sectoral-products\/lissmac\/"},{"@type":"ListItem","position":4,"name":"Core Drilling Machine","item":"https:\/\/www.usfen.com.tr\/en\/sectoral-products\/lissmac\/core-drilling-machine\/"},{"@type":"ListItem","position":5,"name":"Drill-Jet Channel Core Drilling System"}]},{"@type":"WebSite","@id":"https:\/\/www.usfen.com.tr\/#website","url":"https:\/\/www.usfen.com.tr\/","name":"\u00dcsfen Makina","description":"M\u00fchendislik, Teknoloji \u00dcss\u00fc","publisher":{"@id":"https:\/\/www.usfen.com.tr\/#organization"},"potentialAction":[{"@type":"SearchAction","target":{"@type":"EntryPoint","urlTemplate":"https:\/\/www.usfen.com.tr\/?s={search_term_string}"},"query-input":"required name=search_term_string"}],"inLanguage":"en-US"},{"@type":"Organization","@id":"https:\/\/www.usfen.com.tr\/#organization","name":"\u00dcsfen Makina","url":"https:\/\/www.usfen.com.tr\/","logo":{"@type":"ImageObject","inLanguage":"en-US","@id":"https:\/\/www.usfen.com.tr\/#\/schema\/logo\/image\/","url":"https:\/\/www.usfen.com.tr\/wp-content\/uploads\/2017\/12\/usfen-logo-bg.png","contentUrl":"https:\/\/www.usfen.com.tr\/wp-content\/uploads\/2017\/12\/usfen-logo-bg.png","width":400,"height":151,"caption":"\u00dcsfen Makina"},"image":{"@id":"https:\/\/www.usfen.com.tr\/#\/schema\/logo\/image\/"},"sameAs":["https:\/\/www.facebook.com\/\u00dcsfen-Makina-280420642481393\/","https:\/\/twitter.com\/usfenmakina","https:\/\/www.instagram.com\/usfenmakina\/","https:\/\/www.linkedin.com\/company\/18375652\/"]}]}},"jetpack_sharing_enabled":true,"_links":{"self":[{"href":"https:\/\/www.usfen.com.tr\/en\/wp-json\/wp\/v2\/pages\/7627"}],"collection":[{"href":"https:\/\/www.usfen.com.tr\/en\/wp-json\/wp\/v2\/pages"}],"about":[{"href":"https:\/\/www.usfen.com.tr\/en\/wp-json\/wp\/v2\/types\/page"}],"author":[{"embeddable":true,"href":"https:\/\/www.usfen.com.tr\/en\/wp-json\/wp\/v2\/users\/2"}],"replies":[{"embeddable":true,"href":"https:\/\/www.usfen.com.tr\/en\/wp-json\/wp\/v2\/comments?post=7627"}],"version-history":[{"count":2,"href":"https:\/\/www.usfen.com.tr\/en\/wp-json\/wp\/v2\/pages\/7627\/revisions"}],"predecessor-version":[{"id":7927,"href":"https:\/\/www.usfen.com.tr\/en\/wp-json\/wp\/v2\/pages\/7627\/revisions\/7927"}],"up":[{"embeddable":true,"href":"https:\/\/www.usfen.com.tr\/en\/wp-json\/wp\/v2\/pages\/7737"}],"wp:attachment":[{"href":"https:\/\/www.usfen.com.tr\/en\/wp-json\/wp\/v2\/media?parent=7627"}],"curies":[{"name":"wp","href":"https:\/\/api.w.org\/{rel}","templated":true}]}}