{"id":7651,"date":"2018-04-23T19:18:24","date_gmt":"2018-04-23T16:18:24","guid":{"rendered":"http:\/\/www.usfen.com.tr\/duvar-tel-kesme-makinalari-lwsh-1201\/"},"modified":"2022-02-24T14:40:59","modified_gmt":"2022-02-24T11:40:59","slug":"wall-saw-lwsh-1201","status":"publish","type":"page","link":"https:\/\/www.usfen.com.tr\/en\/sectoral-products\/lissmac\/wall-and-wire-saws\/wall-saw-lwsh-1201\/","title":{"rendered":"Wall Saw LWSH 1201"},"content":{"rendered":"<p>[vc_row][vc_column][vc_tta_tabs spacing=&#8221;2&#8243; alignment=&#8221;center&#8221; active_section=&#8221;1&#8243;][vc_tta_section title=&#8221;WALL SAW LWSH 1201&#8243; tab_id=&#8221;1514199267873-513b7fb0-0274e7cc-9afb13e7-12db12f9-8adad3e5-9516&#8243;][vc_row_inner][vc_column_inner]<div class=\"mgt-header-block clearfix text-left text-black wpb_content_element  mgt-header-block-style-1 mgt-header-texttransform-header  vc_custom_1645703463371\"><h2 class=\"mgt-header-block-title\">WALL SAW LWSH 1201<\/h2><p class=\"mgt-header-block-subtitle\">Product Features<\/p><div class=\"mgt-header-line\"><\/div><\/div>[\/vc_column_inner][\/vc_row_inner][vc_row_inner][vc_column_inner width=&#8221;1\/2&#8243;][vc_gallery type=&#8221;flexslider_slide&#8221; interval=&#8221;0&#8243; images=&#8221;5050&#8243; img_size=&#8221;large&#8221;][\/vc_column_inner][vc_column_inner width=&#8221;1\/2&#8243;][vc_column_text]<\/p>\n<div itemprop=\"description\">\n<div class=\"item-product-content-head\">\n<p>Hydraulic power packages for toughest cutting tasks<\/p>\n<\/div>\n<div class=\"item-product-content-accordion ui-accordion ui-widget ui-helper-reset\" role=\"tablist\">\n<h2 id=\"ui-accordion-1-header-0\" class=\"ui-accordion-header ui-helper-reset ui-state-default ui-corner-all ui-accordion-icons\" tabindex=\"0\" role=\"tab\" aria-controls=\"ui-accordion-1-panel-0\" aria-selected=\"false\" aria-expanded=\"false\"><\/h2>\n<\/div>\n<\/div>\n<p>[\/vc_column_text][\/vc_column_inner][\/vc_row_inner][vc_toggle title=&#8221;Description&#8221; open=&#8221;true&#8221; el_id=&#8221;1514218984874-193c5caf-e939&#8243;]<\/p>\n<ul>\n<li>The extremely sturdy and proven design ensures high reliability and cutting accuracy<\/li>\n<li>In conjunction with hydraulic drives with outputs of up to 20 kW, blade diameters of up to maximum 1200 mm can be used<\/li>\n<li>Robust saw head with standard hydraulic motors<\/li>\n<li>Blade guard for normal and flush cutting<\/li>\n<li>Slide guide with ergonomic locking system and fineadjustment<\/li>\n<\/ul>\n<p><strong><br \/>\nDesign<\/strong><\/p>\n<ul>\n<li>GR2 hydraulic motor with quick-change device<\/li>\n<li>Swivel arm, can be rotated by 360\u00b0<\/li>\n<li>Power transmission in swivel arm via toothed belt<\/li>\n<li>Carriage controlled using bronze guide<\/li>\n<\/ul>\n<p>[\/vc_toggle][vc_toggle title=&#8221;Technical Data&#8221;]<\/p>\n<h3>LWSH 1201<\/h3>\n<table cellspacing=\"0\" cellpadding=\"0\">\n<tbody>\n<tr>\n<td>cutting depth max.<\/td>\n<td>510 mm<\/td>\n<\/tr>\n<tr>\n<td>saw blade \u00d8 max.<\/td>\n<td>1200 mm<\/td>\n<\/tr>\n<tr>\n<td>free detachable up to<\/td>\n<td>900 mm<\/td>\n<\/tr>\n<tr>\n<td>blade flange mounting<\/td>\n<td>central screw<\/td>\n<\/tr>\n<tr>\n<td>saw blade fixing (flush cuts)<\/td>\n<td>6 countersunk head screws, TK 130 mm<\/td>\n<\/tr>\n<tr>\n<td>weight incl. drive motor and 2 feed motors<\/td>\n<td>34 kg<\/td>\n<\/tr>\n<tr>\n<td>weight with 2 feed motors only<\/td>\n<td>27 kg<\/td>\n<\/tr>\n<\/tbody>\n<\/table>\n<p>[\/vc_toggle][vc_toggle title=&#8221;Video&#8221; el_id=&#8221;1514219102466-71ea4d31-99ce&#8221;]<iframe loading=\"lazy\" src=\"https:\/\/www.youtube.com\/embed\/3ZrY07t8ENk\" width=\"560\" height=\"315\" frameborder=\"0\" allowfullscreen=\"allowfullscreen\"><\/iframe>[\/vc_toggle][\/vc_tta_section][\/vc_tta_tabs][\/vc_column][\/vc_row]<\/p>\n","protected":false},"excerpt":{"rendered":"<p>[vc_row][vc_column][vc_tta_tabs spacing=&#8221;2&#8243; alignment=&#8221;center&#8221; active_section=&#8221;1&#8243;][vc_tta_section title=&#8221;WALL SAW LWSH 1201&#8243; tab_id=&#8221;1514199267873-513b7fb0-0274e7cc-9afb13e7-12db12f9-8adad3e5-9516&#8243;][vc_row_inner][vc_column_inner][\/vc_column_inner][\/vc_row_inner][vc_row_inner][vc_column_inner width=&#8221;1\/2&#8243;][vc_gallery type=&#8221;flexslider_slide&#8221; interval=&#8221;0&#8243; images=&#8221;5050&#8243; img_size=&#8221;large&#8221;][\/vc_column_inner][vc_column_inner width=&#8221;1\/2&#8243;][vc_column_text] Hydraulic power packages for toughest cutting tasks [\/vc_column_text][\/vc_column_inner][\/vc_row_inner][vc_toggle title=&#8221;Description&#8221; open=&#8221;true&#8221; el_id=&#8221;1514218984874-193c5caf-e939&#8243;] The extremely sturdy and&#8230;<\/p>\n","protected":false},"author":2,"featured_media":0,"parent":7738,"menu_order":0,"comment_status":"closed","ping_status":"closed","template":"","meta":{"footnotes":""},"yoast_head":"<!-- This site is optimized with the Yoast SEO plugin v22.2 - https:\/\/yoast.com\/wordpress\/plugins\/seo\/ -->\n<title>Wall Saw LWSH 1201 - \u00dcsfen Makina<\/title>\n<meta name=\"description\" content=\"Duvar Kesme Makinas\u0131 LWSH 1201 Hidrolik g\u00fc\u00e7 paketleri en zorlu kesim g\u00f6revlerini yerine getirir\" \/>\n<meta name=\"robots\" content=\"index, follow, max-snippet:-1, max-image-preview:large, max-video-preview:-1\" \/>\n<link rel=\"canonical\" href=\"https:\/\/www.usfen.com.tr\/urunler\/lissmac\/duvar-tel-kesme-makinalari\/duvar-tel-kesme-makinalari-lwsh-1201\/\" \/>\n<meta property=\"og:locale\" content=\"en_US\" \/>\n<meta property=\"og:type\" content=\"article\" \/>\n<meta property=\"og:title\" content=\"Wall Saw LWSH 1201 - \u00dcsfen Makina\" \/>\n<meta property=\"og:description\" content=\"Duvar Kesme Makinas\u0131 LWSH 1201 Hidrolik g\u00fc\u00e7 paketleri en zorlu kesim g\u00f6revlerini yerine getirir\" \/>\n<meta property=\"og:url\" content=\"https:\/\/www.usfen.com.tr\/urunler\/lissmac\/duvar-tel-kesme-makinalari\/duvar-tel-kesme-makinalari-lwsh-1201\/\" \/>\n<meta property=\"og:site_name\" content=\"\u00dcsfen Makina\" \/>\n<meta property=\"article:publisher\" content=\"https:\/\/www.facebook.com\/%c3%9csfen-Makina-280420642481393\/\" \/>\n<meta property=\"article:modified_time\" content=\"2022-02-24T11:40:59+00:00\" \/>\n<meta name=\"twitter:card\" content=\"summary_large_image\" \/>\n<meta name=\"twitter:site\" content=\"@usfenmakina\" \/>\n<meta name=\"twitter:label1\" content=\"Est. reading time\" \/>\n\t<meta name=\"twitter:data1\" content=\"1 minute\" \/>\n<script type=\"application\/ld+json\" class=\"yoast-schema-graph\">{\"@context\":\"https:\/\/schema.org\",\"@graph\":[{\"@type\":\"WebPage\",\"@id\":\"https:\/\/www.usfen.com.tr\/urunler\/lissmac\/duvar-tel-kesme-makinalari\/duvar-tel-kesme-makinalari-lwsh-1201\/\",\"url\":\"https:\/\/www.usfen.com.tr\/urunler\/lissmac\/duvar-tel-kesme-makinalari\/duvar-tel-kesme-makinalari-lwsh-1201\/\",\"name\":\"Wall Saw LWSH 1201 - \u00dcsfen Makina\",\"isPartOf\":{\"@id\":\"https:\/\/www.usfen.com.tr\/#website\"},\"datePublished\":\"2018-04-23T16:18:24+00:00\",\"dateModified\":\"2022-02-24T11:40:59+00:00\",\"description\":\"Duvar Kesme Makinas\u0131 LWSH 1201 Hidrolik g\u00fc\u00e7 paketleri en zorlu kesim g\u00f6revlerini yerine getirir\",\"breadcrumb\":{\"@id\":\"https:\/\/www.usfen.com.tr\/urunler\/lissmac\/duvar-tel-kesme-makinalari\/duvar-tel-kesme-makinalari-lwsh-1201\/#breadcrumb\"},\"inLanguage\":\"en-US\",\"potentialAction\":[{\"@type\":\"ReadAction\",\"target\":[\"https:\/\/www.usfen.com.tr\/urunler\/lissmac\/duvar-tel-kesme-makinalari\/duvar-tel-kesme-makinalari-lwsh-1201\/\"]}]},{\"@type\":\"BreadcrumbList\",\"@id\":\"https:\/\/www.usfen.com.tr\/urunler\/lissmac\/duvar-tel-kesme-makinalari\/duvar-tel-kesme-makinalari-lwsh-1201\/#breadcrumb\",\"itemListElement\":[{\"@type\":\"ListItem\",\"position\":1,\"name\":\"Ana sayfa\",\"item\":\"https:\/\/www.usfen.com.tr\/en\/\"},{\"@type\":\"ListItem\",\"position\":2,\"name\":\"Products\",\"item\":\"https:\/\/www.usfen.com.tr\/en\/sectoral-products\/\"},{\"@type\":\"ListItem\",\"position\":3,\"name\":\"Lissmac\",\"item\":\"https:\/\/www.usfen.com.tr\/en\/sectoral-products\/lissmac\/\"},{\"@type\":\"ListItem\",\"position\":4,\"name\":\"Wall and Wire Saws\",\"item\":\"https:\/\/www.usfen.com.tr\/en\/sectoral-products\/lissmac\/wall-and-wire-saws\/\"},{\"@type\":\"ListItem\",\"position\":5,\"name\":\"Wall Saw LWSH 1201\"}]},{\"@type\":\"WebSite\",\"@id\":\"https:\/\/www.usfen.com.tr\/#website\",\"url\":\"https:\/\/www.usfen.com.tr\/\",\"name\":\"\u00dcsfen Makina\",\"description\":\"M\u00fchendislik, Teknoloji \u00dcss\u00fc\",\"publisher\":{\"@id\":\"https:\/\/www.usfen.com.tr\/#organization\"},\"potentialAction\":[{\"@type\":\"SearchAction\",\"target\":{\"@type\":\"EntryPoint\",\"urlTemplate\":\"https:\/\/www.usfen.com.tr\/?s={search_term_string}\"},\"query-input\":\"required name=search_term_string\"}],\"inLanguage\":\"en-US\"},{\"@type\":\"Organization\",\"@id\":\"https:\/\/www.usfen.com.tr\/#organization\",\"name\":\"\u00dcsfen Makina\",\"url\":\"https:\/\/www.usfen.com.tr\/\",\"logo\":{\"@type\":\"ImageObject\",\"inLanguage\":\"en-US\",\"@id\":\"https:\/\/www.usfen.com.tr\/#\/schema\/logo\/image\/\",\"url\":\"https:\/\/www.usfen.com.tr\/wp-content\/uploads\/2017\/12\/usfen-logo-bg.png\",\"contentUrl\":\"https:\/\/www.usfen.com.tr\/wp-content\/uploads\/2017\/12\/usfen-logo-bg.png\",\"width\":400,\"height\":151,\"caption\":\"\u00dcsfen Makina\"},\"image\":{\"@id\":\"https:\/\/www.usfen.com.tr\/#\/schema\/logo\/image\/\"},\"sameAs\":[\"https:\/\/www.facebook.com\/\u00dcsfen-Makina-280420642481393\/\",\"https:\/\/twitter.com\/usfenmakina\",\"https:\/\/www.instagram.com\/usfenmakina\/\",\"https:\/\/www.linkedin.com\/company\/18375652\/\"]}]}<\/script>\n<!-- \/ Yoast SEO plugin. -->","yoast_head_json":{"title":"Wall Saw LWSH 1201 - \u00dcsfen Makina","description":"Duvar Kesme Makinas\u0131 LWSH 1201 Hidrolik g\u00fc\u00e7 paketleri en zorlu kesim g\u00f6revlerini yerine getirir","robots":{"index":"index","follow":"follow","max-snippet":"max-snippet:-1","max-image-preview":"max-image-preview:large","max-video-preview":"max-video-preview:-1"},"canonical":"https:\/\/www.usfen.com.tr\/urunler\/lissmac\/duvar-tel-kesme-makinalari\/duvar-tel-kesme-makinalari-lwsh-1201\/","og_locale":"en_US","og_type":"article","og_title":"Wall Saw LWSH 1201 - \u00dcsfen Makina","og_description":"Duvar Kesme Makinas\u0131 LWSH 1201 Hidrolik g\u00fc\u00e7 paketleri en zorlu kesim g\u00f6revlerini yerine getirir","og_url":"https:\/\/www.usfen.com.tr\/urunler\/lissmac\/duvar-tel-kesme-makinalari\/duvar-tel-kesme-makinalari-lwsh-1201\/","og_site_name":"\u00dcsfen Makina","article_publisher":"https:\/\/www.facebook.com\/%c3%9csfen-Makina-280420642481393\/","article_modified_time":"2022-02-24T11:40:59+00:00","twitter_card":"summary_large_image","twitter_site":"@usfenmakina","twitter_misc":{"Est. reading time":"1 minute"},"schema":{"@context":"https:\/\/schema.org","@graph":[{"@type":"WebPage","@id":"https:\/\/www.usfen.com.tr\/urunler\/lissmac\/duvar-tel-kesme-makinalari\/duvar-tel-kesme-makinalari-lwsh-1201\/","url":"https:\/\/www.usfen.com.tr\/urunler\/lissmac\/duvar-tel-kesme-makinalari\/duvar-tel-kesme-makinalari-lwsh-1201\/","name":"Wall Saw LWSH 1201 - \u00dcsfen Makina","isPartOf":{"@id":"https:\/\/www.usfen.com.tr\/#website"},"datePublished":"2018-04-23T16:18:24+00:00","dateModified":"2022-02-24T11:40:59+00:00","description":"Duvar Kesme Makinas\u0131 LWSH 1201 Hidrolik g\u00fc\u00e7 paketleri en zorlu kesim g\u00f6revlerini yerine getirir","breadcrumb":{"@id":"https:\/\/www.usfen.com.tr\/urunler\/lissmac\/duvar-tel-kesme-makinalari\/duvar-tel-kesme-makinalari-lwsh-1201\/#breadcrumb"},"inLanguage":"en-US","potentialAction":[{"@type":"ReadAction","target":["https:\/\/www.usfen.com.tr\/urunler\/lissmac\/duvar-tel-kesme-makinalari\/duvar-tel-kesme-makinalari-lwsh-1201\/"]}]},{"@type":"BreadcrumbList","@id":"https:\/\/www.usfen.com.tr\/urunler\/lissmac\/duvar-tel-kesme-makinalari\/duvar-tel-kesme-makinalari-lwsh-1201\/#breadcrumb","itemListElement":[{"@type":"ListItem","position":1,"name":"Ana sayfa","item":"https:\/\/www.usfen.com.tr\/en\/"},{"@type":"ListItem","position":2,"name":"Products","item":"https:\/\/www.usfen.com.tr\/en\/sectoral-products\/"},{"@type":"ListItem","position":3,"name":"Lissmac","item":"https:\/\/www.usfen.com.tr\/en\/sectoral-products\/lissmac\/"},{"@type":"ListItem","position":4,"name":"Wall and Wire Saws","item":"https:\/\/www.usfen.com.tr\/en\/sectoral-products\/lissmac\/wall-and-wire-saws\/"},{"@type":"ListItem","position":5,"name":"Wall Saw LWSH 1201"}]},{"@type":"WebSite","@id":"https:\/\/www.usfen.com.tr\/#website","url":"https:\/\/www.usfen.com.tr\/","name":"\u00dcsfen Makina","description":"M\u00fchendislik, Teknoloji \u00dcss\u00fc","publisher":{"@id":"https:\/\/www.usfen.com.tr\/#organization"},"potentialAction":[{"@type":"SearchAction","target":{"@type":"EntryPoint","urlTemplate":"https:\/\/www.usfen.com.tr\/?s={search_term_string}"},"query-input":"required name=search_term_string"}],"inLanguage":"en-US"},{"@type":"Organization","@id":"https:\/\/www.usfen.com.tr\/#organization","name":"\u00dcsfen Makina","url":"https:\/\/www.usfen.com.tr\/","logo":{"@type":"ImageObject","inLanguage":"en-US","@id":"https:\/\/www.usfen.com.tr\/#\/schema\/logo\/image\/","url":"https:\/\/www.usfen.com.tr\/wp-content\/uploads\/2017\/12\/usfen-logo-bg.png","contentUrl":"https:\/\/www.usfen.com.tr\/wp-content\/uploads\/2017\/12\/usfen-logo-bg.png","width":400,"height":151,"caption":"\u00dcsfen Makina"},"image":{"@id":"https:\/\/www.usfen.com.tr\/#\/schema\/logo\/image\/"},"sameAs":["https:\/\/www.facebook.com\/\u00dcsfen-Makina-280420642481393\/","https:\/\/twitter.com\/usfenmakina","https:\/\/www.instagram.com\/usfenmakina\/","https:\/\/www.linkedin.com\/company\/18375652\/"]}]}},"jetpack_sharing_enabled":true,"_links":{"self":[{"href":"https:\/\/www.usfen.com.tr\/en\/wp-json\/wp\/v2\/pages\/7651"}],"collection":[{"href":"https:\/\/www.usfen.com.tr\/en\/wp-json\/wp\/v2\/pages"}],"about":[{"href":"https:\/\/www.usfen.com.tr\/en\/wp-json\/wp\/v2\/types\/page"}],"author":[{"embeddable":true,"href":"https:\/\/www.usfen.com.tr\/en\/wp-json\/wp\/v2\/users\/2"}],"replies":[{"embeddable":true,"href":"https:\/\/www.usfen.com.tr\/en\/wp-json\/wp\/v2\/comments?post=7651"}],"version-history":[{"count":3,"href":"https:\/\/www.usfen.com.tr\/en\/wp-json\/wp\/v2\/pages\/7651\/revisions"}],"predecessor-version":[{"id":8182,"href":"https:\/\/www.usfen.com.tr\/en\/wp-json\/wp\/v2\/pages\/7651\/revisions\/8182"}],"up":[{"embeddable":true,"href":"https:\/\/www.usfen.com.tr\/en\/wp-json\/wp\/v2\/pages\/7738"}],"wp:attachment":[{"href":"https:\/\/www.usfen.com.tr\/en\/wp-json\/wp\/v2\/media?parent=7651"}],"curies":[{"name":"wp","href":"https:\/\/api.w.org\/{rel}","templated":true}]}}