{"id":7655,"date":"2018-04-23T17:17:41","date_gmt":"2018-04-23T14:17:41","guid":{"rendered":"http:\/\/www.usfen.com.tr\/masa-tipi-kesiciler-dts-1000\/"},"modified":"2022-02-23T16:42:02","modified_gmt":"2022-02-23T13:42:02","slug":"masonry-saw-dts-1000","status":"publish","type":"page","link":"https:\/\/www.usfen.com.tr\/en\/sectoral-products\/lissmac\/masonry-saws\/masonry-saw-dts-1000\/","title":{"rendered":"Masonry Saw DTS 1000"},"content":{"rendered":"<p>[vc_row][vc_column][vc_tta_tabs spacing=&#8221;2&#8243; alignment=&#8221;center&#8221; active_section=&#8221;1&#8243;][vc_tta_section title=&#8221;MASONRY SAW DTS 1000&#8243; tab_id=&#8221;1514199267873-513b7fb0-0274e7cc-9afb13e7-12db12f9-8adadaba-807a&#8221;][vc_row_inner][vc_column_inner]<div class=\"mgt-header-block clearfix text-left text-black wpb_content_element  mgt-header-block-style-1 mgt-header-texttransform-header  vc_custom_1645624446633\"><h2 class=\"mgt-header-block-title\">MASONRY SAW DTS 1000<\/h2><p class=\"mgt-header-block-subtitle\">Product Features<\/p><div class=\"mgt-header-line\"><\/div><\/div>[\/vc_column_inner][\/vc_row_inner][vc_row_inner][vc_column_inner width=&#8221;1\/2&#8243;][vc_gallery type=&#8221;flexslider_slide&#8221; interval=&#8221;0&#8243; images=&#8221;5030,5031,5032,5033,5034,5035,5036,5037&#8243; img_size=&#8221;large&#8221;][\/vc_column_inner][vc_column_inner width=&#8221;1\/2&#8243;][vc_column_text]<\/p>\n<div itemprop=\"description\">\n<p>The ideal combination of the latest technology and a well-thought-out, user-oriented design make the DTS\u00a0 an all-round saw for daily use on construction sites. The innovative sawing technology and precise saw head guidance guarantee exact cuts, low saw blade wear and a high degree of stability of the saw head.<\/p>\n<\/div>\n<p>[\/vc_column_text][\/vc_column_inner][\/vc_row_inner][vc_toggle title=&#8221;Description&#8221; open=&#8221;true&#8221; el_id=&#8221;1514218984874-193c5caf-e939&#8243;]<\/p>\n<ul>\n<li>Low-maintenance construction fit for the building site<\/li>\n<li>Excellent stable value and operational reliability<\/li>\n<li>Exacting table layout for precision stone cutting<\/li>\n<li>Fixed, distortion-free three point stability<\/li>\n<li>Stable and resilient frame<\/li>\n<li>Galvanised sawing table with imprinted scale<\/li>\n<li>Table guidance profile and rollers made of durable, high-strength steel<\/li>\n<li>Low equipment costs due to precise table guidance<\/li>\n<li>Perfect saw blade cooling and immediate removal of sawing debris with the optimum water feed system<\/li>\n<li>Easy to use and operate due to flexible loading and control elements in front<\/li>\n<li>Easy removal of the water pump (e.g. for cleaning or to avoid freezing)<\/li>\n<li>Water bath removable from the rear<\/li>\n<li>Saw head is easily positioned for safe transport<\/li>\n<li>Ease of manhandling with the front swivel roller, forklift pick-up points and lifting eyes.<\/li>\n<li>Saw blade drive via a high performance chain in a totally enclosed low maintenance gearbox \u2013 no v-belts \u2013 no wear<\/li>\n<\/ul>\n<p>[\/vc_toggle][vc_toggle title=&#8221;Technical Data&#8221;]<\/p>\n<h3>DTS 1000 H<\/h3>\n<table cellspacing=\"0\" cellpadding=\"0\">\n<tbody>\n<tr>\n<td>cut depth<\/td>\n<td>370 mm (420 mm)<\/td>\n<\/tr>\n<tr>\n<td>cut length<\/td>\n<td>660 mm<\/td>\n<\/tr>\n<tr>\n<td>saw blade \u00d8 (max.)<\/td>\n<td>900 mm (1000 mm)<\/td>\n<\/tr>\n<tr>\n<td>saw blade holder<\/td>\n<td>60 mm<\/td>\n<\/tr>\n<tr>\n<td>motor output<\/td>\n<td>7,5 kW \/ 400 V<\/td>\n<\/tr>\n<tr>\n<td>power consumption<\/td>\n<td>15,1 A<\/td>\n<\/tr>\n<tr>\n<td>protection class<\/td>\n<td>IP 54<\/td>\n<\/tr>\n<tr>\n<td>saw blade speed<\/td>\n<td>910 1\/min<\/td>\n<\/tr>\n<tr>\n<td>table width<\/td>\n<td>745 mm<\/td>\n<\/tr>\n<tr>\n<td>dimensions (L\/W\/H)<\/td>\n<td>1800\/1050\/1500 mm<\/td>\n<\/tr>\n<tr>\n<td>weight<\/td>\n<td>352 kg<\/td>\n<\/tr>\n<tr>\n<td>feed<\/td>\n<td>manual<\/td>\n<\/tr>\n<\/tbody>\n<\/table>\n<h3>DTS 1000 V<\/h3>\n<table cellspacing=\"0\" cellpadding=\"0\">\n<tbody>\n<tr>\n<td>cut depth<\/td>\n<td>370 mm (420 mm)<\/td>\n<\/tr>\n<tr>\n<td>cut length<\/td>\n<td>660 mm<\/td>\n<\/tr>\n<tr>\n<td>saw blade \u00d8 (max.)<\/td>\n<td>900 mm (1000 mm)<\/td>\n<\/tr>\n<tr>\n<td>saw blade holder<\/td>\n<td>60 mm<\/td>\n<\/tr>\n<tr>\n<td>motor output<\/td>\n<td>7,5 kW \/ 400 V<\/td>\n<\/tr>\n<tr>\n<td>power consumption<\/td>\n<td>15,1 A<\/td>\n<\/tr>\n<tr>\n<td>protection class<\/td>\n<td>IP 54<\/td>\n<\/tr>\n<tr>\n<td>saw blade speed<\/td>\n<td>910 1\/min<\/td>\n<\/tr>\n<tr>\n<td>table width<\/td>\n<td>745 mm<\/td>\n<\/tr>\n<tr>\n<td>dimensions (L\/W\/H)<\/td>\n<td>2000\/1050\/1500 mm<\/td>\n<\/tr>\n<tr>\n<td>weight<\/td>\n<td>375 kg<\/td>\n<\/tr>\n<tr>\n<td>feed<\/td>\n<td>hand crank<\/td>\n<\/tr>\n<\/tbody>\n<\/table>\n<p>[\/vc_toggle][vc_toggle title=&#8221;Video&#8221; el_id=&#8221;1514219102466-71ea4d31-99ce&#8221;][\/vc_toggle][\/vc_tta_section][\/vc_tta_tabs][\/vc_column][\/vc_row]<\/p>\n","protected":false},"excerpt":{"rendered":"<p>[vc_row][vc_column][vc_tta_tabs spacing=&#8221;2&#8243; alignment=&#8221;center&#8221; active_section=&#8221;1&#8243;][vc_tta_section title=&#8221;MASONRY SAW DTS 1000&#8243; tab_id=&#8221;1514199267873-513b7fb0-0274e7cc-9afb13e7-12db12f9-8adadaba-807a&#8221;][vc_row_inner][vc_column_inner][\/vc_column_inner][\/vc_row_inner][vc_row_inner][vc_column_inner width=&#8221;1\/2&#8243;][vc_gallery type=&#8221;flexslider_slide&#8221; interval=&#8221;0&#8243; images=&#8221;5030,5031,5032,5033,5034,5035,5036,5037&#8243; img_size=&#8221;large&#8221;][\/vc_column_inner][vc_column_inner width=&#8221;1\/2&#8243;][vc_column_text] The ideal combination of the latest technology and a well-thought-out, user-oriented design make the DTS\u00a0&#8230;<\/p>\n","protected":false},"author":2,"featured_media":0,"parent":7739,"menu_order":0,"comment_status":"closed","ping_status":"closed","template":"","meta":{"footnotes":""},"yoast_head":"<!-- This site is optimized with the Yoast SEO plugin v22.2 - https:\/\/yoast.com\/wordpress\/plugins\/seo\/ -->\n<title>Masonry Saw DTS 1000 - \u00dcsfen Makina<\/title>\n<meta name=\"description\" content=\"Masa Tipi Kesici DTS 1000 En son teknolojinin ve iyi d\u00fc\u015f\u00fcn\u00fclm\u00fc\u015f, kullan\u0131c\u0131 odakl\u0131 tasar\u0131m\u0131n ideal birle\u015fimi, DTS&#039;yi \u015fantiyelerde g\u00fcnl\u00fck kullan\u0131m i\u00e7in \u00e7ok y\u00f6nl\u00fc bir testere yapar.\" \/>\n<meta name=\"robots\" content=\"index, follow, max-snippet:-1, max-image-preview:large, max-video-preview:-1\" \/>\n<link rel=\"canonical\" href=\"https:\/\/www.usfen.com.tr\/urunler\/lissmac\/masa-tipi-kesiciler\/masa-tipi-kesiciler-dts-1000\/\" \/>\n<meta property=\"og:locale\" content=\"en_US\" \/>\n<meta property=\"og:type\" content=\"article\" \/>\n<meta property=\"og:title\" content=\"Masonry Saw DTS 1000 - \u00dcsfen Makina\" \/>\n<meta property=\"og:description\" content=\"Masa Tipi Kesici DTS 1000 En son teknolojinin ve iyi d\u00fc\u015f\u00fcn\u00fclm\u00fc\u015f, kullan\u0131c\u0131 odakl\u0131 tasar\u0131m\u0131n ideal birle\u015fimi, DTS&#039;yi \u015fantiyelerde g\u00fcnl\u00fck kullan\u0131m i\u00e7in \u00e7ok y\u00f6nl\u00fc bir testere yapar.\" \/>\n<meta property=\"og:url\" content=\"https:\/\/www.usfen.com.tr\/urunler\/lissmac\/masa-tipi-kesiciler\/masa-tipi-kesiciler-dts-1000\/\" \/>\n<meta property=\"og:site_name\" content=\"\u00dcsfen Makina\" \/>\n<meta property=\"article:publisher\" content=\"https:\/\/www.facebook.com\/%c3%9csfen-Makina-280420642481393\/\" \/>\n<meta property=\"article:modified_time\" content=\"2022-02-23T13:42:02+00:00\" \/>\n<meta name=\"twitter:card\" content=\"summary_large_image\" \/>\n<meta name=\"twitter:site\" content=\"@usfenmakina\" \/>\n<meta name=\"twitter:label1\" content=\"Est. reading time\" \/>\n\t<meta name=\"twitter:data1\" content=\"2 minutes\" \/>\n<script type=\"application\/ld+json\" class=\"yoast-schema-graph\">{\"@context\":\"https:\/\/schema.org\",\"@graph\":[{\"@type\":\"WebPage\",\"@id\":\"https:\/\/www.usfen.com.tr\/urunler\/lissmac\/masa-tipi-kesiciler\/masa-tipi-kesiciler-dts-1000\/\",\"url\":\"https:\/\/www.usfen.com.tr\/urunler\/lissmac\/masa-tipi-kesiciler\/masa-tipi-kesiciler-dts-1000\/\",\"name\":\"Masonry Saw DTS 1000 - \u00dcsfen Makina\",\"isPartOf\":{\"@id\":\"https:\/\/www.usfen.com.tr\/#website\"},\"datePublished\":\"2018-04-23T14:17:41+00:00\",\"dateModified\":\"2022-02-23T13:42:02+00:00\",\"description\":\"Masa Tipi Kesici DTS 1000 En son teknolojinin ve iyi d\u00fc\u015f\u00fcn\u00fclm\u00fc\u015f, kullan\u0131c\u0131 odakl\u0131 tasar\u0131m\u0131n ideal birle\u015fimi, DTS'yi \u015fantiyelerde g\u00fcnl\u00fck kullan\u0131m i\u00e7in \u00e7ok y\u00f6nl\u00fc bir testere yapar.\",\"breadcrumb\":{\"@id\":\"https:\/\/www.usfen.com.tr\/urunler\/lissmac\/masa-tipi-kesiciler\/masa-tipi-kesiciler-dts-1000\/#breadcrumb\"},\"inLanguage\":\"en-US\",\"potentialAction\":[{\"@type\":\"ReadAction\",\"target\":[\"https:\/\/www.usfen.com.tr\/urunler\/lissmac\/masa-tipi-kesiciler\/masa-tipi-kesiciler-dts-1000\/\"]}]},{\"@type\":\"BreadcrumbList\",\"@id\":\"https:\/\/www.usfen.com.tr\/urunler\/lissmac\/masa-tipi-kesiciler\/masa-tipi-kesiciler-dts-1000\/#breadcrumb\",\"itemListElement\":[{\"@type\":\"ListItem\",\"position\":1,\"name\":\"Ana sayfa\",\"item\":\"https:\/\/www.usfen.com.tr\/en\/\"},{\"@type\":\"ListItem\",\"position\":2,\"name\":\"Products\",\"item\":\"https:\/\/www.usfen.com.tr\/en\/sectoral-products\/\"},{\"@type\":\"ListItem\",\"position\":3,\"name\":\"Lissmac\",\"item\":\"https:\/\/www.usfen.com.tr\/en\/sectoral-products\/lissmac\/\"},{\"@type\":\"ListItem\",\"position\":4,\"name\":\"Masonry Saws\",\"item\":\"https:\/\/www.usfen.com.tr\/en\/sectoral-products\/lissmac\/masonry-saws\/\"},{\"@type\":\"ListItem\",\"position\":5,\"name\":\"Masonry Saw DTS 1000\"}]},{\"@type\":\"WebSite\",\"@id\":\"https:\/\/www.usfen.com.tr\/#website\",\"url\":\"https:\/\/www.usfen.com.tr\/\",\"name\":\"\u00dcsfen Makina\",\"description\":\"M\u00fchendislik, Teknoloji \u00dcss\u00fc\",\"publisher\":{\"@id\":\"https:\/\/www.usfen.com.tr\/#organization\"},\"potentialAction\":[{\"@type\":\"SearchAction\",\"target\":{\"@type\":\"EntryPoint\",\"urlTemplate\":\"https:\/\/www.usfen.com.tr\/?s={search_term_string}\"},\"query-input\":\"required name=search_term_string\"}],\"inLanguage\":\"en-US\"},{\"@type\":\"Organization\",\"@id\":\"https:\/\/www.usfen.com.tr\/#organization\",\"name\":\"\u00dcsfen Makina\",\"url\":\"https:\/\/www.usfen.com.tr\/\",\"logo\":{\"@type\":\"ImageObject\",\"inLanguage\":\"en-US\",\"@id\":\"https:\/\/www.usfen.com.tr\/#\/schema\/logo\/image\/\",\"url\":\"https:\/\/www.usfen.com.tr\/wp-content\/uploads\/2017\/12\/usfen-logo-bg.png\",\"contentUrl\":\"https:\/\/www.usfen.com.tr\/wp-content\/uploads\/2017\/12\/usfen-logo-bg.png\",\"width\":400,\"height\":151,\"caption\":\"\u00dcsfen Makina\"},\"image\":{\"@id\":\"https:\/\/www.usfen.com.tr\/#\/schema\/logo\/image\/\"},\"sameAs\":[\"https:\/\/www.facebook.com\/\u00dcsfen-Makina-280420642481393\/\",\"https:\/\/twitter.com\/usfenmakina\",\"https:\/\/www.instagram.com\/usfenmakina\/\",\"https:\/\/www.linkedin.com\/company\/18375652\/\"]}]}<\/script>\n<!-- \/ Yoast SEO plugin. -->","yoast_head_json":{"title":"Masonry Saw DTS 1000 - \u00dcsfen Makina","description":"Masa Tipi Kesici DTS 1000 En son teknolojinin ve iyi d\u00fc\u015f\u00fcn\u00fclm\u00fc\u015f, kullan\u0131c\u0131 odakl\u0131 tasar\u0131m\u0131n ideal birle\u015fimi, DTS'yi \u015fantiyelerde g\u00fcnl\u00fck kullan\u0131m i\u00e7in \u00e7ok y\u00f6nl\u00fc bir testere yapar.","robots":{"index":"index","follow":"follow","max-snippet":"max-snippet:-1","max-image-preview":"max-image-preview:large","max-video-preview":"max-video-preview:-1"},"canonical":"https:\/\/www.usfen.com.tr\/urunler\/lissmac\/masa-tipi-kesiciler\/masa-tipi-kesiciler-dts-1000\/","og_locale":"en_US","og_type":"article","og_title":"Masonry Saw DTS 1000 - \u00dcsfen Makina","og_description":"Masa Tipi Kesici DTS 1000 En son teknolojinin ve iyi d\u00fc\u015f\u00fcn\u00fclm\u00fc\u015f, kullan\u0131c\u0131 odakl\u0131 tasar\u0131m\u0131n ideal birle\u015fimi, DTS'yi \u015fantiyelerde g\u00fcnl\u00fck kullan\u0131m i\u00e7in \u00e7ok y\u00f6nl\u00fc bir testere yapar.","og_url":"https:\/\/www.usfen.com.tr\/urunler\/lissmac\/masa-tipi-kesiciler\/masa-tipi-kesiciler-dts-1000\/","og_site_name":"\u00dcsfen Makina","article_publisher":"https:\/\/www.facebook.com\/%c3%9csfen-Makina-280420642481393\/","article_modified_time":"2022-02-23T13:42:02+00:00","twitter_card":"summary_large_image","twitter_site":"@usfenmakina","twitter_misc":{"Est. reading time":"2 minutes"},"schema":{"@context":"https:\/\/schema.org","@graph":[{"@type":"WebPage","@id":"https:\/\/www.usfen.com.tr\/urunler\/lissmac\/masa-tipi-kesiciler\/masa-tipi-kesiciler-dts-1000\/","url":"https:\/\/www.usfen.com.tr\/urunler\/lissmac\/masa-tipi-kesiciler\/masa-tipi-kesiciler-dts-1000\/","name":"Masonry Saw DTS 1000 - \u00dcsfen Makina","isPartOf":{"@id":"https:\/\/www.usfen.com.tr\/#website"},"datePublished":"2018-04-23T14:17:41+00:00","dateModified":"2022-02-23T13:42:02+00:00","description":"Masa Tipi Kesici DTS 1000 En son teknolojinin ve iyi d\u00fc\u015f\u00fcn\u00fclm\u00fc\u015f, kullan\u0131c\u0131 odakl\u0131 tasar\u0131m\u0131n ideal birle\u015fimi, DTS'yi \u015fantiyelerde g\u00fcnl\u00fck kullan\u0131m i\u00e7in \u00e7ok y\u00f6nl\u00fc bir testere yapar.","breadcrumb":{"@id":"https:\/\/www.usfen.com.tr\/urunler\/lissmac\/masa-tipi-kesiciler\/masa-tipi-kesiciler-dts-1000\/#breadcrumb"},"inLanguage":"en-US","potentialAction":[{"@type":"ReadAction","target":["https:\/\/www.usfen.com.tr\/urunler\/lissmac\/masa-tipi-kesiciler\/masa-tipi-kesiciler-dts-1000\/"]}]},{"@type":"BreadcrumbList","@id":"https:\/\/www.usfen.com.tr\/urunler\/lissmac\/masa-tipi-kesiciler\/masa-tipi-kesiciler-dts-1000\/#breadcrumb","itemListElement":[{"@type":"ListItem","position":1,"name":"Ana sayfa","item":"https:\/\/www.usfen.com.tr\/en\/"},{"@type":"ListItem","position":2,"name":"Products","item":"https:\/\/www.usfen.com.tr\/en\/sectoral-products\/"},{"@type":"ListItem","position":3,"name":"Lissmac","item":"https:\/\/www.usfen.com.tr\/en\/sectoral-products\/lissmac\/"},{"@type":"ListItem","position":4,"name":"Masonry Saws","item":"https:\/\/www.usfen.com.tr\/en\/sectoral-products\/lissmac\/masonry-saws\/"},{"@type":"ListItem","position":5,"name":"Masonry Saw DTS 1000"}]},{"@type":"WebSite","@id":"https:\/\/www.usfen.com.tr\/#website","url":"https:\/\/www.usfen.com.tr\/","name":"\u00dcsfen Makina","description":"M\u00fchendislik, Teknoloji \u00dcss\u00fc","publisher":{"@id":"https:\/\/www.usfen.com.tr\/#organization"},"potentialAction":[{"@type":"SearchAction","target":{"@type":"EntryPoint","urlTemplate":"https:\/\/www.usfen.com.tr\/?s={search_term_string}"},"query-input":"required name=search_term_string"}],"inLanguage":"en-US"},{"@type":"Organization","@id":"https:\/\/www.usfen.com.tr\/#organization","name":"\u00dcsfen Makina","url":"https:\/\/www.usfen.com.tr\/","logo":{"@type":"ImageObject","inLanguage":"en-US","@id":"https:\/\/www.usfen.com.tr\/#\/schema\/logo\/image\/","url":"https:\/\/www.usfen.com.tr\/wp-content\/uploads\/2017\/12\/usfen-logo-bg.png","contentUrl":"https:\/\/www.usfen.com.tr\/wp-content\/uploads\/2017\/12\/usfen-logo-bg.png","width":400,"height":151,"caption":"\u00dcsfen Makina"},"image":{"@id":"https:\/\/www.usfen.com.tr\/#\/schema\/logo\/image\/"},"sameAs":["https:\/\/www.facebook.com\/\u00dcsfen-Makina-280420642481393\/","https:\/\/twitter.com\/usfenmakina","https:\/\/www.instagram.com\/usfenmakina\/","https:\/\/www.linkedin.com\/company\/18375652\/"]}]}},"jetpack_sharing_enabled":true,"_links":{"self":[{"href":"https:\/\/www.usfen.com.tr\/en\/wp-json\/wp\/v2\/pages\/7655"}],"collection":[{"href":"https:\/\/www.usfen.com.tr\/en\/wp-json\/wp\/v2\/pages"}],"about":[{"href":"https:\/\/www.usfen.com.tr\/en\/wp-json\/wp\/v2\/types\/page"}],"author":[{"embeddable":true,"href":"https:\/\/www.usfen.com.tr\/en\/wp-json\/wp\/v2\/users\/2"}],"replies":[{"embeddable":true,"href":"https:\/\/www.usfen.com.tr\/en\/wp-json\/wp\/v2\/comments?post=7655"}],"version-history":[{"count":2,"href":"https:\/\/www.usfen.com.tr\/en\/wp-json\/wp\/v2\/pages\/7655\/revisions"}],"predecessor-version":[{"id":8136,"href":"https:\/\/www.usfen.com.tr\/en\/wp-json\/wp\/v2\/pages\/7655\/revisions\/8136"}],"up":[{"embeddable":true,"href":"https:\/\/www.usfen.com.tr\/en\/wp-json\/wp\/v2\/pages\/7739"}],"wp:attachment":[{"href":"https:\/\/www.usfen.com.tr\/en\/wp-json\/wp\/v2\/media?parent=7655"}],"curies":[{"name":"wp","href":"https:\/\/api.w.org\/{rel}","templated":true}]}}