{"id":7658,"date":"2018-04-23T16:57:37","date_gmt":"2018-04-23T13:57:37","guid":{"rendered":"http:\/\/www.usfen.com.tr\/masa-tipi-kesiciler-dts-420-pe-n\/"},"modified":"2022-02-24T13:12:46","modified_gmt":"2022-02-24T10:12:46","slug":"masonry-saw-dts-420-pe-n","status":"publish","type":"page","link":"https:\/\/www.usfen.com.tr\/en\/sectoral-products\/lissmac\/masonry-saws\/masonry-saw-dts-420-pe-n\/","title":{"rendered":"Masonry Saw DTS 420 PE-N"},"content":{"rendered":"<p>[vc_row][vc_column][vc_tta_tabs spacing=&#8221;2&#8243; alignment=&#8221;center&#8221; active_section=&#8221;1&#8243;][vc_tta_section title=&#8221;MASONRY SAW DTS 420 PE-N&#8221; tab_id=&#8221;1514199267873-513b7fb0-0274e7cc-9afb13e7-12db12f9-8adaac56-00ca&#8221;][vc_row_inner][vc_column_inner]<div class=\"mgt-header-block clearfix text-left text-black wpb_content_element  mgt-header-block-style-1 mgt-header-texttransform-header  vc_custom_1645698244888\"><h2 class=\"mgt-header-block-title\">MASONRY SAW DTS 420 PE-N<\/h2><p class=\"mgt-header-block-subtitle\">Product Features<\/p><div class=\"mgt-header-line\"><\/div><\/div>[\/vc_column_inner][\/vc_row_inner][vc_row_inner][vc_column_inner width=&#8221;1\/2&#8243;][vc_gallery type=&#8221;flexslider_slide&#8221; interval=&#8221;0&#8243; images=&#8221;4998,4999,5000,5001,5002,5003,5004,5005&#8243; img_size=&#8221;large&#8221;][\/vc_column_inner][vc_column_inner width=&#8221;1\/2&#8243;][vc_column_text]<\/p>\n<div itemprop=\"description\">\n<p>The diamond masonry saws of the DTS 420 design series are characterised by their compact and vertical design which is ideal for use on masonry working platforms (MAB) and in restricted space conditions. LISSMAC developed the DTS 420 in the PE version with integrated roller table specifically for processing level elements and large blocks.<\/p>\n<\/div>\n<p>[\/vc_column_text][\/vc_column_inner][\/vc_row_inner][vc_toggle title=&#8221;Description&#8221; open=&#8221;true&#8221; el_id=&#8221;1514218984874-193c5caf-e939&#8243;]<\/p>\n<ul>\n<li>The central location of the controls allows the operator to process the material to be cut from one working position<\/li>\n<li>The protective cover integrated into the saw hood is lowered with the saw blade thus providing optimum protection from injury when sawing<\/li>\n<li>Powerful saw blade drive via high-performance chain in a totally closed and low-maintenance gearbox<\/li>\n<li>No time consuming retightening of the V-belts<\/li>\n<li>Central crane lifting hook, tail wheel for movement, large mobility<\/li>\n<li>Pump can be removed easily using the handle, no tools required<\/li>\n<li>Fast saw blade change<\/li>\n<li>The material to be cut can be precisely positioned by using the view window<\/li>\n<li>The saw head\u2018s own weight supports the vertical sawing motion<\/li>\n<li>Notched cuts are easily and quickly executed without time-consuming adjustments (e.g. height adjustments of the saw head, for example)<\/li>\n<li>Large blocks can be worked without having to tilt them<\/li>\n<li>Saw head is easily positioned for safe transport<\/li>\n<\/ul>\n<p>[\/vc_toggle][vc_toggle title=&#8221;Technical Data&#8221;]<\/p>\n<h3>DTS 420-PE\/N<\/h3>\n<table cellspacing=\"0\" cellpadding=\"0\">\n<tbody>\n<tr>\n<td>cut depth series \/ max.<\/td>\n<td>370\/420 mm<\/td>\n<\/tr>\n<tr>\n<td>cut length<\/td>\n<td>650 mm<\/td>\n<\/tr>\n<tr>\n<td>saw blade \u00d8 max.<\/td>\n<td>1000 mm<\/td>\n<\/tr>\n<tr>\n<td>saw blade holder<\/td>\n<td>60 mm<\/td>\n<\/tr>\n<tr>\n<td>motor output<\/td>\n<td>7.5 kW \/ 400 V<\/td>\n<\/tr>\n<tr>\n<td>power consumption<\/td>\n<td>16.6 A<\/td>\n<\/tr>\n<tr>\n<td>protection class<\/td>\n<td>IP 55<\/td>\n<\/tr>\n<tr>\n<td>saw blade speed<\/td>\n<td>910 1\/min<\/td>\n<\/tr>\n<tr>\n<td>table width<\/td>\n<td>1040 mm<\/td>\n<\/tr>\n<tr>\n<td>dimensions (L\/W\/H)<\/td>\n<td>1400\/1070\/2000 mm<\/td>\n<\/tr>\n<tr>\n<td>weight<\/td>\n<td>392 kg<\/td>\n<\/tr>\n<tr>\n<td>feed<\/td>\n<td>Using crank<\/td>\n<\/tr>\n<\/tbody>\n<\/table>\n<p>[\/vc_toggle][vc_toggle title=&#8221;Video&#8221; el_id=&#8221;1514219102466-71ea4d31-99ce&#8221;][\/vc_toggle][\/vc_tta_section][\/vc_tta_tabs][\/vc_column][\/vc_row]<\/p>\n","protected":false},"excerpt":{"rendered":"<p>[vc_row][vc_column][vc_tta_tabs spacing=&#8221;2&#8243; alignment=&#8221;center&#8221; active_section=&#8221;1&#8243;][vc_tta_section title=&#8221;MASONRY SAW DTS 420 PE-N&#8221; tab_id=&#8221;1514199267873-513b7fb0-0274e7cc-9afb13e7-12db12f9-8adaac56-00ca&#8221;][vc_row_inner][vc_column_inner][\/vc_column_inner][\/vc_row_inner][vc_row_inner][vc_column_inner width=&#8221;1\/2&#8243;][vc_gallery type=&#8221;flexslider_slide&#8221; interval=&#8221;0&#8243; images=&#8221;4998,4999,5000,5001,5002,5003,5004,5005&#8243; img_size=&#8221;large&#8221;][\/vc_column_inner][vc_column_inner width=&#8221;1\/2&#8243;][vc_column_text] The diamond masonry saws of the DTS 420 design series are characterised by their&#8230;<\/p>\n","protected":false},"author":2,"featured_media":0,"parent":7739,"menu_order":0,"comment_status":"closed","ping_status":"closed","template":"","meta":{"footnotes":""},"yoast_head":"<!-- This site is optimized with the Yoast SEO plugin v22.2 - https:\/\/yoast.com\/wordpress\/plugins\/seo\/ -->\n<title>Masonry Saw DTS 420 PE-N - \u00dcsfen Makina<\/title>\n<meta name=\"description\" content=\"Masa Tipi Kesici DTS 420 PE-N DTS 420 tasar\u0131m serisinin elmas mason testereleri, masonluk \u00e7al\u0131\u015fma platformlar\u0131nda (MAB) ve s\u0131n\u0131rl\u0131 alan ko\u015fullar\u0131nda kullan\u0131m i\u00e7in ideal olan kompakt ve dikey tasar\u0131mlar\u0131yla karakterize edilir.\" \/>\n<meta name=\"robots\" content=\"index, follow, max-snippet:-1, max-image-preview:large, max-video-preview:-1\" \/>\n<link rel=\"canonical\" href=\"https:\/\/www.usfen.com.tr\/urunler\/lissmac\/masa-tipi-kesiciler\/masa-tipi-kesiciler-dts-420-pe-n\/\" \/>\n<meta property=\"og:locale\" content=\"en_US\" \/>\n<meta property=\"og:type\" content=\"article\" \/>\n<meta property=\"og:title\" content=\"Masonry Saw DTS 420 PE-N - \u00dcsfen Makina\" \/>\n<meta property=\"og:description\" content=\"Masa Tipi Kesici DTS 420 PE-N DTS 420 tasar\u0131m serisinin elmas mason testereleri, masonluk \u00e7al\u0131\u015fma platformlar\u0131nda (MAB) ve s\u0131n\u0131rl\u0131 alan ko\u015fullar\u0131nda kullan\u0131m i\u00e7in ideal olan kompakt ve dikey tasar\u0131mlar\u0131yla karakterize edilir.\" \/>\n<meta property=\"og:url\" content=\"https:\/\/www.usfen.com.tr\/urunler\/lissmac\/masa-tipi-kesiciler\/masa-tipi-kesiciler-dts-420-pe-n\/\" \/>\n<meta property=\"og:site_name\" content=\"\u00dcsfen Makina\" \/>\n<meta property=\"article:publisher\" content=\"https:\/\/www.facebook.com\/%c3%9csfen-Makina-280420642481393\/\" \/>\n<meta property=\"article:modified_time\" content=\"2022-02-24T10:12:46+00:00\" \/>\n<meta name=\"twitter:card\" content=\"summary_large_image\" \/>\n<meta name=\"twitter:site\" content=\"@usfenmakina\" \/>\n<meta name=\"twitter:label1\" content=\"Est. reading time\" \/>\n\t<meta name=\"twitter:data1\" content=\"2 minutes\" \/>\n<script type=\"application\/ld+json\" class=\"yoast-schema-graph\">{\"@context\":\"https:\/\/schema.org\",\"@graph\":[{\"@type\":\"WebPage\",\"@id\":\"https:\/\/www.usfen.com.tr\/urunler\/lissmac\/masa-tipi-kesiciler\/masa-tipi-kesiciler-dts-420-pe-n\/\",\"url\":\"https:\/\/www.usfen.com.tr\/urunler\/lissmac\/masa-tipi-kesiciler\/masa-tipi-kesiciler-dts-420-pe-n\/\",\"name\":\"Masonry Saw DTS 420 PE-N - \u00dcsfen Makina\",\"isPartOf\":{\"@id\":\"https:\/\/www.usfen.com.tr\/#website\"},\"datePublished\":\"2018-04-23T13:57:37+00:00\",\"dateModified\":\"2022-02-24T10:12:46+00:00\",\"description\":\"Masa Tipi Kesici DTS 420 PE-N DTS 420 tasar\u0131m serisinin elmas mason testereleri, masonluk \u00e7al\u0131\u015fma platformlar\u0131nda (MAB) ve s\u0131n\u0131rl\u0131 alan ko\u015fullar\u0131nda kullan\u0131m i\u00e7in ideal olan kompakt ve dikey tasar\u0131mlar\u0131yla karakterize edilir.\",\"breadcrumb\":{\"@id\":\"https:\/\/www.usfen.com.tr\/urunler\/lissmac\/masa-tipi-kesiciler\/masa-tipi-kesiciler-dts-420-pe-n\/#breadcrumb\"},\"inLanguage\":\"en-US\",\"potentialAction\":[{\"@type\":\"ReadAction\",\"target\":[\"https:\/\/www.usfen.com.tr\/urunler\/lissmac\/masa-tipi-kesiciler\/masa-tipi-kesiciler-dts-420-pe-n\/\"]}]},{\"@type\":\"BreadcrumbList\",\"@id\":\"https:\/\/www.usfen.com.tr\/urunler\/lissmac\/masa-tipi-kesiciler\/masa-tipi-kesiciler-dts-420-pe-n\/#breadcrumb\",\"itemListElement\":[{\"@type\":\"ListItem\",\"position\":1,\"name\":\"Ana sayfa\",\"item\":\"https:\/\/www.usfen.com.tr\/en\/\"},{\"@type\":\"ListItem\",\"position\":2,\"name\":\"Products\",\"item\":\"https:\/\/www.usfen.com.tr\/en\/sectoral-products\/\"},{\"@type\":\"ListItem\",\"position\":3,\"name\":\"Lissmac\",\"item\":\"https:\/\/www.usfen.com.tr\/en\/sectoral-products\/lissmac\/\"},{\"@type\":\"ListItem\",\"position\":4,\"name\":\"Masonry Saws\",\"item\":\"https:\/\/www.usfen.com.tr\/en\/sectoral-products\/lissmac\/masonry-saws\/\"},{\"@type\":\"ListItem\",\"position\":5,\"name\":\"Masonry Saw DTS 420 PE-N\"}]},{\"@type\":\"WebSite\",\"@id\":\"https:\/\/www.usfen.com.tr\/#website\",\"url\":\"https:\/\/www.usfen.com.tr\/\",\"name\":\"\u00dcsfen Makina\",\"description\":\"M\u00fchendislik, Teknoloji \u00dcss\u00fc\",\"publisher\":{\"@id\":\"https:\/\/www.usfen.com.tr\/#organization\"},\"potentialAction\":[{\"@type\":\"SearchAction\",\"target\":{\"@type\":\"EntryPoint\",\"urlTemplate\":\"https:\/\/www.usfen.com.tr\/?s={search_term_string}\"},\"query-input\":\"required name=search_term_string\"}],\"inLanguage\":\"en-US\"},{\"@type\":\"Organization\",\"@id\":\"https:\/\/www.usfen.com.tr\/#organization\",\"name\":\"\u00dcsfen Makina\",\"url\":\"https:\/\/www.usfen.com.tr\/\",\"logo\":{\"@type\":\"ImageObject\",\"inLanguage\":\"en-US\",\"@id\":\"https:\/\/www.usfen.com.tr\/#\/schema\/logo\/image\/\",\"url\":\"https:\/\/www.usfen.com.tr\/wp-content\/uploads\/2017\/12\/usfen-logo-bg.png\",\"contentUrl\":\"https:\/\/www.usfen.com.tr\/wp-content\/uploads\/2017\/12\/usfen-logo-bg.png\",\"width\":400,\"height\":151,\"caption\":\"\u00dcsfen Makina\"},\"image\":{\"@id\":\"https:\/\/www.usfen.com.tr\/#\/schema\/logo\/image\/\"},\"sameAs\":[\"https:\/\/www.facebook.com\/\u00dcsfen-Makina-280420642481393\/\",\"https:\/\/twitter.com\/usfenmakina\",\"https:\/\/www.instagram.com\/usfenmakina\/\",\"https:\/\/www.linkedin.com\/company\/18375652\/\"]}]}<\/script>\n<!-- \/ Yoast SEO plugin. -->","yoast_head_json":{"title":"Masonry Saw DTS 420 PE-N - \u00dcsfen Makina","description":"Masa Tipi Kesici DTS 420 PE-N DTS 420 tasar\u0131m serisinin elmas mason testereleri, masonluk \u00e7al\u0131\u015fma platformlar\u0131nda (MAB) ve s\u0131n\u0131rl\u0131 alan ko\u015fullar\u0131nda kullan\u0131m i\u00e7in ideal olan kompakt ve dikey tasar\u0131mlar\u0131yla karakterize edilir.","robots":{"index":"index","follow":"follow","max-snippet":"max-snippet:-1","max-image-preview":"max-image-preview:large","max-video-preview":"max-video-preview:-1"},"canonical":"https:\/\/www.usfen.com.tr\/urunler\/lissmac\/masa-tipi-kesiciler\/masa-tipi-kesiciler-dts-420-pe-n\/","og_locale":"en_US","og_type":"article","og_title":"Masonry Saw DTS 420 PE-N - \u00dcsfen Makina","og_description":"Masa Tipi Kesici DTS 420 PE-N DTS 420 tasar\u0131m serisinin elmas mason testereleri, masonluk \u00e7al\u0131\u015fma platformlar\u0131nda (MAB) ve s\u0131n\u0131rl\u0131 alan ko\u015fullar\u0131nda kullan\u0131m i\u00e7in ideal olan kompakt ve dikey tasar\u0131mlar\u0131yla karakterize edilir.","og_url":"https:\/\/www.usfen.com.tr\/urunler\/lissmac\/masa-tipi-kesiciler\/masa-tipi-kesiciler-dts-420-pe-n\/","og_site_name":"\u00dcsfen Makina","article_publisher":"https:\/\/www.facebook.com\/%c3%9csfen-Makina-280420642481393\/","article_modified_time":"2022-02-24T10:12:46+00:00","twitter_card":"summary_large_image","twitter_site":"@usfenmakina","twitter_misc":{"Est. reading time":"2 minutes"},"schema":{"@context":"https:\/\/schema.org","@graph":[{"@type":"WebPage","@id":"https:\/\/www.usfen.com.tr\/urunler\/lissmac\/masa-tipi-kesiciler\/masa-tipi-kesiciler-dts-420-pe-n\/","url":"https:\/\/www.usfen.com.tr\/urunler\/lissmac\/masa-tipi-kesiciler\/masa-tipi-kesiciler-dts-420-pe-n\/","name":"Masonry Saw DTS 420 PE-N - \u00dcsfen Makina","isPartOf":{"@id":"https:\/\/www.usfen.com.tr\/#website"},"datePublished":"2018-04-23T13:57:37+00:00","dateModified":"2022-02-24T10:12:46+00:00","description":"Masa Tipi Kesici DTS 420 PE-N DTS 420 tasar\u0131m serisinin elmas mason testereleri, masonluk \u00e7al\u0131\u015fma platformlar\u0131nda (MAB) ve s\u0131n\u0131rl\u0131 alan ko\u015fullar\u0131nda kullan\u0131m i\u00e7in ideal olan kompakt ve dikey tasar\u0131mlar\u0131yla karakterize edilir.","breadcrumb":{"@id":"https:\/\/www.usfen.com.tr\/urunler\/lissmac\/masa-tipi-kesiciler\/masa-tipi-kesiciler-dts-420-pe-n\/#breadcrumb"},"inLanguage":"en-US","potentialAction":[{"@type":"ReadAction","target":["https:\/\/www.usfen.com.tr\/urunler\/lissmac\/masa-tipi-kesiciler\/masa-tipi-kesiciler-dts-420-pe-n\/"]}]},{"@type":"BreadcrumbList","@id":"https:\/\/www.usfen.com.tr\/urunler\/lissmac\/masa-tipi-kesiciler\/masa-tipi-kesiciler-dts-420-pe-n\/#breadcrumb","itemListElement":[{"@type":"ListItem","position":1,"name":"Ana sayfa","item":"https:\/\/www.usfen.com.tr\/en\/"},{"@type":"ListItem","position":2,"name":"Products","item":"https:\/\/www.usfen.com.tr\/en\/sectoral-products\/"},{"@type":"ListItem","position":3,"name":"Lissmac","item":"https:\/\/www.usfen.com.tr\/en\/sectoral-products\/lissmac\/"},{"@type":"ListItem","position":4,"name":"Masonry Saws","item":"https:\/\/www.usfen.com.tr\/en\/sectoral-products\/lissmac\/masonry-saws\/"},{"@type":"ListItem","position":5,"name":"Masonry Saw DTS 420 PE-N"}]},{"@type":"WebSite","@id":"https:\/\/www.usfen.com.tr\/#website","url":"https:\/\/www.usfen.com.tr\/","name":"\u00dcsfen Makina","description":"M\u00fchendislik, Teknoloji \u00dcss\u00fc","publisher":{"@id":"https:\/\/www.usfen.com.tr\/#organization"},"potentialAction":[{"@type":"SearchAction","target":{"@type":"EntryPoint","urlTemplate":"https:\/\/www.usfen.com.tr\/?s={search_term_string}"},"query-input":"required name=search_term_string"}],"inLanguage":"en-US"},{"@type":"Organization","@id":"https:\/\/www.usfen.com.tr\/#organization","name":"\u00dcsfen Makina","url":"https:\/\/www.usfen.com.tr\/","logo":{"@type":"ImageObject","inLanguage":"en-US","@id":"https:\/\/www.usfen.com.tr\/#\/schema\/logo\/image\/","url":"https:\/\/www.usfen.com.tr\/wp-content\/uploads\/2017\/12\/usfen-logo-bg.png","contentUrl":"https:\/\/www.usfen.com.tr\/wp-content\/uploads\/2017\/12\/usfen-logo-bg.png","width":400,"height":151,"caption":"\u00dcsfen Makina"},"image":{"@id":"https:\/\/www.usfen.com.tr\/#\/schema\/logo\/image\/"},"sameAs":["https:\/\/www.facebook.com\/\u00dcsfen-Makina-280420642481393\/","https:\/\/twitter.com\/usfenmakina","https:\/\/www.instagram.com\/usfenmakina\/","https:\/\/www.linkedin.com\/company\/18375652\/"]}]}},"jetpack_sharing_enabled":true,"_links":{"self":[{"href":"https:\/\/www.usfen.com.tr\/en\/wp-json\/wp\/v2\/pages\/7658"}],"collection":[{"href":"https:\/\/www.usfen.com.tr\/en\/wp-json\/wp\/v2\/pages"}],"about":[{"href":"https:\/\/www.usfen.com.tr\/en\/wp-json\/wp\/v2\/types\/page"}],"author":[{"embeddable":true,"href":"https:\/\/www.usfen.com.tr\/en\/wp-json\/wp\/v2\/users\/2"}],"replies":[{"embeddable":true,"href":"https:\/\/www.usfen.com.tr\/en\/wp-json\/wp\/v2\/comments?post=7658"}],"version-history":[{"count":2,"href":"https:\/\/www.usfen.com.tr\/en\/wp-json\/wp\/v2\/pages\/7658\/revisions"}],"predecessor-version":[{"id":8143,"href":"https:\/\/www.usfen.com.tr\/en\/wp-json\/wp\/v2\/pages\/7658\/revisions\/8143"}],"up":[{"embeddable":true,"href":"https:\/\/www.usfen.com.tr\/en\/wp-json\/wp\/v2\/pages\/7739"}],"wp:attachment":[{"href":"https:\/\/www.usfen.com.tr\/en\/wp-json\/wp\/v2\/media?parent=7658"}],"curies":[{"name":"wp","href":"https:\/\/api.w.org\/{rel}","templated":true}]}}