{"id":7661,"date":"2018-04-23T16:42:46","date_gmt":"2018-04-23T13:42:46","guid":{"rendered":"http:\/\/www.usfen.com.tr\/masa-tipi-kesiciler-ats-400\/"},"modified":"2022-02-23T16:38:49","modified_gmt":"2022-02-23T13:38:49","slug":"masonry-saw-ats-400","status":"publish","type":"page","link":"https:\/\/www.usfen.com.tr\/en\/sectoral-products\/lissmac\/masonry-saws\/masonry-saw-ats-400\/","title":{"rendered":"Masonry Saw ATS 400"},"content":{"rendered":"<p>[vc_row][vc_column][vc_tta_tabs spacing=&#8221;2&#8243; alignment=&#8221;center&#8221; active_section=&#8221;1&#8243;][vc_tta_section title=&#8221;MASONRY SAW ATS 400&#8243; tab_id=&#8221;1514199267873-513b7fb0-0274e7cc-9afb13e7-12db12f9-8adabbdf-98c0&#8243;][vc_row_inner][vc_column_inner]<div class=\"mgt-header-block clearfix text-left text-black wpb_content_element  mgt-header-block-style-1 mgt-header-texttransform-header  vc_custom_1645624246343\"><h2 class=\"mgt-header-block-title\">MASONRY SAW ATS 400<\/h2><p class=\"mgt-header-block-subtitle\">Product Features<\/p><div class=\"mgt-header-line\"><\/div><\/div>[\/vc_column_inner][\/vc_row_inner][vc_row_inner][vc_column_inner width=&#8221;1\/2&#8243;][vc_gallery type=&#8221;flexslider_slide&#8221; interval=&#8221;0&#8243; images=&#8221;4972,4973,4974,4975,4976,4977,4978,4979,4980&#8243; img_size=&#8221;large&#8221;][\/vc_column_inner][vc_column_inner width=&#8221;1\/2&#8243;][vc_column_text]<\/p>\n<div itemprop=\"description\">\n<p>Consistent use of aluminium, stainless steel and plastic makes the ATS masonry saws exceptionally light, robust and virtually rust-free. Due to their intelligent technology and high quality processing, the saws are highly flexible and durable. Designed for various cutting depths and lengths, they are suitable for a wide variety of demands in daily building site operation.<\/p>\n<\/div>\n<p>[\/vc_column_text][\/vc_column_inner][\/vc_row_inner][vc_toggle title=&#8221;Description&#8221; open=&#8221;true&#8221; el_id=&#8221;1514218984874-193c5caf-e939&#8243;]<\/p>\n<ul>\n<li>High quality low maintenance construction<\/li>\n<li>Simple handling due to lightweight design<\/li>\n<li>The LISSMAC guidance system, made of rust-free stainless steel rollers and stainless steel rails with plastic sliding bearings, is extremely long-lasting and guarantees precise saw table guidance<\/li>\n<li>Stable and resilient aluminium frame with exact table design for precision stone cutting<\/li>\n<li>Variable cutting lengths using an adjustable saw head<\/li>\n<li>Good view of the saw cut by means of narrow saw blade guard<\/li>\n<li>The special LISSMAC water spraying system guarantees optimum saw blade cooling and immediate removal of debris with very low water consumption<\/li>\n<li>Bolting connections ensure simple replacement of individual machine parts<\/li>\n<li>The light weight plastic water basin can be removed for cleaning and for transportation<\/li>\n<li>Fast removal of the water pump via detachable plug-in connectors<\/li>\n<li>Standard wheel set simplifies moving on the building site and loading in a vehicle.<\/li>\n<li>Simple transport due to removable saw head and folding table legs<\/li>\n<li>On\/off switch with emergency stop function, user-friendly in a protected location<\/li>\n<li>Aluminium table with integrated stop and easily legible, slanted scale<\/li>\n<\/ul>\n<p>[\/vc_toggle][vc_toggle title=&#8221;Technical Data&#8221;]<\/p>\n<h3>ATS 400<\/h3>\n<table cellspacing=\"0\" cellpadding=\"0\">\n<tbody>\n<tr>\n<td>cut depth series<\/td>\n<td>110 mm<\/td>\n<\/tr>\n<tr>\n<td>cut depth max.<\/td>\n<td>135 mm<\/td>\n<\/tr>\n<tr>\n<td>cut length<\/td>\n<td>600 mm<\/td>\n<\/tr>\n<tr>\n<td>saw blade \u00d8 series<\/td>\n<td>350 mm<\/td>\n<\/tr>\n<tr>\n<td>saw blade \u00d8 max.<\/td>\n<td>400 mm<\/td>\n<\/tr>\n<tr>\n<td>saw blade holder<\/td>\n<td>25,4 mm<\/td>\n<\/tr>\n<tr>\n<td>motor output<\/td>\n<td>2,2 kW \/ 230 V(110 V)<\/td>\n<\/tr>\n<tr>\n<td>saw blade speed<\/td>\n<td>2800 1\/min<\/td>\n<\/tr>\n<tr>\n<td>dimensions (L\/W\/H)<\/td>\n<td>1140\/620\/1230 mm<\/td>\n<\/tr>\n<tr>\n<td>weight<\/td>\n<td>73 kg<\/td>\n<\/tr>\n<\/tbody>\n<\/table>\n<p>[\/vc_toggle][vc_toggle title=&#8221;Video&#8221; el_id=&#8221;1514219102466-71ea4d31-99ce&#8221;][\/vc_toggle][\/vc_tta_section][\/vc_tta_tabs][\/vc_column][\/vc_row]<\/p>\n","protected":false},"excerpt":{"rendered":"<p>[vc_row][vc_column][vc_tta_tabs spacing=&#8221;2&#8243; alignment=&#8221;center&#8221; active_section=&#8221;1&#8243;][vc_tta_section title=&#8221;MASONRY SAW ATS 400&#8243; tab_id=&#8221;1514199267873-513b7fb0-0274e7cc-9afb13e7-12db12f9-8adabbdf-98c0&#8243;][vc_row_inner][vc_column_inner][\/vc_column_inner][\/vc_row_inner][vc_row_inner][vc_column_inner width=&#8221;1\/2&#8243;][vc_gallery type=&#8221;flexslider_slide&#8221; interval=&#8221;0&#8243; images=&#8221;4972,4973,4974,4975,4976,4977,4978,4979,4980&#8243; img_size=&#8221;large&#8221;][\/vc_column_inner][vc_column_inner width=&#8221;1\/2&#8243;][vc_column_text] Consistent use of aluminium, stainless steel and plastic makes the ATS masonry saws exceptionally light,&#8230;<\/p>\n","protected":false},"author":2,"featured_media":0,"parent":7739,"menu_order":0,"comment_status":"closed","ping_status":"closed","template":"","meta":{"footnotes":""},"yoast_head":"<!-- This site is optimized with the Yoast SEO plugin v22.2 - https:\/\/yoast.com\/wordpress\/plugins\/seo\/ -->\n<title>Masonry Saw ATS 400 - \u00dcsfen Makina<\/title>\n<meta name=\"description\" content=\"Masa Tipi Kesici ATS 400 Al\u00fcminyum, paslanmaz \u00e7elik ve plastik malzemelerin tutarl\u0131 kullan\u0131m\u0131, ATS duvarc\u0131l\u0131k testerelerini son derece hafif, sa\u011flam ve neredeyse paslanmadan yapar.\" \/>\n<meta name=\"robots\" content=\"index, follow, max-snippet:-1, max-image-preview:large, max-video-preview:-1\" \/>\n<link rel=\"canonical\" href=\"https:\/\/www.usfen.com.tr\/en\/sectoral-products\/lissmac\/masonry-saws\/masonry-saw-ats-400\/\" \/>\n<meta property=\"og:locale\" content=\"en_US\" \/>\n<meta property=\"og:type\" content=\"article\" \/>\n<meta property=\"og:title\" content=\"Masonry Saw ATS 400 - \u00dcsfen Makina\" \/>\n<meta property=\"og:description\" content=\"Masa Tipi Kesici ATS 400 Al\u00fcminyum, paslanmaz \u00e7elik ve plastik malzemelerin tutarl\u0131 kullan\u0131m\u0131, ATS duvarc\u0131l\u0131k testerelerini son derece hafif, sa\u011flam ve neredeyse paslanmadan yapar.\" \/>\n<meta property=\"og:url\" content=\"https:\/\/www.usfen.com.tr\/en\/sectoral-products\/lissmac\/masonry-saws\/masonry-saw-ats-400\/\" \/>\n<meta property=\"og:site_name\" content=\"\u00dcsfen Makina\" \/>\n<meta property=\"article:publisher\" content=\"https:\/\/www.facebook.com\/%c3%9csfen-Makina-280420642481393\/\" \/>\n<meta property=\"article:modified_time\" content=\"2022-02-23T13:38:49+00:00\" \/>\n<meta name=\"twitter:card\" content=\"summary_large_image\" \/>\n<meta name=\"twitter:site\" content=\"@usfenmakina\" \/>\n<meta name=\"twitter:label1\" content=\"Est. reading time\" \/>\n\t<meta name=\"twitter:data1\" content=\"2 minutes\" \/>\n<script type=\"application\/ld+json\" class=\"yoast-schema-graph\">{\"@context\":\"https:\/\/schema.org\",\"@graph\":[{\"@type\":\"WebPage\",\"@id\":\"https:\/\/www.usfen.com.tr\/en\/sectoral-products\/lissmac\/masonry-saws\/masonry-saw-ats-400\/\",\"url\":\"https:\/\/www.usfen.com.tr\/en\/sectoral-products\/lissmac\/masonry-saws\/masonry-saw-ats-400\/\",\"name\":\"Masonry Saw ATS 400 - \u00dcsfen Makina\",\"isPartOf\":{\"@id\":\"https:\/\/www.usfen.com.tr\/#website\"},\"datePublished\":\"2018-04-23T13:42:46+00:00\",\"dateModified\":\"2022-02-23T13:38:49+00:00\",\"description\":\"Masa Tipi Kesici ATS 400 Al\u00fcminyum, paslanmaz \u00e7elik ve plastik malzemelerin tutarl\u0131 kullan\u0131m\u0131, ATS duvarc\u0131l\u0131k testerelerini son derece hafif, sa\u011flam ve neredeyse paslanmadan yapar.\",\"breadcrumb\":{\"@id\":\"https:\/\/www.usfen.com.tr\/en\/sectoral-products\/lissmac\/masonry-saws\/masonry-saw-ats-400\/#breadcrumb\"},\"inLanguage\":\"en-US\",\"potentialAction\":[{\"@type\":\"ReadAction\",\"target\":[\"https:\/\/www.usfen.com.tr\/en\/sectoral-products\/lissmac\/masonry-saws\/masonry-saw-ats-400\/\"]}]},{\"@type\":\"BreadcrumbList\",\"@id\":\"https:\/\/www.usfen.com.tr\/en\/sectoral-products\/lissmac\/masonry-saws\/masonry-saw-ats-400\/#breadcrumb\",\"itemListElement\":[{\"@type\":\"ListItem\",\"position\":1,\"name\":\"Ana sayfa\",\"item\":\"https:\/\/www.usfen.com.tr\/en\/\"},{\"@type\":\"ListItem\",\"position\":2,\"name\":\"Products\",\"item\":\"https:\/\/www.usfen.com.tr\/en\/sectoral-products\/\"},{\"@type\":\"ListItem\",\"position\":3,\"name\":\"Lissmac\",\"item\":\"https:\/\/www.usfen.com.tr\/en\/sectoral-products\/lissmac\/\"},{\"@type\":\"ListItem\",\"position\":4,\"name\":\"Masonry Saws\",\"item\":\"https:\/\/www.usfen.com.tr\/en\/sectoral-products\/lissmac\/masonry-saws\/\"},{\"@type\":\"ListItem\",\"position\":5,\"name\":\"Masonry Saw ATS 400\"}]},{\"@type\":\"WebSite\",\"@id\":\"https:\/\/www.usfen.com.tr\/#website\",\"url\":\"https:\/\/www.usfen.com.tr\/\",\"name\":\"\u00dcsfen Makina\",\"description\":\"M\u00fchendislik, Teknoloji \u00dcss\u00fc\",\"publisher\":{\"@id\":\"https:\/\/www.usfen.com.tr\/#organization\"},\"potentialAction\":[{\"@type\":\"SearchAction\",\"target\":{\"@type\":\"EntryPoint\",\"urlTemplate\":\"https:\/\/www.usfen.com.tr\/?s={search_term_string}\"},\"query-input\":\"required name=search_term_string\"}],\"inLanguage\":\"en-US\"},{\"@type\":\"Organization\",\"@id\":\"https:\/\/www.usfen.com.tr\/#organization\",\"name\":\"\u00dcsfen Makina\",\"url\":\"https:\/\/www.usfen.com.tr\/\",\"logo\":{\"@type\":\"ImageObject\",\"inLanguage\":\"en-US\",\"@id\":\"https:\/\/www.usfen.com.tr\/#\/schema\/logo\/image\/\",\"url\":\"https:\/\/www.usfen.com.tr\/wp-content\/uploads\/2017\/12\/usfen-logo-bg.png\",\"contentUrl\":\"https:\/\/www.usfen.com.tr\/wp-content\/uploads\/2017\/12\/usfen-logo-bg.png\",\"width\":400,\"height\":151,\"caption\":\"\u00dcsfen Makina\"},\"image\":{\"@id\":\"https:\/\/www.usfen.com.tr\/#\/schema\/logo\/image\/\"},\"sameAs\":[\"https:\/\/www.facebook.com\/\u00dcsfen-Makina-280420642481393\/\",\"https:\/\/twitter.com\/usfenmakina\",\"https:\/\/www.instagram.com\/usfenmakina\/\",\"https:\/\/www.linkedin.com\/company\/18375652\/\"]}]}<\/script>\n<!-- \/ Yoast SEO plugin. -->","yoast_head_json":{"title":"Masonry Saw ATS 400 - \u00dcsfen Makina","description":"Masa Tipi Kesici ATS 400 Al\u00fcminyum, paslanmaz \u00e7elik ve plastik malzemelerin tutarl\u0131 kullan\u0131m\u0131, ATS duvarc\u0131l\u0131k testerelerini son derece hafif, sa\u011flam ve neredeyse paslanmadan yapar.","robots":{"index":"index","follow":"follow","max-snippet":"max-snippet:-1","max-image-preview":"max-image-preview:large","max-video-preview":"max-video-preview:-1"},"canonical":"https:\/\/www.usfen.com.tr\/en\/sectoral-products\/lissmac\/masonry-saws\/masonry-saw-ats-400\/","og_locale":"en_US","og_type":"article","og_title":"Masonry Saw ATS 400 - \u00dcsfen Makina","og_description":"Masa Tipi Kesici ATS 400 Al\u00fcminyum, paslanmaz \u00e7elik ve plastik malzemelerin tutarl\u0131 kullan\u0131m\u0131, ATS duvarc\u0131l\u0131k testerelerini son derece hafif, sa\u011flam ve neredeyse paslanmadan yapar.","og_url":"https:\/\/www.usfen.com.tr\/en\/sectoral-products\/lissmac\/masonry-saws\/masonry-saw-ats-400\/","og_site_name":"\u00dcsfen Makina","article_publisher":"https:\/\/www.facebook.com\/%c3%9csfen-Makina-280420642481393\/","article_modified_time":"2022-02-23T13:38:49+00:00","twitter_card":"summary_large_image","twitter_site":"@usfenmakina","twitter_misc":{"Est. reading time":"2 minutes"},"schema":{"@context":"https:\/\/schema.org","@graph":[{"@type":"WebPage","@id":"https:\/\/www.usfen.com.tr\/en\/sectoral-products\/lissmac\/masonry-saws\/masonry-saw-ats-400\/","url":"https:\/\/www.usfen.com.tr\/en\/sectoral-products\/lissmac\/masonry-saws\/masonry-saw-ats-400\/","name":"Masonry Saw ATS 400 - \u00dcsfen Makina","isPartOf":{"@id":"https:\/\/www.usfen.com.tr\/#website"},"datePublished":"2018-04-23T13:42:46+00:00","dateModified":"2022-02-23T13:38:49+00:00","description":"Masa Tipi Kesici ATS 400 Al\u00fcminyum, paslanmaz \u00e7elik ve plastik malzemelerin tutarl\u0131 kullan\u0131m\u0131, ATS duvarc\u0131l\u0131k testerelerini son derece hafif, sa\u011flam ve neredeyse paslanmadan yapar.","breadcrumb":{"@id":"https:\/\/www.usfen.com.tr\/en\/sectoral-products\/lissmac\/masonry-saws\/masonry-saw-ats-400\/#breadcrumb"},"inLanguage":"en-US","potentialAction":[{"@type":"ReadAction","target":["https:\/\/www.usfen.com.tr\/en\/sectoral-products\/lissmac\/masonry-saws\/masonry-saw-ats-400\/"]}]},{"@type":"BreadcrumbList","@id":"https:\/\/www.usfen.com.tr\/en\/sectoral-products\/lissmac\/masonry-saws\/masonry-saw-ats-400\/#breadcrumb","itemListElement":[{"@type":"ListItem","position":1,"name":"Ana sayfa","item":"https:\/\/www.usfen.com.tr\/en\/"},{"@type":"ListItem","position":2,"name":"Products","item":"https:\/\/www.usfen.com.tr\/en\/sectoral-products\/"},{"@type":"ListItem","position":3,"name":"Lissmac","item":"https:\/\/www.usfen.com.tr\/en\/sectoral-products\/lissmac\/"},{"@type":"ListItem","position":4,"name":"Masonry Saws","item":"https:\/\/www.usfen.com.tr\/en\/sectoral-products\/lissmac\/masonry-saws\/"},{"@type":"ListItem","position":5,"name":"Masonry Saw ATS 400"}]},{"@type":"WebSite","@id":"https:\/\/www.usfen.com.tr\/#website","url":"https:\/\/www.usfen.com.tr\/","name":"\u00dcsfen Makina","description":"M\u00fchendislik, Teknoloji \u00dcss\u00fc","publisher":{"@id":"https:\/\/www.usfen.com.tr\/#organization"},"potentialAction":[{"@type":"SearchAction","target":{"@type":"EntryPoint","urlTemplate":"https:\/\/www.usfen.com.tr\/?s={search_term_string}"},"query-input":"required name=search_term_string"}],"inLanguage":"en-US"},{"@type":"Organization","@id":"https:\/\/www.usfen.com.tr\/#organization","name":"\u00dcsfen Makina","url":"https:\/\/www.usfen.com.tr\/","logo":{"@type":"ImageObject","inLanguage":"en-US","@id":"https:\/\/www.usfen.com.tr\/#\/schema\/logo\/image\/","url":"https:\/\/www.usfen.com.tr\/wp-content\/uploads\/2017\/12\/usfen-logo-bg.png","contentUrl":"https:\/\/www.usfen.com.tr\/wp-content\/uploads\/2017\/12\/usfen-logo-bg.png","width":400,"height":151,"caption":"\u00dcsfen Makina"},"image":{"@id":"https:\/\/www.usfen.com.tr\/#\/schema\/logo\/image\/"},"sameAs":["https:\/\/www.facebook.com\/\u00dcsfen-Makina-280420642481393\/","https:\/\/twitter.com\/usfenmakina","https:\/\/www.instagram.com\/usfenmakina\/","https:\/\/www.linkedin.com\/company\/18375652\/"]}]}},"jetpack_sharing_enabled":true,"_links":{"self":[{"href":"https:\/\/www.usfen.com.tr\/en\/wp-json\/wp\/v2\/pages\/7661"}],"collection":[{"href":"https:\/\/www.usfen.com.tr\/en\/wp-json\/wp\/v2\/pages"}],"about":[{"href":"https:\/\/www.usfen.com.tr\/en\/wp-json\/wp\/v2\/types\/page"}],"author":[{"embeddable":true,"href":"https:\/\/www.usfen.com.tr\/en\/wp-json\/wp\/v2\/users\/2"}],"replies":[{"embeddable":true,"href":"https:\/\/www.usfen.com.tr\/en\/wp-json\/wp\/v2\/comments?post=7661"}],"version-history":[{"count":2,"href":"https:\/\/www.usfen.com.tr\/en\/wp-json\/wp\/v2\/pages\/7661\/revisions"}],"predecessor-version":[{"id":8131,"href":"https:\/\/www.usfen.com.tr\/en\/wp-json\/wp\/v2\/pages\/7661\/revisions\/8131"}],"up":[{"embeddable":true,"href":"https:\/\/www.usfen.com.tr\/en\/wp-json\/wp\/v2\/pages\/7739"}],"wp:attachment":[{"href":"https:\/\/www.usfen.com.tr\/en\/wp-json\/wp\/v2\/media?parent=7661"}],"curies":[{"name":"wp","href":"https:\/\/api.w.org\/{rel}","templated":true}]}}