{"id":7666,"date":"2018-04-23T16:10:16","date_gmt":"2018-04-23T13:10:16","guid":{"rendered":"http:\/\/www.usfen.com.tr\/masa-tipi-kesiciler-mbs-650\/"},"modified":"2022-02-24T13:53:33","modified_gmt":"2022-02-24T10:53:33","slug":"masonry-saw-mbs-650","status":"publish","type":"page","link":"https:\/\/www.usfen.com.tr\/en\/sectoral-products\/lissmac\/masonry-saws\/masonry-saw-mbs-650\/","title":{"rendered":"Masonry Saw MBS 650"},"content":{"rendered":"<p>[vc_row][vc_column][vc_tta_tabs spacing=&#8221;2&#8243; alignment=&#8221;center&#8221; active_section=&#8221;1&#8243;][vc_tta_section title=&#8221;MASONRY SAW MBS 650&#8243; tab_id=&#8221;1514199267873-513b7fb0-0274e7cc-9afb13e7-12db12f9-8ada0595-74e2&#8243;][vc_row_inner][vc_column_inner]<div class=\"mgt-header-block clearfix text-left text-black wpb_content_element  mgt-header-block-style-1 mgt-header-texttransform-header  vc_custom_1645700752720\"><h2 class=\"mgt-header-block-title\">MASONRY SAW MBS 650<\/h2><p class=\"mgt-header-block-subtitle\">Product Features<\/p><div class=\"mgt-header-line\"><\/div><\/div>[\/vc_column_inner][\/vc_row_inner][vc_row_inner][vc_column_inner width=&#8221;1\/2&#8243;][vc_gallery type=&#8221;flexslider_slide&#8221; interval=&#8221;0&#8243; images=&#8221;4936,4935,4934,4933,4932,4931,4930,4929,4928&#8243; img_size=&#8221;large&#8221;][\/vc_column_inner][vc_column_inner width=&#8221;1\/2&#8243;][vc_column_text]<\/p>\n<div itemprop=\"description\">\n<p>Cellular concrete band saws from LISSMAC are designed especially for processing porous concrete and have proven themselves on all types of construction sites worldwide. The different models in the MBS product line allow LISSMAC to offer their customers the greatest possible labour saving and highly precise cutting technology.<\/p>\n<\/div>\n<p>[\/vc_column_text][\/vc_column_inner][\/vc_row_inner][vc_toggle title=&#8221;Description&#8221; open=&#8221;true&#8221; el_id=&#8221;1514218984874-193c5caf-e939&#8243;]<\/p>\n<ul>\n<li>Perfect for porous concrete and bricks<\/li>\n<li>Perfectly sized saw band rollers guarantee long life of the saw band<\/li>\n<li>Direct drive saw band wheels reduce maintenance work<\/li>\n<li>A generous opening in the lower saw roller box enables the debris to pass easily<\/li>\n<li>Automatic saw band tensioner ensures optimum and constant tensioning for best cutting accuracy and reduced risk of saw band breakage<\/li>\n<li>Short saw band changing times \u2013 with quick-coupling, the saw table can be opened with one hand movement<\/li>\n<li>Automatic saw cut stop \u2013 no unnecessary saw band stress, as the saw belt only runs when actually sawing<\/li>\n<li>The wheel set allows the band saw to be moved easily by one person<\/li>\n<\/ul>\n<p>[\/vc_toggle][vc_toggle title=&#8221;Technical Data&#8221;]<\/p>\n<h3>MBS 650<\/h3>\n<table cellspacing=\"0\" cellpadding=\"0\">\n<tbody>\n<tr>\n<td>cut height<\/td>\n<td>650 mm<\/td>\n<\/tr>\n<tr>\n<td>cut length<\/td>\n<td>700 mm<\/td>\n<\/tr>\n<tr>\n<td>saw belt length<\/td>\n<td>4020 mm<\/td>\n<\/tr>\n<tr>\n<td>motor output<\/td>\n<td>1,1 kW \/ 400 V<\/td>\n<\/tr>\n<tr>\n<td><\/td>\n<td>1,5 kW \/ 230 V<\/td>\n<\/tr>\n<tr>\n<td>power consumption<\/td>\n<td>2.7 A \/ 12.5 A<\/td>\n<\/tr>\n<tr>\n<td>saw roller \u00d8<\/td>\n<td>500 mm<\/td>\n<\/tr>\n<tr>\n<td>daylight stanchion\/saw band<\/td>\n<td>490 mm<\/td>\n<\/tr>\n<tr>\n<td>saw table dimensions (L\/W)<\/td>\n<td>920\/710 mm<\/td>\n<\/tr>\n<tr>\n<td>loading capacity saw table max.<\/td>\n<td>50 kg<\/td>\n<\/tr>\n<tr>\n<td>dimensions (L\/W\/H)<\/td>\n<td>1080\/750\/1975 mm<\/td>\n<\/tr>\n<tr>\n<td>weight<\/td>\n<td>175 kg<\/td>\n<\/tr>\n<\/tbody>\n<\/table>\n<p>[\/vc_toggle][vc_toggle title=&#8221;Video&#8221; el_id=&#8221;1514219102466-71ea4d31-99ce&#8221;][\/vc_toggle][\/vc_tta_section][\/vc_tta_tabs][\/vc_column][\/vc_row]<\/p>\n","protected":false},"excerpt":{"rendered":"<p>[vc_row][vc_column][vc_tta_tabs spacing=&#8221;2&#8243; alignment=&#8221;center&#8221; active_section=&#8221;1&#8243;][vc_tta_section title=&#8221;MASONRY SAW MBS 650&#8243; tab_id=&#8221;1514199267873-513b7fb0-0274e7cc-9afb13e7-12db12f9-8ada0595-74e2&#8243;][vc_row_inner][vc_column_inner][\/vc_column_inner][\/vc_row_inner][vc_row_inner][vc_column_inner width=&#8221;1\/2&#8243;][vc_gallery type=&#8221;flexslider_slide&#8221; interval=&#8221;0&#8243; images=&#8221;4936,4935,4934,4933,4932,4931,4930,4929,4928&#8243; img_size=&#8221;large&#8221;][\/vc_column_inner][vc_column_inner width=&#8221;1\/2&#8243;][vc_column_text] Cellular concrete band saws from LISSMAC are designed especially for processing porous concrete and have&#8230;<\/p>\n","protected":false},"author":2,"featured_media":0,"parent":7739,"menu_order":0,"comment_status":"closed","ping_status":"closed","template":"","meta":{"footnotes":""},"yoast_head":"<!-- This site is optimized with the Yoast SEO plugin v22.2 - https:\/\/yoast.com\/wordpress\/plugins\/seo\/ -->\n<title>Masonry Saw MBS 650 - \u00dcsfen Makina<\/title>\n<meta name=\"description\" content=\"Masa Tipi Kesici MBS 650 LISSMAC&#039;\u0131n h\u00fccresel beton bant testereleri, \u00f6zellikle g\u00f6zenekli betonun i\u015flenmesi i\u00e7in tasarlanm\u0131\u015ft\u0131r ve d\u00fcnya \u00e7ap\u0131nda her t\u00fcr \u015fantiyede kendini kan\u0131tlam\u0131\u015flard\u0131r.\" \/>\n<meta name=\"robots\" content=\"index, follow, max-snippet:-1, max-image-preview:large, max-video-preview:-1\" \/>\n<link rel=\"canonical\" href=\"https:\/\/www.usfen.com.tr\/urunler\/lissmac\/masa-tipi-kesiciler\/masa-tipi-kesiciler-mbs-650\/\" \/>\n<meta property=\"og:locale\" content=\"en_US\" \/>\n<meta property=\"og:type\" content=\"article\" \/>\n<meta property=\"og:title\" content=\"Masonry Saw MBS 650 - \u00dcsfen Makina\" \/>\n<meta property=\"og:description\" content=\"Masa Tipi Kesici MBS 650 LISSMAC&#039;\u0131n h\u00fccresel beton bant testereleri, \u00f6zellikle g\u00f6zenekli betonun i\u015flenmesi i\u00e7in tasarlanm\u0131\u015ft\u0131r ve d\u00fcnya \u00e7ap\u0131nda her t\u00fcr \u015fantiyede kendini kan\u0131tlam\u0131\u015flard\u0131r.\" \/>\n<meta property=\"og:url\" content=\"https:\/\/www.usfen.com.tr\/urunler\/lissmac\/masa-tipi-kesiciler\/masa-tipi-kesiciler-mbs-650\/\" \/>\n<meta property=\"og:site_name\" content=\"\u00dcsfen Makina\" \/>\n<meta property=\"article:publisher\" content=\"https:\/\/www.facebook.com\/%c3%9csfen-Makina-280420642481393\/\" \/>\n<meta property=\"article:modified_time\" content=\"2022-02-24T10:53:33+00:00\" \/>\n<meta name=\"twitter:card\" content=\"summary_large_image\" \/>\n<meta name=\"twitter:site\" content=\"@usfenmakina\" \/>\n<meta name=\"twitter:label1\" content=\"Est. reading time\" \/>\n\t<meta name=\"twitter:data1\" content=\"2 minutes\" \/>\n<script type=\"application\/ld+json\" class=\"yoast-schema-graph\">{\"@context\":\"https:\/\/schema.org\",\"@graph\":[{\"@type\":\"WebPage\",\"@id\":\"https:\/\/www.usfen.com.tr\/urunler\/lissmac\/masa-tipi-kesiciler\/masa-tipi-kesiciler-mbs-650\/\",\"url\":\"https:\/\/www.usfen.com.tr\/urunler\/lissmac\/masa-tipi-kesiciler\/masa-tipi-kesiciler-mbs-650\/\",\"name\":\"Masonry Saw MBS 650 - \u00dcsfen Makina\",\"isPartOf\":{\"@id\":\"https:\/\/www.usfen.com.tr\/#website\"},\"datePublished\":\"2018-04-23T13:10:16+00:00\",\"dateModified\":\"2022-02-24T10:53:33+00:00\",\"description\":\"Masa Tipi Kesici MBS 650 LISSMAC'\u0131n h\u00fccresel beton bant testereleri, \u00f6zellikle g\u00f6zenekli betonun i\u015flenmesi i\u00e7in tasarlanm\u0131\u015ft\u0131r ve d\u00fcnya \u00e7ap\u0131nda her t\u00fcr \u015fantiyede kendini kan\u0131tlam\u0131\u015flard\u0131r.\",\"breadcrumb\":{\"@id\":\"https:\/\/www.usfen.com.tr\/urunler\/lissmac\/masa-tipi-kesiciler\/masa-tipi-kesiciler-mbs-650\/#breadcrumb\"},\"inLanguage\":\"en-US\",\"potentialAction\":[{\"@type\":\"ReadAction\",\"target\":[\"https:\/\/www.usfen.com.tr\/urunler\/lissmac\/masa-tipi-kesiciler\/masa-tipi-kesiciler-mbs-650\/\"]}]},{\"@type\":\"BreadcrumbList\",\"@id\":\"https:\/\/www.usfen.com.tr\/urunler\/lissmac\/masa-tipi-kesiciler\/masa-tipi-kesiciler-mbs-650\/#breadcrumb\",\"itemListElement\":[{\"@type\":\"ListItem\",\"position\":1,\"name\":\"Ana sayfa\",\"item\":\"https:\/\/www.usfen.com.tr\/en\/\"},{\"@type\":\"ListItem\",\"position\":2,\"name\":\"Products\",\"item\":\"https:\/\/www.usfen.com.tr\/en\/sectoral-products\/\"},{\"@type\":\"ListItem\",\"position\":3,\"name\":\"Lissmac\",\"item\":\"https:\/\/www.usfen.com.tr\/en\/sectoral-products\/lissmac\/\"},{\"@type\":\"ListItem\",\"position\":4,\"name\":\"Masonry Saws\",\"item\":\"https:\/\/www.usfen.com.tr\/en\/sectoral-products\/lissmac\/masonry-saws\/\"},{\"@type\":\"ListItem\",\"position\":5,\"name\":\"Masonry Saw MBS 650\"}]},{\"@type\":\"WebSite\",\"@id\":\"https:\/\/www.usfen.com.tr\/#website\",\"url\":\"https:\/\/www.usfen.com.tr\/\",\"name\":\"\u00dcsfen Makina\",\"description\":\"M\u00fchendislik, Teknoloji \u00dcss\u00fc\",\"publisher\":{\"@id\":\"https:\/\/www.usfen.com.tr\/#organization\"},\"potentialAction\":[{\"@type\":\"SearchAction\",\"target\":{\"@type\":\"EntryPoint\",\"urlTemplate\":\"https:\/\/www.usfen.com.tr\/?s={search_term_string}\"},\"query-input\":\"required name=search_term_string\"}],\"inLanguage\":\"en-US\"},{\"@type\":\"Organization\",\"@id\":\"https:\/\/www.usfen.com.tr\/#organization\",\"name\":\"\u00dcsfen Makina\",\"url\":\"https:\/\/www.usfen.com.tr\/\",\"logo\":{\"@type\":\"ImageObject\",\"inLanguage\":\"en-US\",\"@id\":\"https:\/\/www.usfen.com.tr\/#\/schema\/logo\/image\/\",\"url\":\"https:\/\/www.usfen.com.tr\/wp-content\/uploads\/2017\/12\/usfen-logo-bg.png\",\"contentUrl\":\"https:\/\/www.usfen.com.tr\/wp-content\/uploads\/2017\/12\/usfen-logo-bg.png\",\"width\":400,\"height\":151,\"caption\":\"\u00dcsfen Makina\"},\"image\":{\"@id\":\"https:\/\/www.usfen.com.tr\/#\/schema\/logo\/image\/\"},\"sameAs\":[\"https:\/\/www.facebook.com\/\u00dcsfen-Makina-280420642481393\/\",\"https:\/\/twitter.com\/usfenmakina\",\"https:\/\/www.instagram.com\/usfenmakina\/\",\"https:\/\/www.linkedin.com\/company\/18375652\/\"]}]}<\/script>\n<!-- \/ Yoast SEO plugin. -->","yoast_head_json":{"title":"Masonry Saw MBS 650 - \u00dcsfen Makina","description":"Masa Tipi Kesici MBS 650 LISSMAC'\u0131n h\u00fccresel beton bant testereleri, \u00f6zellikle g\u00f6zenekli betonun i\u015flenmesi i\u00e7in tasarlanm\u0131\u015ft\u0131r ve d\u00fcnya \u00e7ap\u0131nda her t\u00fcr \u015fantiyede kendini kan\u0131tlam\u0131\u015flard\u0131r.","robots":{"index":"index","follow":"follow","max-snippet":"max-snippet:-1","max-image-preview":"max-image-preview:large","max-video-preview":"max-video-preview:-1"},"canonical":"https:\/\/www.usfen.com.tr\/urunler\/lissmac\/masa-tipi-kesiciler\/masa-tipi-kesiciler-mbs-650\/","og_locale":"en_US","og_type":"article","og_title":"Masonry Saw MBS 650 - \u00dcsfen Makina","og_description":"Masa Tipi Kesici MBS 650 LISSMAC'\u0131n h\u00fccresel beton bant testereleri, \u00f6zellikle g\u00f6zenekli betonun i\u015flenmesi i\u00e7in tasarlanm\u0131\u015ft\u0131r ve d\u00fcnya \u00e7ap\u0131nda her t\u00fcr \u015fantiyede kendini kan\u0131tlam\u0131\u015flard\u0131r.","og_url":"https:\/\/www.usfen.com.tr\/urunler\/lissmac\/masa-tipi-kesiciler\/masa-tipi-kesiciler-mbs-650\/","og_site_name":"\u00dcsfen Makina","article_publisher":"https:\/\/www.facebook.com\/%c3%9csfen-Makina-280420642481393\/","article_modified_time":"2022-02-24T10:53:33+00:00","twitter_card":"summary_large_image","twitter_site":"@usfenmakina","twitter_misc":{"Est. reading time":"2 minutes"},"schema":{"@context":"https:\/\/schema.org","@graph":[{"@type":"WebPage","@id":"https:\/\/www.usfen.com.tr\/urunler\/lissmac\/masa-tipi-kesiciler\/masa-tipi-kesiciler-mbs-650\/","url":"https:\/\/www.usfen.com.tr\/urunler\/lissmac\/masa-tipi-kesiciler\/masa-tipi-kesiciler-mbs-650\/","name":"Masonry Saw MBS 650 - \u00dcsfen Makina","isPartOf":{"@id":"https:\/\/www.usfen.com.tr\/#website"},"datePublished":"2018-04-23T13:10:16+00:00","dateModified":"2022-02-24T10:53:33+00:00","description":"Masa Tipi Kesici MBS 650 LISSMAC'\u0131n h\u00fccresel beton bant testereleri, \u00f6zellikle g\u00f6zenekli betonun i\u015flenmesi i\u00e7in tasarlanm\u0131\u015ft\u0131r ve d\u00fcnya \u00e7ap\u0131nda her t\u00fcr \u015fantiyede kendini kan\u0131tlam\u0131\u015flard\u0131r.","breadcrumb":{"@id":"https:\/\/www.usfen.com.tr\/urunler\/lissmac\/masa-tipi-kesiciler\/masa-tipi-kesiciler-mbs-650\/#breadcrumb"},"inLanguage":"en-US","potentialAction":[{"@type":"ReadAction","target":["https:\/\/www.usfen.com.tr\/urunler\/lissmac\/masa-tipi-kesiciler\/masa-tipi-kesiciler-mbs-650\/"]}]},{"@type":"BreadcrumbList","@id":"https:\/\/www.usfen.com.tr\/urunler\/lissmac\/masa-tipi-kesiciler\/masa-tipi-kesiciler-mbs-650\/#breadcrumb","itemListElement":[{"@type":"ListItem","position":1,"name":"Ana sayfa","item":"https:\/\/www.usfen.com.tr\/en\/"},{"@type":"ListItem","position":2,"name":"Products","item":"https:\/\/www.usfen.com.tr\/en\/sectoral-products\/"},{"@type":"ListItem","position":3,"name":"Lissmac","item":"https:\/\/www.usfen.com.tr\/en\/sectoral-products\/lissmac\/"},{"@type":"ListItem","position":4,"name":"Masonry Saws","item":"https:\/\/www.usfen.com.tr\/en\/sectoral-products\/lissmac\/masonry-saws\/"},{"@type":"ListItem","position":5,"name":"Masonry Saw MBS 650"}]},{"@type":"WebSite","@id":"https:\/\/www.usfen.com.tr\/#website","url":"https:\/\/www.usfen.com.tr\/","name":"\u00dcsfen Makina","description":"M\u00fchendislik, Teknoloji \u00dcss\u00fc","publisher":{"@id":"https:\/\/www.usfen.com.tr\/#organization"},"potentialAction":[{"@type":"SearchAction","target":{"@type":"EntryPoint","urlTemplate":"https:\/\/www.usfen.com.tr\/?s={search_term_string}"},"query-input":"required name=search_term_string"}],"inLanguage":"en-US"},{"@type":"Organization","@id":"https:\/\/www.usfen.com.tr\/#organization","name":"\u00dcsfen Makina","url":"https:\/\/www.usfen.com.tr\/","logo":{"@type":"ImageObject","inLanguage":"en-US","@id":"https:\/\/www.usfen.com.tr\/#\/schema\/logo\/image\/","url":"https:\/\/www.usfen.com.tr\/wp-content\/uploads\/2017\/12\/usfen-logo-bg.png","contentUrl":"https:\/\/www.usfen.com.tr\/wp-content\/uploads\/2017\/12\/usfen-logo-bg.png","width":400,"height":151,"caption":"\u00dcsfen Makina"},"image":{"@id":"https:\/\/www.usfen.com.tr\/#\/schema\/logo\/image\/"},"sameAs":["https:\/\/www.facebook.com\/\u00dcsfen-Makina-280420642481393\/","https:\/\/twitter.com\/usfenmakina","https:\/\/www.instagram.com\/usfenmakina\/","https:\/\/www.linkedin.com\/company\/18375652\/"]}]}},"jetpack_sharing_enabled":true,"_links":{"self":[{"href":"https:\/\/www.usfen.com.tr\/en\/wp-json\/wp\/v2\/pages\/7666"}],"collection":[{"href":"https:\/\/www.usfen.com.tr\/en\/wp-json\/wp\/v2\/pages"}],"about":[{"href":"https:\/\/www.usfen.com.tr\/en\/wp-json\/wp\/v2\/types\/page"}],"author":[{"embeddable":true,"href":"https:\/\/www.usfen.com.tr\/en\/wp-json\/wp\/v2\/users\/2"}],"replies":[{"embeddable":true,"href":"https:\/\/www.usfen.com.tr\/en\/wp-json\/wp\/v2\/comments?post=7666"}],"version-history":[{"count":2,"href":"https:\/\/www.usfen.com.tr\/en\/wp-json\/wp\/v2\/pages\/7666\/revisions"}],"predecessor-version":[{"id":8153,"href":"https:\/\/www.usfen.com.tr\/en\/wp-json\/wp\/v2\/pages\/7666\/revisions\/8153"}],"up":[{"embeddable":true,"href":"https:\/\/www.usfen.com.tr\/en\/wp-json\/wp\/v2\/pages\/7739"}],"wp:attachment":[{"href":"https:\/\/www.usfen.com.tr\/en\/wp-json\/wp\/v2\/media?parent=7666"}],"curies":[{"name":"wp","href":"https:\/\/api.w.org\/{rel}","templated":true}]}}