{"id":7673,"date":"2018-04-23T15:37:48","date_gmt":"2018-04-23T12:37:48","guid":{"rendered":"http:\/\/www.usfen.com.tr\/emme-uniteleri-islak-kuru-elektrikli-supurge\/"},"modified":"2022-02-21T13:50:58","modified_gmt":"2022-02-21T10:50:58","slug":"suction-unit-wet-and-dry-vacuum-cleaner","status":"publish","type":"page","link":"https:\/\/www.usfen.com.tr\/en\/sectoral-products\/lissmac\/suction-units\/suction-unit-wet-and-dry-vacuum-cleaner\/","title":{"rendered":"Suction Unit Wet\/Dry Vacuum Cleaner"},"content":{"rendered":"<p>[vc_row][vc_column][vc_tta_tabs spacing=&#8221;2&#8243; alignment=&#8221;center&#8221; active_section=&#8221;1&#8243;][vc_tta_section title=&#8221;SUCTION UNIT WET\/DRY VACUUM CLEANER&#8221; tab_id=&#8221;1514199267873-513b7fb0-0274e7cc-9afb13e7-12db12f9-8adaa5ce-e656&#8243;][vc_row_inner][vc_column_inner]<div class=\"mgt-header-block clearfix text-left text-black wpb_content_element  mgt-header-block-style-1 mgt-header-texttransform-header  vc_custom_1645441113768\"><h2 class=\"mgt-header-block-title\">SUCTION UNIT WET\/DRY VACUUM CLEANER<\/h2><p class=\"mgt-header-block-subtitle\">Product Features<\/p><div class=\"mgt-header-line\"><\/div><\/div>[\/vc_column_inner][\/vc_row_inner][vc_row_inner][vc_column_inner width=&#8221;1\/2&#8243;][vc_gallery type=&#8221;flexslider_slide&#8221; interval=&#8221;0&#8243; images=&#8221;4884&#8243; img_size=&#8221;large&#8221;][\/vc_column_inner][vc_column_inner width=&#8221;1\/2&#8243;][vc_column_text]<\/p>\n<div itemprop=\"description\">\n<p>Nilfisk blue line removal technology<\/p>\n<\/div>\n<p>[\/vc_column_text][\/vc_column_inner][\/vc_row_inner][vc_toggle title=&#8221;Description&#8221; open=&#8221;true&#8221; el_id=&#8221;1514218984874-193c5caf-e939&#8243;]InfiniClean\u2122 &#8211; Automatic filter cleaning system with minimal performance loss<br \/>\nPTFE long-life filter with non-stick membrane and minimum filtration efficiency of 99.9%<br \/>\nDust class M certification<br \/>\n42 liter container with steel wheels and sturdy bumper<br \/>\nRobust chassis with steel wheels<br \/>\nMultiFit accessory system for the ultimate in task flexibility<br \/>\nFlat-top motor can be used as a storage tray for tools and accessories[\/vc_toggle][vc_toggle title=&#8221;Technical Data&#8221;]<\/p>\n<h3>NILFISK Wet\/Dry Vacuum Cleaner<\/h3>\n<table cellspacing=\"0\" cellpadding=\"0\">\n<tbody>\n<tr>\n<td>Air Volume<\/td>\n<td>4500 l\/min<\/td>\n<\/tr>\n<tr>\n<td>Vacuum<\/td>\n<td>250 mbar (25 kPa)<\/td>\n<\/tr>\n<tr>\n<td>Output Power max. (IEC)<\/td>\n<td>1400 W (1200 W)<\/td>\n<\/tr>\n<tr>\n<td>Operating Noise<\/td>\n<td>60 db<\/td>\n<\/tr>\n<tr>\n<td>Tank Volume<\/td>\n<td>42 l<\/td>\n<\/tr>\n<tr>\n<td>Power Supply<\/td>\n<td>230-240 V; 50-60 Hz<\/td>\n<\/tr>\n<tr>\n<td>Cable Length<\/td>\n<td>7.5 m<\/td>\n<\/tr>\n<tr>\n<td>Dimensions (L\/W\/H)<\/td>\n<td>565\/385\/605 mm<\/td>\n<\/tr>\n<tr>\n<td>Weight<\/td>\n<td>16 kg<\/td>\n<\/tr>\n<\/tbody>\n<\/table>\n<p>[\/vc_toggle][vc_toggle title=&#8221;Video&#8221; el_id=&#8221;1514219102466-71ea4d31-99ce&#8221;][\/vc_toggle][\/vc_tta_section][\/vc_tta_tabs][\/vc_column][\/vc_row]<\/p>\n","protected":false},"excerpt":{"rendered":"<p>[vc_row][vc_column][vc_tta_tabs spacing=&#8221;2&#8243; alignment=&#8221;center&#8221; active_section=&#8221;1&#8243;][vc_tta_section title=&#8221;SUCTION UNIT WET\/DRY VACUUM CLEANER&#8221; tab_id=&#8221;1514199267873-513b7fb0-0274e7cc-9afb13e7-12db12f9-8adaa5ce-e656&#8243;][vc_row_inner][vc_column_inner][\/vc_column_inner][\/vc_row_inner][vc_row_inner][vc_column_inner width=&#8221;1\/2&#8243;][vc_gallery type=&#8221;flexslider_slide&#8221; interval=&#8221;0&#8243; images=&#8221;4884&#8243; img_size=&#8221;large&#8221;][\/vc_column_inner][vc_column_inner width=&#8221;1\/2&#8243;][vc_column_text] Nilfisk blue line removal technology [\/vc_column_text][\/vc_column_inner][\/vc_row_inner][vc_toggle title=&#8221;Description&#8221; open=&#8221;true&#8221; el_id=&#8221;1514218984874-193c5caf-e939&#8243;]InfiniClean\u2122 &#8211; Automatic filter cleaning system&#8230;<\/p>\n","protected":false},"author":2,"featured_media":0,"parent":7741,"menu_order":0,"comment_status":"closed","ping_status":"closed","template":"","meta":{"footnotes":""},"yoast_head":"<!-- This site is optimized with the Yoast SEO plugin v22.2 - https:\/\/yoast.com\/wordpress\/plugins\/seo\/ -->\n<title>Suction Unit Wet\/Dry Vacuum Cleaner - \u00dcsfen Makina<\/title>\n<meta name=\"description\" content=\"Emme \u00dcnitesi Islak\/Kuru Elektrikli S\u00fcp\u00fcrge Nilfisk mavi \u00e7izgi temizleme teknolojisi\" \/>\n<meta name=\"robots\" content=\"index, follow, max-snippet:-1, max-image-preview:large, max-video-preview:-1\" \/>\n<link rel=\"canonical\" href=\"https:\/\/www.usfen.com.tr\/urunler\/lissmac\/emme-uniteleri\/emme-uniteleri-islak-kuru-elektrikli-supurge\/\" \/>\n<meta property=\"og:locale\" content=\"en_US\" \/>\n<meta property=\"og:type\" content=\"article\" \/>\n<meta property=\"og:title\" content=\"Suction Unit Wet\/Dry Vacuum Cleaner - \u00dcsfen Makina\" \/>\n<meta property=\"og:description\" content=\"Emme \u00dcnitesi Islak\/Kuru Elektrikli S\u00fcp\u00fcrge Nilfisk mavi \u00e7izgi temizleme teknolojisi\" \/>\n<meta property=\"og:url\" content=\"https:\/\/www.usfen.com.tr\/urunler\/lissmac\/emme-uniteleri\/emme-uniteleri-islak-kuru-elektrikli-supurge\/\" \/>\n<meta property=\"og:site_name\" content=\"\u00dcsfen Makina\" \/>\n<meta property=\"article:publisher\" content=\"https:\/\/www.facebook.com\/%c3%9csfen-Makina-280420642481393\/\" \/>\n<meta property=\"article:modified_time\" content=\"2022-02-21T10:50:58+00:00\" \/>\n<meta name=\"twitter:card\" content=\"summary_large_image\" \/>\n<meta name=\"twitter:site\" content=\"@usfenmakina\" \/>\n<meta name=\"twitter:label1\" content=\"Est. reading time\" \/>\n\t<meta name=\"twitter:data1\" content=\"1 minute\" \/>\n<script type=\"application\/ld+json\" class=\"yoast-schema-graph\">{\"@context\":\"https:\/\/schema.org\",\"@graph\":[{\"@type\":\"WebPage\",\"@id\":\"https:\/\/www.usfen.com.tr\/urunler\/lissmac\/emme-uniteleri\/emme-uniteleri-islak-kuru-elektrikli-supurge\/\",\"url\":\"https:\/\/www.usfen.com.tr\/urunler\/lissmac\/emme-uniteleri\/emme-uniteleri-islak-kuru-elektrikli-supurge\/\",\"name\":\"Suction Unit Wet\/Dry Vacuum Cleaner - \u00dcsfen Makina\",\"isPartOf\":{\"@id\":\"https:\/\/www.usfen.com.tr\/#website\"},\"datePublished\":\"2018-04-23T12:37:48+00:00\",\"dateModified\":\"2022-02-21T10:50:58+00:00\",\"description\":\"Emme \u00dcnitesi Islak\/Kuru Elektrikli S\u00fcp\u00fcrge Nilfisk mavi \u00e7izgi temizleme teknolojisi\",\"breadcrumb\":{\"@id\":\"https:\/\/www.usfen.com.tr\/urunler\/lissmac\/emme-uniteleri\/emme-uniteleri-islak-kuru-elektrikli-supurge\/#breadcrumb\"},\"inLanguage\":\"en-US\",\"potentialAction\":[{\"@type\":\"ReadAction\",\"target\":[\"https:\/\/www.usfen.com.tr\/urunler\/lissmac\/emme-uniteleri\/emme-uniteleri-islak-kuru-elektrikli-supurge\/\"]}]},{\"@type\":\"BreadcrumbList\",\"@id\":\"https:\/\/www.usfen.com.tr\/urunler\/lissmac\/emme-uniteleri\/emme-uniteleri-islak-kuru-elektrikli-supurge\/#breadcrumb\",\"itemListElement\":[{\"@type\":\"ListItem\",\"position\":1,\"name\":\"Ana sayfa\",\"item\":\"https:\/\/www.usfen.com.tr\/en\/\"},{\"@type\":\"ListItem\",\"position\":2,\"name\":\"Products\",\"item\":\"https:\/\/www.usfen.com.tr\/en\/sectoral-products\/\"},{\"@type\":\"ListItem\",\"position\":3,\"name\":\"Lissmac\",\"item\":\"https:\/\/www.usfen.com.tr\/en\/sectoral-products\/lissmac\/\"},{\"@type\":\"ListItem\",\"position\":4,\"name\":\"Suction Units\",\"item\":\"https:\/\/www.usfen.com.tr\/urunler\/lissmac\/emme-uniteleri\/\"},{\"@type\":\"ListItem\",\"position\":5,\"name\":\"Suction Unit Wet\/Dry Vacuum Cleaner\"}]},{\"@type\":\"WebSite\",\"@id\":\"https:\/\/www.usfen.com.tr\/#website\",\"url\":\"https:\/\/www.usfen.com.tr\/\",\"name\":\"\u00dcsfen Makina\",\"description\":\"M\u00fchendislik, Teknoloji \u00dcss\u00fc\",\"publisher\":{\"@id\":\"https:\/\/www.usfen.com.tr\/#organization\"},\"potentialAction\":[{\"@type\":\"SearchAction\",\"target\":{\"@type\":\"EntryPoint\",\"urlTemplate\":\"https:\/\/www.usfen.com.tr\/?s={search_term_string}\"},\"query-input\":\"required name=search_term_string\"}],\"inLanguage\":\"en-US\"},{\"@type\":\"Organization\",\"@id\":\"https:\/\/www.usfen.com.tr\/#organization\",\"name\":\"\u00dcsfen Makina\",\"url\":\"https:\/\/www.usfen.com.tr\/\",\"logo\":{\"@type\":\"ImageObject\",\"inLanguage\":\"en-US\",\"@id\":\"https:\/\/www.usfen.com.tr\/#\/schema\/logo\/image\/\",\"url\":\"https:\/\/www.usfen.com.tr\/wp-content\/uploads\/2017\/12\/usfen-logo-bg.png\",\"contentUrl\":\"https:\/\/www.usfen.com.tr\/wp-content\/uploads\/2017\/12\/usfen-logo-bg.png\",\"width\":400,\"height\":151,\"caption\":\"\u00dcsfen Makina\"},\"image\":{\"@id\":\"https:\/\/www.usfen.com.tr\/#\/schema\/logo\/image\/\"},\"sameAs\":[\"https:\/\/www.facebook.com\/\u00dcsfen-Makina-280420642481393\/\",\"https:\/\/twitter.com\/usfenmakina\",\"https:\/\/www.instagram.com\/usfenmakina\/\",\"https:\/\/www.linkedin.com\/company\/18375652\/\"]}]}<\/script>\n<!-- \/ Yoast SEO plugin. -->","yoast_head_json":{"title":"Suction Unit Wet\/Dry Vacuum Cleaner - \u00dcsfen Makina","description":"Emme \u00dcnitesi Islak\/Kuru Elektrikli S\u00fcp\u00fcrge Nilfisk mavi \u00e7izgi temizleme teknolojisi","robots":{"index":"index","follow":"follow","max-snippet":"max-snippet:-1","max-image-preview":"max-image-preview:large","max-video-preview":"max-video-preview:-1"},"canonical":"https:\/\/www.usfen.com.tr\/urunler\/lissmac\/emme-uniteleri\/emme-uniteleri-islak-kuru-elektrikli-supurge\/","og_locale":"en_US","og_type":"article","og_title":"Suction Unit Wet\/Dry Vacuum Cleaner - \u00dcsfen Makina","og_description":"Emme \u00dcnitesi Islak\/Kuru Elektrikli S\u00fcp\u00fcrge Nilfisk mavi \u00e7izgi temizleme teknolojisi","og_url":"https:\/\/www.usfen.com.tr\/urunler\/lissmac\/emme-uniteleri\/emme-uniteleri-islak-kuru-elektrikli-supurge\/","og_site_name":"\u00dcsfen Makina","article_publisher":"https:\/\/www.facebook.com\/%c3%9csfen-Makina-280420642481393\/","article_modified_time":"2022-02-21T10:50:58+00:00","twitter_card":"summary_large_image","twitter_site":"@usfenmakina","twitter_misc":{"Est. reading time":"1 minute"},"schema":{"@context":"https:\/\/schema.org","@graph":[{"@type":"WebPage","@id":"https:\/\/www.usfen.com.tr\/urunler\/lissmac\/emme-uniteleri\/emme-uniteleri-islak-kuru-elektrikli-supurge\/","url":"https:\/\/www.usfen.com.tr\/urunler\/lissmac\/emme-uniteleri\/emme-uniteleri-islak-kuru-elektrikli-supurge\/","name":"Suction Unit Wet\/Dry Vacuum Cleaner - \u00dcsfen Makina","isPartOf":{"@id":"https:\/\/www.usfen.com.tr\/#website"},"datePublished":"2018-04-23T12:37:48+00:00","dateModified":"2022-02-21T10:50:58+00:00","description":"Emme \u00dcnitesi Islak\/Kuru Elektrikli S\u00fcp\u00fcrge Nilfisk mavi \u00e7izgi temizleme teknolojisi","breadcrumb":{"@id":"https:\/\/www.usfen.com.tr\/urunler\/lissmac\/emme-uniteleri\/emme-uniteleri-islak-kuru-elektrikli-supurge\/#breadcrumb"},"inLanguage":"en-US","potentialAction":[{"@type":"ReadAction","target":["https:\/\/www.usfen.com.tr\/urunler\/lissmac\/emme-uniteleri\/emme-uniteleri-islak-kuru-elektrikli-supurge\/"]}]},{"@type":"BreadcrumbList","@id":"https:\/\/www.usfen.com.tr\/urunler\/lissmac\/emme-uniteleri\/emme-uniteleri-islak-kuru-elektrikli-supurge\/#breadcrumb","itemListElement":[{"@type":"ListItem","position":1,"name":"Ana sayfa","item":"https:\/\/www.usfen.com.tr\/en\/"},{"@type":"ListItem","position":2,"name":"Products","item":"https:\/\/www.usfen.com.tr\/en\/sectoral-products\/"},{"@type":"ListItem","position":3,"name":"Lissmac","item":"https:\/\/www.usfen.com.tr\/en\/sectoral-products\/lissmac\/"},{"@type":"ListItem","position":4,"name":"Suction Units","item":"https:\/\/www.usfen.com.tr\/urunler\/lissmac\/emme-uniteleri\/"},{"@type":"ListItem","position":5,"name":"Suction Unit Wet\/Dry Vacuum Cleaner"}]},{"@type":"WebSite","@id":"https:\/\/www.usfen.com.tr\/#website","url":"https:\/\/www.usfen.com.tr\/","name":"\u00dcsfen Makina","description":"M\u00fchendislik, Teknoloji \u00dcss\u00fc","publisher":{"@id":"https:\/\/www.usfen.com.tr\/#organization"},"potentialAction":[{"@type":"SearchAction","target":{"@type":"EntryPoint","urlTemplate":"https:\/\/www.usfen.com.tr\/?s={search_term_string}"},"query-input":"required name=search_term_string"}],"inLanguage":"en-US"},{"@type":"Organization","@id":"https:\/\/www.usfen.com.tr\/#organization","name":"\u00dcsfen Makina","url":"https:\/\/www.usfen.com.tr\/","logo":{"@type":"ImageObject","inLanguage":"en-US","@id":"https:\/\/www.usfen.com.tr\/#\/schema\/logo\/image\/","url":"https:\/\/www.usfen.com.tr\/wp-content\/uploads\/2017\/12\/usfen-logo-bg.png","contentUrl":"https:\/\/www.usfen.com.tr\/wp-content\/uploads\/2017\/12\/usfen-logo-bg.png","width":400,"height":151,"caption":"\u00dcsfen Makina"},"image":{"@id":"https:\/\/www.usfen.com.tr\/#\/schema\/logo\/image\/"},"sameAs":["https:\/\/www.facebook.com\/\u00dcsfen-Makina-280420642481393\/","https:\/\/twitter.com\/usfenmakina","https:\/\/www.instagram.com\/usfenmakina\/","https:\/\/www.linkedin.com\/company\/18375652\/"]}]}},"jetpack_sharing_enabled":true,"_links":{"self":[{"href":"https:\/\/www.usfen.com.tr\/en\/wp-json\/wp\/v2\/pages\/7673"}],"collection":[{"href":"https:\/\/www.usfen.com.tr\/en\/wp-json\/wp\/v2\/pages"}],"about":[{"href":"https:\/\/www.usfen.com.tr\/en\/wp-json\/wp\/v2\/types\/page"}],"author":[{"embeddable":true,"href":"https:\/\/www.usfen.com.tr\/en\/wp-json\/wp\/v2\/users\/2"}],"replies":[{"embeddable":true,"href":"https:\/\/www.usfen.com.tr\/en\/wp-json\/wp\/v2\/comments?post=7673"}],"version-history":[{"count":2,"href":"https:\/\/www.usfen.com.tr\/en\/wp-json\/wp\/v2\/pages\/7673\/revisions"}],"predecessor-version":[{"id":7908,"href":"https:\/\/www.usfen.com.tr\/en\/wp-json\/wp\/v2\/pages\/7673\/revisions\/7908"}],"up":[{"embeddable":true,"href":"https:\/\/www.usfen.com.tr\/en\/wp-json\/wp\/v2\/pages\/7741"}],"wp:attachment":[{"href":"https:\/\/www.usfen.com.tr\/en\/wp-json\/wp\/v2\/media?parent=7673"}],"curies":[{"name":"wp","href":"https:\/\/api.w.org\/{rel}","templated":true}]}}