{"id":7674,"date":"2018-04-23T15:32:33","date_gmt":"2018-04-23T12:32:33","guid":{"rendered":"http:\/\/www.usfen.com.tr\/emme-uniteleri-vd-500\/"},"modified":"2022-02-24T14:25:42","modified_gmt":"2022-02-24T11:25:42","slug":"suction-unit-vd-500","status":"publish","type":"page","link":"https:\/\/www.usfen.com.tr\/en\/sectoral-products\/lissmac\/suction-units\/suction-unit-vd-500\/","title":{"rendered":"Suction Unit VD 500"},"content":{"rendered":"<p>[vc_row][vc_column][vc_tta_tabs spacing=&#8221;2&#8243; alignment=&#8221;center&#8221; active_section=&#8221;1&#8243;][vc_tta_section title=&#8221;SUCTION UNIT VD 500&#8243; tab_id=&#8221;1514199267873-513b7fb0-0274e7cc-9afb13e7-12db12f9-8ada0f70-0dc7&#8243;][vc_row_inner][vc_column_inner]<div class=\"mgt-header-block clearfix text-left text-black wpb_content_element  mgt-header-block-style-1 mgt-header-texttransform-header  vc_custom_1645702447745\"><h2 class=\"mgt-header-block-title\">SUCTION UNIT VD 500<\/h2><p class=\"mgt-header-block-subtitle\">Product Features<\/p><div class=\"mgt-header-line\"><\/div><\/div>[\/vc_column_inner][\/vc_row_inner][vc_row_inner][vc_column_inner width=&#8221;1\/2&#8243;][vc_gallery type=&#8221;flexslider_slide&#8221; interval=&#8221;0&#8243; images=&#8221;4880,4881&#8243; img_size=&#8221;large&#8221;][\/vc_column_inner][vc_column_inner width=&#8221;1\/2&#8243;][vc_column_text]<\/p>\n<div itemprop=\"description\">\n<p>The VACUUM DRY waste water extraction system quickly and simply removes cutting dust and particles from the joints during the cutting operation. The saw blade does not need to remove any additional material afterwards. This means that the machine works more efficiently. Extraction has a positive effect and also cools the saw blade.<\/p>\n<\/div>\n<p>[\/vc_column_text][\/vc_column_inner][\/vc_row_inner][vc_toggle title=&#8221;Description&#8221; open=&#8221;true&#8221; el_id=&#8221;1514218984874-193c5caf-e939&#8243;]VACUUM-DRY 500<br \/>\nQuick and simple extension to the UNICUT 500 floor saw: Closed system mounted directly on the base saw and operated by a hydraulic interface to the machine.<br \/>\nIt can be quickly and simply refitted or converted with suitable accessories, such as the special saw blade guard for dry sawing and flange cooling.<br \/>\nSimple emptying of chips and particles by rotating and changing the filter bag<br \/>\nExhaust system automatically cleans filters during extraction<br \/>\nThe clean, dry joint can be further processed (poured) immediately.[\/vc_toggle][vc_toggle title=&#8221;Technical Data&#8221;]<\/p>\n<h3>VACUUM-DRY 500<\/h3>\n<table cellspacing=\"0\" cellpadding=\"0\">\n<tbody>\n<tr>\n<td>saw blade \u00d8<\/td>\n<td>500 mm<\/td>\n<\/tr>\n<tr>\n<td>container for dust\/particle<\/td>\n<td>25 l synthetic sack<\/td>\n<\/tr>\n<tr>\n<td>required hydraulic supply<\/td>\n<td>Q = 40 l\/min; 140 bar<\/td>\n<\/tr>\n<tr>\n<td>air delivery rate<\/td>\n<td>1100 m\u00b3\/h<\/td>\n<\/tr>\n<tr>\n<td>exhaust hose connection<\/td>\n<td>\u00d8 100 mm, length max. 3,5 m<\/td>\n<\/tr>\n<tr>\n<td>dimensions (L\/W\/H)<\/td>\n<td>1050\/930\/2070 mm<\/td>\n<\/tr>\n<tr>\n<td>total weight<\/td>\n<td>320 kg<\/td>\n<\/tr>\n<\/tbody>\n<\/table>\n<h3>VACUUM-DRY 500 USA<\/h3>\n<table cellspacing=\"0\" cellpadding=\"0\">\n<tbody>\n<tr>\n<td>saw blade \u00d8<\/td>\n<td>19.69 inch<\/td>\n<\/tr>\n<tr>\n<td>container for dust\/particle<\/td>\n<td>5.50 gal synthetic sack<\/td>\n<\/tr>\n<tr>\n<td>required hydraulic supply<\/td>\n<td>Q = 125 gal\/min; 2030.53 psi<\/td>\n<\/tr>\n<tr>\n<td>air delivery rate<\/td>\n<td>882.87 ft\u00b3\/h<\/td>\n<\/tr>\n<tr>\n<td>exhaust hose connection<\/td>\n<td>\u00d8 9.94 inch, length max. 3.28 ft<\/td>\n<\/tr>\n<tr>\n<td>dimensions (L\/W\/H)<\/td>\n<td>41.34\/36.61\/81.50 inch<\/td>\n<\/tr>\n<tr>\n<td>total weight<\/td>\n<td>705.78 lbs<\/td>\n<\/tr>\n<\/tbody>\n<\/table>\n<p>[\/vc_toggle][vc_toggle title=&#8221;Video&#8221; el_id=&#8221;1514219102466-71ea4d31-99ce&#8221;][\/vc_toggle][\/vc_tta_section][\/vc_tta_tabs][\/vc_column][\/vc_row]<\/p>\n","protected":false},"excerpt":{"rendered":"<p>[vc_row][vc_column][vc_tta_tabs spacing=&#8221;2&#8243; alignment=&#8221;center&#8221; active_section=&#8221;1&#8243;][vc_tta_section title=&#8221;SUCTION UNIT VD 500&#8243; tab_id=&#8221;1514199267873-513b7fb0-0274e7cc-9afb13e7-12db12f9-8ada0f70-0dc7&#8243;][vc_row_inner][vc_column_inner][\/vc_column_inner][\/vc_row_inner][vc_row_inner][vc_column_inner width=&#8221;1\/2&#8243;][vc_gallery type=&#8221;flexslider_slide&#8221; interval=&#8221;0&#8243; images=&#8221;4880,4881&#8243; img_size=&#8221;large&#8221;][\/vc_column_inner][vc_column_inner width=&#8221;1\/2&#8243;][vc_column_text] The VACUUM DRY waste water extraction system quickly and simply removes cutting dust and particles&#8230;<\/p>\n","protected":false},"author":2,"featured_media":0,"parent":7741,"menu_order":0,"comment_status":"closed","ping_status":"closed","template":"","meta":{"footnotes":""},"yoast_head":"<!-- This site is optimized with the Yoast SEO plugin v22.2 - https:\/\/yoast.com\/wordpress\/plugins\/seo\/ -->\n<title>Suction Unit VD 500 - \u00dcsfen Makina<\/title>\n<meta name=\"description\" content=\"Emme \u00dcnitesi VD 500 VACUUM DRY at\u0131k su emme sistemi, kesme i\u015flemi s\u0131ras\u0131nda kesme tozunu ve partik\u00fclleri derzlerden \u00e7abuk ve basit bir \u015fekilde \u00e7\u0131kar\u0131r.\" \/>\n<meta name=\"robots\" content=\"index, follow, max-snippet:-1, max-image-preview:large, max-video-preview:-1\" \/>\n<link rel=\"canonical\" href=\"https:\/\/www.usfen.com.tr\/urunler\/lissmac\/emme-uniteleri\/emme-uniteleri-vd-500\/\" \/>\n<meta property=\"og:locale\" content=\"en_US\" \/>\n<meta property=\"og:type\" content=\"article\" \/>\n<meta property=\"og:title\" content=\"Suction Unit VD 500 - \u00dcsfen Makina\" \/>\n<meta property=\"og:description\" content=\"Emme \u00dcnitesi VD 500 VACUUM DRY at\u0131k su emme sistemi, kesme i\u015flemi s\u0131ras\u0131nda kesme tozunu ve partik\u00fclleri derzlerden \u00e7abuk ve basit bir \u015fekilde \u00e7\u0131kar\u0131r.\" \/>\n<meta property=\"og:url\" content=\"https:\/\/www.usfen.com.tr\/urunler\/lissmac\/emme-uniteleri\/emme-uniteleri-vd-500\/\" \/>\n<meta property=\"og:site_name\" content=\"\u00dcsfen Makina\" \/>\n<meta property=\"article:publisher\" content=\"https:\/\/www.facebook.com\/%c3%9csfen-Makina-280420642481393\/\" \/>\n<meta property=\"article:modified_time\" content=\"2022-02-24T11:25:42+00:00\" \/>\n<meta name=\"twitter:card\" content=\"summary_large_image\" \/>\n<meta name=\"twitter:site\" content=\"@usfenmakina\" \/>\n<meta name=\"twitter:label1\" content=\"Est. reading time\" \/>\n\t<meta name=\"twitter:data1\" content=\"2 minutes\" \/>\n<script type=\"application\/ld+json\" class=\"yoast-schema-graph\">{\"@context\":\"https:\/\/schema.org\",\"@graph\":[{\"@type\":\"WebPage\",\"@id\":\"https:\/\/www.usfen.com.tr\/urunler\/lissmac\/emme-uniteleri\/emme-uniteleri-vd-500\/\",\"url\":\"https:\/\/www.usfen.com.tr\/urunler\/lissmac\/emme-uniteleri\/emme-uniteleri-vd-500\/\",\"name\":\"Suction Unit VD 500 - \u00dcsfen Makina\",\"isPartOf\":{\"@id\":\"https:\/\/www.usfen.com.tr\/#website\"},\"datePublished\":\"2018-04-23T12:32:33+00:00\",\"dateModified\":\"2022-02-24T11:25:42+00:00\",\"description\":\"Emme \u00dcnitesi VD 500 VACUUM DRY at\u0131k su emme sistemi, kesme i\u015flemi s\u0131ras\u0131nda kesme tozunu ve partik\u00fclleri derzlerden \u00e7abuk ve basit bir \u015fekilde \u00e7\u0131kar\u0131r.\",\"breadcrumb\":{\"@id\":\"https:\/\/www.usfen.com.tr\/urunler\/lissmac\/emme-uniteleri\/emme-uniteleri-vd-500\/#breadcrumb\"},\"inLanguage\":\"en-US\",\"potentialAction\":[{\"@type\":\"ReadAction\",\"target\":[\"https:\/\/www.usfen.com.tr\/urunler\/lissmac\/emme-uniteleri\/emme-uniteleri-vd-500\/\"]}]},{\"@type\":\"BreadcrumbList\",\"@id\":\"https:\/\/www.usfen.com.tr\/urunler\/lissmac\/emme-uniteleri\/emme-uniteleri-vd-500\/#breadcrumb\",\"itemListElement\":[{\"@type\":\"ListItem\",\"position\":1,\"name\":\"Ana sayfa\",\"item\":\"https:\/\/www.usfen.com.tr\/en\/\"},{\"@type\":\"ListItem\",\"position\":2,\"name\":\"Products\",\"item\":\"https:\/\/www.usfen.com.tr\/en\/sectoral-products\/\"},{\"@type\":\"ListItem\",\"position\":3,\"name\":\"Lissmac\",\"item\":\"https:\/\/www.usfen.com.tr\/en\/sectoral-products\/lissmac\/\"},{\"@type\":\"ListItem\",\"position\":4,\"name\":\"Suction Units\",\"item\":\"https:\/\/www.usfen.com.tr\/urunler\/lissmac\/emme-uniteleri\/\"},{\"@type\":\"ListItem\",\"position\":5,\"name\":\"Suction Unit VD 500\"}]},{\"@type\":\"WebSite\",\"@id\":\"https:\/\/www.usfen.com.tr\/#website\",\"url\":\"https:\/\/www.usfen.com.tr\/\",\"name\":\"\u00dcsfen Makina\",\"description\":\"M\u00fchendislik, Teknoloji \u00dcss\u00fc\",\"publisher\":{\"@id\":\"https:\/\/www.usfen.com.tr\/#organization\"},\"potentialAction\":[{\"@type\":\"SearchAction\",\"target\":{\"@type\":\"EntryPoint\",\"urlTemplate\":\"https:\/\/www.usfen.com.tr\/?s={search_term_string}\"},\"query-input\":\"required name=search_term_string\"}],\"inLanguage\":\"en-US\"},{\"@type\":\"Organization\",\"@id\":\"https:\/\/www.usfen.com.tr\/#organization\",\"name\":\"\u00dcsfen Makina\",\"url\":\"https:\/\/www.usfen.com.tr\/\",\"logo\":{\"@type\":\"ImageObject\",\"inLanguage\":\"en-US\",\"@id\":\"https:\/\/www.usfen.com.tr\/#\/schema\/logo\/image\/\",\"url\":\"https:\/\/www.usfen.com.tr\/wp-content\/uploads\/2017\/12\/usfen-logo-bg.png\",\"contentUrl\":\"https:\/\/www.usfen.com.tr\/wp-content\/uploads\/2017\/12\/usfen-logo-bg.png\",\"width\":400,\"height\":151,\"caption\":\"\u00dcsfen Makina\"},\"image\":{\"@id\":\"https:\/\/www.usfen.com.tr\/#\/schema\/logo\/image\/\"},\"sameAs\":[\"https:\/\/www.facebook.com\/\u00dcsfen-Makina-280420642481393\/\",\"https:\/\/twitter.com\/usfenmakina\",\"https:\/\/www.instagram.com\/usfenmakina\/\",\"https:\/\/www.linkedin.com\/company\/18375652\/\"]}]}<\/script>\n<!-- \/ Yoast SEO plugin. -->","yoast_head_json":{"title":"Suction Unit VD 500 - \u00dcsfen Makina","description":"Emme \u00dcnitesi VD 500 VACUUM DRY at\u0131k su emme sistemi, kesme i\u015flemi s\u0131ras\u0131nda kesme tozunu ve partik\u00fclleri derzlerden \u00e7abuk ve basit bir \u015fekilde \u00e7\u0131kar\u0131r.","robots":{"index":"index","follow":"follow","max-snippet":"max-snippet:-1","max-image-preview":"max-image-preview:large","max-video-preview":"max-video-preview:-1"},"canonical":"https:\/\/www.usfen.com.tr\/urunler\/lissmac\/emme-uniteleri\/emme-uniteleri-vd-500\/","og_locale":"en_US","og_type":"article","og_title":"Suction Unit VD 500 - \u00dcsfen Makina","og_description":"Emme \u00dcnitesi VD 500 VACUUM DRY at\u0131k su emme sistemi, kesme i\u015flemi s\u0131ras\u0131nda kesme tozunu ve partik\u00fclleri derzlerden \u00e7abuk ve basit bir \u015fekilde \u00e7\u0131kar\u0131r.","og_url":"https:\/\/www.usfen.com.tr\/urunler\/lissmac\/emme-uniteleri\/emme-uniteleri-vd-500\/","og_site_name":"\u00dcsfen Makina","article_publisher":"https:\/\/www.facebook.com\/%c3%9csfen-Makina-280420642481393\/","article_modified_time":"2022-02-24T11:25:42+00:00","twitter_card":"summary_large_image","twitter_site":"@usfenmakina","twitter_misc":{"Est. reading time":"2 minutes"},"schema":{"@context":"https:\/\/schema.org","@graph":[{"@type":"WebPage","@id":"https:\/\/www.usfen.com.tr\/urunler\/lissmac\/emme-uniteleri\/emme-uniteleri-vd-500\/","url":"https:\/\/www.usfen.com.tr\/urunler\/lissmac\/emme-uniteleri\/emme-uniteleri-vd-500\/","name":"Suction Unit VD 500 - \u00dcsfen Makina","isPartOf":{"@id":"https:\/\/www.usfen.com.tr\/#website"},"datePublished":"2018-04-23T12:32:33+00:00","dateModified":"2022-02-24T11:25:42+00:00","description":"Emme \u00dcnitesi VD 500 VACUUM DRY at\u0131k su emme sistemi, kesme i\u015flemi s\u0131ras\u0131nda kesme tozunu ve partik\u00fclleri derzlerden \u00e7abuk ve basit bir \u015fekilde \u00e7\u0131kar\u0131r.","breadcrumb":{"@id":"https:\/\/www.usfen.com.tr\/urunler\/lissmac\/emme-uniteleri\/emme-uniteleri-vd-500\/#breadcrumb"},"inLanguage":"en-US","potentialAction":[{"@type":"ReadAction","target":["https:\/\/www.usfen.com.tr\/urunler\/lissmac\/emme-uniteleri\/emme-uniteleri-vd-500\/"]}]},{"@type":"BreadcrumbList","@id":"https:\/\/www.usfen.com.tr\/urunler\/lissmac\/emme-uniteleri\/emme-uniteleri-vd-500\/#breadcrumb","itemListElement":[{"@type":"ListItem","position":1,"name":"Ana sayfa","item":"https:\/\/www.usfen.com.tr\/en\/"},{"@type":"ListItem","position":2,"name":"Products","item":"https:\/\/www.usfen.com.tr\/en\/sectoral-products\/"},{"@type":"ListItem","position":3,"name":"Lissmac","item":"https:\/\/www.usfen.com.tr\/en\/sectoral-products\/lissmac\/"},{"@type":"ListItem","position":4,"name":"Suction Units","item":"https:\/\/www.usfen.com.tr\/urunler\/lissmac\/emme-uniteleri\/"},{"@type":"ListItem","position":5,"name":"Suction Unit VD 500"}]},{"@type":"WebSite","@id":"https:\/\/www.usfen.com.tr\/#website","url":"https:\/\/www.usfen.com.tr\/","name":"\u00dcsfen Makina","description":"M\u00fchendislik, Teknoloji \u00dcss\u00fc","publisher":{"@id":"https:\/\/www.usfen.com.tr\/#organization"},"potentialAction":[{"@type":"SearchAction","target":{"@type":"EntryPoint","urlTemplate":"https:\/\/www.usfen.com.tr\/?s={search_term_string}"},"query-input":"required name=search_term_string"}],"inLanguage":"en-US"},{"@type":"Organization","@id":"https:\/\/www.usfen.com.tr\/#organization","name":"\u00dcsfen Makina","url":"https:\/\/www.usfen.com.tr\/","logo":{"@type":"ImageObject","inLanguage":"en-US","@id":"https:\/\/www.usfen.com.tr\/#\/schema\/logo\/image\/","url":"https:\/\/www.usfen.com.tr\/wp-content\/uploads\/2017\/12\/usfen-logo-bg.png","contentUrl":"https:\/\/www.usfen.com.tr\/wp-content\/uploads\/2017\/12\/usfen-logo-bg.png","width":400,"height":151,"caption":"\u00dcsfen Makina"},"image":{"@id":"https:\/\/www.usfen.com.tr\/#\/schema\/logo\/image\/"},"sameAs":["https:\/\/www.facebook.com\/\u00dcsfen-Makina-280420642481393\/","https:\/\/twitter.com\/usfenmakina","https:\/\/www.instagram.com\/usfenmakina\/","https:\/\/www.linkedin.com\/company\/18375652\/"]}]}},"jetpack_sharing_enabled":true,"_links":{"self":[{"href":"https:\/\/www.usfen.com.tr\/en\/wp-json\/wp\/v2\/pages\/7674"}],"collection":[{"href":"https:\/\/www.usfen.com.tr\/en\/wp-json\/wp\/v2\/pages"}],"about":[{"href":"https:\/\/www.usfen.com.tr\/en\/wp-json\/wp\/v2\/types\/page"}],"author":[{"embeddable":true,"href":"https:\/\/www.usfen.com.tr\/en\/wp-json\/wp\/v2\/users\/2"}],"replies":[{"embeddable":true,"href":"https:\/\/www.usfen.com.tr\/en\/wp-json\/wp\/v2\/comments?post=7674"}],"version-history":[{"count":3,"href":"https:\/\/www.usfen.com.tr\/en\/wp-json\/wp\/v2\/pages\/7674\/revisions"}],"predecessor-version":[{"id":8167,"href":"https:\/\/www.usfen.com.tr\/en\/wp-json\/wp\/v2\/pages\/7674\/revisions\/8167"}],"up":[{"embeddable":true,"href":"https:\/\/www.usfen.com.tr\/en\/wp-json\/wp\/v2\/pages\/7741"}],"wp:attachment":[{"href":"https:\/\/www.usfen.com.tr\/en\/wp-json\/wp\/v2\/media?parent=7674"}],"curies":[{"name":"wp","href":"https:\/\/api.w.org\/{rel}","templated":true}]}}