{"id":7676,"date":"2018-04-23T15:25:07","date_gmt":"2018-04-23T12:25:07","guid":{"rendered":"http:\/\/www.usfen.com.tr\/emme-uniteleri-vw-300\/"},"modified":"2022-02-24T14:27:18","modified_gmt":"2022-02-24T11:27:18","slug":"suction-unit-vw-300","status":"publish","type":"page","link":"https:\/\/www.usfen.com.tr\/en\/sectoral-products\/lissmac\/suction-units\/suction-unit-vw-300\/","title":{"rendered":"Suction Unit VW 300"},"content":{"rendered":"<p>[vc_row][vc_column][vc_tta_tabs spacing=&#8221;2&#8243; alignment=&#8221;center&#8221; active_section=&#8221;1&#8243;][vc_tta_section title=&#8221;SUCTION UNIT VW 300&#8243; tab_id=&#8221;1514199267873-513b7fb0-0274e7cc-9afb13e7-12db12f9-8ada613e-947f&#8221;][vc_row_inner][vc_column_inner]<div class=\"mgt-header-block clearfix text-left text-black wpb_content_element  mgt-header-block-style-1 mgt-header-texttransform-header  vc_custom_1645702665915\"><h2 class=\"mgt-header-block-title\">SUCTION UNIT VW 300<\/h2><p class=\"mgt-header-block-subtitle\">Product Features<\/p><div class=\"mgt-header-line\"><\/div><\/div>[\/vc_column_inner][\/vc_row_inner][vc_row_inner][vc_column_inner width=&#8221;1\/2&#8243;][vc_gallery type=&#8221;flexslider_slide&#8221; interval=&#8221;0&#8243; images=&#8221;4874&#8243; img_size=&#8221;large&#8221;][\/vc_column_inner][vc_column_inner width=&#8221;1\/2&#8243;][vc_column_text]<\/p>\n<div itemprop=\"description\">\n<p>The VACUUM WET waste water suctions remove the cutting slurry quickly and simply from the joint during sawing. The saw blade does not then need to remove any additional material. This means the machine works more efficiently and the saw blade life time is increased. And the extraction has a positive effect and also cools the saw blade.<\/p>\n<\/div>\n<p>[\/vc_column_text][\/vc_column_inner][\/vc_row_inner][vc_toggle title=&#8221;Description&#8221; open=&#8221;true&#8221; el_id=&#8221;1514218984874-193c5caf-e939&#8243;]Adaptable to MULTICUT 800 and UNICUT 300 floor saws using the corresponding accessories such as saw blade guard and extraction shoes<br \/>\nClosed system mounted directly on the floor saw and working with a hydraulic interface to the machine, sustainability, conservation of resources with minimal water consumption, use of environmentally friendly drive technology, collectors and cutting \/ cooling water slurry recovery, wastewater treatment and material reclamation, as well as cutting \/ recycling of coolant. To ensure such an ecologically and economically sustainable system, the use of the following wet and dry extraction developed by LISSMAC is indispensable.[\/vc_toggle][vc_toggle title=&#8221;Technical Data&#8221;]<\/p>\n<h3>VACUUM-WET 300<\/h3>\n<table cellspacing=\"0\" cellpadding=\"0\">\n<tbody>\n<tr>\n<td>container for coarse parts<\/td>\n<td>25 l<\/td>\n<\/tr>\n<tr>\n<td>sieve for coarse parts<\/td>\n<td>\u00d8 5 mm<\/td>\n<\/tr>\n<tr>\n<td>required hydraulic supply<\/td>\n<td>Q=40 l\/min;130 bar<\/td>\n<\/tr>\n<tr>\n<td>air delivery rate<\/td>\n<td>1600 m\u00b3\/h<\/td>\n<\/tr>\n<tr>\n<td>water delivery rate<\/td>\n<td>1250 l\/h<\/td>\n<\/tr>\n<tr>\n<td>power consumption<\/td>\n<td>5 kW<\/td>\n<\/tr>\n<tr>\n<td>fresh water connection<\/td>\n<td>GEKA-coupling, min. \u00be\u201c, length max. 40 m<\/td>\n<\/tr>\n<tr>\n<td>waste water connection<\/td>\n<td>GEKA-coupling, min. 1\u201c, length max. 40 m<\/td>\n<\/tr>\n<tr>\n<td>exhaust hose connection<\/td>\n<td>\u00d8 100 mm, length max. 10 m<\/td>\n<\/tr>\n<tr>\n<td>dimensions (L\/W\/H)<\/td>\n<td>750\/575\/1000 mm<\/td>\n<\/tr>\n<tr>\n<td>total weight<\/td>\n<td>140 kg<\/td>\n<\/tr>\n<\/tbody>\n<\/table>\n<h3>VACUUM-WET 300 USA<\/h3>\n<table cellspacing=\"0\" cellpadding=\"0\">\n<tbody>\n<tr>\n<td>container for coarse parts<\/td>\n<td>6.60 gal<\/td>\n<\/tr>\n<tr>\n<td>sieve for coarse parts<\/td>\n<td>\u00d8 0.20 inch<\/td>\n<\/tr>\n<tr>\n<td>required hydraulic supply<\/td>\n<td>Q=1250 gal\/min;1885.49 psi<\/td>\n<\/tr>\n<tr>\n<td>air delivery rate<\/td>\n<td>44143.33 ft\u00b3\/h<\/td>\n<\/tr>\n<tr>\n<td>water delivery rate<\/td>\n<td>274.96 gal\/h<\/td>\n<\/tr>\n<tr>\n<td>power consumption<\/td>\n<td>5 kW<\/td>\n<\/tr>\n<tr>\n<td>fresh water connection<\/td>\n<td>GEKA-coupling, min. \u00be\u201c, length max. 131.23 ft<\/td>\n<\/tr>\n<tr>\n<td>waste water connection<\/td>\n<td>GEKA-coupling, min. 1\u201c, length max. 131.23 ft<\/td>\n<\/tr>\n<tr>\n<td>exhaust hose connection<\/td>\n<td>\u00d8 3.94 inch, length max. 32.81 ft<\/td>\n<\/tr>\n<tr>\n<td>dimensions (L\/W\/H)<\/td>\n<td>29.53\/22.64\/39.37 inch<\/td>\n<\/tr>\n<tr>\n<td>total weight<\/td>\n<td>22.05 lbs<\/td>\n<\/tr>\n<\/tbody>\n<\/table>\n<p>[\/vc_toggle][vc_toggle title=&#8221;Video&#8221; el_id=&#8221;1514219102466-71ea4d31-99ce&#8221;][\/vc_toggle][\/vc_tta_section][\/vc_tta_tabs][\/vc_column][\/vc_row]<\/p>\n","protected":false},"excerpt":{"rendered":"<p>[vc_row][vc_column][vc_tta_tabs spacing=&#8221;2&#8243; alignment=&#8221;center&#8221; active_section=&#8221;1&#8243;][vc_tta_section title=&#8221;SUCTION UNIT VW 300&#8243; tab_id=&#8221;1514199267873-513b7fb0-0274e7cc-9afb13e7-12db12f9-8ada613e-947f&#8221;][vc_row_inner][vc_column_inner][\/vc_column_inner][\/vc_row_inner][vc_row_inner][vc_column_inner width=&#8221;1\/2&#8243;][vc_gallery type=&#8221;flexslider_slide&#8221; interval=&#8221;0&#8243; images=&#8221;4874&#8243; img_size=&#8221;large&#8221;][\/vc_column_inner][vc_column_inner width=&#8221;1\/2&#8243;][vc_column_text] The VACUUM WET waste water suctions remove the cutting slurry quickly and simply from the&#8230;<\/p>\n","protected":false},"author":2,"featured_media":0,"parent":7741,"menu_order":0,"comment_status":"closed","ping_status":"closed","template":"","meta":{"footnotes":""},"yoast_head":"<!-- This site is optimized with the Yoast SEO plugin v22.2 - https:\/\/yoast.com\/wordpress\/plugins\/seo\/ -->\n<title>Suction Unit VW 300 - \u00dcsfen Makina<\/title>\n<meta name=\"description\" content=\"Emme \u00dcnitesi VW 300 VACUUM WET at\u0131k su emme sistemi, kesme bulamac\u0131n\u0131 testere s\u0131ras\u0131nda derzlerden \u00e7abuk ve basit bir \u015fekilde \u00e7\u0131kar\u0131r.\" \/>\n<meta name=\"robots\" content=\"index, follow, max-snippet:-1, max-image-preview:large, max-video-preview:-1\" \/>\n<link rel=\"canonical\" href=\"https:\/\/www.usfen.com.tr\/urunler\/lissmac\/emme-uniteleri\/emme-uniteleri-vw-300\/\" \/>\n<meta property=\"og:locale\" content=\"en_US\" \/>\n<meta property=\"og:type\" content=\"article\" \/>\n<meta property=\"og:title\" content=\"Suction Unit VW 300 - \u00dcsfen Makina\" \/>\n<meta property=\"og:description\" content=\"Emme \u00dcnitesi VW 300 VACUUM WET at\u0131k su emme sistemi, kesme bulamac\u0131n\u0131 testere s\u0131ras\u0131nda derzlerden \u00e7abuk ve basit bir \u015fekilde \u00e7\u0131kar\u0131r.\" \/>\n<meta property=\"og:url\" content=\"https:\/\/www.usfen.com.tr\/urunler\/lissmac\/emme-uniteleri\/emme-uniteleri-vw-300\/\" \/>\n<meta property=\"og:site_name\" content=\"\u00dcsfen Makina\" \/>\n<meta property=\"article:publisher\" content=\"https:\/\/www.facebook.com\/%c3%9csfen-Makina-280420642481393\/\" \/>\n<meta property=\"article:modified_time\" content=\"2022-02-24T11:27:18+00:00\" \/>\n<meta name=\"twitter:card\" content=\"summary_large_image\" \/>\n<meta name=\"twitter:site\" content=\"@usfenmakina\" \/>\n<meta name=\"twitter:label1\" content=\"Est. reading time\" \/>\n\t<meta name=\"twitter:data1\" content=\"2 minutes\" \/>\n<script type=\"application\/ld+json\" class=\"yoast-schema-graph\">{\"@context\":\"https:\/\/schema.org\",\"@graph\":[{\"@type\":\"WebPage\",\"@id\":\"https:\/\/www.usfen.com.tr\/urunler\/lissmac\/emme-uniteleri\/emme-uniteleri-vw-300\/\",\"url\":\"https:\/\/www.usfen.com.tr\/urunler\/lissmac\/emme-uniteleri\/emme-uniteleri-vw-300\/\",\"name\":\"Suction Unit VW 300 - \u00dcsfen Makina\",\"isPartOf\":{\"@id\":\"https:\/\/www.usfen.com.tr\/#website\"},\"datePublished\":\"2018-04-23T12:25:07+00:00\",\"dateModified\":\"2022-02-24T11:27:18+00:00\",\"description\":\"Emme \u00dcnitesi VW 300 VACUUM WET at\u0131k su emme sistemi, kesme bulamac\u0131n\u0131 testere s\u0131ras\u0131nda derzlerden \u00e7abuk ve basit bir \u015fekilde \u00e7\u0131kar\u0131r.\",\"breadcrumb\":{\"@id\":\"https:\/\/www.usfen.com.tr\/urunler\/lissmac\/emme-uniteleri\/emme-uniteleri-vw-300\/#breadcrumb\"},\"inLanguage\":\"en-US\",\"potentialAction\":[{\"@type\":\"ReadAction\",\"target\":[\"https:\/\/www.usfen.com.tr\/urunler\/lissmac\/emme-uniteleri\/emme-uniteleri-vw-300\/\"]}]},{\"@type\":\"BreadcrumbList\",\"@id\":\"https:\/\/www.usfen.com.tr\/urunler\/lissmac\/emme-uniteleri\/emme-uniteleri-vw-300\/#breadcrumb\",\"itemListElement\":[{\"@type\":\"ListItem\",\"position\":1,\"name\":\"Ana sayfa\",\"item\":\"https:\/\/www.usfen.com.tr\/en\/\"},{\"@type\":\"ListItem\",\"position\":2,\"name\":\"Products\",\"item\":\"https:\/\/www.usfen.com.tr\/en\/sectoral-products\/\"},{\"@type\":\"ListItem\",\"position\":3,\"name\":\"Lissmac\",\"item\":\"https:\/\/www.usfen.com.tr\/en\/sectoral-products\/lissmac\/\"},{\"@type\":\"ListItem\",\"position\":4,\"name\":\"Suction Units\",\"item\":\"https:\/\/www.usfen.com.tr\/urunler\/lissmac\/emme-uniteleri\/\"},{\"@type\":\"ListItem\",\"position\":5,\"name\":\"Suction Unit VW 300\"}]},{\"@type\":\"WebSite\",\"@id\":\"https:\/\/www.usfen.com.tr\/#website\",\"url\":\"https:\/\/www.usfen.com.tr\/\",\"name\":\"\u00dcsfen Makina\",\"description\":\"M\u00fchendislik, Teknoloji \u00dcss\u00fc\",\"publisher\":{\"@id\":\"https:\/\/www.usfen.com.tr\/#organization\"},\"potentialAction\":[{\"@type\":\"SearchAction\",\"target\":{\"@type\":\"EntryPoint\",\"urlTemplate\":\"https:\/\/www.usfen.com.tr\/?s={search_term_string}\"},\"query-input\":\"required name=search_term_string\"}],\"inLanguage\":\"en-US\"},{\"@type\":\"Organization\",\"@id\":\"https:\/\/www.usfen.com.tr\/#organization\",\"name\":\"\u00dcsfen Makina\",\"url\":\"https:\/\/www.usfen.com.tr\/\",\"logo\":{\"@type\":\"ImageObject\",\"inLanguage\":\"en-US\",\"@id\":\"https:\/\/www.usfen.com.tr\/#\/schema\/logo\/image\/\",\"url\":\"https:\/\/www.usfen.com.tr\/wp-content\/uploads\/2017\/12\/usfen-logo-bg.png\",\"contentUrl\":\"https:\/\/www.usfen.com.tr\/wp-content\/uploads\/2017\/12\/usfen-logo-bg.png\",\"width\":400,\"height\":151,\"caption\":\"\u00dcsfen Makina\"},\"image\":{\"@id\":\"https:\/\/www.usfen.com.tr\/#\/schema\/logo\/image\/\"},\"sameAs\":[\"https:\/\/www.facebook.com\/\u00dcsfen-Makina-280420642481393\/\",\"https:\/\/twitter.com\/usfenmakina\",\"https:\/\/www.instagram.com\/usfenmakina\/\",\"https:\/\/www.linkedin.com\/company\/18375652\/\"]}]}<\/script>\n<!-- \/ Yoast SEO plugin. -->","yoast_head_json":{"title":"Suction Unit VW 300 - \u00dcsfen Makina","description":"Emme \u00dcnitesi VW 300 VACUUM WET at\u0131k su emme sistemi, kesme bulamac\u0131n\u0131 testere s\u0131ras\u0131nda derzlerden \u00e7abuk ve basit bir \u015fekilde \u00e7\u0131kar\u0131r.","robots":{"index":"index","follow":"follow","max-snippet":"max-snippet:-1","max-image-preview":"max-image-preview:large","max-video-preview":"max-video-preview:-1"},"canonical":"https:\/\/www.usfen.com.tr\/urunler\/lissmac\/emme-uniteleri\/emme-uniteleri-vw-300\/","og_locale":"en_US","og_type":"article","og_title":"Suction Unit VW 300 - \u00dcsfen Makina","og_description":"Emme \u00dcnitesi VW 300 VACUUM WET at\u0131k su emme sistemi, kesme bulamac\u0131n\u0131 testere s\u0131ras\u0131nda derzlerden \u00e7abuk ve basit bir \u015fekilde \u00e7\u0131kar\u0131r.","og_url":"https:\/\/www.usfen.com.tr\/urunler\/lissmac\/emme-uniteleri\/emme-uniteleri-vw-300\/","og_site_name":"\u00dcsfen Makina","article_publisher":"https:\/\/www.facebook.com\/%c3%9csfen-Makina-280420642481393\/","article_modified_time":"2022-02-24T11:27:18+00:00","twitter_card":"summary_large_image","twitter_site":"@usfenmakina","twitter_misc":{"Est. reading time":"2 minutes"},"schema":{"@context":"https:\/\/schema.org","@graph":[{"@type":"WebPage","@id":"https:\/\/www.usfen.com.tr\/urunler\/lissmac\/emme-uniteleri\/emme-uniteleri-vw-300\/","url":"https:\/\/www.usfen.com.tr\/urunler\/lissmac\/emme-uniteleri\/emme-uniteleri-vw-300\/","name":"Suction Unit VW 300 - \u00dcsfen Makina","isPartOf":{"@id":"https:\/\/www.usfen.com.tr\/#website"},"datePublished":"2018-04-23T12:25:07+00:00","dateModified":"2022-02-24T11:27:18+00:00","description":"Emme \u00dcnitesi VW 300 VACUUM WET at\u0131k su emme sistemi, kesme bulamac\u0131n\u0131 testere s\u0131ras\u0131nda derzlerden \u00e7abuk ve basit bir \u015fekilde \u00e7\u0131kar\u0131r.","breadcrumb":{"@id":"https:\/\/www.usfen.com.tr\/urunler\/lissmac\/emme-uniteleri\/emme-uniteleri-vw-300\/#breadcrumb"},"inLanguage":"en-US","potentialAction":[{"@type":"ReadAction","target":["https:\/\/www.usfen.com.tr\/urunler\/lissmac\/emme-uniteleri\/emme-uniteleri-vw-300\/"]}]},{"@type":"BreadcrumbList","@id":"https:\/\/www.usfen.com.tr\/urunler\/lissmac\/emme-uniteleri\/emme-uniteleri-vw-300\/#breadcrumb","itemListElement":[{"@type":"ListItem","position":1,"name":"Ana sayfa","item":"https:\/\/www.usfen.com.tr\/en\/"},{"@type":"ListItem","position":2,"name":"Products","item":"https:\/\/www.usfen.com.tr\/en\/sectoral-products\/"},{"@type":"ListItem","position":3,"name":"Lissmac","item":"https:\/\/www.usfen.com.tr\/en\/sectoral-products\/lissmac\/"},{"@type":"ListItem","position":4,"name":"Suction Units","item":"https:\/\/www.usfen.com.tr\/urunler\/lissmac\/emme-uniteleri\/"},{"@type":"ListItem","position":5,"name":"Suction Unit VW 300"}]},{"@type":"WebSite","@id":"https:\/\/www.usfen.com.tr\/#website","url":"https:\/\/www.usfen.com.tr\/","name":"\u00dcsfen Makina","description":"M\u00fchendislik, Teknoloji \u00dcss\u00fc","publisher":{"@id":"https:\/\/www.usfen.com.tr\/#organization"},"potentialAction":[{"@type":"SearchAction","target":{"@type":"EntryPoint","urlTemplate":"https:\/\/www.usfen.com.tr\/?s={search_term_string}"},"query-input":"required name=search_term_string"}],"inLanguage":"en-US"},{"@type":"Organization","@id":"https:\/\/www.usfen.com.tr\/#organization","name":"\u00dcsfen Makina","url":"https:\/\/www.usfen.com.tr\/","logo":{"@type":"ImageObject","inLanguage":"en-US","@id":"https:\/\/www.usfen.com.tr\/#\/schema\/logo\/image\/","url":"https:\/\/www.usfen.com.tr\/wp-content\/uploads\/2017\/12\/usfen-logo-bg.png","contentUrl":"https:\/\/www.usfen.com.tr\/wp-content\/uploads\/2017\/12\/usfen-logo-bg.png","width":400,"height":151,"caption":"\u00dcsfen Makina"},"image":{"@id":"https:\/\/www.usfen.com.tr\/#\/schema\/logo\/image\/"},"sameAs":["https:\/\/www.facebook.com\/\u00dcsfen-Makina-280420642481393\/","https:\/\/twitter.com\/usfenmakina","https:\/\/www.instagram.com\/usfenmakina\/","https:\/\/www.linkedin.com\/company\/18375652\/"]}]}},"jetpack_sharing_enabled":true,"_links":{"self":[{"href":"https:\/\/www.usfen.com.tr\/en\/wp-json\/wp\/v2\/pages\/7676"}],"collection":[{"href":"https:\/\/www.usfen.com.tr\/en\/wp-json\/wp\/v2\/pages"}],"about":[{"href":"https:\/\/www.usfen.com.tr\/en\/wp-json\/wp\/v2\/types\/page"}],"author":[{"embeddable":true,"href":"https:\/\/www.usfen.com.tr\/en\/wp-json\/wp\/v2\/users\/2"}],"replies":[{"embeddable":true,"href":"https:\/\/www.usfen.com.tr\/en\/wp-json\/wp\/v2\/comments?post=7676"}],"version-history":[{"count":2,"href":"https:\/\/www.usfen.com.tr\/en\/wp-json\/wp\/v2\/pages\/7676\/revisions"}],"predecessor-version":[{"id":8168,"href":"https:\/\/www.usfen.com.tr\/en\/wp-json\/wp\/v2\/pages\/7676\/revisions\/8168"}],"up":[{"embeddable":true,"href":"https:\/\/www.usfen.com.tr\/en\/wp-json\/wp\/v2\/pages\/7741"}],"wp:attachment":[{"href":"https:\/\/www.usfen.com.tr\/en\/wp-json\/wp\/v2\/media?parent=7676"}],"curies":[{"name":"wp","href":"https:\/\/api.w.org\/{rel}","templated":true}]}}