{"id":7704,"date":"2018-04-21T23:53:08","date_gmt":"2018-04-21T20:53:08","guid":{"rendered":"http:\/\/www.usfen.com.tr\/calisma-platformu-mab-3001\/"},"modified":"2022-03-18T20:10:16","modified_gmt":"2022-03-18T17:10:16","slug":"working-platform-mab-3001","status":"publish","type":"page","link":"https:\/\/www.usfen.com.tr\/en\/sectoral-products\/working-platforms\/working-platform-mab-3001\/","title":{"rendered":"Working Platform MAB 3001"},"content":{"rendered":"<p>[vc_row][vc_column][vc_tta_tabs spacing=&#8221;2&#8243; alignment=&#8221;center&#8221; active_section=&#8221;1&#8243;][vc_tta_section title=&#8221;WORKING PLATFORM MAB 3001&#8243; tab_id=&#8221;1514199267873-513b7fb0-0274e7cc-9afb13e7-12db12f9-8adae640-6a94&#8243;][vc_row_inner][vc_column_inner]<div class=\"mgt-header-block clearfix text-left text-black wpb_content_element  mgt-header-block-style-1 mgt-header-texttransform-header  vc_custom_1647624126453\"><h2 class=\"mgt-header-block-title\">WORKING PLATFORM MAB 3001<\/h2><p class=\"mgt-header-block-subtitle\">Product Features<\/p><div class=\"mgt-header-line\"><\/div><\/div>[\/vc_column_inner][\/vc_row_inner][vc_row_inner][vc_column_inner width=&#8221;1\/2&#8243;][vc_gallery type=&#8221;flexslider_slide&#8221; interval=&#8221;0&#8243; images=&#8221;4752,4753,4754,4755,4756,4757,4758,4759,4760,4761,4762&#8243; img_size=&#8221;large&#8221;][\/vc_column_inner][vc_column_inner width=&#8221;1\/2&#8243;][vc_column_text]<\/p>\n<div itemprop=\"description\">\n<p>The LISSMAC masonry working platform sets exemplary benchmarks in economy, cost reduction and operating simplicity. The MAB supports the worker with both ergonomics and workflow. Short set-up times allow for flexible application.<\/p>\n<\/div>\n<p>[\/vc_column_text][\/vc_column_inner][\/vc_row_inner][vc_toggle title=&#8221;Description&#8221; open=&#8221;true&#8221; el_id=&#8221;1514218984874-193c5caf-e939&#8243;]Galvanized base frame, truss feet and platform (torsion-free design with thick panels)<br \/>\nIt can be extended continuously up to 1 m using three identical drawers for optimal adjustment to any floor.<br \/>\nAnti-slip aluminum checker plate<br \/>\nPhase control comes as standard feature<br \/>\nLow tare weight<br \/>\nComes with foot pedal for flexibly adjustable height adjustment &#8211; selectable manual controller<br \/>\nMinimum installation times &#8211; easy and fast assembly \/ disassembly of the work platform<br \/>\nDouble acting hydraulic cylinder with safety valve<br \/>\nOptimum weight distribution due to a supporting base frame and exact placement on the symmetrically arranged cylinders<br \/>\nOptional attachable wheelset for easy and quick movement of the platform &#8211; the load point on the wheelset is given above.<br \/>\nConstant load capacity over the entire lift height<br \/>\nCentral electrical control cabinet with 400 V connection to add additional platforms<\/p>\n<p>According to C STANDARD EN 280, we expressly declare that all masonry work platforms can only be used with guardrails without exception.<\/p>\n<p>It can be retro-mounted with optionally available base frames for MABs and, if necessary, a guard rail.<\/p>\n<p>All LISSMAC wall work platforms comply with the latest industry Machinery and Safety codes.[\/vc_toggle][vc_toggle title=&#8221;Technical Data&#8221;]<\/p>\n<h3>MAB 3001<\/h3>\n<table cellspacing=\"0\" cellpadding=\"0\">\n<tbody>\n<tr>\n<td>length<\/td>\n<td>4,1 m<\/td>\n<\/tr>\n<tr>\n<td>length with extendable catwalks left\/right<\/td>\n<td>6 m<\/td>\n<\/tr>\n<tr>\n<td>width<\/td>\n<td>1,62 m<\/td>\n<\/tr>\n<tr>\n<td>lifting height<\/td>\n<td>0,57 &#8211; 3,00 m<\/td>\n<\/tr>\n<tr>\n<td>lifting speed<\/td>\n<td>2,1 m\/min<\/td>\n<\/tr>\n<tr>\n<td>weight<\/td>\n<td>1240 kg<\/td>\n<\/tr>\n<tr>\n<td>drive<\/td>\n<td>electric\/hydraulic<\/td>\n<\/tr>\n<tr>\n<td>carrying\/lifting capacity<\/td>\n<td>3000 kg<\/td>\n<\/tr>\n<tr>\n<td>carrying extraction<\/td>\n<td>150 kg \/ extraction<\/td>\n<\/tr>\n<tr>\n<td>undercarriages<\/td>\n<td>height max. 2.5 m<\/td>\n<\/tr>\n<tr>\n<td>voltage<\/td>\n<td>400 V \/ 16 A<\/td>\n<\/tr>\n<tr>\n<td>control<\/td>\n<td>foot pedal<\/td>\n<\/tr>\n<\/tbody>\n<\/table>\n<p>[\/vc_toggle][vc_toggle title=&#8221;Video&#8221; el_id=&#8221;1514219102466-71ea4d31-99ce&#8221;]<iframe loading=\"lazy\" src=\"https:\/\/www.youtube.com\/embed\/TljlIfZNIEM\" width=\"560\" height=\"315\" frameborder=\"0\" allowfullscreen=\"allowfullscreen\"><\/iframe>[\/vc_toggle][\/vc_tta_section][\/vc_tta_tabs][\/vc_column][\/vc_row]<\/p>\n","protected":false},"excerpt":{"rendered":"<p>[vc_row][vc_column][vc_tta_tabs spacing=&#8221;2&#8243; alignment=&#8221;center&#8221; active_section=&#8221;1&#8243;][vc_tta_section title=&#8221;WORKING PLATFORM MAB 3001&#8243; tab_id=&#8221;1514199267873-513b7fb0-0274e7cc-9afb13e7-12db12f9-8adae640-6a94&#8243;][vc_row_inner][vc_column_inner][\/vc_column_inner][\/vc_row_inner][vc_row_inner][vc_column_inner width=&#8221;1\/2&#8243;][vc_gallery type=&#8221;flexslider_slide&#8221; interval=&#8221;0&#8243; images=&#8221;4752,4753,4754,4755,4756,4757,4758,4759,4760,4761,4762&#8243; img_size=&#8221;large&#8221;][\/vc_column_inner][vc_column_inner width=&#8221;1\/2&#8243;][vc_column_text] The LISSMAC masonry working platform sets exemplary benchmarks in economy, cost reduction and operating simplicity&#8230;.<\/p>\n","protected":false},"author":2,"featured_media":0,"parent":7735,"menu_order":0,"comment_status":"closed","ping_status":"closed","template":"","meta":{"footnotes":""},"yoast_head":"<!-- This site is optimized with the Yoast SEO plugin v22.2 - https:\/\/yoast.com\/wordpress\/plugins\/seo\/ -->\n<title>Working Platform MAB 3001 - \u00dcsfen Makina<\/title>\n<meta name=\"robots\" content=\"index, follow, max-snippet:-1, max-image-preview:large, max-video-preview:-1\" \/>\n<link rel=\"canonical\" href=\"https:\/\/www.usfen.com.tr\/urunler\/calisma-platformlari\/calisma-platformu-mab-3001\/\" \/>\n<meta property=\"og:locale\" content=\"en_US\" \/>\n<meta property=\"og:type\" content=\"article\" \/>\n<meta property=\"og:title\" content=\"Working Platform MAB 3001 - \u00dcsfen Makina\" \/>\n<meta property=\"og:description\" content=\"[vc_row][vc_column][vc_tta_tabs spacing=&#8221;2&#8243; alignment=&#8221;center&#8221; active_section=&#8221;1&#8243;][vc_tta_section title=&#8221;WORKING PLATFORM MAB 3001&#8243; tab_id=&#8221;1514199267873-513b7fb0-0274e7cc-9afb13e7-12db12f9-8adae640-6a94&#8243;][vc_row_inner][vc_column_inner][\/vc_column_inner][\/vc_row_inner][vc_row_inner][vc_column_inner width=&#8221;1\/2&#8243;][vc_gallery type=&#8221;flexslider_slide&#8221; interval=&#8221;0&#8243; images=&#8221;4752,4753,4754,4755,4756,4757,4758,4759,4760,4761,4762&#8243; img_size=&#8221;large&#8221;][\/vc_column_inner][vc_column_inner width=&#8221;1\/2&#8243;][vc_column_text] The LISSMAC masonry working platform sets exemplary benchmarks in economy, cost reduction and operating simplicity....\" \/>\n<meta property=\"og:url\" content=\"https:\/\/www.usfen.com.tr\/urunler\/calisma-platformlari\/calisma-platformu-mab-3001\/\" \/>\n<meta property=\"og:site_name\" content=\"\u00dcsfen Makina\" \/>\n<meta property=\"article:publisher\" content=\"https:\/\/www.facebook.com\/%c3%9csfen-Makina-280420642481393\/\" \/>\n<meta property=\"article:modified_time\" content=\"2022-03-18T17:10:16+00:00\" \/>\n<meta name=\"twitter:card\" content=\"summary_large_image\" \/>\n<meta name=\"twitter:site\" content=\"@usfenmakina\" \/>\n<meta name=\"twitter:label1\" content=\"Est. reading time\" \/>\n\t<meta name=\"twitter:data1\" content=\"2 minutes\" \/>\n<script type=\"application\/ld+json\" class=\"yoast-schema-graph\">{\"@context\":\"https:\/\/schema.org\",\"@graph\":[{\"@type\":\"WebPage\",\"@id\":\"https:\/\/www.usfen.com.tr\/urunler\/calisma-platformlari\/calisma-platformu-mab-3001\/\",\"url\":\"https:\/\/www.usfen.com.tr\/urunler\/calisma-platformlari\/calisma-platformu-mab-3001\/\",\"name\":\"Working Platform MAB 3001 - \u00dcsfen Makina\",\"isPartOf\":{\"@id\":\"https:\/\/www.usfen.com.tr\/#website\"},\"datePublished\":\"2018-04-21T20:53:08+00:00\",\"dateModified\":\"2022-03-18T17:10:16+00:00\",\"breadcrumb\":{\"@id\":\"https:\/\/www.usfen.com.tr\/urunler\/calisma-platformlari\/calisma-platformu-mab-3001\/#breadcrumb\"},\"inLanguage\":\"en-US\",\"potentialAction\":[{\"@type\":\"ReadAction\",\"target\":[\"https:\/\/www.usfen.com.tr\/urunler\/calisma-platformlari\/calisma-platformu-mab-3001\/\"]}]},{\"@type\":\"BreadcrumbList\",\"@id\":\"https:\/\/www.usfen.com.tr\/urunler\/calisma-platformlari\/calisma-platformu-mab-3001\/#breadcrumb\",\"itemListElement\":[{\"@type\":\"ListItem\",\"position\":1,\"name\":\"Ana sayfa\",\"item\":\"https:\/\/www.usfen.com.tr\/en\/\"},{\"@type\":\"ListItem\",\"position\":2,\"name\":\"Products\",\"item\":\"https:\/\/www.usfen.com.tr\/en\/sectoral-products\/\"},{\"@type\":\"ListItem\",\"position\":3,\"name\":\"Working Platforms\",\"item\":\"https:\/\/www.usfen.com.tr\/en\/sectoral-products\/working-platforms\/\"},{\"@type\":\"ListItem\",\"position\":4,\"name\":\"Working Platform MAB 3001\"}]},{\"@type\":\"WebSite\",\"@id\":\"https:\/\/www.usfen.com.tr\/#website\",\"url\":\"https:\/\/www.usfen.com.tr\/\",\"name\":\"\u00dcsfen Makina\",\"description\":\"M\u00fchendislik, Teknoloji \u00dcss\u00fc\",\"publisher\":{\"@id\":\"https:\/\/www.usfen.com.tr\/#organization\"},\"potentialAction\":[{\"@type\":\"SearchAction\",\"target\":{\"@type\":\"EntryPoint\",\"urlTemplate\":\"https:\/\/www.usfen.com.tr\/?s={search_term_string}\"},\"query-input\":\"required name=search_term_string\"}],\"inLanguage\":\"en-US\"},{\"@type\":\"Organization\",\"@id\":\"https:\/\/www.usfen.com.tr\/#organization\",\"name\":\"\u00dcsfen Makina\",\"url\":\"https:\/\/www.usfen.com.tr\/\",\"logo\":{\"@type\":\"ImageObject\",\"inLanguage\":\"en-US\",\"@id\":\"https:\/\/www.usfen.com.tr\/#\/schema\/logo\/image\/\",\"url\":\"https:\/\/www.usfen.com.tr\/wp-content\/uploads\/2017\/12\/usfen-logo-bg.png\",\"contentUrl\":\"https:\/\/www.usfen.com.tr\/wp-content\/uploads\/2017\/12\/usfen-logo-bg.png\",\"width\":400,\"height\":151,\"caption\":\"\u00dcsfen Makina\"},\"image\":{\"@id\":\"https:\/\/www.usfen.com.tr\/#\/schema\/logo\/image\/\"},\"sameAs\":[\"https:\/\/www.facebook.com\/\u00dcsfen-Makina-280420642481393\/\",\"https:\/\/twitter.com\/usfenmakina\",\"https:\/\/www.instagram.com\/usfenmakina\/\",\"https:\/\/www.linkedin.com\/company\/18375652\/\"]}]}<\/script>\n<!-- \/ Yoast SEO plugin. -->","yoast_head_json":{"title":"Working Platform MAB 3001 - \u00dcsfen Makina","robots":{"index":"index","follow":"follow","max-snippet":"max-snippet:-1","max-image-preview":"max-image-preview:large","max-video-preview":"max-video-preview:-1"},"canonical":"https:\/\/www.usfen.com.tr\/urunler\/calisma-platformlari\/calisma-platformu-mab-3001\/","og_locale":"en_US","og_type":"article","og_title":"Working Platform MAB 3001 - \u00dcsfen Makina","og_description":"[vc_row][vc_column][vc_tta_tabs spacing=&#8221;2&#8243; alignment=&#8221;center&#8221; active_section=&#8221;1&#8243;][vc_tta_section title=&#8221;WORKING PLATFORM MAB 3001&#8243; tab_id=&#8221;1514199267873-513b7fb0-0274e7cc-9afb13e7-12db12f9-8adae640-6a94&#8243;][vc_row_inner][vc_column_inner][\/vc_column_inner][\/vc_row_inner][vc_row_inner][vc_column_inner width=&#8221;1\/2&#8243;][vc_gallery type=&#8221;flexslider_slide&#8221; interval=&#8221;0&#8243; images=&#8221;4752,4753,4754,4755,4756,4757,4758,4759,4760,4761,4762&#8243; img_size=&#8221;large&#8221;][\/vc_column_inner][vc_column_inner width=&#8221;1\/2&#8243;][vc_column_text] The LISSMAC masonry working platform sets exemplary benchmarks in economy, cost reduction and operating simplicity....","og_url":"https:\/\/www.usfen.com.tr\/urunler\/calisma-platformlari\/calisma-platformu-mab-3001\/","og_site_name":"\u00dcsfen Makina","article_publisher":"https:\/\/www.facebook.com\/%c3%9csfen-Makina-280420642481393\/","article_modified_time":"2022-03-18T17:10:16+00:00","twitter_card":"summary_large_image","twitter_site":"@usfenmakina","twitter_misc":{"Est. reading time":"2 minutes"},"schema":{"@context":"https:\/\/schema.org","@graph":[{"@type":"WebPage","@id":"https:\/\/www.usfen.com.tr\/urunler\/calisma-platformlari\/calisma-platformu-mab-3001\/","url":"https:\/\/www.usfen.com.tr\/urunler\/calisma-platformlari\/calisma-platformu-mab-3001\/","name":"Working Platform MAB 3001 - \u00dcsfen Makina","isPartOf":{"@id":"https:\/\/www.usfen.com.tr\/#website"},"datePublished":"2018-04-21T20:53:08+00:00","dateModified":"2022-03-18T17:10:16+00:00","breadcrumb":{"@id":"https:\/\/www.usfen.com.tr\/urunler\/calisma-platformlari\/calisma-platformu-mab-3001\/#breadcrumb"},"inLanguage":"en-US","potentialAction":[{"@type":"ReadAction","target":["https:\/\/www.usfen.com.tr\/urunler\/calisma-platformlari\/calisma-platformu-mab-3001\/"]}]},{"@type":"BreadcrumbList","@id":"https:\/\/www.usfen.com.tr\/urunler\/calisma-platformlari\/calisma-platformu-mab-3001\/#breadcrumb","itemListElement":[{"@type":"ListItem","position":1,"name":"Ana sayfa","item":"https:\/\/www.usfen.com.tr\/en\/"},{"@type":"ListItem","position":2,"name":"Products","item":"https:\/\/www.usfen.com.tr\/en\/sectoral-products\/"},{"@type":"ListItem","position":3,"name":"Working Platforms","item":"https:\/\/www.usfen.com.tr\/en\/sectoral-products\/working-platforms\/"},{"@type":"ListItem","position":4,"name":"Working Platform MAB 3001"}]},{"@type":"WebSite","@id":"https:\/\/www.usfen.com.tr\/#website","url":"https:\/\/www.usfen.com.tr\/","name":"\u00dcsfen Makina","description":"M\u00fchendislik, Teknoloji \u00dcss\u00fc","publisher":{"@id":"https:\/\/www.usfen.com.tr\/#organization"},"potentialAction":[{"@type":"SearchAction","target":{"@type":"EntryPoint","urlTemplate":"https:\/\/www.usfen.com.tr\/?s={search_term_string}"},"query-input":"required name=search_term_string"}],"inLanguage":"en-US"},{"@type":"Organization","@id":"https:\/\/www.usfen.com.tr\/#organization","name":"\u00dcsfen Makina","url":"https:\/\/www.usfen.com.tr\/","logo":{"@type":"ImageObject","inLanguage":"en-US","@id":"https:\/\/www.usfen.com.tr\/#\/schema\/logo\/image\/","url":"https:\/\/www.usfen.com.tr\/wp-content\/uploads\/2017\/12\/usfen-logo-bg.png","contentUrl":"https:\/\/www.usfen.com.tr\/wp-content\/uploads\/2017\/12\/usfen-logo-bg.png","width":400,"height":151,"caption":"\u00dcsfen Makina"},"image":{"@id":"https:\/\/www.usfen.com.tr\/#\/schema\/logo\/image\/"},"sameAs":["https:\/\/www.facebook.com\/\u00dcsfen-Makina-280420642481393\/","https:\/\/twitter.com\/usfenmakina","https:\/\/www.instagram.com\/usfenmakina\/","https:\/\/www.linkedin.com\/company\/18375652\/"]}]}},"jetpack_sharing_enabled":true,"_links":{"self":[{"href":"https:\/\/www.usfen.com.tr\/en\/wp-json\/wp\/v2\/pages\/7704"}],"collection":[{"href":"https:\/\/www.usfen.com.tr\/en\/wp-json\/wp\/v2\/pages"}],"about":[{"href":"https:\/\/www.usfen.com.tr\/en\/wp-json\/wp\/v2\/types\/page"}],"author":[{"embeddable":true,"href":"https:\/\/www.usfen.com.tr\/en\/wp-json\/wp\/v2\/users\/2"}],"replies":[{"embeddable":true,"href":"https:\/\/www.usfen.com.tr\/en\/wp-json\/wp\/v2\/comments?post=7704"}],"version-history":[{"count":3,"href":"https:\/\/www.usfen.com.tr\/en\/wp-json\/wp\/v2\/pages\/7704\/revisions"}],"predecessor-version":[{"id":8348,"href":"https:\/\/www.usfen.com.tr\/en\/wp-json\/wp\/v2\/pages\/7704\/revisions\/8348"}],"up":[{"embeddable":true,"href":"https:\/\/www.usfen.com.tr\/en\/wp-json\/wp\/v2\/pages\/7735"}],"wp:attachment":[{"href":"https:\/\/www.usfen.com.tr\/en\/wp-json\/wp\/v2\/media?parent=7704"}],"curies":[{"name":"wp","href":"https:\/\/api.w.org\/{rel}","templated":true}]}}