{"id":7706,"date":"2018-04-21T23:30:02","date_gmt":"2018-04-21T20:30:02","guid":{"rendered":"http:\/\/www.usfen.com.tr\/calisma-platformu-mab-2001\/"},"modified":"2022-02-24T14:50:16","modified_gmt":"2022-02-24T11:50:16","slug":"working-platform-mab-2001","status":"publish","type":"page","link":"https:\/\/www.usfen.com.tr\/en\/sectoral-products\/working-platforms\/working-platform-mab-2001\/","title":{"rendered":"Working Platform MAB 2001"},"content":{"rendered":"<p>[vc_row][vc_column][vc_tta_tabs spacing=&#8221;2&#8243; alignment=&#8221;center&#8221; active_section=&#8221;1&#8243;][vc_tta_section title=&#8221;WORKING PLATFORM MAB 2001&#8243; tab_id=&#8221;1514199267873-513b7fb0-0274e7cc-9afb13e7-12db12f9-8ada255b-2a49&#8243;][vc_row_inner][vc_column_inner]<div class=\"mgt-header-block clearfix text-left text-black wpb_content_element  mgt-header-block-style-1 mgt-header-texttransform-header  vc_custom_1645704151155\"><h2 class=\"mgt-header-block-title\">WORKING PLATFORM MAB 2001<\/h2><p class=\"mgt-header-block-subtitle\">Product Features<\/p><div class=\"mgt-header-line\"><\/div><\/div>[\/vc_column_inner][\/vc_row_inner][vc_row_inner][vc_column_inner width=&#8221;1\/2&#8243;][vc_gallery type=&#8221;flexslider_slide&#8221; interval=&#8221;0&#8243; images=&#8221;4725,4726,4727,4728,4729,4730,4731,4732,4733,4734,4735&#8243; img_size=&#8221;large&#8221;][\/vc_column_inner][vc_column_inner width=&#8221;1\/2&#8243;][vc_column_text]<\/p>\n<div itemprop=\"description\">\n<p>The LISSMAC masonry working platform sets exemplary benchmarks in economy, cost reduction and operating simplicity. The MAB supports the worker with both ergonomics and workflow. Short set-up times allow for flexible application.<\/p>\n<\/div>\n<p>[\/vc_column_text][\/vc_column_inner][\/vc_row_inner][vc_toggle title=&#8221;Description&#8221; open=&#8221;true&#8221; el_id=&#8221;1514218984874-193c5caf-e939&#8243;]<\/p>\n<ul>\n<li>Minimal setup times &#8211; easy and quick assembly\/disassembly of the working platform<\/li>\n<li>Optimum weight distribution due to the large supporting base frame and symmetrically arranged cylinders<\/li>\n<li>Optionally available wheel set for easy and quick moving of the platform \u2013 no point loading as the wheel set is placed above<\/li>\n<li>Constant load capacity over the entire lifting height<\/li>\n<li>Centrally located electrical control cabinet for adding additional platforms<\/li>\n<li>Optimum adaptation to construction site conditions via side bulb extensions<\/li>\n<li>Anti-slip chequer plate for a secure hold<\/li>\n<li>Double acting hydraulic cylinder with safety valve (Hydraulic release during transport)<\/li>\n<li>Railings can be easily transported using a railing rack<\/li>\n<li>Manual control device or foot pedal possible<\/li>\n<\/ul>\n<p>We expressly point out that according to\u00a0<strong>Machinery Directive 2006\/42\/EC<\/strong>, masonry work platforms may only be used with railings, without exception.[\/vc_toggle][vc_toggle title=&#8221;Technical Data&#8221;]<\/p>\n<h3>MAB 2001<\/h3>\n<table cellspacing=\"0\" cellpadding=\"0\">\n<tbody>\n<tr>\n<td>length<\/td>\n<td>3,1 m<\/td>\n<\/tr>\n<tr>\n<td>length with extendable catwalks left\/right<\/td>\n<td>5 m<\/td>\n<\/tr>\n<tr>\n<td>width<\/td>\n<td>1,62 m<\/td>\n<\/tr>\n<tr>\n<td>lifting height<\/td>\n<td>0,49 &#8211; 1,99 m<\/td>\n<\/tr>\n<tr>\n<td>lifting speed<\/td>\n<td>1,5 m\/min<\/td>\n<\/tr>\n<tr>\n<td>weight<\/td>\n<td>960 kg<\/td>\n<\/tr>\n<tr>\n<td>drive<\/td>\n<td>electric\/hydraulic<\/td>\n<\/tr>\n<tr>\n<td>carrying\/lifting capacity<\/td>\n<td>2000 kg<\/td>\n<\/tr>\n<tr>\n<td>carrying extraction<\/td>\n<td>150 kg \/ extraction<\/td>\n<\/tr>\n<tr>\n<td>undercarriages<\/td>\n<td>height max. 2.5 m<\/td>\n<\/tr>\n<tr>\n<td>voltage<\/td>\n<td>400 V \/ 16 A<\/td>\n<\/tr>\n<tr>\n<td>control<\/td>\n<td>foot pedal<\/td>\n<\/tr>\n<\/tbody>\n<\/table>\n<p>[\/vc_toggle][vc_toggle title=&#8221;Video&#8221; el_id=&#8221;1514219102466-71ea4d31-99ce&#8221;]<iframe loading=\"lazy\" src=\"https:\/\/www.youtube.com\/embed\/TljlIfZNIEM\" width=\"560\" height=\"315\" frameborder=\"0\" allowfullscreen=\"allowfullscreen\"><\/iframe>[\/vc_toggle][\/vc_tta_section][\/vc_tta_tabs][\/vc_column][\/vc_row]<\/p>\n","protected":false},"excerpt":{"rendered":"<p>[vc_row][vc_column][vc_tta_tabs spacing=&#8221;2&#8243; alignment=&#8221;center&#8221; active_section=&#8221;1&#8243;][vc_tta_section title=&#8221;WORKING PLATFORM MAB 2001&#8243; tab_id=&#8221;1514199267873-513b7fb0-0274e7cc-9afb13e7-12db12f9-8ada255b-2a49&#8243;][vc_row_inner][vc_column_inner][\/vc_column_inner][\/vc_row_inner][vc_row_inner][vc_column_inner width=&#8221;1\/2&#8243;][vc_gallery type=&#8221;flexslider_slide&#8221; interval=&#8221;0&#8243; images=&#8221;4725,4726,4727,4728,4729,4730,4731,4732,4733,4734,4735&#8243; img_size=&#8221;large&#8221;][\/vc_column_inner][vc_column_inner width=&#8221;1\/2&#8243;][vc_column_text] The LISSMAC masonry working platform sets exemplary benchmarks in economy, cost reduction and operating simplicity&#8230;.<\/p>\n","protected":false},"author":2,"featured_media":0,"parent":7735,"menu_order":0,"comment_status":"closed","ping_status":"closed","template":"","meta":{"footnotes":""},"yoast_head":"<!-- This site is optimized with the Yoast SEO plugin v22.2 - https:\/\/yoast.com\/wordpress\/plugins\/seo\/ -->\n<title>Working Platform MAB 2001 - \u00dcsfen Makina<\/title>\n<meta name=\"description\" content=\"\u00c7al\u0131\u015fma Platformu MAB 2001 LISSMAC duvarc\u0131l\u0131k \u00e7al\u0131\u015fma platformu, ekonomide \u00f6rnek \u00f6l\u00e7\u00fctler, maliyet azaltma ve i\u015fletim kolayl\u0131\u011f\u0131 sa\u011flar.\" \/>\n<meta name=\"robots\" content=\"index, follow, max-snippet:-1, max-image-preview:large, max-video-preview:-1\" \/>\n<link rel=\"canonical\" href=\"https:\/\/www.usfen.com.tr\/urunler\/calisma-platformlari\/calisma-platformu-mab-2001\/\" \/>\n<meta property=\"og:locale\" content=\"en_US\" \/>\n<meta property=\"og:type\" content=\"article\" \/>\n<meta property=\"og:title\" content=\"Working Platform MAB 2001 - \u00dcsfen Makina\" \/>\n<meta property=\"og:description\" content=\"\u00c7al\u0131\u015fma Platformu MAB 2001 LISSMAC duvarc\u0131l\u0131k \u00e7al\u0131\u015fma platformu, ekonomide \u00f6rnek \u00f6l\u00e7\u00fctler, maliyet azaltma ve i\u015fletim kolayl\u0131\u011f\u0131 sa\u011flar.\" \/>\n<meta property=\"og:url\" content=\"https:\/\/www.usfen.com.tr\/urunler\/calisma-platformlari\/calisma-platformu-mab-2001\/\" \/>\n<meta property=\"og:site_name\" content=\"\u00dcsfen Makina\" \/>\n<meta property=\"article:publisher\" content=\"https:\/\/www.facebook.com\/%c3%9csfen-Makina-280420642481393\/\" \/>\n<meta property=\"article:modified_time\" content=\"2022-02-24T11:50:16+00:00\" \/>\n<meta name=\"twitter:card\" content=\"summary_large_image\" \/>\n<meta name=\"twitter:site\" content=\"@usfenmakina\" \/>\n<meta name=\"twitter:label1\" content=\"Est. reading time\" \/>\n\t<meta name=\"twitter:data1\" content=\"2 minutes\" \/>\n<script type=\"application\/ld+json\" class=\"yoast-schema-graph\">{\"@context\":\"https:\/\/schema.org\",\"@graph\":[{\"@type\":\"WebPage\",\"@id\":\"https:\/\/www.usfen.com.tr\/urunler\/calisma-platformlari\/calisma-platformu-mab-2001\/\",\"url\":\"https:\/\/www.usfen.com.tr\/urunler\/calisma-platformlari\/calisma-platformu-mab-2001\/\",\"name\":\"Working Platform MAB 2001 - \u00dcsfen Makina\",\"isPartOf\":{\"@id\":\"https:\/\/www.usfen.com.tr\/#website\"},\"datePublished\":\"2018-04-21T20:30:02+00:00\",\"dateModified\":\"2022-02-24T11:50:16+00:00\",\"description\":\"\u00c7al\u0131\u015fma Platformu MAB 2001 LISSMAC duvarc\u0131l\u0131k \u00e7al\u0131\u015fma platformu, ekonomide \u00f6rnek \u00f6l\u00e7\u00fctler, maliyet azaltma ve i\u015fletim kolayl\u0131\u011f\u0131 sa\u011flar.\",\"breadcrumb\":{\"@id\":\"https:\/\/www.usfen.com.tr\/urunler\/calisma-platformlari\/calisma-platformu-mab-2001\/#breadcrumb\"},\"inLanguage\":\"en-US\",\"potentialAction\":[{\"@type\":\"ReadAction\",\"target\":[\"https:\/\/www.usfen.com.tr\/urunler\/calisma-platformlari\/calisma-platformu-mab-2001\/\"]}]},{\"@type\":\"BreadcrumbList\",\"@id\":\"https:\/\/www.usfen.com.tr\/urunler\/calisma-platformlari\/calisma-platformu-mab-2001\/#breadcrumb\",\"itemListElement\":[{\"@type\":\"ListItem\",\"position\":1,\"name\":\"Ana sayfa\",\"item\":\"https:\/\/www.usfen.com.tr\/en\/\"},{\"@type\":\"ListItem\",\"position\":2,\"name\":\"Products\",\"item\":\"https:\/\/www.usfen.com.tr\/en\/sectoral-products\/\"},{\"@type\":\"ListItem\",\"position\":3,\"name\":\"Working Platforms\",\"item\":\"https:\/\/www.usfen.com.tr\/en\/sectoral-products\/working-platforms\/\"},{\"@type\":\"ListItem\",\"position\":4,\"name\":\"Working Platform MAB 2001\"}]},{\"@type\":\"WebSite\",\"@id\":\"https:\/\/www.usfen.com.tr\/#website\",\"url\":\"https:\/\/www.usfen.com.tr\/\",\"name\":\"\u00dcsfen Makina\",\"description\":\"M\u00fchendislik, Teknoloji \u00dcss\u00fc\",\"publisher\":{\"@id\":\"https:\/\/www.usfen.com.tr\/#organization\"},\"potentialAction\":[{\"@type\":\"SearchAction\",\"target\":{\"@type\":\"EntryPoint\",\"urlTemplate\":\"https:\/\/www.usfen.com.tr\/?s={search_term_string}\"},\"query-input\":\"required name=search_term_string\"}],\"inLanguage\":\"en-US\"},{\"@type\":\"Organization\",\"@id\":\"https:\/\/www.usfen.com.tr\/#organization\",\"name\":\"\u00dcsfen Makina\",\"url\":\"https:\/\/www.usfen.com.tr\/\",\"logo\":{\"@type\":\"ImageObject\",\"inLanguage\":\"en-US\",\"@id\":\"https:\/\/www.usfen.com.tr\/#\/schema\/logo\/image\/\",\"url\":\"https:\/\/www.usfen.com.tr\/wp-content\/uploads\/2017\/12\/usfen-logo-bg.png\",\"contentUrl\":\"https:\/\/www.usfen.com.tr\/wp-content\/uploads\/2017\/12\/usfen-logo-bg.png\",\"width\":400,\"height\":151,\"caption\":\"\u00dcsfen Makina\"},\"image\":{\"@id\":\"https:\/\/www.usfen.com.tr\/#\/schema\/logo\/image\/\"},\"sameAs\":[\"https:\/\/www.facebook.com\/\u00dcsfen-Makina-280420642481393\/\",\"https:\/\/twitter.com\/usfenmakina\",\"https:\/\/www.instagram.com\/usfenmakina\/\",\"https:\/\/www.linkedin.com\/company\/18375652\/\"]}]}<\/script>\n<!-- \/ Yoast SEO plugin. -->","yoast_head_json":{"title":"Working Platform MAB 2001 - \u00dcsfen Makina","description":"\u00c7al\u0131\u015fma Platformu MAB 2001 LISSMAC duvarc\u0131l\u0131k \u00e7al\u0131\u015fma platformu, ekonomide \u00f6rnek \u00f6l\u00e7\u00fctler, maliyet azaltma ve i\u015fletim kolayl\u0131\u011f\u0131 sa\u011flar.","robots":{"index":"index","follow":"follow","max-snippet":"max-snippet:-1","max-image-preview":"max-image-preview:large","max-video-preview":"max-video-preview:-1"},"canonical":"https:\/\/www.usfen.com.tr\/urunler\/calisma-platformlari\/calisma-platformu-mab-2001\/","og_locale":"en_US","og_type":"article","og_title":"Working Platform MAB 2001 - \u00dcsfen Makina","og_description":"\u00c7al\u0131\u015fma Platformu MAB 2001 LISSMAC duvarc\u0131l\u0131k \u00e7al\u0131\u015fma platformu, ekonomide \u00f6rnek \u00f6l\u00e7\u00fctler, maliyet azaltma ve i\u015fletim kolayl\u0131\u011f\u0131 sa\u011flar.","og_url":"https:\/\/www.usfen.com.tr\/urunler\/calisma-platformlari\/calisma-platformu-mab-2001\/","og_site_name":"\u00dcsfen Makina","article_publisher":"https:\/\/www.facebook.com\/%c3%9csfen-Makina-280420642481393\/","article_modified_time":"2022-02-24T11:50:16+00:00","twitter_card":"summary_large_image","twitter_site":"@usfenmakina","twitter_misc":{"Est. reading time":"2 minutes"},"schema":{"@context":"https:\/\/schema.org","@graph":[{"@type":"WebPage","@id":"https:\/\/www.usfen.com.tr\/urunler\/calisma-platformlari\/calisma-platformu-mab-2001\/","url":"https:\/\/www.usfen.com.tr\/urunler\/calisma-platformlari\/calisma-platformu-mab-2001\/","name":"Working Platform MAB 2001 - \u00dcsfen Makina","isPartOf":{"@id":"https:\/\/www.usfen.com.tr\/#website"},"datePublished":"2018-04-21T20:30:02+00:00","dateModified":"2022-02-24T11:50:16+00:00","description":"\u00c7al\u0131\u015fma Platformu MAB 2001 LISSMAC duvarc\u0131l\u0131k \u00e7al\u0131\u015fma platformu, ekonomide \u00f6rnek \u00f6l\u00e7\u00fctler, maliyet azaltma ve i\u015fletim kolayl\u0131\u011f\u0131 sa\u011flar.","breadcrumb":{"@id":"https:\/\/www.usfen.com.tr\/urunler\/calisma-platformlari\/calisma-platformu-mab-2001\/#breadcrumb"},"inLanguage":"en-US","potentialAction":[{"@type":"ReadAction","target":["https:\/\/www.usfen.com.tr\/urunler\/calisma-platformlari\/calisma-platformu-mab-2001\/"]}]},{"@type":"BreadcrumbList","@id":"https:\/\/www.usfen.com.tr\/urunler\/calisma-platformlari\/calisma-platformu-mab-2001\/#breadcrumb","itemListElement":[{"@type":"ListItem","position":1,"name":"Ana sayfa","item":"https:\/\/www.usfen.com.tr\/en\/"},{"@type":"ListItem","position":2,"name":"Products","item":"https:\/\/www.usfen.com.tr\/en\/sectoral-products\/"},{"@type":"ListItem","position":3,"name":"Working Platforms","item":"https:\/\/www.usfen.com.tr\/en\/sectoral-products\/working-platforms\/"},{"@type":"ListItem","position":4,"name":"Working Platform MAB 2001"}]},{"@type":"WebSite","@id":"https:\/\/www.usfen.com.tr\/#website","url":"https:\/\/www.usfen.com.tr\/","name":"\u00dcsfen Makina","description":"M\u00fchendislik, Teknoloji \u00dcss\u00fc","publisher":{"@id":"https:\/\/www.usfen.com.tr\/#organization"},"potentialAction":[{"@type":"SearchAction","target":{"@type":"EntryPoint","urlTemplate":"https:\/\/www.usfen.com.tr\/?s={search_term_string}"},"query-input":"required name=search_term_string"}],"inLanguage":"en-US"},{"@type":"Organization","@id":"https:\/\/www.usfen.com.tr\/#organization","name":"\u00dcsfen Makina","url":"https:\/\/www.usfen.com.tr\/","logo":{"@type":"ImageObject","inLanguage":"en-US","@id":"https:\/\/www.usfen.com.tr\/#\/schema\/logo\/image\/","url":"https:\/\/www.usfen.com.tr\/wp-content\/uploads\/2017\/12\/usfen-logo-bg.png","contentUrl":"https:\/\/www.usfen.com.tr\/wp-content\/uploads\/2017\/12\/usfen-logo-bg.png","width":400,"height":151,"caption":"\u00dcsfen Makina"},"image":{"@id":"https:\/\/www.usfen.com.tr\/#\/schema\/logo\/image\/"},"sameAs":["https:\/\/www.facebook.com\/\u00dcsfen-Makina-280420642481393\/","https:\/\/twitter.com\/usfenmakina","https:\/\/www.instagram.com\/usfenmakina\/","https:\/\/www.linkedin.com\/company\/18375652\/"]}]}},"jetpack_sharing_enabled":true,"_links":{"self":[{"href":"https:\/\/www.usfen.com.tr\/en\/wp-json\/wp\/v2\/pages\/7706"}],"collection":[{"href":"https:\/\/www.usfen.com.tr\/en\/wp-json\/wp\/v2\/pages"}],"about":[{"href":"https:\/\/www.usfen.com.tr\/en\/wp-json\/wp\/v2\/types\/page"}],"author":[{"embeddable":true,"href":"https:\/\/www.usfen.com.tr\/en\/wp-json\/wp\/v2\/users\/2"}],"replies":[{"embeddable":true,"href":"https:\/\/www.usfen.com.tr\/en\/wp-json\/wp\/v2\/comments?post=7706"}],"version-history":[{"count":2,"href":"https:\/\/www.usfen.com.tr\/en\/wp-json\/wp\/v2\/pages\/7706\/revisions"}],"predecessor-version":[{"id":8190,"href":"https:\/\/www.usfen.com.tr\/en\/wp-json\/wp\/v2\/pages\/7706\/revisions\/8190"}],"up":[{"embeddable":true,"href":"https:\/\/www.usfen.com.tr\/en\/wp-json\/wp\/v2\/pages\/7735"}],"wp:attachment":[{"href":"https:\/\/www.usfen.com.tr\/en\/wp-json\/wp\/v2\/media?parent=7706"}],"curies":[{"name":"wp","href":"https:\/\/api.w.org\/{rel}","templated":true}]}}