{"id":7710,"date":"2018-04-21T19:48:33","date_gmt":"2018-04-21T16:48:33","guid":{"rendered":"http:\/\/www.usfen.com.tr\/konveyor-bant-libelt-300\/"},"modified":"2022-02-23T16:24:13","modified_gmt":"2022-02-23T13:24:13","slug":"conveyor-belt-libelt-300","status":"publish","type":"page","link":"https:\/\/www.usfen.com.tr\/en\/sectoral-products\/conveyor-belts\/conveyor-belt-libelt-300\/","title":{"rendered":"Conveyor Belt LIBELT 300"},"content":{"rendered":"<p>[vc_row][vc_column][vc_tta_tabs spacing=&#8221;2&#8243; alignment=&#8221;center&#8221; active_section=&#8221;1&#8243;][vc_tta_section title=&#8221;CONVEYOR BELT LIBELT 300&#8243; tab_id=&#8221;1514199267873-513b7fb0-0274e7cc-9afb13e7-12db12f9-8adaf826-1940&#8243;][vc_row_inner][vc_column_inner]<div class=\"mgt-header-block clearfix text-left text-black wpb_content_element  mgt-header-block-style-1 mgt-header-texttransform-header  vc_custom_1645623366025\"><h2 class=\"mgt-header-block-title\">CONVEYOR BELT LIBELT 300<\/h2><p class=\"mgt-header-block-subtitle\">Product Features<\/p><div class=\"mgt-header-line\"><\/div><\/div>[\/vc_column_inner][\/vc_row_inner][vc_row_inner][vc_column_inner width=&#8221;1\/2&#8243;][vc_gallery type=&#8221;flexslider_slide&#8221; interval=&#8221;0&#8243; images=&#8221;4699,4700,4701,4702,4703&#8243; img_size=&#8221;large&#8221;][\/vc_column_inner][vc_column_inner width=&#8221;1\/2&#8243;][vc_column_text]<\/p>\n<div itemprop=\"description\">\n<p>Bulk materials and unit loads can be transported fast and efficiently using the LISSMAC conveyor belts. Whether on a construction site or in difficult terrain, the high-performance LIBELTS facilitate enormous cost savings.<\/p>\n<\/div>\n<p>[\/vc_column_text][\/vc_column_inner][\/vc_row_inner][vc_toggle title=&#8221;Description&#8221; open=&#8221;true&#8221; el_id=&#8221;1514218984874-193c5caf-e939&#8243;]<\/p>\n<ul>\n<li>Robust, extremely durable steel pipe construction<\/li>\n<li>Reliable drive via powerful electrical motor with gear box<\/li>\n<li>Easily handles gradients up to 40\u00b0<\/li>\n<li>Short set-up times \u2013 can be easily and quickly installed by two people<\/li>\n<li>Immediately operational after connection of the 230 volt supply<\/li>\n<li>Up to three conveyor belts can be connected via one supply cable; integrated connection cables with automatic extension<\/li>\n<li>Simple cleaning and maintenance<\/li>\n<li>Belt can be easily and quickly changed by a single person<\/li>\n<li>PVC belt with ribs as standard equipment<\/li>\n<li>V-guide for optimal intake of material to be transported<\/li>\n<li>Libelt 600 can be easily folded up for transport<\/li>\n<li>Multiple forklift brackets facilitate fast, convenient transport of the belts<\/li>\n<\/ul>\n<p>Examples of applications:<br \/>\nTransport of construction materials, demolition work, building renovation, gardening and landscaping work, tunnel and sewer work, mining, excavation, industrial and agricultural transport of bulk materials[\/vc_toggle][vc_toggle title=&#8221;Technical Data&#8221;]<\/p>\n<h3>LIBELT 300<\/h3>\n<table cellspacing=\"0\" cellpadding=\"0\">\n<tbody>\n<tr>\n<td>length<\/td>\n<td>3140 mm<\/td>\n<\/tr>\n<tr>\n<td>width<\/td>\n<td>555 mm<\/td>\n<\/tr>\n<tr>\n<td>height<\/td>\n<td>250 mm<\/td>\n<\/tr>\n<tr>\n<td>weight<\/td>\n<td>99 kg<\/td>\n<\/tr>\n<tr>\n<td>material<\/td>\n<td>galvanized steel<\/td>\n<\/tr>\n<tr>\n<td>band material<\/td>\n<td>PVC textile belt with 20 mm ribs (rubber belt special version)<\/td>\n<\/tr>\n<tr>\n<td>belt W\/H<\/td>\n<td>400\/3 mm<\/td>\n<\/tr>\n<tr>\n<td>motor output<\/td>\n<td>0.75 kW\/230 V<\/td>\n<\/tr>\n<tr>\n<td>power consumption<\/td>\n<td>5,1 A<\/td>\n<\/tr>\n<tr>\n<td>belt speed<\/td>\n<td>25 m\/min<\/td>\n<\/tr>\n<tr>\n<td>belt load max.<\/td>\n<td>75 kg\/m<\/td>\n<\/tr>\n<tr>\n<td>belt load max.<\/td>\n<td>225 kg total<\/td>\n<\/tr>\n<tr>\n<td>gradient<\/td>\n<td>40\u00b0<\/td>\n<\/tr>\n<\/tbody>\n<\/table>\n<p>[\/vc_toggle][vc_toggle title=&#8221;Video&#8221; el_id=&#8221;1514219102466-71ea4d31-99ce&#8221;]<iframe loading=\"lazy\" src=\"https:\/\/www.youtube.com\/embed\/xA_FsWgMxmI\" width=\"560\" height=\"315\" frameborder=\"0\" allowfullscreen=\"allowfullscreen\"><\/iframe>[\/vc_toggle][\/vc_tta_section][\/vc_tta_tabs][\/vc_column][\/vc_row]<\/p>\n","protected":false},"excerpt":{"rendered":"<p>[vc_row][vc_column][vc_tta_tabs spacing=&#8221;2&#8243; alignment=&#8221;center&#8221; active_section=&#8221;1&#8243;][vc_tta_section title=&#8221;CONVEYOR BELT LIBELT 300&#8243; tab_id=&#8221;1514199267873-513b7fb0-0274e7cc-9afb13e7-12db12f9-8adaf826-1940&#8243;][vc_row_inner][vc_column_inner][\/vc_column_inner][\/vc_row_inner][vc_row_inner][vc_column_inner width=&#8221;1\/2&#8243;][vc_gallery type=&#8221;flexslider_slide&#8221; interval=&#8221;0&#8243; images=&#8221;4699,4700,4701,4702,4703&#8243; img_size=&#8221;large&#8221;][\/vc_column_inner][vc_column_inner width=&#8221;1\/2&#8243;][vc_column_text] Bulk materials and unit loads can be transported fast and efficiently using the LISSMAC conveyor&#8230;<\/p>\n","protected":false},"author":2,"featured_media":0,"parent":7734,"menu_order":0,"comment_status":"closed","ping_status":"closed","template":"","meta":{"footnotes":""},"yoast_head":"<!-- This site is optimized with the Yoast SEO plugin v22.2 - https:\/\/yoast.com\/wordpress\/plugins\/seo\/ -->\n<title>Conveyor Belt LIBELT 300 - \u00dcsfen Makina<\/title>\n<meta name=\"description\" content=\"Konveyor Bant LIBELT 300 D\u00f6kme malzeme ve birim y\u00fckler, LISSMAC konvey\u00f6r bantlar\u0131 kullan\u0131larak h\u0131zl\u0131 ve verimli bir \u015fekilde ta\u015f\u0131nabilir.\" \/>\n<meta name=\"robots\" content=\"index, follow, max-snippet:-1, max-image-preview:large, max-video-preview:-1\" \/>\n<link rel=\"canonical\" href=\"https:\/\/www.usfen.com.tr\/en\/sectoral-products\/conveyor-belts\/conveyor-belt-libelt-300\/\" \/>\n<meta property=\"og:locale\" content=\"en_US\" \/>\n<meta property=\"og:type\" content=\"article\" \/>\n<meta property=\"og:title\" content=\"Conveyor Belt LIBELT 300 - \u00dcsfen Makina\" \/>\n<meta property=\"og:description\" content=\"Konveyor Bant LIBELT 300 D\u00f6kme malzeme ve birim y\u00fckler, LISSMAC konvey\u00f6r bantlar\u0131 kullan\u0131larak h\u0131zl\u0131 ve verimli bir \u015fekilde ta\u015f\u0131nabilir.\" \/>\n<meta property=\"og:url\" content=\"https:\/\/www.usfen.com.tr\/en\/sectoral-products\/conveyor-belts\/conveyor-belt-libelt-300\/\" \/>\n<meta property=\"og:site_name\" content=\"\u00dcsfen Makina\" \/>\n<meta property=\"article:publisher\" content=\"https:\/\/www.facebook.com\/%c3%9csfen-Makina-280420642481393\/\" \/>\n<meta property=\"article:modified_time\" content=\"2022-02-23T13:24:13+00:00\" \/>\n<meta name=\"twitter:card\" content=\"summary_large_image\" \/>\n<meta name=\"twitter:site\" content=\"@usfenmakina\" \/>\n<meta name=\"twitter:label1\" content=\"Est. reading time\" \/>\n\t<meta name=\"twitter:data1\" content=\"2 minutes\" \/>\n<script type=\"application\/ld+json\" class=\"yoast-schema-graph\">{\"@context\":\"https:\/\/schema.org\",\"@graph\":[{\"@type\":\"WebPage\",\"@id\":\"https:\/\/www.usfen.com.tr\/en\/sectoral-products\/conveyor-belts\/conveyor-belt-libelt-300\/\",\"url\":\"https:\/\/www.usfen.com.tr\/en\/sectoral-products\/conveyor-belts\/conveyor-belt-libelt-300\/\",\"name\":\"Conveyor Belt LIBELT 300 - \u00dcsfen Makina\",\"isPartOf\":{\"@id\":\"https:\/\/www.usfen.com.tr\/#website\"},\"datePublished\":\"2018-04-21T16:48:33+00:00\",\"dateModified\":\"2022-02-23T13:24:13+00:00\",\"description\":\"Konveyor Bant LIBELT 300 D\u00f6kme malzeme ve birim y\u00fckler, LISSMAC konvey\u00f6r bantlar\u0131 kullan\u0131larak h\u0131zl\u0131 ve verimli bir \u015fekilde ta\u015f\u0131nabilir.\",\"breadcrumb\":{\"@id\":\"https:\/\/www.usfen.com.tr\/en\/sectoral-products\/conveyor-belts\/conveyor-belt-libelt-300\/#breadcrumb\"},\"inLanguage\":\"en-US\",\"potentialAction\":[{\"@type\":\"ReadAction\",\"target\":[\"https:\/\/www.usfen.com.tr\/en\/sectoral-products\/conveyor-belts\/conveyor-belt-libelt-300\/\"]}]},{\"@type\":\"BreadcrumbList\",\"@id\":\"https:\/\/www.usfen.com.tr\/en\/sectoral-products\/conveyor-belts\/conveyor-belt-libelt-300\/#breadcrumb\",\"itemListElement\":[{\"@type\":\"ListItem\",\"position\":1,\"name\":\"Ana sayfa\",\"item\":\"https:\/\/www.usfen.com.tr\/en\/\"},{\"@type\":\"ListItem\",\"position\":2,\"name\":\"Products\",\"item\":\"https:\/\/www.usfen.com.tr\/en\/sectoral-products\/\"},{\"@type\":\"ListItem\",\"position\":3,\"name\":\"Conveyor Belts\",\"item\":\"https:\/\/www.usfen.com.tr\/en\/sectoral-products\/conveyor-belts\/\"},{\"@type\":\"ListItem\",\"position\":4,\"name\":\"Conveyor Belt LIBELT 300\"}]},{\"@type\":\"WebSite\",\"@id\":\"https:\/\/www.usfen.com.tr\/#website\",\"url\":\"https:\/\/www.usfen.com.tr\/\",\"name\":\"\u00dcsfen Makina\",\"description\":\"M\u00fchendislik, Teknoloji \u00dcss\u00fc\",\"publisher\":{\"@id\":\"https:\/\/www.usfen.com.tr\/#organization\"},\"potentialAction\":[{\"@type\":\"SearchAction\",\"target\":{\"@type\":\"EntryPoint\",\"urlTemplate\":\"https:\/\/www.usfen.com.tr\/?s={search_term_string}\"},\"query-input\":\"required name=search_term_string\"}],\"inLanguage\":\"en-US\"},{\"@type\":\"Organization\",\"@id\":\"https:\/\/www.usfen.com.tr\/#organization\",\"name\":\"\u00dcsfen Makina\",\"url\":\"https:\/\/www.usfen.com.tr\/\",\"logo\":{\"@type\":\"ImageObject\",\"inLanguage\":\"en-US\",\"@id\":\"https:\/\/www.usfen.com.tr\/#\/schema\/logo\/image\/\",\"url\":\"https:\/\/www.usfen.com.tr\/wp-content\/uploads\/2017\/12\/usfen-logo-bg.png\",\"contentUrl\":\"https:\/\/www.usfen.com.tr\/wp-content\/uploads\/2017\/12\/usfen-logo-bg.png\",\"width\":400,\"height\":151,\"caption\":\"\u00dcsfen Makina\"},\"image\":{\"@id\":\"https:\/\/www.usfen.com.tr\/#\/schema\/logo\/image\/\"},\"sameAs\":[\"https:\/\/www.facebook.com\/\u00dcsfen-Makina-280420642481393\/\",\"https:\/\/twitter.com\/usfenmakina\",\"https:\/\/www.instagram.com\/usfenmakina\/\",\"https:\/\/www.linkedin.com\/company\/18375652\/\"]}]}<\/script>\n<!-- \/ Yoast SEO plugin. -->","yoast_head_json":{"title":"Conveyor Belt LIBELT 300 - \u00dcsfen Makina","description":"Konveyor Bant LIBELT 300 D\u00f6kme malzeme ve birim y\u00fckler, LISSMAC konvey\u00f6r bantlar\u0131 kullan\u0131larak h\u0131zl\u0131 ve verimli bir \u015fekilde ta\u015f\u0131nabilir.","robots":{"index":"index","follow":"follow","max-snippet":"max-snippet:-1","max-image-preview":"max-image-preview:large","max-video-preview":"max-video-preview:-1"},"canonical":"https:\/\/www.usfen.com.tr\/en\/sectoral-products\/conveyor-belts\/conveyor-belt-libelt-300\/","og_locale":"en_US","og_type":"article","og_title":"Conveyor Belt LIBELT 300 - \u00dcsfen Makina","og_description":"Konveyor Bant LIBELT 300 D\u00f6kme malzeme ve birim y\u00fckler, LISSMAC konvey\u00f6r bantlar\u0131 kullan\u0131larak h\u0131zl\u0131 ve verimli bir \u015fekilde ta\u015f\u0131nabilir.","og_url":"https:\/\/www.usfen.com.tr\/en\/sectoral-products\/conveyor-belts\/conveyor-belt-libelt-300\/","og_site_name":"\u00dcsfen Makina","article_publisher":"https:\/\/www.facebook.com\/%c3%9csfen-Makina-280420642481393\/","article_modified_time":"2022-02-23T13:24:13+00:00","twitter_card":"summary_large_image","twitter_site":"@usfenmakina","twitter_misc":{"Est. reading time":"2 minutes"},"schema":{"@context":"https:\/\/schema.org","@graph":[{"@type":"WebPage","@id":"https:\/\/www.usfen.com.tr\/en\/sectoral-products\/conveyor-belts\/conveyor-belt-libelt-300\/","url":"https:\/\/www.usfen.com.tr\/en\/sectoral-products\/conveyor-belts\/conveyor-belt-libelt-300\/","name":"Conveyor Belt LIBELT 300 - \u00dcsfen Makina","isPartOf":{"@id":"https:\/\/www.usfen.com.tr\/#website"},"datePublished":"2018-04-21T16:48:33+00:00","dateModified":"2022-02-23T13:24:13+00:00","description":"Konveyor Bant LIBELT 300 D\u00f6kme malzeme ve birim y\u00fckler, LISSMAC konvey\u00f6r bantlar\u0131 kullan\u0131larak h\u0131zl\u0131 ve verimli bir \u015fekilde ta\u015f\u0131nabilir.","breadcrumb":{"@id":"https:\/\/www.usfen.com.tr\/en\/sectoral-products\/conveyor-belts\/conveyor-belt-libelt-300\/#breadcrumb"},"inLanguage":"en-US","potentialAction":[{"@type":"ReadAction","target":["https:\/\/www.usfen.com.tr\/en\/sectoral-products\/conveyor-belts\/conveyor-belt-libelt-300\/"]}]},{"@type":"BreadcrumbList","@id":"https:\/\/www.usfen.com.tr\/en\/sectoral-products\/conveyor-belts\/conveyor-belt-libelt-300\/#breadcrumb","itemListElement":[{"@type":"ListItem","position":1,"name":"Ana sayfa","item":"https:\/\/www.usfen.com.tr\/en\/"},{"@type":"ListItem","position":2,"name":"Products","item":"https:\/\/www.usfen.com.tr\/en\/sectoral-products\/"},{"@type":"ListItem","position":3,"name":"Conveyor Belts","item":"https:\/\/www.usfen.com.tr\/en\/sectoral-products\/conveyor-belts\/"},{"@type":"ListItem","position":4,"name":"Conveyor Belt LIBELT 300"}]},{"@type":"WebSite","@id":"https:\/\/www.usfen.com.tr\/#website","url":"https:\/\/www.usfen.com.tr\/","name":"\u00dcsfen Makina","description":"M\u00fchendislik, Teknoloji \u00dcss\u00fc","publisher":{"@id":"https:\/\/www.usfen.com.tr\/#organization"},"potentialAction":[{"@type":"SearchAction","target":{"@type":"EntryPoint","urlTemplate":"https:\/\/www.usfen.com.tr\/?s={search_term_string}"},"query-input":"required name=search_term_string"}],"inLanguage":"en-US"},{"@type":"Organization","@id":"https:\/\/www.usfen.com.tr\/#organization","name":"\u00dcsfen Makina","url":"https:\/\/www.usfen.com.tr\/","logo":{"@type":"ImageObject","inLanguage":"en-US","@id":"https:\/\/www.usfen.com.tr\/#\/schema\/logo\/image\/","url":"https:\/\/www.usfen.com.tr\/wp-content\/uploads\/2017\/12\/usfen-logo-bg.png","contentUrl":"https:\/\/www.usfen.com.tr\/wp-content\/uploads\/2017\/12\/usfen-logo-bg.png","width":400,"height":151,"caption":"\u00dcsfen Makina"},"image":{"@id":"https:\/\/www.usfen.com.tr\/#\/schema\/logo\/image\/"},"sameAs":["https:\/\/www.facebook.com\/\u00dcsfen-Makina-280420642481393\/","https:\/\/twitter.com\/usfenmakina","https:\/\/www.instagram.com\/usfenmakina\/","https:\/\/www.linkedin.com\/company\/18375652\/"]}]}},"jetpack_sharing_enabled":true,"_links":{"self":[{"href":"https:\/\/www.usfen.com.tr\/en\/wp-json\/wp\/v2\/pages\/7710"}],"collection":[{"href":"https:\/\/www.usfen.com.tr\/en\/wp-json\/wp\/v2\/pages"}],"about":[{"href":"https:\/\/www.usfen.com.tr\/en\/wp-json\/wp\/v2\/types\/page"}],"author":[{"embeddable":true,"href":"https:\/\/www.usfen.com.tr\/en\/wp-json\/wp\/v2\/users\/2"}],"replies":[{"embeddable":true,"href":"https:\/\/www.usfen.com.tr\/en\/wp-json\/wp\/v2\/comments?post=7710"}],"version-history":[{"count":2,"href":"https:\/\/www.usfen.com.tr\/en\/wp-json\/wp\/v2\/pages\/7710\/revisions"}],"predecessor-version":[{"id":8122,"href":"https:\/\/www.usfen.com.tr\/en\/wp-json\/wp\/v2\/pages\/7710\/revisions\/8122"}],"up":[{"embeddable":true,"href":"https:\/\/www.usfen.com.tr\/en\/wp-json\/wp\/v2\/pages\/7734"}],"wp:attachment":[{"href":"https:\/\/www.usfen.com.tr\/en\/wp-json\/wp\/v2\/media?parent=7710"}],"curies":[{"name":"wp","href":"https:\/\/api.w.org\/{rel}","templated":true}]}}