{"id":7731,"date":"2018-03-16T15:15:22","date_gmt":"2018-03-16T12:15:22","guid":{"rendered":"http:\/\/www.usfen.com.tr\/dizel-zemin-kesme-makinasi-compactcut-200d\/"},"modified":"2022-05-05T14:41:19","modified_gmt":"2022-05-05T11:41:19","slug":"floor-saw-compactcut-200d","status":"publish","type":"page","link":"https:\/\/www.usfen.com.tr\/en\/sectoral-products\/concrete-and-asphalt-cutting-machines\/floor-saw-compactcut-200d\/","title":{"rendered":"Floor Saw COMPACTCUT 200D"},"content":{"rendered":"<p>[vc_row][vc_column][vc_tta_tabs spacing=&#8221;2&#8243; alignment=&#8221;center&#8221; active_section=&#8221;1&#8243;][vc_tta_section title=&#8221;COMPACTCUT 200D&#8221; tab_id=&#8221;1514199267873-513b7fb0-0274e7cc-9afb13e7-12db12f9-8adaa9fd-c4e0&#8243;][vc_row_inner][vc_column_inner]<div class=\"mgt-header-block clearfix text-left text-black wpb_content_element  mgt-header-block-style-1 mgt-header-texttransform-header  vc_custom_1647021763159\"><h2 class=\"mgt-header-block-title\">FLOOR SAW COMPACTCUT 200D<\/h2><p class=\"mgt-header-block-subtitle\">Product Features<\/p><div class=\"mgt-header-line\"><\/div><\/div>[\/vc_column_inner][\/vc_row_inner][vc_row_inner][vc_column_inner width=&#8221;1\/2&#8243;][vc_gallery type=&#8221;flexslider_slide&#8221; interval=&#8221;0&#8243; images=&#8221;4406,4407,4385,4386,4382,4381,4389&#8243; img_size=&#8221;large&#8221;][\/vc_column_inner][vc_column_inner width=&#8221;1\/2&#8243;][vc_column_text]<\/p>\n<div itemprop=\"description\">\n<p>By the compact and robust construction the <a href=\"https:\/\/www.usfen.com.tr\/en\/sectoral-products\/lissmac\/floor-saws\/\" target=\"_blank\" rel=\"noopener noreferrer\">Floor Saw<\/a> COMPACTCUT 200D is ideally suitable for small and medium repair works in asphalt and concrete. Floor saw COMPACTCUT 200 has blade guard that is easily foldable.<\/p>\n<\/div>\n<p>[\/vc_column_text][\/vc_column_inner][\/vc_row_inner][vc_row_inner css=&#8221;.vc_custom_1514472186822{margin-bottom: 20px !important;}&#8221;][vc_column_inner width=&#8221;1\/3&#8243;][vc_single_image image=&#8221;4387&#8243; img_size=&#8221;large&#8221; onclick=&#8221;link_image&#8221;][\/vc_column_inner][vc_column_inner width=&#8221;1\/3&#8243;][vc_single_image image=&#8221;4391&#8243; img_size=&#8221;large&#8221; onclick=&#8221;link_image&#8221;][\/vc_column_inner][vc_column_inner width=&#8221;1\/3&#8243;][vc_single_image image=&#8221;4388&#8243; img_size=&#8221;large&#8221;][\/vc_column_inner][\/vc_row_inner][vc_toggle title=&#8221;Description&#8221; open=&#8221;true&#8221; el_id=&#8221;1514218984874-193c5caf-e939&#8243;]<\/p>\n<ul>\n<li>Floor saw in robust and compact construction<\/li>\n<li>The smooth raising and lowering of the saw blade with a closed threaded spindle prevents damaging of the saw blade<\/li>\n<li>Adjustable cutting depht indicator for all saw blade diameters<\/li>\n<li>A large water tank reduces work interruptions<\/li>\n<li>The water cooling system provides an optimum saw blade cooling, this guarantees a longer saw blade life<\/li>\n<li>Blade guard easily foldable<\/li>\n<li>Simple service operations &#8211; good access to engine and cutting shaft<\/li>\n<li>With a parking brake<\/li>\n<li>Height adjustable handles for ergonomic Operation<\/li>\n<\/ul>\n<p>[\/vc_toggle][vc_toggle title=&#8221;Technical Data&#8221;]<\/p>\n<h3>COMPACTCUT 200 D<\/h3>\n<table cellspacing=\"0\" cellpadding=\"0\">\n<tbody>\n<tr>\n<td>cutting depth<\/td>\n<td>180 mm<\/td>\n<\/tr>\n<tr>\n<td>cutting depth setting<\/td>\n<td>stepless threaded spindle with depth gauge<\/td>\n<\/tr>\n<tr>\n<td>saw blade \u00d8 max.<\/td>\n<td>500 mm<\/td>\n<\/tr>\n<tr>\n<td>saw blade holder<\/td>\n<td>25.4 mm<\/td>\n<\/tr>\n<tr>\n<td>drive motor<\/td>\n<td>HATZ diesel 1-cylinder<\/td>\n<\/tr>\n<tr>\n<td>output power max.<\/td>\n<td>4.6 kW, 6.3 hp<\/td>\n<\/tr>\n<tr>\n<td>saw blade speed<\/td>\n<td>2500 1\/min<\/td>\n<\/tr>\n<tr>\n<td>dimensions (L\/W\/H)<\/td>\n<td>1120\/550\/1060 mm<\/td>\n<\/tr>\n<tr>\n<td>weight<\/td>\n<td>126 kg<\/td>\n<\/tr>\n<\/tbody>\n<\/table>\n<p>[\/vc_toggle][vc_toggle title=&#8221;Video&#8221; el_id=&#8221;1514219102466-71ea4d31-99ce&#8221;]<iframe loading=\"lazy\" src=\"https:\/\/www.youtube.com\/embed\/vSlYGUNojRY\" width=\"560\" height=\"315\" frameborder=\"0\" allowfullscreen=\"allowfullscreen\"><\/iframe>[\/vc_toggle][\/vc_tta_section][\/vc_tta_tabs][\/vc_column][\/vc_row]<\/p>\n","protected":false},"excerpt":{"rendered":"<p>[vc_row][vc_column][vc_tta_tabs spacing=&#8221;2&#8243; alignment=&#8221;center&#8221; active_section=&#8221;1&#8243;][vc_tta_section title=&#8221;COMPACTCUT 200D&#8221; tab_id=&#8221;1514199267873-513b7fb0-0274e7cc-9afb13e7-12db12f9-8adaa9fd-c4e0&#8243;][vc_row_inner][vc_column_inner][\/vc_column_inner][\/vc_row_inner][vc_row_inner][vc_column_inner width=&#8221;1\/2&#8243;][vc_gallery type=&#8221;flexslider_slide&#8221; interval=&#8221;0&#8243; images=&#8221;4406,4407,4385,4386,4382,4381,4389&#8243; img_size=&#8221;large&#8221;][\/vc_column_inner][vc_column_inner width=&#8221;1\/2&#8243;][vc_column_text] By the compact and robust construction the Floor Saw COMPACTCUT 200D is ideally suitable for small and&#8230;<\/p>\n","protected":false},"author":1,"featured_media":0,"parent":7743,"menu_order":0,"comment_status":"closed","ping_status":"closed","template":"","meta":{"footnotes":""},"yoast_head":"<!-- This site is optimized with the Yoast SEO plugin v22.2 - https:\/\/yoast.com\/wordpress\/plugins\/seo\/ -->\n<title>Floor Saw COMPACTCUT 200D - \u00dcsfen Makina Machinery<\/title>\n<meta name=\"description\" content=\"By the compact and robust construction the floor saw COMPACTCUT 200D is ideally suitable for small and medium repair works in asphalt and concrete.\" \/>\n<meta name=\"robots\" content=\"index, follow, max-snippet:-1, max-image-preview:large, max-video-preview:-1\" \/>\n<link rel=\"canonical\" href=\"https:\/\/www.usfen.com.tr\/en\/sectoral-products\/concrete-and-asphalt-cutting-machines\/floor-saw-compactcut-200d\/\" \/>\n<meta property=\"og:locale\" content=\"en_US\" \/>\n<meta property=\"og:type\" content=\"article\" \/>\n<meta property=\"og:title\" content=\"Floor Saw COMPACTCUT 200D - \u00dcsfen Makina Machinery\" \/>\n<meta property=\"og:description\" content=\"By the compact and robust construction the floor saw COMPACTCUT 200D is ideally suitable for small and medium repair works in asphalt and concrete.\" \/>\n<meta property=\"og:url\" content=\"https:\/\/www.usfen.com.tr\/en\/sectoral-products\/concrete-and-asphalt-cutting-machines\/floor-saw-compactcut-200d\/\" \/>\n<meta property=\"og:site_name\" content=\"\u00dcsfen Makina\" \/>\n<meta property=\"article:publisher\" content=\"https:\/\/www.facebook.com\/%c3%9csfen-Makina-280420642481393\/\" \/>\n<meta property=\"article:modified_time\" content=\"2022-05-05T11:41:19+00:00\" \/>\n<meta name=\"twitter:card\" content=\"summary_large_image\" \/>\n<meta name=\"twitter:site\" content=\"@usfenmakina\" \/>\n<meta name=\"twitter:label1\" content=\"Est. reading time\" \/>\n\t<meta name=\"twitter:data1\" content=\"2 minutes\" \/>\n<script type=\"application\/ld+json\" class=\"yoast-schema-graph\">{\"@context\":\"https:\/\/schema.org\",\"@graph\":[{\"@type\":\"WebPage\",\"@id\":\"https:\/\/www.usfen.com.tr\/en\/sectoral-products\/concrete-and-asphalt-cutting-machines\/floor-saw-compactcut-200d\/\",\"url\":\"https:\/\/www.usfen.com.tr\/en\/sectoral-products\/concrete-and-asphalt-cutting-machines\/floor-saw-compactcut-200d\/\",\"name\":\"Floor Saw COMPACTCUT 200D - \u00dcsfen Makina Machinery\",\"isPartOf\":{\"@id\":\"https:\/\/www.usfen.com.tr\/#website\"},\"datePublished\":\"2018-03-16T12:15:22+00:00\",\"dateModified\":\"2022-05-05T11:41:19+00:00\",\"description\":\"By the compact and robust construction the floor saw COMPACTCUT 200D is ideally suitable for small and medium repair works in asphalt and concrete.\",\"breadcrumb\":{\"@id\":\"https:\/\/www.usfen.com.tr\/en\/sectoral-products\/concrete-and-asphalt-cutting-machines\/floor-saw-compactcut-200d\/#breadcrumb\"},\"inLanguage\":\"en-US\",\"potentialAction\":[{\"@type\":\"ReadAction\",\"target\":[\"https:\/\/www.usfen.com.tr\/en\/sectoral-products\/concrete-and-asphalt-cutting-machines\/floor-saw-compactcut-200d\/\"]}]},{\"@type\":\"BreadcrumbList\",\"@id\":\"https:\/\/www.usfen.com.tr\/en\/sectoral-products\/concrete-and-asphalt-cutting-machines\/floor-saw-compactcut-200d\/#breadcrumb\",\"itemListElement\":[{\"@type\":\"ListItem\",\"position\":1,\"name\":\"Ana sayfa\",\"item\":\"https:\/\/www.usfen.com.tr\/en\/\"},{\"@type\":\"ListItem\",\"position\":2,\"name\":\"Products\",\"item\":\"https:\/\/www.usfen.com.tr\/en\/sectoral-products\/\"},{\"@type\":\"ListItem\",\"position\":3,\"name\":\"Concrete &#038; Asphalt Cutting Machines\",\"item\":\"https:\/\/www.usfen.com.tr\/en\/sectoral-products\/concrete-and-asphalt-cutting-machines\/\"},{\"@type\":\"ListItem\",\"position\":4,\"name\":\"Floor Saw COMPACTCUT 200D\"}]},{\"@type\":\"WebSite\",\"@id\":\"https:\/\/www.usfen.com.tr\/#website\",\"url\":\"https:\/\/www.usfen.com.tr\/\",\"name\":\"\u00dcsfen Makina\",\"description\":\"M\u00fchendislik, Teknoloji \u00dcss\u00fc\",\"publisher\":{\"@id\":\"https:\/\/www.usfen.com.tr\/#organization\"},\"potentialAction\":[{\"@type\":\"SearchAction\",\"target\":{\"@type\":\"EntryPoint\",\"urlTemplate\":\"https:\/\/www.usfen.com.tr\/?s={search_term_string}\"},\"query-input\":\"required name=search_term_string\"}],\"inLanguage\":\"en-US\"},{\"@type\":\"Organization\",\"@id\":\"https:\/\/www.usfen.com.tr\/#organization\",\"name\":\"\u00dcsfen Makina\",\"url\":\"https:\/\/www.usfen.com.tr\/\",\"logo\":{\"@type\":\"ImageObject\",\"inLanguage\":\"en-US\",\"@id\":\"https:\/\/www.usfen.com.tr\/#\/schema\/logo\/image\/\",\"url\":\"https:\/\/www.usfen.com.tr\/wp-content\/uploads\/2017\/12\/usfen-logo-bg.png\",\"contentUrl\":\"https:\/\/www.usfen.com.tr\/wp-content\/uploads\/2017\/12\/usfen-logo-bg.png\",\"width\":400,\"height\":151,\"caption\":\"\u00dcsfen Makina\"},\"image\":{\"@id\":\"https:\/\/www.usfen.com.tr\/#\/schema\/logo\/image\/\"},\"sameAs\":[\"https:\/\/www.facebook.com\/\u00dcsfen-Makina-280420642481393\/\",\"https:\/\/twitter.com\/usfenmakina\",\"https:\/\/www.instagram.com\/usfenmakina\/\",\"https:\/\/www.linkedin.com\/company\/18375652\/\"]}]}<\/script>\n<!-- \/ Yoast SEO plugin. -->","yoast_head_json":{"title":"Floor Saw COMPACTCUT 200D - \u00dcsfen Makina Machinery","description":"By the compact and robust construction the floor saw COMPACTCUT 200D is ideally suitable for small and medium repair works in asphalt and concrete.","robots":{"index":"index","follow":"follow","max-snippet":"max-snippet:-1","max-image-preview":"max-image-preview:large","max-video-preview":"max-video-preview:-1"},"canonical":"https:\/\/www.usfen.com.tr\/en\/sectoral-products\/concrete-and-asphalt-cutting-machines\/floor-saw-compactcut-200d\/","og_locale":"en_US","og_type":"article","og_title":"Floor Saw COMPACTCUT 200D - \u00dcsfen Makina Machinery","og_description":"By the compact and robust construction the floor saw COMPACTCUT 200D is ideally suitable for small and medium repair works in asphalt and concrete.","og_url":"https:\/\/www.usfen.com.tr\/en\/sectoral-products\/concrete-and-asphalt-cutting-machines\/floor-saw-compactcut-200d\/","og_site_name":"\u00dcsfen Makina","article_publisher":"https:\/\/www.facebook.com\/%c3%9csfen-Makina-280420642481393\/","article_modified_time":"2022-05-05T11:41:19+00:00","twitter_card":"summary_large_image","twitter_site":"@usfenmakina","twitter_misc":{"Est. reading time":"2 minutes"},"schema":{"@context":"https:\/\/schema.org","@graph":[{"@type":"WebPage","@id":"https:\/\/www.usfen.com.tr\/en\/sectoral-products\/concrete-and-asphalt-cutting-machines\/floor-saw-compactcut-200d\/","url":"https:\/\/www.usfen.com.tr\/en\/sectoral-products\/concrete-and-asphalt-cutting-machines\/floor-saw-compactcut-200d\/","name":"Floor Saw COMPACTCUT 200D - \u00dcsfen Makina Machinery","isPartOf":{"@id":"https:\/\/www.usfen.com.tr\/#website"},"datePublished":"2018-03-16T12:15:22+00:00","dateModified":"2022-05-05T11:41:19+00:00","description":"By the compact and robust construction the floor saw COMPACTCUT 200D is ideally suitable for small and medium repair works in asphalt and concrete.","breadcrumb":{"@id":"https:\/\/www.usfen.com.tr\/en\/sectoral-products\/concrete-and-asphalt-cutting-machines\/floor-saw-compactcut-200d\/#breadcrumb"},"inLanguage":"en-US","potentialAction":[{"@type":"ReadAction","target":["https:\/\/www.usfen.com.tr\/en\/sectoral-products\/concrete-and-asphalt-cutting-machines\/floor-saw-compactcut-200d\/"]}]},{"@type":"BreadcrumbList","@id":"https:\/\/www.usfen.com.tr\/en\/sectoral-products\/concrete-and-asphalt-cutting-machines\/floor-saw-compactcut-200d\/#breadcrumb","itemListElement":[{"@type":"ListItem","position":1,"name":"Ana sayfa","item":"https:\/\/www.usfen.com.tr\/en\/"},{"@type":"ListItem","position":2,"name":"Products","item":"https:\/\/www.usfen.com.tr\/en\/sectoral-products\/"},{"@type":"ListItem","position":3,"name":"Concrete &#038; Asphalt Cutting Machines","item":"https:\/\/www.usfen.com.tr\/en\/sectoral-products\/concrete-and-asphalt-cutting-machines\/"},{"@type":"ListItem","position":4,"name":"Floor Saw COMPACTCUT 200D"}]},{"@type":"WebSite","@id":"https:\/\/www.usfen.com.tr\/#website","url":"https:\/\/www.usfen.com.tr\/","name":"\u00dcsfen Makina","description":"M\u00fchendislik, Teknoloji \u00dcss\u00fc","publisher":{"@id":"https:\/\/www.usfen.com.tr\/#organization"},"potentialAction":[{"@type":"SearchAction","target":{"@type":"EntryPoint","urlTemplate":"https:\/\/www.usfen.com.tr\/?s={search_term_string}"},"query-input":"required name=search_term_string"}],"inLanguage":"en-US"},{"@type":"Organization","@id":"https:\/\/www.usfen.com.tr\/#organization","name":"\u00dcsfen Makina","url":"https:\/\/www.usfen.com.tr\/","logo":{"@type":"ImageObject","inLanguage":"en-US","@id":"https:\/\/www.usfen.com.tr\/#\/schema\/logo\/image\/","url":"https:\/\/www.usfen.com.tr\/wp-content\/uploads\/2017\/12\/usfen-logo-bg.png","contentUrl":"https:\/\/www.usfen.com.tr\/wp-content\/uploads\/2017\/12\/usfen-logo-bg.png","width":400,"height":151,"caption":"\u00dcsfen Makina"},"image":{"@id":"https:\/\/www.usfen.com.tr\/#\/schema\/logo\/image\/"},"sameAs":["https:\/\/www.facebook.com\/\u00dcsfen-Makina-280420642481393\/","https:\/\/twitter.com\/usfenmakina","https:\/\/www.instagram.com\/usfenmakina\/","https:\/\/www.linkedin.com\/company\/18375652\/"]}]}},"jetpack_sharing_enabled":true,"_links":{"self":[{"href":"https:\/\/www.usfen.com.tr\/en\/wp-json\/wp\/v2\/pages\/7731"}],"collection":[{"href":"https:\/\/www.usfen.com.tr\/en\/wp-json\/wp\/v2\/pages"}],"about":[{"href":"https:\/\/www.usfen.com.tr\/en\/wp-json\/wp\/v2\/types\/page"}],"author":[{"embeddable":true,"href":"https:\/\/www.usfen.com.tr\/en\/wp-json\/wp\/v2\/users\/1"}],"replies":[{"embeddable":true,"href":"https:\/\/www.usfen.com.tr\/en\/wp-json\/wp\/v2\/comments?post=7731"}],"version-history":[{"count":3,"href":"https:\/\/www.usfen.com.tr\/en\/wp-json\/wp\/v2\/pages\/7731\/revisions"}],"predecessor-version":[{"id":8718,"href":"https:\/\/www.usfen.com.tr\/en\/wp-json\/wp\/v2\/pages\/7731\/revisions\/8718"}],"up":[{"embeddable":true,"href":"https:\/\/www.usfen.com.tr\/en\/wp-json\/wp\/v2\/pages\/7743"}],"wp:attachment":[{"href":"https:\/\/www.usfen.com.tr\/en\/wp-json\/wp\/v2\/media?parent=7731"}],"curies":[{"name":"wp","href":"https:\/\/api.w.org\/{rel}","templated":true}]}}