{"id":7744,"date":"2018-03-14T15:04:58","date_gmt":"2018-03-14T12:04:58","guid":{"rendered":"http:\/\/www.usfen.com.tr\/lissmac\/"},"modified":"2022-03-18T21:26:30","modified_gmt":"2022-03-18T18:26:30","slug":"lissmac","status":"publish","type":"page","link":"https:\/\/www.usfen.com.tr\/en\/sectoral-products\/lissmac\/","title":{"rendered":"Lissmac"},"content":{"rendered":"<p>[vc_row][vc_column]<style scoped='scoped'>.mgt-promo-block-423153322164.mgt-promo-block.darken .mgt-promo-block-content {background-color: rgba(10,10,10,0.3)!important;}.mgt-promo-block-423153322164.mgt-promo-block.animated:hover .mgt-promo-block-content {background-color: rgba(0,0,0,0.5)!important;}<\/style><a class=\"mgt-promo-block-link\" href=\"https:\/\/www.usfen.com.tr\/en\/products\/lissmac\/floor-saws\/\"><div class=\"mgt-promo-block animated white-text cover-image text-size-normal darken mgt-promo-block-423153322164 wpb_content_element wpb_animate_when_almost_visible wpb_top-to-bottom\" data-style=\"background-image: url(https:\/\/www.usfen.com.tr\/wp-content\/uploads\/2018\/03\/3665-mc550ghabsaugungkleinehaubewebsite.jpg);background-repeat: no-repeat;width: 100%; height: 270px;\"><div class=\"mgt-promo-block-content va-bottom\"><div class=\"mgt-promo-block-content-inside vc_custom_1647628750252\"><i class=\"fa fa-2 fa-angle-double-down\"><!-- Icon --><\/i>\n<h3 style=\"text-align: left\">FLOOR SAWS<\/h3>\n<div class=\"mgt-button-wrapper mgt-button-wrapper-align-left mgt-button-wrapper-display-newline mgt-button-top-margin-disable\"><a class=\"btn hvr-icon-wobble-horizontal mgt-button mgt-style-textwhite mgt-size-normal mgt-align-left mgt-display-newline mgt-text-size-small mgt-button-icon-position-right mgt-text-transform-uppercase \" href=\"https:\/\/www.usfen.com.tr\/en\/products\/lissmac\/floor-saws\/\">view<i class=\"fa fa-arrow-right\"><\/i><\/a><\/div><\/div><\/div><\/div><\/a>[\/vc_column][\/vc_row][vc_row css=&#8221;.vc_custom_1521029196043{padding-top: 30px !important;}&#8221;][vc_column]<style scoped='scoped'>.mgt-promo-block-23311638664.mgt-promo-block.darken .mgt-promo-block-content {background-color: rgba(10,10,10,0.38)!important;}.mgt-promo-block-23311638664.mgt-promo-block.animated:hover .mgt-promo-block-content {background-color: rgba(0,0,0,0.5)!important;}<\/style><a class=\"mgt-promo-block-link\" href=\"https:\/\/www.usfen.com.tr\/en\/products\/lissmac\/masonry-saws\/\"><div class=\"mgt-promo-block animated white-text cover-image text-size-normal darken mgt-promo-block-23311638664 wpb_content_element wpb_animate_when_almost_visible wpb_top-to-bottom\" data-style=\"background-image: url(https:\/\/www.usfen.com.tr\/wp-content\/uploads\/2018\/04\/239-titel-dts-1000-v-1.jpg);background-repeat: no-repeat;width: 100%; height: 270px;\"><div class=\"mgt-promo-block-content va-bottom\"><div class=\"mgt-promo-block-content-inside vc_custom_1647628761134\"><i class=\"fa fa-2 fa-angle-double-down\"><!-- Icon --><\/i>\n<h3>MASONRY SAWS<\/h3>\n<div class=\"mgt-button-wrapper mgt-button-wrapper-align-left mgt-button-wrapper-display-newline mgt-button-top-margin-disable\"><a class=\"btn hvr-icon-wobble-horizontal mgt-button mgt-style-textwhite mgt-size-normal mgt-align-left mgt-display-newline mgt-text-size-small mgt-button-icon-position-right mgt-text-transform-uppercase \" href=\"https:\/\/www.usfen.com.tr\/en\/products\/lissmac\/masonry-saws\/\">view<i class=\"fa fa-arrow-right\"><\/i><\/a><\/div><\/div><\/div><\/div><\/a>[\/vc_column][\/vc_row][vc_row css=&#8221;.vc_custom_1521029203897{padding-top: 30px !important;}&#8221;][vc_column width=&#8221;1\/3&#8243;]<style scoped='scoped'>.mgt-promo-block-423153322164.mgt-promo-block.darken .mgt-promo-block-content {background-color: rgba(10,10,10,0.3)!important;}.mgt-promo-block-423153322164.mgt-promo-block.animated:hover .mgt-promo-block-content {background-color: rgba(0,0,0,0.5)!important;}<\/style><a class=\"mgt-promo-block-link\" href=\"https:\/\/www.usfen.com.tr\/en\/products\/lissmac\/core-drilling-machine\/\"><div class=\"mgt-promo-block animated white-text cover-image text-size-normal darken mgt-promo-block-423153322164 wpb_content_element wpb_animate_when_almost_visible wpb_top-to-bottom\" data-style=\"background-image: url(https:\/\/www.usfen.com.tr\/wp-content\/uploads\/2018\/04\/3134-websitecdm46-63w02.jpg);background-repeat: no-repeat;width: 100%; height: 270px;\"><div class=\"mgt-promo-block-content va-bottom\"><div class=\"mgt-promo-block-content-inside vc_custom_1647628770935\"><i class=\"fa fa-2 fa-angle-double-down\"><!-- Icon --><\/i>\n<h3 style=\"text-align: left\">CORE<br \/>\nDRILLING<\/h3>\n<div class=\"mgt-button-wrapper mgt-button-wrapper-align-left mgt-button-wrapper-display-newline mgt-button-top-margin-disable\"><a class=\"btn hvr-icon-wobble-horizontal mgt-button mgt-style-textwhite mgt-size-normal mgt-align-left mgt-display-newline mgt-text-size-small mgt-button-icon-position-right mgt-text-transform-uppercase \" href=\"https:\/\/www.usfen.com.tr\/en\/products\/lissmac\/core-drilling-machine\/\">view<i class=\"fa fa-arrow-right\"><\/i><\/a><\/div><\/div><\/div><\/div><\/a>[\/vc_column][vc_column width=&#8221;1\/3&#8243;]<style scoped='scoped'>.mgt-promo-block-17315338312.mgt-promo-block.darken .mgt-promo-block-content {background-color: rgba(10,10,10,0.38)!important;}.mgt-promo-block-17315338312.mgt-promo-block.animated:hover .mgt-promo-block-content {background-color: rgba(0,0,0,0.5)!important;}<\/style><a class=\"mgt-promo-block-link\" href=\"https:\/\/www.usfen.com.tr\/en\/products\/lissmac\/wall-and-wire-saws\/\"><div class=\"mgt-promo-block animated white-text cover-image text-size-normal darken mgt-promo-block-17315338312 wpb_content_element wpb_animate_when_almost_visible wpb_top-to-bottom\" data-style=\"background-image: url(https:\/\/www.usfen.com.tr\/wp-content\/uploads\/2018\/04\/6172-lwse-800.jpg);background-repeat: no-repeat;width: 100%; height: 270px;\"><div class=\"mgt-promo-block-content va-bottom\"><div class=\"mgt-promo-block-content-inside vc_custom_1647628788528\"><i class=\"fa fa-2 fa-angle-double-down\"><!-- Icon --><\/i>\n<h3>WALL AND WIRE<br \/>\nSAWS<\/h3>\n<div class=\"mgt-button-wrapper mgt-button-wrapper-align-left mgt-button-wrapper-display-newline mgt-button-top-margin-disable\"><a class=\"btn hvr-icon-wobble-horizontal mgt-button mgt-style-textwhite mgt-size-normal mgt-align-left mgt-display-newline mgt-text-size-small mgt-button-icon-position-right mgt-text-transform-uppercase \" href=\"https:\/\/www.usfen.com.tr\/en\/products\/lissmac\/wall-and-wire-saws\/\">view<i class=\"fa fa-arrow-right\"><\/i><\/a><\/div><\/div><\/div><\/div><\/a>[\/vc_column][vc_column width=&#8221;1\/3&#8243;]<style scoped='scoped'>.mgt-promo-block-23311638664.mgt-promo-block.darken .mgt-promo-block-content {background-color: rgba(10,10,10,0.38)!important;}.mgt-promo-block-23311638664.mgt-promo-block.animated:hover .mgt-promo-block-content {background-color: rgba(0,0,0,0.5)!important;}<\/style><a class=\"mgt-promo-block-link\" href=\"https:\/\/www.usfen.com.tr\/en\/products\/lissmac\/diamond-tools\/\"><div class=\"mgt-promo-block animated white-text cover-image text-size-normal darken mgt-promo-block-23311638664 wpb_content_element wpb_animate_when_almost_visible wpb_top-to-bottom\" data-style=\"background-image: url(https:\/\/www.usfen.com.tr\/wp-content\/uploads\/2018\/04\/ELMAS-KES\u0130C\u0130-BSP-602.jpg);background-repeat: no-repeat;width: 100%; height: 270px;\"><div class=\"mgt-promo-block-content va-bottom\"><div class=\"mgt-promo-block-content-inside vc_custom_1647628796833\"><i class=\"fa fa-2 fa-angle-double-down\"><!-- Icon --><\/i>\n<h3>DIAMOND CUTTING SAWS<\/h3>\n<div class=\"mgt-button-wrapper mgt-button-wrapper-align-left mgt-button-wrapper-display-newline mgt-button-top-margin-disable\"><a class=\"btn hvr-icon-wobble-horizontal mgt-button mgt-style-textwhite mgt-size-normal mgt-align-left mgt-display-newline mgt-text-size-small mgt-button-icon-position-right mgt-text-transform-uppercase \" href=\"https:\/\/www.usfen.com.tr\/en\/products\/lissmac\/diamond-tools\/\">view<i class=\"fa fa-arrow-right\"><\/i><\/a><\/div><\/div><\/div><\/div><\/a>[\/vc_column][\/vc_row][vc_row css=&#8221;.vc_custom_1521029211063{padding-top: 30px !important;}&#8221;][vc_column width=&#8221;1\/3&#8243;]<style scoped='scoped'>.mgt-promo-block-23311638664.mgt-promo-block.darken .mgt-promo-block-content {background-color: rgba(10,10,10,0.38)!important;}.mgt-promo-block-23311638664.mgt-promo-block.animated:hover .mgt-promo-block-content {background-color: rgba(0,0,0,0.5)!important;}<\/style><a class=\"mgt-promo-block-link\" href=\"https:\/\/www.usfen.com.tr\/en\/products\/lissmac\/mini-cranes\/\"><div class=\"mgt-promo-block animated white-text cover-image text-size-normal darken mgt-promo-block-23311638664 wpb_content_element wpb_animate_when_almost_visible wpb_top-to-bottom\" data-style=\"background-image: url(https:\/\/www.usfen.com.tr\/wp-content\/uploads\/2018\/04\/301-titel-lmk-400-tfedk-rechts-1.jpg);background-repeat: no-repeat;width: 100%; height: 270px;\"><div class=\"mgt-promo-block-content va-bottom\"><div class=\"mgt-promo-block-content-inside vc_custom_1647628805894\"><i class=\"fa fa-2 fa-angle-double-down\"><!-- Icon --><\/i>\n<h3>MINI<br \/>\nCRANES<\/h3>\n<div class=\"mgt-button-wrapper mgt-button-wrapper-align-left mgt-button-wrapper-display-newline mgt-button-top-margin-disable\"><a class=\"btn hvr-icon-wobble-horizontal mgt-button mgt-style-textwhite mgt-size-normal mgt-align-left mgt-display-newline mgt-text-size-small mgt-button-icon-position-right mgt-text-transform-uppercase \" href=\"https:\/\/www.usfen.com.tr\/en\/products\/lissmac\/mini-cranes\/\">view<i class=\"fa fa-arrow-right\"><\/i><\/a><\/div><\/div><\/div><\/div><\/a>[\/vc_column][vc_column width=&#8221;1\/3&#8243;]<style scoped='scoped'>.mgt-promo-block-17315338312.mgt-promo-block.darken .mgt-promo-block-content {background-color: rgba(10,10,10,0.38)!important;}.mgt-promo-block-17315338312.mgt-promo-block.animated:hover .mgt-promo-block-content {background-color: rgba(0,0,0,0.5)!important;}<\/style><a class=\"mgt-promo-block-link\" href=\"https:\/\/www.usfen.com.tr\/en\/products\/lissmac\/working-platforms\/\"><div class=\"mgt-promo-block animated white-text cover-image text-size-normal darken mgt-promo-block-17315338312 wpb_content_element wpb_animate_when_almost_visible wpb_top-to-bottom\" data-style=\"background-image: url(https:\/\/www.usfen.com.tr\/wp-content\/uploads\/2018\/04\/265-titel-mab-3001-1.jpg);background-repeat: no-repeat;width: 100%; height: 270px;\"><div class=\"mgt-promo-block-content va-bottom\"><div class=\"mgt-promo-block-content-inside vc_custom_1647628815054\"><i class=\"fa fa-2 fa-angle-double-down\"><!-- Icon --><\/i>\n<h3>WORKING<br \/>\nPLATFORMS<\/h3>\n<div class=\"mgt-button-wrapper mgt-button-wrapper-align-left mgt-button-wrapper-display-newline mgt-button-top-margin-disable\"><a class=\"btn hvr-icon-wobble-horizontal mgt-button mgt-style-textwhite mgt-size-normal mgt-align-left mgt-display-newline mgt-text-size-small mgt-button-icon-position-right mgt-text-transform-uppercase \" href=\"https:\/\/www.usfen.com.tr\/en\/products\/lissmac\/working-platforms\/\">view<i class=\"fa fa-arrow-right\"><\/i><\/a><\/div><\/div><\/div><\/div><\/a>[\/vc_column][vc_column width=&#8221;1\/3&#8243;]<style scoped='scoped'>.mgt-promo-block-423153322164.mgt-promo-block.darken .mgt-promo-block-content {background-color: rgba(10,10,10,0.3)!important;}.mgt-promo-block-423153322164.mgt-promo-block.animated:hover .mgt-promo-block-content {background-color: rgba(0,0,0,0.5)!important;}<\/style><a class=\"mgt-promo-block-link\" href=\"https:\/\/www.usfen.com.tr\/en\/products\/lissmac\/conveyor-belts\/\"><div class=\"mgt-promo-block animated white-text cover-image text-size-normal darken mgt-promo-block-423153322164 wpb_content_element wpb_animate_when_almost_visible wpb_top-to-bottom\" data-style=\"background-image: url(https:\/\/www.usfen.com.tr\/wp-content\/uploads\/2018\/04\/295-libelt-300.jpg);background-repeat: no-repeat;width: 100%; height: 270px;\"><div class=\"mgt-promo-block-content va-bottom\"><div class=\"mgt-promo-block-content-inside vc_custom_1647628824686\"><i class=\"fa fa-2 fa-angle-double-down\"><!-- Icon --><\/i>\n<h3 style=\"text-align: left\">CONVEYOR<br \/>\nBELTS<\/h3>\n<div class=\"mgt-button-wrapper mgt-button-wrapper-align-left mgt-button-wrapper-display-newline mgt-button-top-margin-disable\"><a class=\"btn hvr-icon-wobble-horizontal mgt-button mgt-style-textwhite mgt-size-normal mgt-align-left mgt-display-newline mgt-text-size-small mgt-button-icon-position-right mgt-text-transform-uppercase \" href=\"https:\/\/www.usfen.com.tr\/en\/products\/lissmac\/conveyor-belts\/\">view<i class=\"fa fa-arrow-right\"><\/i><\/a><\/div><\/div><\/div><\/div><\/a>[\/vc_column][\/vc_row][vc_row css=&#8221;.vc_custom_1521029196043{padding-top: 30px !important;}&#8221;][vc_column width=&#8221;1\/3&#8243;]<style scoped='scoped'>.mgt-promo-block-23311638664.mgt-promo-block.darken .mgt-promo-block-content {background-color: rgba(10,10,10,0.38)!important;}.mgt-promo-block-23311638664.mgt-promo-block.animated:hover .mgt-promo-block-content {background-color: rgba(0,0,0,0.5)!important;}<\/style><a class=\"mgt-promo-block-link\" href=\"https:\/\/www.usfen.com.tr\/en\/products\/lissmac\/filter-units\/\"><div class=\"mgt-promo-block animated white-text cover-image text-size-normal darken mgt-promo-block-23311638664 wpb_content_element wpb_animate_when_almost_visible wpb_top-to-bottom\" data-style=\"background-image: url(https:\/\/www.usfen.com.tr\/wp-content\/uploads\/2018\/04\/137-titel-sfa-900-vorne.jpg);background-repeat: no-repeat;width: 100%; height: 270px;\"><div class=\"mgt-promo-block-content va-bottom\"><div class=\"mgt-promo-block-content-inside vc_custom_1647628834633\"><i class=\"fa fa-2 fa-angle-double-down\"><!-- Icon --><\/i>\n<h3>FILTER<br \/>\nUNITS<\/h3>\n<div class=\"mgt-button-wrapper mgt-button-wrapper-align-left mgt-button-wrapper-display-newline mgt-button-top-margin-disable\"><a class=\"btn hvr-icon-wobble-horizontal mgt-button mgt-style-textwhite mgt-size-normal mgt-align-left mgt-display-newline mgt-text-size-small mgt-button-icon-position-right mgt-text-transform-uppercase \" href=\"https:\/\/www.usfen.com.tr\/en\/products\/lissmac\/filter-units\/\">view<i class=\"fa fa-arrow-right\"><\/i><\/a><\/div><\/div><\/div><\/div><\/a>[\/vc_column][vc_column width=&#8221;1\/3&#8243;]<style scoped='scoped'>.mgt-promo-block-17315338312.mgt-promo-block.darken .mgt-promo-block-content {background-color: rgba(10,10,10,0.38)!important;}.mgt-promo-block-17315338312.mgt-promo-block.animated:hover .mgt-promo-block-content {background-color: rgba(0,0,0,0.5)!important;}<\/style><a class=\"mgt-promo-block-link\" href=\"https:\/\/www.usfen.com.tr\/en\/products\/lissmac\/suction-units\/\"><div class=\"mgt-promo-block animated white-text cover-image text-size-normal darken mgt-promo-block-17315338312 wpb_content_element wpb_animate_when_almost_visible wpb_top-to-bottom\" data-style=\"background-image: url(https:\/\/www.usfen.com.tr\/wp-content\/uploads\/2018\/04\/149-titel-vacuum-wet-300.jpg);background-repeat: no-repeat;width: 100%; height: 270px;\"><div class=\"mgt-promo-block-content va-bottom\"><div class=\"mgt-promo-block-content-inside vc_custom_1647628844752\"><i class=\"fa fa-2 fa-angle-double-down\"><!-- Icon --><\/i>\n<h3>SUCTION<br \/>\nUNITS<\/h3>\n<div class=\"mgt-button-wrapper mgt-button-wrapper-align-left mgt-button-wrapper-display-newline mgt-button-top-margin-disable\"><a class=\"btn hvr-icon-wobble-horizontal mgt-button mgt-style-textwhite mgt-size-normal mgt-align-left mgt-display-newline mgt-text-size-small mgt-button-icon-position-right mgt-text-transform-uppercase \" href=\"https:\/\/www.usfen.com.tr\/en\/products\/lissmac\/suction-units\/\">view<i class=\"fa fa-arrow-right\"><\/i><\/a><\/div><\/div><\/div><\/div><\/a>[\/vc_column][vc_column width=&#8221;1\/3&#8243;]<style scoped='scoped'>.mgt-promo-block-423153322164.mgt-promo-block.darken .mgt-promo-block-content {background-color: rgba(10,10,10,0.3)!important;}.mgt-promo-block-423153322164.mgt-promo-block.animated:hover .mgt-promo-block-content {background-color: rgba(0,0,0,0.5)!important;}<\/style><a class=\"mgt-promo-block-link\" href=\"https:\/\/www.usfen.com.tr\/en\/products\/lissmac\/joint-brushing-machine\/\"><div class=\"mgt-promo-block animated white-text cover-image text-size-normal darken mgt-promo-block-423153322164 wpb_content_element wpb_animate_when_almost_visible wpb_top-to-bottom\" data-style=\"background-image: url(https:\/\/www.usfen.com.tr\/wp-content\/uploads\/2018\/04\/3837-fam300website.jpg);background-repeat: no-repeat;width: 100%; height: 270px;\"><div class=\"mgt-promo-block-content va-bottom\"><div class=\"mgt-promo-block-content-inside vc_custom_1647628853180\"><i class=\"fa fa-2 fa-angle-double-down\"><!-- Icon --><\/i>\n<h3 style=\"text-align: left\">JOINT<br \/>\nBRUSHING<\/h3>\n<div class=\"mgt-button-wrapper mgt-button-wrapper-align-left mgt-button-wrapper-display-newline mgt-button-top-margin-disable\"><a class=\"btn hvr-icon-wobble-horizontal mgt-button mgt-style-textwhite mgt-size-normal mgt-align-left mgt-display-newline mgt-text-size-small mgt-button-icon-position-right mgt-text-transform-uppercase \" href=\"https:\/\/www.usfen.com.tr\/en\/products\/lissmac\/joint-brushing-machine\/\">view<i class=\"fa fa-arrow-right\"><\/i><\/a><\/div><\/div><\/div><\/div><\/a>[\/vc_column][\/vc_row]<\/p>\n","protected":false},"excerpt":{"rendered":"<p>[vc_row][vc_column][\/vc_column][\/vc_row][vc_row css=&#8221;.vc_custom_1521029196043{padding-top: 30px !important;}&#8221;][vc_column][\/vc_column][\/vc_row][vc_row css=&#8221;.vc_custom_1521029203897{padding-top: 30px !important;}&#8221;][vc_column width=&#8221;1\/3&#8243;][\/vc_column][vc_column width=&#8221;1\/3&#8243;][\/vc_column][vc_column width=&#8221;1\/3&#8243;][\/vc_column][\/vc_row][vc_row css=&#8221;.vc_custom_1521029211063{padding-top: 30px !important;}&#8221;][vc_column width=&#8221;1\/3&#8243;][\/vc_column][vc_column width=&#8221;1\/3&#8243;][\/vc_column][vc_column width=&#8221;1\/3&#8243;][\/vc_column][\/vc_row][vc_row css=&#8221;.vc_custom_1521029196043{padding-top: 30px !important;}&#8221;][vc_column width=&#8221;1\/3&#8243;][\/vc_column][vc_column width=&#8221;1\/3&#8243;][\/vc_column][vc_column width=&#8221;1\/3&#8243;][\/vc_column][\/vc_row]<\/p>\n","protected":false},"author":1,"featured_media":0,"parent":7792,"menu_order":0,"comment_status":"closed","ping_status":"closed","template":"","meta":{"footnotes":""},"yoast_head":"<!-- This site is optimized with the Yoast SEO plugin v22.2 - https:\/\/yoast.com\/wordpress\/plugins\/seo\/ -->\n<title>lissmac zemin beton yol asfalt kesme makinalar\u0131Lissmac - \u00dcsfen Makina<\/title>\n<meta name=\"description\" content=\"FLOOR SAWS MINI CRANES FILTER UNITS SUCTION UNITS JOINT BRUSHING masonry saws core drilling conveyor belts working platforms wall saws\" \/>\n<meta name=\"robots\" content=\"index, follow, max-snippet:-1, max-image-preview:large, max-video-preview:-1\" \/>\n<link rel=\"canonical\" href=\"https:\/\/www.usfen.com.tr\/en\/sectoral-products\/lissmac\/\" \/>\n<meta property=\"og:locale\" content=\"en_US\" \/>\n<meta property=\"og:type\" content=\"article\" \/>\n<meta property=\"og:title\" content=\"lissmac zemin beton yol asfalt kesme makinalar\u0131Lissmac - \u00dcsfen Makina\" \/>\n<meta property=\"og:description\" content=\"FLOOR SAWS MINI CRANES FILTER UNITS SUCTION UNITS JOINT BRUSHING masonry saws core drilling conveyor belts working platforms wall saws\" \/>\n<meta property=\"og:url\" content=\"https:\/\/www.usfen.com.tr\/en\/sectoral-products\/lissmac\/\" \/>\n<meta property=\"og:site_name\" content=\"\u00dcsfen Makina\" \/>\n<meta property=\"article:publisher\" content=\"https:\/\/www.facebook.com\/%c3%9csfen-Makina-280420642481393\/\" \/>\n<meta property=\"article:modified_time\" content=\"2022-03-18T18:26:30+00:00\" \/>\n<meta name=\"twitter:card\" content=\"summary_large_image\" \/>\n<meta name=\"twitter:site\" content=\"@usfenmakina\" \/>\n<meta name=\"twitter:label1\" content=\"Est. reading time\" \/>\n\t<meta name=\"twitter:data1\" content=\"6 minutes\" \/>\n<script type=\"application\/ld+json\" class=\"yoast-schema-graph\">{\"@context\":\"https:\/\/schema.org\",\"@graph\":[{\"@type\":\"WebPage\",\"@id\":\"https:\/\/www.usfen.com.tr\/en\/sectoral-products\/lissmac\/\",\"url\":\"https:\/\/www.usfen.com.tr\/en\/sectoral-products\/lissmac\/\",\"name\":\"lissmac zemin beton yol asfalt kesme makinalar\u0131Lissmac - \u00dcsfen Makina\",\"isPartOf\":{\"@id\":\"https:\/\/www.usfen.com.tr\/#website\"},\"datePublished\":\"2018-03-14T12:04:58+00:00\",\"dateModified\":\"2022-03-18T18:26:30+00:00\",\"description\":\"FLOOR SAWS MINI CRANES FILTER UNITS SUCTION UNITS JOINT BRUSHING masonry saws core drilling conveyor belts working platforms wall saws\",\"breadcrumb\":{\"@id\":\"https:\/\/www.usfen.com.tr\/en\/sectoral-products\/lissmac\/#breadcrumb\"},\"inLanguage\":\"en-US\",\"potentialAction\":[{\"@type\":\"ReadAction\",\"target\":[\"https:\/\/www.usfen.com.tr\/en\/sectoral-products\/lissmac\/\"]}]},{\"@type\":\"BreadcrumbList\",\"@id\":\"https:\/\/www.usfen.com.tr\/en\/sectoral-products\/lissmac\/#breadcrumb\",\"itemListElement\":[{\"@type\":\"ListItem\",\"position\":1,\"name\":\"Ana sayfa\",\"item\":\"https:\/\/www.usfen.com.tr\/en\/\"},{\"@type\":\"ListItem\",\"position\":2,\"name\":\"Products\",\"item\":\"https:\/\/www.usfen.com.tr\/en\/sectoral-products\/\"},{\"@type\":\"ListItem\",\"position\":3,\"name\":\"Lissmac\"}]},{\"@type\":\"WebSite\",\"@id\":\"https:\/\/www.usfen.com.tr\/#website\",\"url\":\"https:\/\/www.usfen.com.tr\/\",\"name\":\"\u00dcsfen Makina\",\"description\":\"M\u00fchendislik, Teknoloji \u00dcss\u00fc\",\"publisher\":{\"@id\":\"https:\/\/www.usfen.com.tr\/#organization\"},\"potentialAction\":[{\"@type\":\"SearchAction\",\"target\":{\"@type\":\"EntryPoint\",\"urlTemplate\":\"https:\/\/www.usfen.com.tr\/?s={search_term_string}\"},\"query-input\":\"required name=search_term_string\"}],\"inLanguage\":\"en-US\"},{\"@type\":\"Organization\",\"@id\":\"https:\/\/www.usfen.com.tr\/#organization\",\"name\":\"\u00dcsfen Makina\",\"url\":\"https:\/\/www.usfen.com.tr\/\",\"logo\":{\"@type\":\"ImageObject\",\"inLanguage\":\"en-US\",\"@id\":\"https:\/\/www.usfen.com.tr\/#\/schema\/logo\/image\/\",\"url\":\"https:\/\/www.usfen.com.tr\/wp-content\/uploads\/2017\/12\/usfen-logo-bg.png\",\"contentUrl\":\"https:\/\/www.usfen.com.tr\/wp-content\/uploads\/2017\/12\/usfen-logo-bg.png\",\"width\":400,\"height\":151,\"caption\":\"\u00dcsfen Makina\"},\"image\":{\"@id\":\"https:\/\/www.usfen.com.tr\/#\/schema\/logo\/image\/\"},\"sameAs\":[\"https:\/\/www.facebook.com\/\u00dcsfen-Makina-280420642481393\/\",\"https:\/\/twitter.com\/usfenmakina\",\"https:\/\/www.instagram.com\/usfenmakina\/\",\"https:\/\/www.linkedin.com\/company\/18375652\/\"]}]}<\/script>\n<!-- \/ Yoast SEO plugin. -->","yoast_head_json":{"title":"lissmac zemin beton yol asfalt kesme makinalar\u0131Lissmac - \u00dcsfen Makina","description":"FLOOR SAWS MINI CRANES FILTER UNITS SUCTION UNITS JOINT BRUSHING masonry saws core drilling conveyor belts working platforms wall saws","robots":{"index":"index","follow":"follow","max-snippet":"max-snippet:-1","max-image-preview":"max-image-preview:large","max-video-preview":"max-video-preview:-1"},"canonical":"https:\/\/www.usfen.com.tr\/en\/sectoral-products\/lissmac\/","og_locale":"en_US","og_type":"article","og_title":"lissmac zemin beton yol asfalt kesme makinalar\u0131Lissmac - \u00dcsfen Makina","og_description":"FLOOR SAWS MINI CRANES FILTER UNITS SUCTION UNITS JOINT BRUSHING masonry saws core drilling conveyor belts working platforms wall saws","og_url":"https:\/\/www.usfen.com.tr\/en\/sectoral-products\/lissmac\/","og_site_name":"\u00dcsfen Makina","article_publisher":"https:\/\/www.facebook.com\/%c3%9csfen-Makina-280420642481393\/","article_modified_time":"2022-03-18T18:26:30+00:00","twitter_card":"summary_large_image","twitter_site":"@usfenmakina","twitter_misc":{"Est. reading time":"6 minutes"},"schema":{"@context":"https:\/\/schema.org","@graph":[{"@type":"WebPage","@id":"https:\/\/www.usfen.com.tr\/en\/sectoral-products\/lissmac\/","url":"https:\/\/www.usfen.com.tr\/en\/sectoral-products\/lissmac\/","name":"lissmac zemin beton yol asfalt kesme makinalar\u0131Lissmac - \u00dcsfen Makina","isPartOf":{"@id":"https:\/\/www.usfen.com.tr\/#website"},"datePublished":"2018-03-14T12:04:58+00:00","dateModified":"2022-03-18T18:26:30+00:00","description":"FLOOR SAWS MINI CRANES FILTER UNITS SUCTION UNITS JOINT BRUSHING masonry saws core drilling conveyor belts working platforms wall saws","breadcrumb":{"@id":"https:\/\/www.usfen.com.tr\/en\/sectoral-products\/lissmac\/#breadcrumb"},"inLanguage":"en-US","potentialAction":[{"@type":"ReadAction","target":["https:\/\/www.usfen.com.tr\/en\/sectoral-products\/lissmac\/"]}]},{"@type":"BreadcrumbList","@id":"https:\/\/www.usfen.com.tr\/en\/sectoral-products\/lissmac\/#breadcrumb","itemListElement":[{"@type":"ListItem","position":1,"name":"Ana sayfa","item":"https:\/\/www.usfen.com.tr\/en\/"},{"@type":"ListItem","position":2,"name":"Products","item":"https:\/\/www.usfen.com.tr\/en\/sectoral-products\/"},{"@type":"ListItem","position":3,"name":"Lissmac"}]},{"@type":"WebSite","@id":"https:\/\/www.usfen.com.tr\/#website","url":"https:\/\/www.usfen.com.tr\/","name":"\u00dcsfen Makina","description":"M\u00fchendislik, Teknoloji \u00dcss\u00fc","publisher":{"@id":"https:\/\/www.usfen.com.tr\/#organization"},"potentialAction":[{"@type":"SearchAction","target":{"@type":"EntryPoint","urlTemplate":"https:\/\/www.usfen.com.tr\/?s={search_term_string}"},"query-input":"required name=search_term_string"}],"inLanguage":"en-US"},{"@type":"Organization","@id":"https:\/\/www.usfen.com.tr\/#organization","name":"\u00dcsfen Makina","url":"https:\/\/www.usfen.com.tr\/","logo":{"@type":"ImageObject","inLanguage":"en-US","@id":"https:\/\/www.usfen.com.tr\/#\/schema\/logo\/image\/","url":"https:\/\/www.usfen.com.tr\/wp-content\/uploads\/2017\/12\/usfen-logo-bg.png","contentUrl":"https:\/\/www.usfen.com.tr\/wp-content\/uploads\/2017\/12\/usfen-logo-bg.png","width":400,"height":151,"caption":"\u00dcsfen Makina"},"image":{"@id":"https:\/\/www.usfen.com.tr\/#\/schema\/logo\/image\/"},"sameAs":["https:\/\/www.facebook.com\/\u00dcsfen-Makina-280420642481393\/","https:\/\/twitter.com\/usfenmakina","https:\/\/www.instagram.com\/usfenmakina\/","https:\/\/www.linkedin.com\/company\/18375652\/"]}]}},"jetpack_sharing_enabled":true,"_links":{"self":[{"href":"https:\/\/www.usfen.com.tr\/en\/wp-json\/wp\/v2\/pages\/7744"}],"collection":[{"href":"https:\/\/www.usfen.com.tr\/en\/wp-json\/wp\/v2\/pages"}],"about":[{"href":"https:\/\/www.usfen.com.tr\/en\/wp-json\/wp\/v2\/types\/page"}],"author":[{"embeddable":true,"href":"https:\/\/www.usfen.com.tr\/en\/wp-json\/wp\/v2\/users\/1"}],"replies":[{"embeddable":true,"href":"https:\/\/www.usfen.com.tr\/en\/wp-json\/wp\/v2\/comments?post=7744"}],"version-history":[{"count":6,"href":"https:\/\/www.usfen.com.tr\/en\/wp-json\/wp\/v2\/pages\/7744\/revisions"}],"predecessor-version":[{"id":8377,"href":"https:\/\/www.usfen.com.tr\/en\/wp-json\/wp\/v2\/pages\/7744\/revisions\/8377"}],"up":[{"embeddable":true,"href":"https:\/\/www.usfen.com.tr\/en\/wp-json\/wp\/v2\/pages\/7792"}],"wp:attachment":[{"href":"https:\/\/www.usfen.com.tr\/en\/wp-json\/wp\/v2\/media?parent=7744"}],"curies":[{"name":"wp","href":"https:\/\/api.w.org\/{rel}","templated":true}]}}