{"id":7746,"date":"2018-01-03T15:03:45","date_gmt":"2018-01-03T12:03:45","guid":{"rendered":"http:\/\/www.usfen.com.tr\/tork-artirici\/"},"modified":"2022-03-01T08:50:30","modified_gmt":"2022-03-01T05:50:30","slug":"torque-multiplier","status":"publish","type":"page","link":"https:\/\/www.usfen.com.tr\/en\/sectoral-products\/torque-machine-solutions\/torque-multiplier\/","title":{"rendered":"Torque Multiplier"},"content":{"rendered":"<p>[vc_row][vc_column][vc_tta_tabs spacing=&#8221;2&#8243; alignment=&#8221;center&#8221; active_section=&#8221;1&#8243;][vc_tta_section title=&#8221;LKV TORQUE MULTIPLIER&#8221; tab_id=&#8221;1514199267873-513b7fb0-0274e7cc-9afb13e7-12db7322-cd5d&#8221;][vc_row_inner][vc_column_inner]<div class=\"mgt-header-block clearfix text-left text-black wpb_content_element  mgt-header-block-style-1 mgt-header-texttransform-header  vc_custom_1646114523848\"><h2 class=\"mgt-header-block-title\">LKV Torque Multiplier<\/h2><p class=\"mgt-header-block-subtitle\">Product Features<\/p><div class=\"mgt-header-line\"><\/div><\/div>[\/vc_column_inner][\/vc_row_inner][vc_row_inner][vc_column_inner width=&#8221;1\/2&#8243;][vc_gallery type=&#8221;flexslider_slide&#8221; interval=&#8221;0&#8243; images=&#8221;4090&#8243; img_size=&#8221;large&#8221;][\/vc_column_inner][vc_column_inner width=&#8221;1\/2&#8243;][vc_column_text]GEDORE has reinvented this simple and proven tool. It has a cleverly designed structure and new features. For example: Non-destructive overload protection or tooth flanks with ceramic teflon coating.<\/p>\n<p>The GEDORE Torque Multiplier, like all GEDORE torque wrenches, has a single factory calibration certificate.[\/vc_column_text][\/vc_column_inner][\/vc_row_inner][vc_row_inner css=&#8221;.vc_custom_1514472186822{margin-bottom: 20px !important;}&#8221;][vc_column_inner width=&#8221;1\/3&#8243;][vc_single_image image=&#8221;3940&#8243; img_size=&#8221;medium&#8221;][\/vc_column_inner][vc_column_inner width=&#8221;1\/3&#8243;][vc_single_image image=&#8221;3939&#8243; img_size=&#8221;medium&#8221;][\/vc_column_inner][vc_column_inner width=&#8221;1\/3&#8243;][vc_single_image image=&#8221;3938&#8243; img_size=&#8221;medium&#8221;][\/vc_column_inner][\/vc_row_inner][vc_toggle title=&#8221;Technical Data&#8221;][\/vc_toggle][vc_toggle title=&#8221;Video&#8221; el_id=&#8221;1514219102466-71ea4d31-99ce&#8221;][\/vc_toggle][\/vc_tta_section][\/vc_tta_tabs][\/vc_column][\/vc_row]<\/p>\n","protected":false},"excerpt":{"rendered":"<p>[vc_row][vc_column][vc_tta_tabs spacing=&#8221;2&#8243; alignment=&#8221;center&#8221; active_section=&#8221;1&#8243;][vc_tta_section title=&#8221;LKV TORQUE MULTIPLIER&#8221; tab_id=&#8221;1514199267873-513b7fb0-0274e7cc-9afb13e7-12db7322-cd5d&#8221;][vc_row_inner][vc_column_inner][\/vc_column_inner][\/vc_row_inner][vc_row_inner][vc_column_inner width=&#8221;1\/2&#8243;][vc_gallery type=&#8221;flexslider_slide&#8221; interval=&#8221;0&#8243; images=&#8221;4090&#8243; img_size=&#8221;large&#8221;][\/vc_column_inner][vc_column_inner width=&#8221;1\/2&#8243;][vc_column_text]GEDORE has reinvented this simple and proven tool. It has a cleverly designed structure and new features&#8230;.<\/p>\n","protected":false},"author":1,"featured_media":0,"parent":7786,"menu_order":0,"comment_status":"closed","ping_status":"closed","template":"","meta":{"footnotes":""},"yoast_head":"<!-- This site is optimized with the Yoast SEO plugin v22.2 - https:\/\/yoast.com\/wordpress\/plugins\/seo\/ -->\n<title>Torque Multiplier - \u00dcsfen Makina<\/title>\n<meta name=\"description\" content=\"Gedore tork art\u0131r\u0131c\u0131, zekice tasarlanm\u0131\u015f bir yap\u0131ya ve yeni \u00f6zelliklere sahiptir. \u00d6rne\u011fin: Tahribats\u0131z a\u015f\u0131r\u0131 y\u00fck korumas\u0131 veya seramik teflon kaplamal\u0131 di\u015f yanlar\u0131.\" \/>\n<meta name=\"robots\" content=\"index, follow, max-snippet:-1, max-image-preview:large, max-video-preview:-1\" \/>\n<link rel=\"canonical\" href=\"https:\/\/www.usfen.com.tr\/en\/sectoral-products\/torque-machine-solutions\/torque-multiplier\/\" \/>\n<meta property=\"og:locale\" content=\"en_US\" \/>\n<meta property=\"og:type\" content=\"article\" \/>\n<meta property=\"og:title\" content=\"Torque Multiplier - \u00dcsfen Makina\" \/>\n<meta property=\"og:description\" content=\"Gedore tork art\u0131r\u0131c\u0131, zekice tasarlanm\u0131\u015f bir yap\u0131ya ve yeni \u00f6zelliklere sahiptir. \u00d6rne\u011fin: Tahribats\u0131z a\u015f\u0131r\u0131 y\u00fck korumas\u0131 veya seramik teflon kaplamal\u0131 di\u015f yanlar\u0131.\" \/>\n<meta property=\"og:url\" content=\"https:\/\/www.usfen.com.tr\/en\/sectoral-products\/torque-machine-solutions\/torque-multiplier\/\" \/>\n<meta property=\"og:site_name\" content=\"\u00dcsfen Makina\" \/>\n<meta property=\"article:publisher\" content=\"https:\/\/www.facebook.com\/%c3%9csfen-Makina-280420642481393\/\" \/>\n<meta property=\"article:modified_time\" content=\"2022-03-01T05:50:30+00:00\" \/>\n<meta name=\"twitter:card\" content=\"summary_large_image\" \/>\n<meta name=\"twitter:site\" content=\"@usfenmakina\" \/>\n<meta name=\"twitter:label1\" content=\"Est. reading time\" \/>\n\t<meta name=\"twitter:data1\" content=\"1 minute\" \/>\n<script type=\"application\/ld+json\" class=\"yoast-schema-graph\">{\"@context\":\"https:\/\/schema.org\",\"@graph\":[{\"@type\":\"WebPage\",\"@id\":\"https:\/\/www.usfen.com.tr\/en\/sectoral-products\/torque-machine-solutions\/torque-multiplier\/\",\"url\":\"https:\/\/www.usfen.com.tr\/en\/sectoral-products\/torque-machine-solutions\/torque-multiplier\/\",\"name\":\"Torque Multiplier - \u00dcsfen Makina\",\"isPartOf\":{\"@id\":\"https:\/\/www.usfen.com.tr\/#website\"},\"datePublished\":\"2018-01-03T12:03:45+00:00\",\"dateModified\":\"2022-03-01T05:50:30+00:00\",\"description\":\"Gedore tork art\u0131r\u0131c\u0131, zekice tasarlanm\u0131\u015f bir yap\u0131ya ve yeni \u00f6zelliklere sahiptir. \u00d6rne\u011fin: Tahribats\u0131z a\u015f\u0131r\u0131 y\u00fck korumas\u0131 veya seramik teflon kaplamal\u0131 di\u015f yanlar\u0131.\",\"breadcrumb\":{\"@id\":\"https:\/\/www.usfen.com.tr\/en\/sectoral-products\/torque-machine-solutions\/torque-multiplier\/#breadcrumb\"},\"inLanguage\":\"en-US\",\"potentialAction\":[{\"@type\":\"ReadAction\",\"target\":[\"https:\/\/www.usfen.com.tr\/en\/sectoral-products\/torque-machine-solutions\/torque-multiplier\/\"]}]},{\"@type\":\"BreadcrumbList\",\"@id\":\"https:\/\/www.usfen.com.tr\/en\/sectoral-products\/torque-machine-solutions\/torque-multiplier\/#breadcrumb\",\"itemListElement\":[{\"@type\":\"ListItem\",\"position\":1,\"name\":\"Ana sayfa\",\"item\":\"https:\/\/www.usfen.com.tr\/en\/\"},{\"@type\":\"ListItem\",\"position\":2,\"name\":\"Products\",\"item\":\"https:\/\/www.usfen.com.tr\/en\/sectoral-products\/\"},{\"@type\":\"ListItem\",\"position\":3,\"name\":\"Torque Machine Solutions\",\"item\":\"https:\/\/www.usfen.com.tr\/en\/sectoral-products\/torque-machine-solutions\/\"},{\"@type\":\"ListItem\",\"position\":4,\"name\":\"Torque Multiplier\"}]},{\"@type\":\"WebSite\",\"@id\":\"https:\/\/www.usfen.com.tr\/#website\",\"url\":\"https:\/\/www.usfen.com.tr\/\",\"name\":\"\u00dcsfen Makina\",\"description\":\"M\u00fchendislik, Teknoloji \u00dcss\u00fc\",\"publisher\":{\"@id\":\"https:\/\/www.usfen.com.tr\/#organization\"},\"potentialAction\":[{\"@type\":\"SearchAction\",\"target\":{\"@type\":\"EntryPoint\",\"urlTemplate\":\"https:\/\/www.usfen.com.tr\/?s={search_term_string}\"},\"query-input\":\"required name=search_term_string\"}],\"inLanguage\":\"en-US\"},{\"@type\":\"Organization\",\"@id\":\"https:\/\/www.usfen.com.tr\/#organization\",\"name\":\"\u00dcsfen Makina\",\"url\":\"https:\/\/www.usfen.com.tr\/\",\"logo\":{\"@type\":\"ImageObject\",\"inLanguage\":\"en-US\",\"@id\":\"https:\/\/www.usfen.com.tr\/#\/schema\/logo\/image\/\",\"url\":\"https:\/\/www.usfen.com.tr\/wp-content\/uploads\/2017\/12\/usfen-logo-bg.png\",\"contentUrl\":\"https:\/\/www.usfen.com.tr\/wp-content\/uploads\/2017\/12\/usfen-logo-bg.png\",\"width\":400,\"height\":151,\"caption\":\"\u00dcsfen Makina\"},\"image\":{\"@id\":\"https:\/\/www.usfen.com.tr\/#\/schema\/logo\/image\/\"},\"sameAs\":[\"https:\/\/www.facebook.com\/\u00dcsfen-Makina-280420642481393\/\",\"https:\/\/twitter.com\/usfenmakina\",\"https:\/\/www.instagram.com\/usfenmakina\/\",\"https:\/\/www.linkedin.com\/company\/18375652\/\"]}]}<\/script>\n<!-- \/ Yoast SEO plugin. -->","yoast_head_json":{"title":"Torque Multiplier - \u00dcsfen Makina","description":"Gedore tork art\u0131r\u0131c\u0131, zekice tasarlanm\u0131\u015f bir yap\u0131ya ve yeni \u00f6zelliklere sahiptir. \u00d6rne\u011fin: Tahribats\u0131z a\u015f\u0131r\u0131 y\u00fck korumas\u0131 veya seramik teflon kaplamal\u0131 di\u015f yanlar\u0131.","robots":{"index":"index","follow":"follow","max-snippet":"max-snippet:-1","max-image-preview":"max-image-preview:large","max-video-preview":"max-video-preview:-1"},"canonical":"https:\/\/www.usfen.com.tr\/en\/sectoral-products\/torque-machine-solutions\/torque-multiplier\/","og_locale":"en_US","og_type":"article","og_title":"Torque Multiplier - \u00dcsfen Makina","og_description":"Gedore tork art\u0131r\u0131c\u0131, zekice tasarlanm\u0131\u015f bir yap\u0131ya ve yeni \u00f6zelliklere sahiptir. \u00d6rne\u011fin: Tahribats\u0131z a\u015f\u0131r\u0131 y\u00fck korumas\u0131 veya seramik teflon kaplamal\u0131 di\u015f yanlar\u0131.","og_url":"https:\/\/www.usfen.com.tr\/en\/sectoral-products\/torque-machine-solutions\/torque-multiplier\/","og_site_name":"\u00dcsfen Makina","article_publisher":"https:\/\/www.facebook.com\/%c3%9csfen-Makina-280420642481393\/","article_modified_time":"2022-03-01T05:50:30+00:00","twitter_card":"summary_large_image","twitter_site":"@usfenmakina","twitter_misc":{"Est. reading time":"1 minute"},"schema":{"@context":"https:\/\/schema.org","@graph":[{"@type":"WebPage","@id":"https:\/\/www.usfen.com.tr\/en\/sectoral-products\/torque-machine-solutions\/torque-multiplier\/","url":"https:\/\/www.usfen.com.tr\/en\/sectoral-products\/torque-machine-solutions\/torque-multiplier\/","name":"Torque Multiplier - \u00dcsfen Makina","isPartOf":{"@id":"https:\/\/www.usfen.com.tr\/#website"},"datePublished":"2018-01-03T12:03:45+00:00","dateModified":"2022-03-01T05:50:30+00:00","description":"Gedore tork art\u0131r\u0131c\u0131, zekice tasarlanm\u0131\u015f bir yap\u0131ya ve yeni \u00f6zelliklere sahiptir. \u00d6rne\u011fin: Tahribats\u0131z a\u015f\u0131r\u0131 y\u00fck korumas\u0131 veya seramik teflon kaplamal\u0131 di\u015f yanlar\u0131.","breadcrumb":{"@id":"https:\/\/www.usfen.com.tr\/en\/sectoral-products\/torque-machine-solutions\/torque-multiplier\/#breadcrumb"},"inLanguage":"en-US","potentialAction":[{"@type":"ReadAction","target":["https:\/\/www.usfen.com.tr\/en\/sectoral-products\/torque-machine-solutions\/torque-multiplier\/"]}]},{"@type":"BreadcrumbList","@id":"https:\/\/www.usfen.com.tr\/en\/sectoral-products\/torque-machine-solutions\/torque-multiplier\/#breadcrumb","itemListElement":[{"@type":"ListItem","position":1,"name":"Ana sayfa","item":"https:\/\/www.usfen.com.tr\/en\/"},{"@type":"ListItem","position":2,"name":"Products","item":"https:\/\/www.usfen.com.tr\/en\/sectoral-products\/"},{"@type":"ListItem","position":3,"name":"Torque Machine Solutions","item":"https:\/\/www.usfen.com.tr\/en\/sectoral-products\/torque-machine-solutions\/"},{"@type":"ListItem","position":4,"name":"Torque Multiplier"}]},{"@type":"WebSite","@id":"https:\/\/www.usfen.com.tr\/#website","url":"https:\/\/www.usfen.com.tr\/","name":"\u00dcsfen Makina","description":"M\u00fchendislik, Teknoloji \u00dcss\u00fc","publisher":{"@id":"https:\/\/www.usfen.com.tr\/#organization"},"potentialAction":[{"@type":"SearchAction","target":{"@type":"EntryPoint","urlTemplate":"https:\/\/www.usfen.com.tr\/?s={search_term_string}"},"query-input":"required name=search_term_string"}],"inLanguage":"en-US"},{"@type":"Organization","@id":"https:\/\/www.usfen.com.tr\/#organization","name":"\u00dcsfen Makina","url":"https:\/\/www.usfen.com.tr\/","logo":{"@type":"ImageObject","inLanguage":"en-US","@id":"https:\/\/www.usfen.com.tr\/#\/schema\/logo\/image\/","url":"https:\/\/www.usfen.com.tr\/wp-content\/uploads\/2017\/12\/usfen-logo-bg.png","contentUrl":"https:\/\/www.usfen.com.tr\/wp-content\/uploads\/2017\/12\/usfen-logo-bg.png","width":400,"height":151,"caption":"\u00dcsfen Makina"},"image":{"@id":"https:\/\/www.usfen.com.tr\/#\/schema\/logo\/image\/"},"sameAs":["https:\/\/www.facebook.com\/\u00dcsfen-Makina-280420642481393\/","https:\/\/twitter.com\/usfenmakina","https:\/\/www.instagram.com\/usfenmakina\/","https:\/\/www.linkedin.com\/company\/18375652\/"]}]}},"jetpack_sharing_enabled":true,"_links":{"self":[{"href":"https:\/\/www.usfen.com.tr\/en\/wp-json\/wp\/v2\/pages\/7746"}],"collection":[{"href":"https:\/\/www.usfen.com.tr\/en\/wp-json\/wp\/v2\/pages"}],"about":[{"href":"https:\/\/www.usfen.com.tr\/en\/wp-json\/wp\/v2\/types\/page"}],"author":[{"embeddable":true,"href":"https:\/\/www.usfen.com.tr\/en\/wp-json\/wp\/v2\/users\/1"}],"replies":[{"embeddable":true,"href":"https:\/\/www.usfen.com.tr\/en\/wp-json\/wp\/v2\/comments?post=7746"}],"version-history":[{"count":2,"href":"https:\/\/www.usfen.com.tr\/en\/wp-json\/wp\/v2\/pages\/7746\/revisions"}],"predecessor-version":[{"id":8225,"href":"https:\/\/www.usfen.com.tr\/en\/wp-json\/wp\/v2\/pages\/7746\/revisions\/8225"}],"up":[{"embeddable":true,"href":"https:\/\/www.usfen.com.tr\/en\/wp-json\/wp\/v2\/pages\/7786"}],"wp:attachment":[{"href":"https:\/\/www.usfen.com.tr\/en\/wp-json\/wp\/v2\/media?parent=7746"}],"curies":[{"name":"wp","href":"https:\/\/api.w.org\/{rel}","templated":true}]}}