{"id":7747,"date":"2018-01-03T14:59:58","date_gmt":"2018-01-03T11:59:58","guid":{"rendered":"http:\/\/www.usfen.com.tr\/tork-test-cihazi\/"},"modified":"2022-03-01T08:57:01","modified_gmt":"2022-03-01T05:57:01","slug":"torque-test-bench","status":"publish","type":"page","link":"https:\/\/www.usfen.com.tr\/en\/sectoral-products\/torque-machine-solutions\/torque-test-bench\/","title":{"rendered":"Torque Test Bench"},"content":{"rendered":"<p>[vc_row][vc_column][vc_tta_tabs spacing=&#8221;2&#8243; alignment=&#8221;center&#8221; active_section=&#8221;1&#8243;][vc_tta_section title=&#8221;LDP TORQUE TEST BENCH&#8221; tab_id=&#8221;1514199267873-513b7fb0-0274e7cc-9afb13e7-12dbc4ad-2b15&#8243;][vc_row_inner][vc_column_inner]<div class=\"mgt-header-block clearfix text-left text-black wpb_content_element  mgt-header-block-style-1 mgt-header-texttransform-header  vc_custom_1646114764000\"><h2 class=\"mgt-header-block-title\">LDP Torque Test Bench<\/h2><p class=\"mgt-header-block-subtitle\">Product Features<\/p><div class=\"mgt-header-line\"><\/div><\/div>[\/vc_column_inner][\/vc_row_inner][vc_row_inner][vc_column_inner width=&#8221;1\/2&#8243;][vc_gallery type=&#8221;flexslider_slide&#8221; interval=&#8221;0&#8243; images=&#8221;4089&#8243; img_size=&#8221;large&#8221;][\/vc_column_inner][vc_column_inner width=&#8221;1\/2&#8243;][vc_column_text]Torque Test Bench Technology 100 \u2013 15000 Nm<\/p>\n<p>Static and dynamic torque measurement up to 15,000Nm<\/p>\n<p class=\"bodytext\">L\u00d6SO\u00adMAT cur\u00adrently of\u00adfers test stands in three sizes. From the sta\u00adtion\u00adary test bench to a mo\u00adbile sys\u00adtem. In or\u00adder to es\u00adtab\u00adlish the dy\u00adnamic torques as ac\u00adcu\u00adrately as pos\u00adsi\u00adble, orig\u00adi\u00adnal wrenches are mea\u00adsured with all of the in\u00adflu\u00adenc\u00ading fac\u00adtors that af\u00adfect them.<\/p>\n<p class=\"bodytext\">Thus the es\u00adtab\u00adlished fig\u00adure equates to the dy\u00adnamic torque that is ap\u00adplied to the screw con\u00adnec\u00adtion.<\/p>\n<p class=\"bodytext\">L\u00d6SO\u00adMAT&#8217;s mod\u00adu\u00adlar kit :<\/p>\n<p class=\"bodytext\">the test stands and the match\u00ading soft\u00adware can be com\u00adbined as mod\u00adules. Thus the user can choose from mod\u00adules for graphic eval\u00adu\u00ada\u00adtion, lan\u00adguages, mea\u00adsur\u00ading units and data\u00adbase.<\/p>\n<p>[\/vc_column_text][\/vc_column_inner][\/vc_row_inner][vc_row_inner css=&#8221;.vc_custom_1514472186822{margin-bottom: 20px !important;}&#8221;][vc_column_inner width=&#8221;1\/3&#8243;][vc_single_image image=&#8221;3934&#8243; img_size=&#8221;medium&#8221;][\/vc_column_inner][vc_column_inner width=&#8221;1\/3&#8243;][vc_single_image image=&#8221;3932&#8243; img_size=&#8221;medium&#8221;][\/vc_column_inner][vc_column_inner width=&#8221;1\/3&#8243;][vc_single_image image=&#8221;3933&#8243; img_size=&#8221;medium&#8221;][\/vc_column_inner][\/vc_row_inner][vc_toggle title=&#8221;Technical Data&#8221;][\/vc_toggle][vc_toggle title=&#8221;Video&#8221; el_id=&#8221;1514219102466-71ea4d31-99ce&#8221;][\/vc_toggle][\/vc_tta_section][\/vc_tta_tabs][\/vc_column][\/vc_row]<\/p>\n","protected":false},"excerpt":{"rendered":"<p>[vc_row][vc_column][vc_tta_tabs spacing=&#8221;2&#8243; alignment=&#8221;center&#8221; active_section=&#8221;1&#8243;][vc_tta_section title=&#8221;LDP TORQUE TEST BENCH&#8221; tab_id=&#8221;1514199267873-513b7fb0-0274e7cc-9afb13e7-12dbc4ad-2b15&#8243;][vc_row_inner][vc_column_inner][\/vc_column_inner][\/vc_row_inner][vc_row_inner][vc_column_inner width=&#8221;1\/2&#8243;][vc_gallery type=&#8221;flexslider_slide&#8221; interval=&#8221;0&#8243; images=&#8221;4089&#8243; img_size=&#8221;large&#8221;][\/vc_column_inner][vc_column_inner width=&#8221;1\/2&#8243;][vc_column_text]Torque Test Bench Technology 100 \u2013 15000 Nm Static and dynamic torque measurement up to 15,000Nm&#8230;<\/p>\n","protected":false},"author":1,"featured_media":0,"parent":7786,"menu_order":0,"comment_status":"closed","ping_status":"closed","template":"","meta":{"footnotes":""},"yoast_head":"<!-- This site is optimized with the Yoast SEO plugin v22.2 - https:\/\/yoast.com\/wordpress\/plugins\/seo\/ -->\n<title>Torque Test Bench - \u00dcsfen Makina<\/title>\n<meta name=\"description\" content=\"Tork test cihaz\u0131, \u00fc\u00e7 farkl\u0131 Tork Test Bezi \u00e7e\u015fidi sunar. Hareketsiz \u00f6l\u00e7\u00fcm cihazlar\u0131ndan mobil \u00f6l\u00e7\u00fcm sistemlerine. L\u00d6SOMAT tork tezgahlar\u0131n\u0131n sistemi, c\u0131vata uygulamalar\u0131n\u0131z\u0131n ger\u00e7ek ko\u015fullar\u0131n\u0131 hesaba katar. Dinamik torklar\u0131 belirlemek i\u00e7in orijinal c\u0131vatalar, \u00fczerinde etkili olan t\u00fcm etkenlerle \u00f6l\u00e7\u00fcl\u00fcr.\" \/>\n<meta name=\"robots\" content=\"index, follow, max-snippet:-1, max-image-preview:large, max-video-preview:-1\" \/>\n<link rel=\"canonical\" href=\"https:\/\/www.usfen.com.tr\/en\/sectoral-products\/torque-machine-solutions\/torque-test-bench\/\" \/>\n<meta property=\"og:locale\" content=\"en_US\" \/>\n<meta property=\"og:type\" content=\"article\" \/>\n<meta property=\"og:title\" content=\"Torque Test Bench - \u00dcsfen Makina\" \/>\n<meta property=\"og:description\" content=\"Tork test cihaz\u0131, \u00fc\u00e7 farkl\u0131 Tork Test Bezi \u00e7e\u015fidi sunar. Hareketsiz \u00f6l\u00e7\u00fcm cihazlar\u0131ndan mobil \u00f6l\u00e7\u00fcm sistemlerine. L\u00d6SOMAT tork tezgahlar\u0131n\u0131n sistemi, c\u0131vata uygulamalar\u0131n\u0131z\u0131n ger\u00e7ek ko\u015fullar\u0131n\u0131 hesaba katar. Dinamik torklar\u0131 belirlemek i\u00e7in orijinal c\u0131vatalar, \u00fczerinde etkili olan t\u00fcm etkenlerle \u00f6l\u00e7\u00fcl\u00fcr.\" \/>\n<meta property=\"og:url\" content=\"https:\/\/www.usfen.com.tr\/en\/sectoral-products\/torque-machine-solutions\/torque-test-bench\/\" \/>\n<meta property=\"og:site_name\" content=\"\u00dcsfen Makina\" \/>\n<meta property=\"article:publisher\" content=\"https:\/\/www.facebook.com\/%c3%9csfen-Makina-280420642481393\/\" \/>\n<meta property=\"article:modified_time\" content=\"2022-03-01T05:57:01+00:00\" \/>\n<meta name=\"twitter:card\" content=\"summary_large_image\" \/>\n<meta name=\"twitter:site\" content=\"@usfenmakina\" \/>\n<meta name=\"twitter:label1\" content=\"Est. reading time\" \/>\n\t<meta name=\"twitter:data1\" content=\"2 minutes\" \/>\n<script type=\"application\/ld+json\" class=\"yoast-schema-graph\">{\"@context\":\"https:\/\/schema.org\",\"@graph\":[{\"@type\":\"WebPage\",\"@id\":\"https:\/\/www.usfen.com.tr\/en\/sectoral-products\/torque-machine-solutions\/torque-test-bench\/\",\"url\":\"https:\/\/www.usfen.com.tr\/en\/sectoral-products\/torque-machine-solutions\/torque-test-bench\/\",\"name\":\"Torque Test Bench - \u00dcsfen Makina\",\"isPartOf\":{\"@id\":\"https:\/\/www.usfen.com.tr\/#website\"},\"datePublished\":\"2018-01-03T11:59:58+00:00\",\"dateModified\":\"2022-03-01T05:57:01+00:00\",\"description\":\"Tork test cihaz\u0131, \u00fc\u00e7 farkl\u0131 Tork Test Bezi \u00e7e\u015fidi sunar. Hareketsiz \u00f6l\u00e7\u00fcm cihazlar\u0131ndan mobil \u00f6l\u00e7\u00fcm sistemlerine. L\u00d6SOMAT tork tezgahlar\u0131n\u0131n sistemi, c\u0131vata uygulamalar\u0131n\u0131z\u0131n ger\u00e7ek ko\u015fullar\u0131n\u0131 hesaba katar. Dinamik torklar\u0131 belirlemek i\u00e7in orijinal c\u0131vatalar, \u00fczerinde etkili olan t\u00fcm etkenlerle \u00f6l\u00e7\u00fcl\u00fcr.\",\"breadcrumb\":{\"@id\":\"https:\/\/www.usfen.com.tr\/en\/sectoral-products\/torque-machine-solutions\/torque-test-bench\/#breadcrumb\"},\"inLanguage\":\"en-US\",\"potentialAction\":[{\"@type\":\"ReadAction\",\"target\":[\"https:\/\/www.usfen.com.tr\/en\/sectoral-products\/torque-machine-solutions\/torque-test-bench\/\"]}]},{\"@type\":\"BreadcrumbList\",\"@id\":\"https:\/\/www.usfen.com.tr\/en\/sectoral-products\/torque-machine-solutions\/torque-test-bench\/#breadcrumb\",\"itemListElement\":[{\"@type\":\"ListItem\",\"position\":1,\"name\":\"Ana sayfa\",\"item\":\"https:\/\/www.usfen.com.tr\/en\/\"},{\"@type\":\"ListItem\",\"position\":2,\"name\":\"Products\",\"item\":\"https:\/\/www.usfen.com.tr\/en\/sectoral-products\/\"},{\"@type\":\"ListItem\",\"position\":3,\"name\":\"Torque Machine Solutions\",\"item\":\"https:\/\/www.usfen.com.tr\/en\/sectoral-products\/torque-machine-solutions\/\"},{\"@type\":\"ListItem\",\"position\":4,\"name\":\"Torque Test Bench\"}]},{\"@type\":\"WebSite\",\"@id\":\"https:\/\/www.usfen.com.tr\/#website\",\"url\":\"https:\/\/www.usfen.com.tr\/\",\"name\":\"\u00dcsfen Makina\",\"description\":\"M\u00fchendislik, Teknoloji \u00dcss\u00fc\",\"publisher\":{\"@id\":\"https:\/\/www.usfen.com.tr\/#organization\"},\"potentialAction\":[{\"@type\":\"SearchAction\",\"target\":{\"@type\":\"EntryPoint\",\"urlTemplate\":\"https:\/\/www.usfen.com.tr\/?s={search_term_string}\"},\"query-input\":\"required name=search_term_string\"}],\"inLanguage\":\"en-US\"},{\"@type\":\"Organization\",\"@id\":\"https:\/\/www.usfen.com.tr\/#organization\",\"name\":\"\u00dcsfen Makina\",\"url\":\"https:\/\/www.usfen.com.tr\/\",\"logo\":{\"@type\":\"ImageObject\",\"inLanguage\":\"en-US\",\"@id\":\"https:\/\/www.usfen.com.tr\/#\/schema\/logo\/image\/\",\"url\":\"https:\/\/www.usfen.com.tr\/wp-content\/uploads\/2017\/12\/usfen-logo-bg.png\",\"contentUrl\":\"https:\/\/www.usfen.com.tr\/wp-content\/uploads\/2017\/12\/usfen-logo-bg.png\",\"width\":400,\"height\":151,\"caption\":\"\u00dcsfen Makina\"},\"image\":{\"@id\":\"https:\/\/www.usfen.com.tr\/#\/schema\/logo\/image\/\"},\"sameAs\":[\"https:\/\/www.facebook.com\/\u00dcsfen-Makina-280420642481393\/\",\"https:\/\/twitter.com\/usfenmakina\",\"https:\/\/www.instagram.com\/usfenmakina\/\",\"https:\/\/www.linkedin.com\/company\/18375652\/\"]}]}<\/script>\n<!-- \/ Yoast SEO plugin. -->","yoast_head_json":{"title":"Torque Test Bench - \u00dcsfen Makina","description":"Tork test cihaz\u0131, \u00fc\u00e7 farkl\u0131 Tork Test Bezi \u00e7e\u015fidi sunar. Hareketsiz \u00f6l\u00e7\u00fcm cihazlar\u0131ndan mobil \u00f6l\u00e7\u00fcm sistemlerine. L\u00d6SOMAT tork tezgahlar\u0131n\u0131n sistemi, c\u0131vata uygulamalar\u0131n\u0131z\u0131n ger\u00e7ek ko\u015fullar\u0131n\u0131 hesaba katar. Dinamik torklar\u0131 belirlemek i\u00e7in orijinal c\u0131vatalar, \u00fczerinde etkili olan t\u00fcm etkenlerle \u00f6l\u00e7\u00fcl\u00fcr.","robots":{"index":"index","follow":"follow","max-snippet":"max-snippet:-1","max-image-preview":"max-image-preview:large","max-video-preview":"max-video-preview:-1"},"canonical":"https:\/\/www.usfen.com.tr\/en\/sectoral-products\/torque-machine-solutions\/torque-test-bench\/","og_locale":"en_US","og_type":"article","og_title":"Torque Test Bench - \u00dcsfen Makina","og_description":"Tork test cihaz\u0131, \u00fc\u00e7 farkl\u0131 Tork Test Bezi \u00e7e\u015fidi sunar. Hareketsiz \u00f6l\u00e7\u00fcm cihazlar\u0131ndan mobil \u00f6l\u00e7\u00fcm sistemlerine. L\u00d6SOMAT tork tezgahlar\u0131n\u0131n sistemi, c\u0131vata uygulamalar\u0131n\u0131z\u0131n ger\u00e7ek ko\u015fullar\u0131n\u0131 hesaba katar. Dinamik torklar\u0131 belirlemek i\u00e7in orijinal c\u0131vatalar, \u00fczerinde etkili olan t\u00fcm etkenlerle \u00f6l\u00e7\u00fcl\u00fcr.","og_url":"https:\/\/www.usfen.com.tr\/en\/sectoral-products\/torque-machine-solutions\/torque-test-bench\/","og_site_name":"\u00dcsfen Makina","article_publisher":"https:\/\/www.facebook.com\/%c3%9csfen-Makina-280420642481393\/","article_modified_time":"2022-03-01T05:57:01+00:00","twitter_card":"summary_large_image","twitter_site":"@usfenmakina","twitter_misc":{"Est. reading time":"2 minutes"},"schema":{"@context":"https:\/\/schema.org","@graph":[{"@type":"WebPage","@id":"https:\/\/www.usfen.com.tr\/en\/sectoral-products\/torque-machine-solutions\/torque-test-bench\/","url":"https:\/\/www.usfen.com.tr\/en\/sectoral-products\/torque-machine-solutions\/torque-test-bench\/","name":"Torque Test Bench - \u00dcsfen Makina","isPartOf":{"@id":"https:\/\/www.usfen.com.tr\/#website"},"datePublished":"2018-01-03T11:59:58+00:00","dateModified":"2022-03-01T05:57:01+00:00","description":"Tork test cihaz\u0131, \u00fc\u00e7 farkl\u0131 Tork Test Bezi \u00e7e\u015fidi sunar. Hareketsiz \u00f6l\u00e7\u00fcm cihazlar\u0131ndan mobil \u00f6l\u00e7\u00fcm sistemlerine. L\u00d6SOMAT tork tezgahlar\u0131n\u0131n sistemi, c\u0131vata uygulamalar\u0131n\u0131z\u0131n ger\u00e7ek ko\u015fullar\u0131n\u0131 hesaba katar. Dinamik torklar\u0131 belirlemek i\u00e7in orijinal c\u0131vatalar, \u00fczerinde etkili olan t\u00fcm etkenlerle \u00f6l\u00e7\u00fcl\u00fcr.","breadcrumb":{"@id":"https:\/\/www.usfen.com.tr\/en\/sectoral-products\/torque-machine-solutions\/torque-test-bench\/#breadcrumb"},"inLanguage":"en-US","potentialAction":[{"@type":"ReadAction","target":["https:\/\/www.usfen.com.tr\/en\/sectoral-products\/torque-machine-solutions\/torque-test-bench\/"]}]},{"@type":"BreadcrumbList","@id":"https:\/\/www.usfen.com.tr\/en\/sectoral-products\/torque-machine-solutions\/torque-test-bench\/#breadcrumb","itemListElement":[{"@type":"ListItem","position":1,"name":"Ana sayfa","item":"https:\/\/www.usfen.com.tr\/en\/"},{"@type":"ListItem","position":2,"name":"Products","item":"https:\/\/www.usfen.com.tr\/en\/sectoral-products\/"},{"@type":"ListItem","position":3,"name":"Torque Machine Solutions","item":"https:\/\/www.usfen.com.tr\/en\/sectoral-products\/torque-machine-solutions\/"},{"@type":"ListItem","position":4,"name":"Torque Test Bench"}]},{"@type":"WebSite","@id":"https:\/\/www.usfen.com.tr\/#website","url":"https:\/\/www.usfen.com.tr\/","name":"\u00dcsfen Makina","description":"M\u00fchendislik, Teknoloji \u00dcss\u00fc","publisher":{"@id":"https:\/\/www.usfen.com.tr\/#organization"},"potentialAction":[{"@type":"SearchAction","target":{"@type":"EntryPoint","urlTemplate":"https:\/\/www.usfen.com.tr\/?s={search_term_string}"},"query-input":"required name=search_term_string"}],"inLanguage":"en-US"},{"@type":"Organization","@id":"https:\/\/www.usfen.com.tr\/#organization","name":"\u00dcsfen Makina","url":"https:\/\/www.usfen.com.tr\/","logo":{"@type":"ImageObject","inLanguage":"en-US","@id":"https:\/\/www.usfen.com.tr\/#\/schema\/logo\/image\/","url":"https:\/\/www.usfen.com.tr\/wp-content\/uploads\/2017\/12\/usfen-logo-bg.png","contentUrl":"https:\/\/www.usfen.com.tr\/wp-content\/uploads\/2017\/12\/usfen-logo-bg.png","width":400,"height":151,"caption":"\u00dcsfen Makina"},"image":{"@id":"https:\/\/www.usfen.com.tr\/#\/schema\/logo\/image\/"},"sameAs":["https:\/\/www.facebook.com\/\u00dcsfen-Makina-280420642481393\/","https:\/\/twitter.com\/usfenmakina","https:\/\/www.instagram.com\/usfenmakina\/","https:\/\/www.linkedin.com\/company\/18375652\/"]}]}},"jetpack_sharing_enabled":true,"_links":{"self":[{"href":"https:\/\/www.usfen.com.tr\/en\/wp-json\/wp\/v2\/pages\/7747"}],"collection":[{"href":"https:\/\/www.usfen.com.tr\/en\/wp-json\/wp\/v2\/pages"}],"about":[{"href":"https:\/\/www.usfen.com.tr\/en\/wp-json\/wp\/v2\/types\/page"}],"author":[{"embeddable":true,"href":"https:\/\/www.usfen.com.tr\/en\/wp-json\/wp\/v2\/users\/1"}],"replies":[{"embeddable":true,"href":"https:\/\/www.usfen.com.tr\/en\/wp-json\/wp\/v2\/comments?post=7747"}],"version-history":[{"count":2,"href":"https:\/\/www.usfen.com.tr\/en\/wp-json\/wp\/v2\/pages\/7747\/revisions"}],"predecessor-version":[{"id":8227,"href":"https:\/\/www.usfen.com.tr\/en\/wp-json\/wp\/v2\/pages\/7747\/revisions\/8227"}],"up":[{"embeddable":true,"href":"https:\/\/www.usfen.com.tr\/en\/wp-json\/wp\/v2\/pages\/7786"}],"wp:attachment":[{"href":"https:\/\/www.usfen.com.tr\/en\/wp-json\/wp\/v2\/media?parent=7747"}],"curies":[{"name":"wp","href":"https:\/\/api.w.org\/{rel}","templated":true}]}}