{"id":7748,"date":"2018-01-03T14:55:45","date_gmt":"2018-01-03T11:55:45","guid":{"rendered":"http:\/\/www.usfen.com.tr\/700-bar-hidrolik-guc-unitesi\/"},"modified":"2022-03-24T13:12:53","modified_gmt":"2022-03-24T10:12:53","slug":"700-bar-hydraulic-power-unit","status":"publish","type":"page","link":"https:\/\/www.usfen.com.tr\/en\/sectoral-products\/torque-machine-solutions\/700-bar-hydraulic-power-unit\/","title":{"rendered":"700 Bar Hydraulic Power Unit"},"content":{"rendered":"<p>[vc_row][vc_column][vc_tta_tabs spacing=&#8221;2&#8243; alignment=&#8221;center&#8221; active_section=&#8221;1&#8243;][vc_tta_section title=&#8221;H\u0130DROL\u0130K G\u00dc\u00c7 \u00dcN\u0130TES\u0130&#8221; tab_id=&#8221;1514199267873-513b7fb0-0274e7cc-9afb13e7-12db8650-38c5&#8243;][vc_row_inner][vc_column_inner]<div class=\"mgt-header-block clearfix text-left text-black wpb_content_element  mgt-header-block-style-1 mgt-header-texttransform-header  vc_custom_1514980244853\"><h2 class=\"mgt-header-block-title\">Hidrolik G\u00fc\u00e7 \u00dcnitesi<\/h2><p class=\"mgt-header-block-subtitle\">\u00dcr\u00fcn \u00d6zellikleri<\/p><div class=\"mgt-header-line\"><\/div><\/div>[\/vc_column_inner][\/vc_row_inner][vc_row_inner][vc_column_inner width=&#8221;1\/2&#8243;][vc_gallery type=&#8221;flexslider_slide&#8221; interval=&#8221;0&#8243; images=&#8221;4088&#8243; img_size=&#8221;large&#8221;][\/vc_column_inner][vc_column_inner width=&#8221;1\/2&#8243;][vc_column_text]\u00d6nc\u00fc, mod\u00fcler, parlak<\/p>\n<p>L\u00d6SOMAT Hidrolik \u00dcniteleri, her c\u0131vata uygulamas\u0131 i\u00e7in tork anahtar\u0131 g\u00fc\u00e7 sa\u011flar.<\/p>\n<p>2 ve 3 a\u015famal\u0131 h\u0131zl\u0131 pompalar 800 bar \u00e7\u0131kt\u0131 \u00fcretir. En son teknoloji \u00fcr\u00fcn\u00fc az ya\u011fl\u0131 tahrik motorlar\u0131 maksimum bas\u0131n\u00e7ta y\u00fcksek bir pompa \u00e7\u0131k\u0131\u015f\u0131 sa\u011flar.<\/p>\n<p>A\u015f\u0131r\u0131 y\u00fck alt\u0131nda bile \u00fcnitenin en iyi \u015fekilde so\u011futulmas\u0131 i\u00e7in yeni bir so\u011futma havas\u0131 kayna\u011f\u0131 (patent ba\u015fvurusu yap\u0131lm\u0131\u015f) bulunmaktad\u0131r.<\/p>\n<p>Manuel Kontrol (LHU-M), Otomatik Kontrol (LHU-A) ve Mod\u00fcler Kontrol-\u00c7\u00f6z\u00fcm (LHU-S) Hidrolik \u00dcniteler i\u00e7in \u00fc\u00e7 farkl\u0131 kontrol mevcuttur:<\/p>\n<p>LHU \u00c7\u00f6z\u00fcm serisi, modern hidrolik \u00fcnite teknolojisindeki High End modelidir. Temel c\u0131vata alma y\u00f6ntemlerine ek olarak (manuel, otomatik, tork d\u00f6n\u00fc\u015f a\u00e7\u0131s\u0131), kontrol ilave mod\u00fcller ile ihtiya\u00e7lar\u0131n\u0131za g\u00f6re yeniden donat\u0131labilir. Operat\u00f6r, uzaktan kumanda ba\u015f\u0131na t\u00fcm c\u0131vata alma i\u015flemini kontrol eder.[\/vc_column_text][vc_single_image image=&#8221;3924&#8243; img_size=&#8221;medium&#8221;][\/vc_column_inner][\/vc_row_inner][vc_row_inner css=&#8221;.vc_custom_1514472186822{margin-bottom: 20px !important;}&#8221;][vc_column_inner width=&#8221;1\/4&#8243;][vc_single_image image=&#8221;3925&#8243; img_size=&#8221;medium&#8221;][\/vc_column_inner][vc_column_inner width=&#8221;1\/4&#8243;][vc_single_image image=&#8221;3926&#8243; img_size=&#8221;medium&#8221;][\/vc_column_inner][vc_column_inner width=&#8221;1\/4&#8243;][vc_single_image image=&#8221;3927&#8243; img_size=&#8221;medium&#8221;][\/vc_column_inner][vc_column_inner width=&#8221;1\/4&#8243;][vc_single_image image=&#8221;3928&#8243; img_size=&#8221;medium&#8221;][\/vc_column_inner][\/vc_row_inner][vc_toggle title=&#8221;Teknik \u00d6zellikler&#8221;][\/vc_toggle][vc_toggle title=&#8221;Hyraulic Power Unit 700 Bar Catalog&#8221;]<a href=\"http:\/\/www.usfen.com.tr\/wp-content\/uploads\/2020\/02\/LHU-data-sheet-en.pdf\">Hidrolik G\u00fc\u00e7 \u00dcnitesi Gedore<\/a>[\/vc_toggle][vc_toggle title=&#8221;Video&#8221; el_id=&#8221;1514219102466-71ea4d31-99ce&#8221;][\/vc_toggle][\/vc_tta_section][\/vc_tta_tabs][\/vc_column][\/vc_row]<\/p>\n","protected":false},"excerpt":{"rendered":"<p>[vc_row][vc_column][vc_tta_tabs spacing=&#8221;2&#8243; alignment=&#8221;center&#8221; active_section=&#8221;1&#8243;][vc_tta_section title=&#8221;H\u0130DROL\u0130K G\u00dc\u00c7 \u00dcN\u0130TES\u0130&#8221; tab_id=&#8221;1514199267873-513b7fb0-0274e7cc-9afb13e7-12db8650-38c5&#8243;][vc_row_inner][vc_column_inner][\/vc_column_inner][\/vc_row_inner][vc_row_inner][vc_column_inner width=&#8221;1\/2&#8243;][vc_gallery type=&#8221;flexslider_slide&#8221; interval=&#8221;0&#8243; images=&#8221;4088&#8243; img_size=&#8221;large&#8221;][\/vc_column_inner][vc_column_inner width=&#8221;1\/2&#8243;][vc_column_text]\u00d6nc\u00fc, mod\u00fcler, parlak L\u00d6SOMAT Hidrolik \u00dcniteleri, her c\u0131vata uygulamas\u0131 i\u00e7in tork anahtar\u0131 g\u00fc\u00e7 sa\u011flar. 2 ve 3&#8230;<\/p>\n","protected":false},"author":1,"featured_media":0,"parent":7786,"menu_order":0,"comment_status":"closed","ping_status":"closed","template":"","meta":{"footnotes":""},"yoast_head":"<!-- This site is optimized with the Yoast SEO plugin v22.2 - https:\/\/yoast.com\/wordpress\/plugins\/seo\/ -->\n<title>700 Bar Hydraulic Power Unit - \u00dcsfen Makina<\/title>\n<meta name=\"description\" content=\"L\u00d6SOMAT Hidrolik G\u00fc\u00e7 \u00dcnitesi, her c\u0131vata uygulamas\u0131 i\u00e7in tork anahtar\u0131 g\u00fc\u00e7 sa\u011flar. 2 ve 3 a\u015famal\u0131 h\u0131zl\u0131 pompalar 800 bar \u00e7\u0131kt\u0131 \u00fcretir. En son teknoloji \u00fcr\u00fcn\u00fc az ya\u011fl\u0131 tahrik motorlar\u0131 maksimum bas\u0131n\u00e7ta y\u00fcksek bir pompa \u00e7\u0131k\u0131\u015f\u0131 sa\u011flar.\" \/>\n<meta name=\"robots\" content=\"index, follow, max-snippet:-1, max-image-preview:large, max-video-preview:-1\" \/>\n<link rel=\"canonical\" href=\"https:\/\/www.usfen.com.tr\/en\/sectoral-products\/torque-machine-solutions\/700-bar-hydraulic-power-unit\/\" \/>\n<meta property=\"og:locale\" content=\"en_US\" \/>\n<meta property=\"og:type\" content=\"article\" \/>\n<meta property=\"og:title\" content=\"700 Bar Hydraulic Power Unit - \u00dcsfen Makina\" \/>\n<meta property=\"og:description\" content=\"L\u00d6SOMAT Hidrolik G\u00fc\u00e7 \u00dcnitesi, her c\u0131vata uygulamas\u0131 i\u00e7in tork anahtar\u0131 g\u00fc\u00e7 sa\u011flar. 2 ve 3 a\u015famal\u0131 h\u0131zl\u0131 pompalar 800 bar \u00e7\u0131kt\u0131 \u00fcretir. En son teknoloji \u00fcr\u00fcn\u00fc az ya\u011fl\u0131 tahrik motorlar\u0131 maksimum bas\u0131n\u00e7ta y\u00fcksek bir pompa \u00e7\u0131k\u0131\u015f\u0131 sa\u011flar.\" \/>\n<meta property=\"og:url\" content=\"https:\/\/www.usfen.com.tr\/en\/sectoral-products\/torque-machine-solutions\/700-bar-hydraulic-power-unit\/\" \/>\n<meta property=\"og:site_name\" content=\"\u00dcsfen Makina\" \/>\n<meta property=\"article:publisher\" content=\"https:\/\/www.facebook.com\/%c3%9csfen-Makina-280420642481393\/\" \/>\n<meta property=\"article:modified_time\" content=\"2022-03-24T10:12:53+00:00\" \/>\n<meta name=\"twitter:card\" content=\"summary_large_image\" \/>\n<meta name=\"twitter:site\" content=\"@usfenmakina\" \/>\n<meta name=\"twitter:label1\" content=\"Est. reading time\" \/>\n\t<meta name=\"twitter:data1\" content=\"2 minutes\" \/>\n<script type=\"application\/ld+json\" class=\"yoast-schema-graph\">{\"@context\":\"https:\/\/schema.org\",\"@graph\":[{\"@type\":\"WebPage\",\"@id\":\"https:\/\/www.usfen.com.tr\/en\/sectoral-products\/torque-machine-solutions\/700-bar-hydraulic-power-unit\/\",\"url\":\"https:\/\/www.usfen.com.tr\/en\/sectoral-products\/torque-machine-solutions\/700-bar-hydraulic-power-unit\/\",\"name\":\"700 Bar Hydraulic Power Unit - \u00dcsfen Makina\",\"isPartOf\":{\"@id\":\"https:\/\/www.usfen.com.tr\/#website\"},\"datePublished\":\"2018-01-03T11:55:45+00:00\",\"dateModified\":\"2022-03-24T10:12:53+00:00\",\"description\":\"L\u00d6SOMAT Hidrolik G\u00fc\u00e7 \u00dcnitesi, her c\u0131vata uygulamas\u0131 i\u00e7in tork anahtar\u0131 g\u00fc\u00e7 sa\u011flar. 2 ve 3 a\u015famal\u0131 h\u0131zl\u0131 pompalar 800 bar \u00e7\u0131kt\u0131 \u00fcretir. En son teknoloji \u00fcr\u00fcn\u00fc az ya\u011fl\u0131 tahrik motorlar\u0131 maksimum bas\u0131n\u00e7ta y\u00fcksek bir pompa \u00e7\u0131k\u0131\u015f\u0131 sa\u011flar.\",\"breadcrumb\":{\"@id\":\"https:\/\/www.usfen.com.tr\/en\/sectoral-products\/torque-machine-solutions\/700-bar-hydraulic-power-unit\/#breadcrumb\"},\"inLanguage\":\"en-US\",\"potentialAction\":[{\"@type\":\"ReadAction\",\"target\":[\"https:\/\/www.usfen.com.tr\/en\/sectoral-products\/torque-machine-solutions\/700-bar-hydraulic-power-unit\/\"]}]},{\"@type\":\"BreadcrumbList\",\"@id\":\"https:\/\/www.usfen.com.tr\/en\/sectoral-products\/torque-machine-solutions\/700-bar-hydraulic-power-unit\/#breadcrumb\",\"itemListElement\":[{\"@type\":\"ListItem\",\"position\":1,\"name\":\"Ana sayfa\",\"item\":\"https:\/\/www.usfen.com.tr\/en\/\"},{\"@type\":\"ListItem\",\"position\":2,\"name\":\"Products\",\"item\":\"https:\/\/www.usfen.com.tr\/en\/sectoral-products\/\"},{\"@type\":\"ListItem\",\"position\":3,\"name\":\"Torque Machine Solutions\",\"item\":\"https:\/\/www.usfen.com.tr\/en\/sectoral-products\/torque-machine-solutions\/\"},{\"@type\":\"ListItem\",\"position\":4,\"name\":\"700 Bar Hydraulic Power Unit\"}]},{\"@type\":\"WebSite\",\"@id\":\"https:\/\/www.usfen.com.tr\/#website\",\"url\":\"https:\/\/www.usfen.com.tr\/\",\"name\":\"\u00dcsfen Makina\",\"description\":\"M\u00fchendislik, Teknoloji \u00dcss\u00fc\",\"publisher\":{\"@id\":\"https:\/\/www.usfen.com.tr\/#organization\"},\"potentialAction\":[{\"@type\":\"SearchAction\",\"target\":{\"@type\":\"EntryPoint\",\"urlTemplate\":\"https:\/\/www.usfen.com.tr\/?s={search_term_string}\"},\"query-input\":\"required name=search_term_string\"}],\"inLanguage\":\"en-US\"},{\"@type\":\"Organization\",\"@id\":\"https:\/\/www.usfen.com.tr\/#organization\",\"name\":\"\u00dcsfen Makina\",\"url\":\"https:\/\/www.usfen.com.tr\/\",\"logo\":{\"@type\":\"ImageObject\",\"inLanguage\":\"en-US\",\"@id\":\"https:\/\/www.usfen.com.tr\/#\/schema\/logo\/image\/\",\"url\":\"https:\/\/www.usfen.com.tr\/wp-content\/uploads\/2017\/12\/usfen-logo-bg.png\",\"contentUrl\":\"https:\/\/www.usfen.com.tr\/wp-content\/uploads\/2017\/12\/usfen-logo-bg.png\",\"width\":400,\"height\":151,\"caption\":\"\u00dcsfen Makina\"},\"image\":{\"@id\":\"https:\/\/www.usfen.com.tr\/#\/schema\/logo\/image\/\"},\"sameAs\":[\"https:\/\/www.facebook.com\/\u00dcsfen-Makina-280420642481393\/\",\"https:\/\/twitter.com\/usfenmakina\",\"https:\/\/www.instagram.com\/usfenmakina\/\",\"https:\/\/www.linkedin.com\/company\/18375652\/\"]}]}<\/script>\n<!-- \/ Yoast SEO plugin. -->","yoast_head_json":{"title":"700 Bar Hydraulic Power Unit - \u00dcsfen Makina","description":"L\u00d6SOMAT Hidrolik G\u00fc\u00e7 \u00dcnitesi, her c\u0131vata uygulamas\u0131 i\u00e7in tork anahtar\u0131 g\u00fc\u00e7 sa\u011flar. 2 ve 3 a\u015famal\u0131 h\u0131zl\u0131 pompalar 800 bar \u00e7\u0131kt\u0131 \u00fcretir. En son teknoloji \u00fcr\u00fcn\u00fc az ya\u011fl\u0131 tahrik motorlar\u0131 maksimum bas\u0131n\u00e7ta y\u00fcksek bir pompa \u00e7\u0131k\u0131\u015f\u0131 sa\u011flar.","robots":{"index":"index","follow":"follow","max-snippet":"max-snippet:-1","max-image-preview":"max-image-preview:large","max-video-preview":"max-video-preview:-1"},"canonical":"https:\/\/www.usfen.com.tr\/en\/sectoral-products\/torque-machine-solutions\/700-bar-hydraulic-power-unit\/","og_locale":"en_US","og_type":"article","og_title":"700 Bar Hydraulic Power Unit - \u00dcsfen Makina","og_description":"L\u00d6SOMAT Hidrolik G\u00fc\u00e7 \u00dcnitesi, her c\u0131vata uygulamas\u0131 i\u00e7in tork anahtar\u0131 g\u00fc\u00e7 sa\u011flar. 2 ve 3 a\u015famal\u0131 h\u0131zl\u0131 pompalar 800 bar \u00e7\u0131kt\u0131 \u00fcretir. En son teknoloji \u00fcr\u00fcn\u00fc az ya\u011fl\u0131 tahrik motorlar\u0131 maksimum bas\u0131n\u00e7ta y\u00fcksek bir pompa \u00e7\u0131k\u0131\u015f\u0131 sa\u011flar.","og_url":"https:\/\/www.usfen.com.tr\/en\/sectoral-products\/torque-machine-solutions\/700-bar-hydraulic-power-unit\/","og_site_name":"\u00dcsfen Makina","article_publisher":"https:\/\/www.facebook.com\/%c3%9csfen-Makina-280420642481393\/","article_modified_time":"2022-03-24T10:12:53+00:00","twitter_card":"summary_large_image","twitter_site":"@usfenmakina","twitter_misc":{"Est. reading time":"2 minutes"},"schema":{"@context":"https:\/\/schema.org","@graph":[{"@type":"WebPage","@id":"https:\/\/www.usfen.com.tr\/en\/sectoral-products\/torque-machine-solutions\/700-bar-hydraulic-power-unit\/","url":"https:\/\/www.usfen.com.tr\/en\/sectoral-products\/torque-machine-solutions\/700-bar-hydraulic-power-unit\/","name":"700 Bar Hydraulic Power Unit - \u00dcsfen Makina","isPartOf":{"@id":"https:\/\/www.usfen.com.tr\/#website"},"datePublished":"2018-01-03T11:55:45+00:00","dateModified":"2022-03-24T10:12:53+00:00","description":"L\u00d6SOMAT Hidrolik G\u00fc\u00e7 \u00dcnitesi, her c\u0131vata uygulamas\u0131 i\u00e7in tork anahtar\u0131 g\u00fc\u00e7 sa\u011flar. 2 ve 3 a\u015famal\u0131 h\u0131zl\u0131 pompalar 800 bar \u00e7\u0131kt\u0131 \u00fcretir. En son teknoloji \u00fcr\u00fcn\u00fc az ya\u011fl\u0131 tahrik motorlar\u0131 maksimum bas\u0131n\u00e7ta y\u00fcksek bir pompa \u00e7\u0131k\u0131\u015f\u0131 sa\u011flar.","breadcrumb":{"@id":"https:\/\/www.usfen.com.tr\/en\/sectoral-products\/torque-machine-solutions\/700-bar-hydraulic-power-unit\/#breadcrumb"},"inLanguage":"en-US","potentialAction":[{"@type":"ReadAction","target":["https:\/\/www.usfen.com.tr\/en\/sectoral-products\/torque-machine-solutions\/700-bar-hydraulic-power-unit\/"]}]},{"@type":"BreadcrumbList","@id":"https:\/\/www.usfen.com.tr\/en\/sectoral-products\/torque-machine-solutions\/700-bar-hydraulic-power-unit\/#breadcrumb","itemListElement":[{"@type":"ListItem","position":1,"name":"Ana sayfa","item":"https:\/\/www.usfen.com.tr\/en\/"},{"@type":"ListItem","position":2,"name":"Products","item":"https:\/\/www.usfen.com.tr\/en\/sectoral-products\/"},{"@type":"ListItem","position":3,"name":"Torque Machine Solutions","item":"https:\/\/www.usfen.com.tr\/en\/sectoral-products\/torque-machine-solutions\/"},{"@type":"ListItem","position":4,"name":"700 Bar Hydraulic Power Unit"}]},{"@type":"WebSite","@id":"https:\/\/www.usfen.com.tr\/#website","url":"https:\/\/www.usfen.com.tr\/","name":"\u00dcsfen Makina","description":"M\u00fchendislik, Teknoloji \u00dcss\u00fc","publisher":{"@id":"https:\/\/www.usfen.com.tr\/#organization"},"potentialAction":[{"@type":"SearchAction","target":{"@type":"EntryPoint","urlTemplate":"https:\/\/www.usfen.com.tr\/?s={search_term_string}"},"query-input":"required name=search_term_string"}],"inLanguage":"en-US"},{"@type":"Organization","@id":"https:\/\/www.usfen.com.tr\/#organization","name":"\u00dcsfen Makina","url":"https:\/\/www.usfen.com.tr\/","logo":{"@type":"ImageObject","inLanguage":"en-US","@id":"https:\/\/www.usfen.com.tr\/#\/schema\/logo\/image\/","url":"https:\/\/www.usfen.com.tr\/wp-content\/uploads\/2017\/12\/usfen-logo-bg.png","contentUrl":"https:\/\/www.usfen.com.tr\/wp-content\/uploads\/2017\/12\/usfen-logo-bg.png","width":400,"height":151,"caption":"\u00dcsfen Makina"},"image":{"@id":"https:\/\/www.usfen.com.tr\/#\/schema\/logo\/image\/"},"sameAs":["https:\/\/www.facebook.com\/\u00dcsfen-Makina-280420642481393\/","https:\/\/twitter.com\/usfenmakina","https:\/\/www.instagram.com\/usfenmakina\/","https:\/\/www.linkedin.com\/company\/18375652\/"]}]}},"jetpack_sharing_enabled":true,"_links":{"self":[{"href":"https:\/\/www.usfen.com.tr\/en\/wp-json\/wp\/v2\/pages\/7748"}],"collection":[{"href":"https:\/\/www.usfen.com.tr\/en\/wp-json\/wp\/v2\/pages"}],"about":[{"href":"https:\/\/www.usfen.com.tr\/en\/wp-json\/wp\/v2\/types\/page"}],"author":[{"embeddable":true,"href":"https:\/\/www.usfen.com.tr\/en\/wp-json\/wp\/v2\/users\/1"}],"replies":[{"embeddable":true,"href":"https:\/\/www.usfen.com.tr\/en\/wp-json\/wp\/v2\/comments?post=7748"}],"version-history":[{"count":6,"href":"https:\/\/www.usfen.com.tr\/en\/wp-json\/wp\/v2\/pages\/7748\/revisions"}],"predecessor-version":[{"id":8681,"href":"https:\/\/www.usfen.com.tr\/en\/wp-json\/wp\/v2\/pages\/7748\/revisions\/8681"}],"up":[{"embeddable":true,"href":"https:\/\/www.usfen.com.tr\/en\/wp-json\/wp\/v2\/pages\/7786"}],"wp:attachment":[{"href":"https:\/\/www.usfen.com.tr\/en\/wp-json\/wp\/v2\/media?parent=7748"}],"curies":[{"name":"wp","href":"https:\/\/api.w.org\/{rel}","templated":true}]}}