{"id":7749,"date":"2018-01-03T14:37:12","date_gmt":"2018-01-03T11:37:12","guid":{"rendered":"http:\/\/www.usfen.com.tr\/pinomatik-tork-anahtari\/"},"modified":"2022-02-28T13:48:21","modified_gmt":"2022-02-28T10:48:21","slug":"pneumatic-high-torque-wrench","status":"publish","type":"page","link":"https:\/\/www.usfen.com.tr\/en\/sectoral-products\/torque-machine-solutions\/pneumatic-high-torque-wrench\/","title":{"rendered":"Pneumatic High Torque Wrench"},"content":{"rendered":"<p>[vc_row][vc_column][vc_tta_tabs spacing=&#8221;2&#8243; alignment=&#8221;center&#8221; active_section=&#8221;1&#8243;][vc_tta_section title=&#8221;PNEUMATIC HIGH TORQUE WRENCH&#8221; tab_id=&#8221;1514199267873-513b7fb0-0274e7cc-9afb13e7-12dbae41-d7e5&#8243;][vc_row_inner][vc_column_inner]<div class=\"mgt-header-block clearfix text-left text-black wpb_content_element  mgt-header-block-style-1 mgt-header-texttransform-header  vc_custom_1646045675299\"><h2 class=\"mgt-header-block-title\">Pneumatic High Torque Wrench<\/h2><p class=\"mgt-header-block-subtitle\">Product Features<\/p><div class=\"mgt-header-line\"><\/div><\/div>[\/vc_column_inner][\/vc_row_inner][vc_row_inner][vc_column_inner width=&#8221;1\/2&#8243;][vc_gallery type=&#8221;flexslider_slide&#8221; interval=&#8221;0&#8243; images=&#8221;4087&#8243; img_size=&#8221;large&#8221;][\/vc_column_inner][vc_column_inner width=&#8221;1\/2&#8243;][vc_column_text]<strong>Durable, light, perfect<\/strong><\/p>\n<p>The pneumatic screwdriver is another alternative in high-torque bolting technology. In conjunction with the GEDORE maintenance unit, it delivers consistently high performance and precision in screwdriving work. The ergonomic, 360\u00b0 rotatable pistol grip with simple right\/left switching enables comfortable operation.<\/p>\n<p><strong>X-series for higher speed<\/strong><\/p>\n<p>The LPK-X series has a 2-speed planetary gearbox. The operator can choose between fast and power gear. With a speed of up to 300 rpm, the high-speed gear turns the screw in up to the joining torque. Then the power gear tightens the screw to the exact torque. Each pneumatic screwdriver comes with an individual factory test certificate.[\/vc_column_text][\/vc_column_inner][\/vc_row_inner][vc_row_inner css=&#8221;.vc_custom_1514472186822{margin-bottom: 20px !important;}&#8221;][vc_column_inner width=&#8221;1\/3&#8243;][vc_single_image image=&#8221;3918&#8243; img_size=&#8221;medium&#8221;][\/vc_column_inner][vc_column_inner width=&#8221;1\/3&#8243;][vc_single_image image=&#8221;3919&#8243; img_size=&#8221;medium&#8221;][\/vc_column_inner][vc_column_inner width=&#8221;1\/3&#8243;][vc_single_image image=&#8221;3920&#8243; img_size=&#8221;medium&#8221;][\/vc_column_inner][\/vc_row_inner][vc_toggle title=&#8221;Technical Data&#8221;]<\/p>\n<ul>\n<li>Centrifugal force: 20 ~ 26,000 kg<\/li>\n<li>Vacuum impregnated windings using Class F insulation materials<\/li>\n<li>Premium quality bearings<\/li>\n<li>Robust FMEA designed body<\/li>\n<li>ATEX ExII3D and ETL, Class II, Division 2 certification for hazardous environments<\/li>\n<\/ul>\n<p>[\/vc_toggle][vc_toggle title=&#8221;Pneumatic High Torque Wrench Data Sheet&#8221;]<a href=\"http:\/\/www.usfen.com.tr\/wp-content\/uploads\/2020\/02\/LPK-data-sheet-en.pdf\">Pneumatic High Torque Wrench<\/a>[\/vc_toggle][vc_toggle title=&#8221;Video&#8221; el_id=&#8221;1514219102466-71ea4d31-99ce&#8221;][\/vc_toggle][\/vc_tta_section][\/vc_tta_tabs][\/vc_column][\/vc_row]<\/p>\n","protected":false},"excerpt":{"rendered":"<p>[vc_row][vc_column][vc_tta_tabs spacing=&#8221;2&#8243; alignment=&#8221;center&#8221; active_section=&#8221;1&#8243;][vc_tta_section title=&#8221;PNEUMATIC HIGH TORQUE WRENCH&#8221; tab_id=&#8221;1514199267873-513b7fb0-0274e7cc-9afb13e7-12dbae41-d7e5&#8243;][vc_row_inner][vc_column_inner][\/vc_column_inner][\/vc_row_inner][vc_row_inner][vc_column_inner width=&#8221;1\/2&#8243;][vc_gallery type=&#8221;flexslider_slide&#8221; interval=&#8221;0&#8243; images=&#8221;4087&#8243; img_size=&#8221;large&#8221;][\/vc_column_inner][vc_column_inner width=&#8221;1\/2&#8243;][vc_column_text]Durable, light, perfect The pneumatic screwdriver is another alternative in high-torque bolting technology. In conjunction with&#8230;<\/p>\n","protected":false},"author":1,"featured_media":0,"parent":7786,"menu_order":0,"comment_status":"closed","ping_status":"closed","template":"","meta":{"footnotes":""},"yoast_head":"<!-- This site is optimized with the Yoast SEO plugin v22.2 - https:\/\/yoast.com\/wordpress\/plugins\/seo\/ -->\n<title>Pneumatic High Torque Wrench - \u00dcsfen Makina<\/title>\n<meta name=\"description\" content=\"Pinomatik tork anahtar\u0131, a\u011f\u0131r torklu c\u0131vata teknolojisinde ek bir alternatiftir. L\u00d6SOMAT hava kontrol \u00fcnitesi ile birlikte bu tork anahtar\u0131, c\u0131vata uygulamalar\u0131nda s\u00fcrekli y\u00fcksek performans ve hassasiyet \u00fcretir.\" \/>\n<meta name=\"robots\" content=\"index, follow, max-snippet:-1, max-image-preview:large, max-video-preview:-1\" \/>\n<link rel=\"canonical\" href=\"https:\/\/www.usfen.com.tr\/en\/sectoral-products\/torque-machine-solutions\/pneumatic-high-torque-wrench\/\" \/>\n<meta property=\"og:locale\" content=\"en_US\" \/>\n<meta property=\"og:type\" content=\"article\" \/>\n<meta property=\"og:title\" content=\"Pneumatic High Torque Wrench - \u00dcsfen Makina\" \/>\n<meta property=\"og:description\" content=\"Pinomatik tork anahtar\u0131, a\u011f\u0131r torklu c\u0131vata teknolojisinde ek bir alternatiftir. L\u00d6SOMAT hava kontrol \u00fcnitesi ile birlikte bu tork anahtar\u0131, c\u0131vata uygulamalar\u0131nda s\u00fcrekli y\u00fcksek performans ve hassasiyet \u00fcretir.\" \/>\n<meta property=\"og:url\" content=\"https:\/\/www.usfen.com.tr\/en\/sectoral-products\/torque-machine-solutions\/pneumatic-high-torque-wrench\/\" \/>\n<meta property=\"og:site_name\" content=\"\u00dcsfen Makina\" \/>\n<meta property=\"article:publisher\" content=\"https:\/\/www.facebook.com\/%c3%9csfen-Makina-280420642481393\/\" \/>\n<meta property=\"article:modified_time\" content=\"2022-02-28T10:48:21+00:00\" \/>\n<meta name=\"twitter:card\" content=\"summary_large_image\" \/>\n<meta name=\"twitter:site\" content=\"@usfenmakina\" \/>\n<meta name=\"twitter:label1\" content=\"Est. reading time\" \/>\n\t<meta name=\"twitter:data1\" content=\"2 minutes\" \/>\n<script type=\"application\/ld+json\" class=\"yoast-schema-graph\">{\"@context\":\"https:\/\/schema.org\",\"@graph\":[{\"@type\":\"WebPage\",\"@id\":\"https:\/\/www.usfen.com.tr\/en\/sectoral-products\/torque-machine-solutions\/pneumatic-high-torque-wrench\/\",\"url\":\"https:\/\/www.usfen.com.tr\/en\/sectoral-products\/torque-machine-solutions\/pneumatic-high-torque-wrench\/\",\"name\":\"Pneumatic High Torque Wrench - \u00dcsfen Makina\",\"isPartOf\":{\"@id\":\"https:\/\/www.usfen.com.tr\/#website\"},\"datePublished\":\"2018-01-03T11:37:12+00:00\",\"dateModified\":\"2022-02-28T10:48:21+00:00\",\"description\":\"Pinomatik tork anahtar\u0131, a\u011f\u0131r torklu c\u0131vata teknolojisinde ek bir alternatiftir. L\u00d6SOMAT hava kontrol \u00fcnitesi ile birlikte bu tork anahtar\u0131, c\u0131vata uygulamalar\u0131nda s\u00fcrekli y\u00fcksek performans ve hassasiyet \u00fcretir.\",\"breadcrumb\":{\"@id\":\"https:\/\/www.usfen.com.tr\/en\/sectoral-products\/torque-machine-solutions\/pneumatic-high-torque-wrench\/#breadcrumb\"},\"inLanguage\":\"en-US\",\"potentialAction\":[{\"@type\":\"ReadAction\",\"target\":[\"https:\/\/www.usfen.com.tr\/en\/sectoral-products\/torque-machine-solutions\/pneumatic-high-torque-wrench\/\"]}]},{\"@type\":\"BreadcrumbList\",\"@id\":\"https:\/\/www.usfen.com.tr\/en\/sectoral-products\/torque-machine-solutions\/pneumatic-high-torque-wrench\/#breadcrumb\",\"itemListElement\":[{\"@type\":\"ListItem\",\"position\":1,\"name\":\"Ana sayfa\",\"item\":\"https:\/\/www.usfen.com.tr\/en\/\"},{\"@type\":\"ListItem\",\"position\":2,\"name\":\"Products\",\"item\":\"https:\/\/www.usfen.com.tr\/en\/sectoral-products\/\"},{\"@type\":\"ListItem\",\"position\":3,\"name\":\"Torque Machine Solutions\",\"item\":\"https:\/\/www.usfen.com.tr\/en\/sectoral-products\/torque-machine-solutions\/\"},{\"@type\":\"ListItem\",\"position\":4,\"name\":\"Pneumatic High Torque Wrench\"}]},{\"@type\":\"WebSite\",\"@id\":\"https:\/\/www.usfen.com.tr\/#website\",\"url\":\"https:\/\/www.usfen.com.tr\/\",\"name\":\"\u00dcsfen Makina\",\"description\":\"M\u00fchendislik, Teknoloji \u00dcss\u00fc\",\"publisher\":{\"@id\":\"https:\/\/www.usfen.com.tr\/#organization\"},\"potentialAction\":[{\"@type\":\"SearchAction\",\"target\":{\"@type\":\"EntryPoint\",\"urlTemplate\":\"https:\/\/www.usfen.com.tr\/?s={search_term_string}\"},\"query-input\":\"required name=search_term_string\"}],\"inLanguage\":\"en-US\"},{\"@type\":\"Organization\",\"@id\":\"https:\/\/www.usfen.com.tr\/#organization\",\"name\":\"\u00dcsfen Makina\",\"url\":\"https:\/\/www.usfen.com.tr\/\",\"logo\":{\"@type\":\"ImageObject\",\"inLanguage\":\"en-US\",\"@id\":\"https:\/\/www.usfen.com.tr\/#\/schema\/logo\/image\/\",\"url\":\"https:\/\/www.usfen.com.tr\/wp-content\/uploads\/2017\/12\/usfen-logo-bg.png\",\"contentUrl\":\"https:\/\/www.usfen.com.tr\/wp-content\/uploads\/2017\/12\/usfen-logo-bg.png\",\"width\":400,\"height\":151,\"caption\":\"\u00dcsfen Makina\"},\"image\":{\"@id\":\"https:\/\/www.usfen.com.tr\/#\/schema\/logo\/image\/\"},\"sameAs\":[\"https:\/\/www.facebook.com\/\u00dcsfen-Makina-280420642481393\/\",\"https:\/\/twitter.com\/usfenmakina\",\"https:\/\/www.instagram.com\/usfenmakina\/\",\"https:\/\/www.linkedin.com\/company\/18375652\/\"]}]}<\/script>\n<!-- \/ Yoast SEO plugin. -->","yoast_head_json":{"title":"Pneumatic High Torque Wrench - \u00dcsfen Makina","description":"Pinomatik tork anahtar\u0131, a\u011f\u0131r torklu c\u0131vata teknolojisinde ek bir alternatiftir. L\u00d6SOMAT hava kontrol \u00fcnitesi ile birlikte bu tork anahtar\u0131, c\u0131vata uygulamalar\u0131nda s\u00fcrekli y\u00fcksek performans ve hassasiyet \u00fcretir.","robots":{"index":"index","follow":"follow","max-snippet":"max-snippet:-1","max-image-preview":"max-image-preview:large","max-video-preview":"max-video-preview:-1"},"canonical":"https:\/\/www.usfen.com.tr\/en\/sectoral-products\/torque-machine-solutions\/pneumatic-high-torque-wrench\/","og_locale":"en_US","og_type":"article","og_title":"Pneumatic High Torque Wrench - \u00dcsfen Makina","og_description":"Pinomatik tork anahtar\u0131, a\u011f\u0131r torklu c\u0131vata teknolojisinde ek bir alternatiftir. L\u00d6SOMAT hava kontrol \u00fcnitesi ile birlikte bu tork anahtar\u0131, c\u0131vata uygulamalar\u0131nda s\u00fcrekli y\u00fcksek performans ve hassasiyet \u00fcretir.","og_url":"https:\/\/www.usfen.com.tr\/en\/sectoral-products\/torque-machine-solutions\/pneumatic-high-torque-wrench\/","og_site_name":"\u00dcsfen Makina","article_publisher":"https:\/\/www.facebook.com\/%c3%9csfen-Makina-280420642481393\/","article_modified_time":"2022-02-28T10:48:21+00:00","twitter_card":"summary_large_image","twitter_site":"@usfenmakina","twitter_misc":{"Est. reading time":"2 minutes"},"schema":{"@context":"https:\/\/schema.org","@graph":[{"@type":"WebPage","@id":"https:\/\/www.usfen.com.tr\/en\/sectoral-products\/torque-machine-solutions\/pneumatic-high-torque-wrench\/","url":"https:\/\/www.usfen.com.tr\/en\/sectoral-products\/torque-machine-solutions\/pneumatic-high-torque-wrench\/","name":"Pneumatic High Torque Wrench - \u00dcsfen Makina","isPartOf":{"@id":"https:\/\/www.usfen.com.tr\/#website"},"datePublished":"2018-01-03T11:37:12+00:00","dateModified":"2022-02-28T10:48:21+00:00","description":"Pinomatik tork anahtar\u0131, a\u011f\u0131r torklu c\u0131vata teknolojisinde ek bir alternatiftir. L\u00d6SOMAT hava kontrol \u00fcnitesi ile birlikte bu tork anahtar\u0131, c\u0131vata uygulamalar\u0131nda s\u00fcrekli y\u00fcksek performans ve hassasiyet \u00fcretir.","breadcrumb":{"@id":"https:\/\/www.usfen.com.tr\/en\/sectoral-products\/torque-machine-solutions\/pneumatic-high-torque-wrench\/#breadcrumb"},"inLanguage":"en-US","potentialAction":[{"@type":"ReadAction","target":["https:\/\/www.usfen.com.tr\/en\/sectoral-products\/torque-machine-solutions\/pneumatic-high-torque-wrench\/"]}]},{"@type":"BreadcrumbList","@id":"https:\/\/www.usfen.com.tr\/en\/sectoral-products\/torque-machine-solutions\/pneumatic-high-torque-wrench\/#breadcrumb","itemListElement":[{"@type":"ListItem","position":1,"name":"Ana sayfa","item":"https:\/\/www.usfen.com.tr\/en\/"},{"@type":"ListItem","position":2,"name":"Products","item":"https:\/\/www.usfen.com.tr\/en\/sectoral-products\/"},{"@type":"ListItem","position":3,"name":"Torque Machine Solutions","item":"https:\/\/www.usfen.com.tr\/en\/sectoral-products\/torque-machine-solutions\/"},{"@type":"ListItem","position":4,"name":"Pneumatic High Torque Wrench"}]},{"@type":"WebSite","@id":"https:\/\/www.usfen.com.tr\/#website","url":"https:\/\/www.usfen.com.tr\/","name":"\u00dcsfen Makina","description":"M\u00fchendislik, Teknoloji \u00dcss\u00fc","publisher":{"@id":"https:\/\/www.usfen.com.tr\/#organization"},"potentialAction":[{"@type":"SearchAction","target":{"@type":"EntryPoint","urlTemplate":"https:\/\/www.usfen.com.tr\/?s={search_term_string}"},"query-input":"required name=search_term_string"}],"inLanguage":"en-US"},{"@type":"Organization","@id":"https:\/\/www.usfen.com.tr\/#organization","name":"\u00dcsfen Makina","url":"https:\/\/www.usfen.com.tr\/","logo":{"@type":"ImageObject","inLanguage":"en-US","@id":"https:\/\/www.usfen.com.tr\/#\/schema\/logo\/image\/","url":"https:\/\/www.usfen.com.tr\/wp-content\/uploads\/2017\/12\/usfen-logo-bg.png","contentUrl":"https:\/\/www.usfen.com.tr\/wp-content\/uploads\/2017\/12\/usfen-logo-bg.png","width":400,"height":151,"caption":"\u00dcsfen Makina"},"image":{"@id":"https:\/\/www.usfen.com.tr\/#\/schema\/logo\/image\/"},"sameAs":["https:\/\/www.facebook.com\/\u00dcsfen-Makina-280420642481393\/","https:\/\/twitter.com\/usfenmakina","https:\/\/www.instagram.com\/usfenmakina\/","https:\/\/www.linkedin.com\/company\/18375652\/"]}]}},"jetpack_sharing_enabled":true,"_links":{"self":[{"href":"https:\/\/www.usfen.com.tr\/en\/wp-json\/wp\/v2\/pages\/7749"}],"collection":[{"href":"https:\/\/www.usfen.com.tr\/en\/wp-json\/wp\/v2\/pages"}],"about":[{"href":"https:\/\/www.usfen.com.tr\/en\/wp-json\/wp\/v2\/types\/page"}],"author":[{"embeddable":true,"href":"https:\/\/www.usfen.com.tr\/en\/wp-json\/wp\/v2\/users\/1"}],"replies":[{"embeddable":true,"href":"https:\/\/www.usfen.com.tr\/en\/wp-json\/wp\/v2\/comments?post=7749"}],"version-history":[{"count":3,"href":"https:\/\/www.usfen.com.tr\/en\/wp-json\/wp\/v2\/pages\/7749\/revisions"}],"predecessor-version":[{"id":8213,"href":"https:\/\/www.usfen.com.tr\/en\/wp-json\/wp\/v2\/pages\/7749\/revisions\/8213"}],"up":[{"embeddable":true,"href":"https:\/\/www.usfen.com.tr\/en\/wp-json\/wp\/v2\/pages\/7786"}],"wp:attachment":[{"href":"https:\/\/www.usfen.com.tr\/en\/wp-json\/wp\/v2\/media?parent=7749"}],"curies":[{"name":"wp","href":"https:\/\/api.w.org\/{rel}","templated":true}]}}