{"id":7750,"date":"2018-01-03T14:32:05","date_gmt":"2018-01-03T11:32:05","guid":{"rendered":"http:\/\/www.usfen.com.tr\/kaset-tipi-tork-anahtari\/"},"modified":"2022-03-24T13:11:41","modified_gmt":"2022-03-24T10:11:41","slug":"cassette-wrench","status":"publish","type":"page","link":"https:\/\/www.usfen.com.tr\/en\/sectoral-products\/torque-machine-solutions\/hydraulic-high-torque-wrench\/cassette-wrench\/","title":{"rendered":"Cassette Wrench"},"content":{"rendered":"<p>[vc_row][vc_column][vc_tta_tabs spacing=&#8221;2&#8243; alignment=&#8221;center&#8221; active_section=&#8221;1&#8243;][vc_tta_section title=&#8221;LDH\/LDK SER\u0130S\u0130 KASET T\u0130P\u0130 TORK ANAHTARI&#8221; tab_id=&#8221;1514199267873-513b7fb0-0274e7cc-9afb13e7-12dbc93e-a4b1&#8243;][vc_row_inner][vc_column_inner]<div class=\"mgt-header-block clearfix text-left text-black wpb_content_element  mgt-header-block-style-1 mgt-header-texttransform-header  vc_custom_1514978825472\"><h2 class=\"mgt-header-block-title\">LDH\/LDK Serisi Kaset Tipi Tork Anahtar\u0131<\/h2><p class=\"mgt-header-block-subtitle\">\u00dcr\u00fcn \u00d6zellikleri<\/p><div class=\"mgt-header-line\"><\/div><\/div>[\/vc_column_inner][\/vc_row_inner][vc_row_inner][vc_column_inner width=&#8221;1\/2&#8243;][vc_gallery type=&#8221;flexslider_slide&#8221; interval=&#8221;0&#8243; images=&#8221;4086,3911&#8243; img_size=&#8221;large&#8221;][\/vc_column_inner][vc_column_inner width=&#8221;1\/2&#8243;][vc_column_text]Hidrolik Tork Anahtar\u0131 60 \u2013 24000 Nm<\/p>\n<p>Kompakt, kullan\u0131m\u0131 kolay, dayan\u0131kl\u0131<\/p>\n<p>GEDORE Hidrolik Torklu Anahtarlar esnek ve dayan\u0131kl\u0131d\u0131r.<\/p>\n<p>Hem Hidrolik Torklu Anahtarlar hem de Kaset Torklu Anahtarlar \u00e7ok \u00e7e\u015fitli hidrolik \u00fcniteler ile uyumludur. Bununla birlikte, e\u015fle\u015fen GEDORE Hidrolik \u00dcniteleri ile en iyi performans g\u00f6sterirler. Hidrolik Torklu Anahtarlar, kare s\u00fcr\u00fcc\u00fc ve Kaset Tork Anahtarlar\u0131 olarak mevcuttur.[\/vc_column_text][\/vc_column_inner][\/vc_row_inner][vc_row_inner css=&#8221;.vc_custom_1514472186822{margin-bottom: 20px !important;}&#8221;][vc_column_inner width=&#8221;1\/3&#8243;][vc_single_image image=&#8221;3912&#8243; img_size=&#8221;medium&#8221;][\/vc_column_inner][vc_column_inner width=&#8221;1\/3&#8243;][vc_single_image image=&#8221;3913&#8243; img_size=&#8221;medium&#8221;][\/vc_column_inner][vc_column_inner width=&#8221;1\/3&#8243;][vc_single_image image=&#8221;3914&#8243; img_size=&#8221;medium&#8221;][\/vc_column_inner][\/vc_row_inner][vc_toggle title=&#8221;Teknik \u00d6zellikler&#8221;][\/vc_toggle][vc_toggle title=&#8221;Catalog&#8221;]<a href=\"http:\/\/www.usfen.com.tr\/wp-content\/uploads\/2020\/02\/LDK-data-sheet-en.pdf\">Kaset Tipi Hidrolik Tork Makinas\u0131<\/a>[\/vc_toggle][vc_toggle title=&#8221;Video&#8221; el_id=&#8221;1514219102466-71ea4d31-99ce&#8221;][\/vc_toggle][\/vc_tta_section][\/vc_tta_tabs][\/vc_column][\/vc_row]<\/p>\n","protected":false},"excerpt":{"rendered":"<p>[vc_row][vc_column][vc_tta_tabs spacing=&#8221;2&#8243; alignment=&#8221;center&#8221; active_section=&#8221;1&#8243;][vc_tta_section title=&#8221;LDH\/LDK SER\u0130S\u0130 KASET T\u0130P\u0130 TORK ANAHTARI&#8221; tab_id=&#8221;1514199267873-513b7fb0-0274e7cc-9afb13e7-12dbc93e-a4b1&#8243;][vc_row_inner][vc_column_inner][\/vc_column_inner][\/vc_row_inner][vc_row_inner][vc_column_inner width=&#8221;1\/2&#8243;][vc_gallery type=&#8221;flexslider_slide&#8221; interval=&#8221;0&#8243; images=&#8221;4086,3911&#8243; img_size=&#8221;large&#8221;][\/vc_column_inner][vc_column_inner width=&#8221;1\/2&#8243;][vc_column_text]Hidrolik Tork Anahtar\u0131 60 \u2013 24000 Nm Kompakt, kullan\u0131m\u0131 kolay, dayan\u0131kl\u0131 GEDORE Hidrolik Torklu&#8230;<\/p>\n","protected":false},"author":1,"featured_media":0,"parent":7782,"menu_order":0,"comment_status":"closed","ping_status":"closed","template":"","meta":{"footnotes":""},"yoast_head":"<!-- This site is optimized with the Yoast SEO plugin v22.2 - https:\/\/yoast.com\/wordpress\/plugins\/seo\/ -->\n<title>Cassette Wrench - \u00dcsfen Makina<\/title>\n<meta name=\"description\" content=\"Kaset tipi tork anahtar\u0131, Hem Hidrolik Torklu Anahtarlar hem de Kaset Torklu Anahtarlar \u00e7ok \u00e7e\u015fitli hidrolik \u00fcniteler ile uyumludur. Bununla birlikte, e\u015fle\u015fen GEDORE Hidrolik \u00dcniteleri ile en iyi performans g\u00f6sterirler. Hidrolik Torklu Anahtarlar, kare s\u00fcr\u00fcc\u00fc ve Kaset Tork Anahtarlar\u0131 olarak mevcuttur.\" \/>\n<meta name=\"robots\" content=\"index, follow, max-snippet:-1, max-image-preview:large, max-video-preview:-1\" \/>\n<link rel=\"canonical\" href=\"https:\/\/www.usfen.com.tr\/en\/sectoral-products\/torque-machine-solutions\/hydraulic-high-torque-wrench\/cassette-wrench\/\" \/>\n<meta property=\"og:locale\" content=\"en_US\" \/>\n<meta property=\"og:type\" content=\"article\" \/>\n<meta property=\"og:title\" content=\"Cassette Wrench - \u00dcsfen Makina\" \/>\n<meta property=\"og:description\" content=\"Kaset tipi tork anahtar\u0131, Hem Hidrolik Torklu Anahtarlar hem de Kaset Torklu Anahtarlar \u00e7ok \u00e7e\u015fitli hidrolik \u00fcniteler ile uyumludur. Bununla birlikte, e\u015fle\u015fen GEDORE Hidrolik \u00dcniteleri ile en iyi performans g\u00f6sterirler. Hidrolik Torklu Anahtarlar, kare s\u00fcr\u00fcc\u00fc ve Kaset Tork Anahtarlar\u0131 olarak mevcuttur.\" \/>\n<meta property=\"og:url\" content=\"https:\/\/www.usfen.com.tr\/en\/sectoral-products\/torque-machine-solutions\/hydraulic-high-torque-wrench\/cassette-wrench\/\" \/>\n<meta property=\"og:site_name\" content=\"\u00dcsfen Makina\" \/>\n<meta property=\"article:publisher\" content=\"https:\/\/www.facebook.com\/%c3%9csfen-Makina-280420642481393\/\" \/>\n<meta property=\"article:modified_time\" content=\"2022-03-24T10:11:41+00:00\" \/>\n<meta name=\"twitter:card\" content=\"summary_large_image\" \/>\n<meta name=\"twitter:site\" content=\"@usfenmakina\" \/>\n<meta name=\"twitter:label1\" content=\"Est. reading time\" \/>\n\t<meta name=\"twitter:data1\" content=\"1 minute\" \/>\n<script type=\"application\/ld+json\" class=\"yoast-schema-graph\">{\"@context\":\"https:\/\/schema.org\",\"@graph\":[{\"@type\":\"WebPage\",\"@id\":\"https:\/\/www.usfen.com.tr\/en\/sectoral-products\/torque-machine-solutions\/hydraulic-high-torque-wrench\/cassette-wrench\/\",\"url\":\"https:\/\/www.usfen.com.tr\/en\/sectoral-products\/torque-machine-solutions\/hydraulic-high-torque-wrench\/cassette-wrench\/\",\"name\":\"Cassette Wrench - \u00dcsfen Makina\",\"isPartOf\":{\"@id\":\"https:\/\/www.usfen.com.tr\/#website\"},\"datePublished\":\"2018-01-03T11:32:05+00:00\",\"dateModified\":\"2022-03-24T10:11:41+00:00\",\"description\":\"Kaset tipi tork anahtar\u0131, Hem Hidrolik Torklu Anahtarlar hem de Kaset Torklu Anahtarlar \u00e7ok \u00e7e\u015fitli hidrolik \u00fcniteler ile uyumludur. Bununla birlikte, e\u015fle\u015fen GEDORE Hidrolik \u00dcniteleri ile en iyi performans g\u00f6sterirler. Hidrolik Torklu Anahtarlar, kare s\u00fcr\u00fcc\u00fc ve Kaset Tork Anahtarlar\u0131 olarak mevcuttur.\",\"breadcrumb\":{\"@id\":\"https:\/\/www.usfen.com.tr\/en\/sectoral-products\/torque-machine-solutions\/hydraulic-high-torque-wrench\/cassette-wrench\/#breadcrumb\"},\"inLanguage\":\"en-US\",\"potentialAction\":[{\"@type\":\"ReadAction\",\"target\":[\"https:\/\/www.usfen.com.tr\/en\/sectoral-products\/torque-machine-solutions\/hydraulic-high-torque-wrench\/cassette-wrench\/\"]}]},{\"@type\":\"BreadcrumbList\",\"@id\":\"https:\/\/www.usfen.com.tr\/en\/sectoral-products\/torque-machine-solutions\/hydraulic-high-torque-wrench\/cassette-wrench\/#breadcrumb\",\"itemListElement\":[{\"@type\":\"ListItem\",\"position\":1,\"name\":\"Ana sayfa\",\"item\":\"https:\/\/www.usfen.com.tr\/en\/\"},{\"@type\":\"ListItem\",\"position\":2,\"name\":\"Products\",\"item\":\"https:\/\/www.usfen.com.tr\/en\/sectoral-products\/\"},{\"@type\":\"ListItem\",\"position\":3,\"name\":\"Torque Machine Solutions\",\"item\":\"https:\/\/www.usfen.com.tr\/en\/sectoral-products\/torque-machine-solutions\/\"},{\"@type\":\"ListItem\",\"position\":4,\"name\":\"Hydraulic High Torque Wrench\",\"item\":\"https:\/\/www.usfen.com.tr\/en\/sectoral-products\/torque-machine-solutions\/hydraulic-high-torque-wrench\/\"},{\"@type\":\"ListItem\",\"position\":5,\"name\":\"Cassette Wrench\"}]},{\"@type\":\"WebSite\",\"@id\":\"https:\/\/www.usfen.com.tr\/#website\",\"url\":\"https:\/\/www.usfen.com.tr\/\",\"name\":\"\u00dcsfen Makina\",\"description\":\"M\u00fchendislik, Teknoloji \u00dcss\u00fc\",\"publisher\":{\"@id\":\"https:\/\/www.usfen.com.tr\/#organization\"},\"potentialAction\":[{\"@type\":\"SearchAction\",\"target\":{\"@type\":\"EntryPoint\",\"urlTemplate\":\"https:\/\/www.usfen.com.tr\/?s={search_term_string}\"},\"query-input\":\"required name=search_term_string\"}],\"inLanguage\":\"en-US\"},{\"@type\":\"Organization\",\"@id\":\"https:\/\/www.usfen.com.tr\/#organization\",\"name\":\"\u00dcsfen Makina\",\"url\":\"https:\/\/www.usfen.com.tr\/\",\"logo\":{\"@type\":\"ImageObject\",\"inLanguage\":\"en-US\",\"@id\":\"https:\/\/www.usfen.com.tr\/#\/schema\/logo\/image\/\",\"url\":\"https:\/\/www.usfen.com.tr\/wp-content\/uploads\/2017\/12\/usfen-logo-bg.png\",\"contentUrl\":\"https:\/\/www.usfen.com.tr\/wp-content\/uploads\/2017\/12\/usfen-logo-bg.png\",\"width\":400,\"height\":151,\"caption\":\"\u00dcsfen Makina\"},\"image\":{\"@id\":\"https:\/\/www.usfen.com.tr\/#\/schema\/logo\/image\/\"},\"sameAs\":[\"https:\/\/www.facebook.com\/\u00dcsfen-Makina-280420642481393\/\",\"https:\/\/twitter.com\/usfenmakina\",\"https:\/\/www.instagram.com\/usfenmakina\/\",\"https:\/\/www.linkedin.com\/company\/18375652\/\"]}]}<\/script>\n<!-- \/ Yoast SEO plugin. -->","yoast_head_json":{"title":"Cassette Wrench - \u00dcsfen Makina","description":"Kaset tipi tork anahtar\u0131, Hem Hidrolik Torklu Anahtarlar hem de Kaset Torklu Anahtarlar \u00e7ok \u00e7e\u015fitli hidrolik \u00fcniteler ile uyumludur. Bununla birlikte, e\u015fle\u015fen GEDORE Hidrolik \u00dcniteleri ile en iyi performans g\u00f6sterirler. Hidrolik Torklu Anahtarlar, kare s\u00fcr\u00fcc\u00fc ve Kaset Tork Anahtarlar\u0131 olarak mevcuttur.","robots":{"index":"index","follow":"follow","max-snippet":"max-snippet:-1","max-image-preview":"max-image-preview:large","max-video-preview":"max-video-preview:-1"},"canonical":"https:\/\/www.usfen.com.tr\/en\/sectoral-products\/torque-machine-solutions\/hydraulic-high-torque-wrench\/cassette-wrench\/","og_locale":"en_US","og_type":"article","og_title":"Cassette Wrench - \u00dcsfen Makina","og_description":"Kaset tipi tork anahtar\u0131, Hem Hidrolik Torklu Anahtarlar hem de Kaset Torklu Anahtarlar \u00e7ok \u00e7e\u015fitli hidrolik \u00fcniteler ile uyumludur. Bununla birlikte, e\u015fle\u015fen GEDORE Hidrolik \u00dcniteleri ile en iyi performans g\u00f6sterirler. Hidrolik Torklu Anahtarlar, kare s\u00fcr\u00fcc\u00fc ve Kaset Tork Anahtarlar\u0131 olarak mevcuttur.","og_url":"https:\/\/www.usfen.com.tr\/en\/sectoral-products\/torque-machine-solutions\/hydraulic-high-torque-wrench\/cassette-wrench\/","og_site_name":"\u00dcsfen Makina","article_publisher":"https:\/\/www.facebook.com\/%c3%9csfen-Makina-280420642481393\/","article_modified_time":"2022-03-24T10:11:41+00:00","twitter_card":"summary_large_image","twitter_site":"@usfenmakina","twitter_misc":{"Est. reading time":"1 minute"},"schema":{"@context":"https:\/\/schema.org","@graph":[{"@type":"WebPage","@id":"https:\/\/www.usfen.com.tr\/en\/sectoral-products\/torque-machine-solutions\/hydraulic-high-torque-wrench\/cassette-wrench\/","url":"https:\/\/www.usfen.com.tr\/en\/sectoral-products\/torque-machine-solutions\/hydraulic-high-torque-wrench\/cassette-wrench\/","name":"Cassette Wrench - \u00dcsfen Makina","isPartOf":{"@id":"https:\/\/www.usfen.com.tr\/#website"},"datePublished":"2018-01-03T11:32:05+00:00","dateModified":"2022-03-24T10:11:41+00:00","description":"Kaset tipi tork anahtar\u0131, Hem Hidrolik Torklu Anahtarlar hem de Kaset Torklu Anahtarlar \u00e7ok \u00e7e\u015fitli hidrolik \u00fcniteler ile uyumludur. Bununla birlikte, e\u015fle\u015fen GEDORE Hidrolik \u00dcniteleri ile en iyi performans g\u00f6sterirler. Hidrolik Torklu Anahtarlar, kare s\u00fcr\u00fcc\u00fc ve Kaset Tork Anahtarlar\u0131 olarak mevcuttur.","breadcrumb":{"@id":"https:\/\/www.usfen.com.tr\/en\/sectoral-products\/torque-machine-solutions\/hydraulic-high-torque-wrench\/cassette-wrench\/#breadcrumb"},"inLanguage":"en-US","potentialAction":[{"@type":"ReadAction","target":["https:\/\/www.usfen.com.tr\/en\/sectoral-products\/torque-machine-solutions\/hydraulic-high-torque-wrench\/cassette-wrench\/"]}]},{"@type":"BreadcrumbList","@id":"https:\/\/www.usfen.com.tr\/en\/sectoral-products\/torque-machine-solutions\/hydraulic-high-torque-wrench\/cassette-wrench\/#breadcrumb","itemListElement":[{"@type":"ListItem","position":1,"name":"Ana sayfa","item":"https:\/\/www.usfen.com.tr\/en\/"},{"@type":"ListItem","position":2,"name":"Products","item":"https:\/\/www.usfen.com.tr\/en\/sectoral-products\/"},{"@type":"ListItem","position":3,"name":"Torque Machine Solutions","item":"https:\/\/www.usfen.com.tr\/en\/sectoral-products\/torque-machine-solutions\/"},{"@type":"ListItem","position":4,"name":"Hydraulic High Torque Wrench","item":"https:\/\/www.usfen.com.tr\/en\/sectoral-products\/torque-machine-solutions\/hydraulic-high-torque-wrench\/"},{"@type":"ListItem","position":5,"name":"Cassette Wrench"}]},{"@type":"WebSite","@id":"https:\/\/www.usfen.com.tr\/#website","url":"https:\/\/www.usfen.com.tr\/","name":"\u00dcsfen Makina","description":"M\u00fchendislik, Teknoloji \u00dcss\u00fc","publisher":{"@id":"https:\/\/www.usfen.com.tr\/#organization"},"potentialAction":[{"@type":"SearchAction","target":{"@type":"EntryPoint","urlTemplate":"https:\/\/www.usfen.com.tr\/?s={search_term_string}"},"query-input":"required name=search_term_string"}],"inLanguage":"en-US"},{"@type":"Organization","@id":"https:\/\/www.usfen.com.tr\/#organization","name":"\u00dcsfen Makina","url":"https:\/\/www.usfen.com.tr\/","logo":{"@type":"ImageObject","inLanguage":"en-US","@id":"https:\/\/www.usfen.com.tr\/#\/schema\/logo\/image\/","url":"https:\/\/www.usfen.com.tr\/wp-content\/uploads\/2017\/12\/usfen-logo-bg.png","contentUrl":"https:\/\/www.usfen.com.tr\/wp-content\/uploads\/2017\/12\/usfen-logo-bg.png","width":400,"height":151,"caption":"\u00dcsfen Makina"},"image":{"@id":"https:\/\/www.usfen.com.tr\/#\/schema\/logo\/image\/"},"sameAs":["https:\/\/www.facebook.com\/\u00dcsfen-Makina-280420642481393\/","https:\/\/twitter.com\/usfenmakina","https:\/\/www.instagram.com\/usfenmakina\/","https:\/\/www.linkedin.com\/company\/18375652\/"]}]}},"jetpack_sharing_enabled":true,"_links":{"self":[{"href":"https:\/\/www.usfen.com.tr\/en\/wp-json\/wp\/v2\/pages\/7750"}],"collection":[{"href":"https:\/\/www.usfen.com.tr\/en\/wp-json\/wp\/v2\/pages"}],"about":[{"href":"https:\/\/www.usfen.com.tr\/en\/wp-json\/wp\/v2\/types\/page"}],"author":[{"embeddable":true,"href":"https:\/\/www.usfen.com.tr\/en\/wp-json\/wp\/v2\/users\/1"}],"replies":[{"embeddable":true,"href":"https:\/\/www.usfen.com.tr\/en\/wp-json\/wp\/v2\/comments?post=7750"}],"version-history":[{"count":4,"href":"https:\/\/www.usfen.com.tr\/en\/wp-json\/wp\/v2\/pages\/7750\/revisions"}],"predecessor-version":[{"id":8675,"href":"https:\/\/www.usfen.com.tr\/en\/wp-json\/wp\/v2\/pages\/7750\/revisions\/8675"}],"up":[{"embeddable":true,"href":"https:\/\/www.usfen.com.tr\/en\/wp-json\/wp\/v2\/pages\/7782"}],"wp:attachment":[{"href":"https:\/\/www.usfen.com.tr\/en\/wp-json\/wp\/v2\/media?parent=7750"}],"curies":[{"name":"wp","href":"https:\/\/api.w.org\/{rel}","templated":true}]}}