{"id":7753,"date":"2018-01-03T13:45:05","date_gmt":"2018-01-03T10:45:05","guid":{"rendered":"http:\/\/www.usfen.com.tr\/akulu-tork-anahtari\/"},"modified":"2022-02-28T13:34:16","modified_gmt":"2022-02-28T10:34:16","slug":"cordless-high-torque-wrench","status":"publish","type":"page","link":"https:\/\/www.usfen.com.tr\/en\/sectoral-products\/torque-machine-solutions\/cordless-high-torque-wrench\/","title":{"rendered":"Cordless High Torque Wrench"},"content":{"rendered":"<p>[vc_row][vc_column][vc_tta_tabs spacing=&#8221;2&#8243; alignment=&#8221;center&#8221; active_section=&#8221;1&#8243;][vc_tta_section title=&#8221;CORDLESS HIGH TORQUE WRENCH&#8221; tab_id=&#8221;1514199267873-513b7fb0-0274e7cc-9afbbb5f-4c93&#8243;][vc_row_inner][vc_column_inner]<div class=\"mgt-header-block clearfix text-left text-black wpb_content_element  mgt-header-block-style-1 mgt-header-texttransform-header  vc_custom_1646044828220\"><h2 class=\"mgt-header-block-title\">Cordless High Torque Wrench<\/h2><p class=\"mgt-header-block-subtitle\">Product Features<\/p><div class=\"mgt-header-line\"><\/div><\/div>[\/vc_column_inner][\/vc_row_inner][vc_row_inner][vc_column_inner width=&#8221;1\/2&#8243;][vc_gallery type=&#8221;flexslider_slide&#8221; interval=&#8221;0&#8243; images=&#8221;6405,6409,6406,6407,6408,6410,6411&#8243; img_size=&#8221;large&#8221;][\/vc_column_inner][vc_column_inner width=&#8221;1\/2&#8243;][vc_column_text]Cordless High Torque Wrench<\/p>\n<p>Independant, flexible, ergonomic<\/p>\n<p>A storable screw case assignment is also possible. With its powerful 90 Wh lithium-ion battery, microprocessor electronics and brushless technology, the LDA\/LAW Solution achieves a torque of up to 6,000 Nm.<\/p>\n<p>A unique safety system and microprocessor electronics combined with the new high-power gearbox make it a real highlight in your machinery inventory.<\/p>\n<p>The Cordless Torque Wrench was awarded the Plus X Award in the &#8220;High Quality&#8221; and &#8220;Easy to Use&#8221; categories. Additionally, it became the &#8220;Best of 2010&#8243;.[\/vc_column_text][\/vc_column_inner][\/vc_row_inner][vc_toggle title=&#8221;Technical Data&#8221; open=&#8221;true&#8221; el_id=&#8221;1514218984874-193c5caf-e939&#8243;]<\/p>\n<ul>\n<li>Torque in the range of 500-13,000 nm<\/li>\n<li>Adjustable torque level<\/li>\n<li>144 Wh (36 V \/ 4 Ah) lithium-ion battery<\/li>\n<\/ul>\n<p>[\/vc_toggle][vc_toggle title=&#8221;Cordless High Torque Wrench Data Sheet&#8221; open=&#8221;true&#8221;]<a href=\"http:\/\/www.usfen.com.tr\/wp-content\/uploads\/2020\/02\/LDA\u00b7LAW-data-sheet-en.pdf\">Cordless High Torque Wrench<\/a>[\/vc_toggle][vc_toggle title=&#8221;Video&#8221; el_id=&#8221;1514219102466-71ea4d31-99ce&#8221;]<iframe loading=\"lazy\" title=\"YouTube video player\" src=\"https:\/\/www.youtube.com\/embed\/U-3GDuv9dos\" width=\"560\" height=\"315\" frameborder=\"0\" allowfullscreen=\"allowfullscreen\"><\/iframe>[\/vc_toggle][vc_toggle title=&#8221;Video&#8221;]<iframe loading=\"lazy\" title=\"YouTube video player\" src=\"https:\/\/www.youtube.com\/embed\/MAN0cu-CD2M\" width=\"560\" height=\"315\" frameborder=\"0\" allowfullscreen=\"allowfullscreen\"><\/iframe>[\/vc_toggle][vc_toggle title=&#8221;Video&#8221;]<iframe loading=\"lazy\" title=\"YouTube video player\" src=\"https:\/\/www.youtube.com\/embed\/rhX1Nfrcmkc\" width=\"560\" height=\"315\" frameborder=\"0\" allowfullscreen=\"allowfullscreen\"><\/iframe>[\/vc_toggle][\/vc_tta_section][\/vc_tta_tabs][\/vc_column][\/vc_row]<\/p>\n","protected":false},"excerpt":{"rendered":"<p>[vc_row][vc_column][vc_tta_tabs spacing=&#8221;2&#8243; alignment=&#8221;center&#8221; active_section=&#8221;1&#8243;][vc_tta_section title=&#8221;CORDLESS HIGH TORQUE WRENCH&#8221; tab_id=&#8221;1514199267873-513b7fb0-0274e7cc-9afbbb5f-4c93&#8243;][vc_row_inner][vc_column_inner][\/vc_column_inner][\/vc_row_inner][vc_row_inner][vc_column_inner width=&#8221;1\/2&#8243;][vc_gallery type=&#8221;flexslider_slide&#8221; interval=&#8221;0&#8243; images=&#8221;6405,6409,6406,6407,6408,6410,6411&#8243; img_size=&#8221;large&#8221;][\/vc_column_inner][vc_column_inner width=&#8221;1\/2&#8243;][vc_column_text]Cordless High Torque Wrench Independant, flexible, ergonomic A storable screw case assignment is also possible. With&#8230;<\/p>\n","protected":false},"author":1,"featured_media":0,"parent":7786,"menu_order":0,"comment_status":"closed","ping_status":"closed","template":"","meta":{"footnotes":""},"yoast_head":"<!-- This site is optimized with the Yoast SEO plugin v22.2 - https:\/\/yoast.com\/wordpress\/plugins\/seo\/ -->\n<title>Cordless High Torque Wrench - \u00dcsfen Makina<\/title>\n<meta name=\"description\" content=\"Ak\u00fcl\u00fc Tork Anahtar\u0131, \u00e7e\u015fitli c\u0131vata uygulamalar\u0131nda h\u0131zl\u0131, esnek kullan\u0131m sa\u011flar. \u00c7ift patentli c\u0131vata kontrol\u00fc ve Li-Ion pil teknolojisi, g\u00fc\u00e7l\u00fc ve dayan\u0131kl\u0131 bir \u00e7al\u0131\u015fma sa\u011flar.\" \/>\n<meta name=\"robots\" content=\"index, follow, max-snippet:-1, max-image-preview:large, max-video-preview:-1\" \/>\n<link rel=\"canonical\" href=\"https:\/\/www.usfen.com.tr\/en\/sectoral-products\/torque-machine-solutions\/cordless-high-torque-wrench\/\" \/>\n<meta property=\"og:locale\" content=\"en_US\" \/>\n<meta property=\"og:type\" content=\"article\" \/>\n<meta property=\"og:title\" content=\"Cordless High Torque Wrench - \u00dcsfen Makina\" \/>\n<meta property=\"og:description\" content=\"Ak\u00fcl\u00fc Tork Anahtar\u0131, \u00e7e\u015fitli c\u0131vata uygulamalar\u0131nda h\u0131zl\u0131, esnek kullan\u0131m sa\u011flar. \u00c7ift patentli c\u0131vata kontrol\u00fc ve Li-Ion pil teknolojisi, g\u00fc\u00e7l\u00fc ve dayan\u0131kl\u0131 bir \u00e7al\u0131\u015fma sa\u011flar.\" \/>\n<meta property=\"og:url\" content=\"https:\/\/www.usfen.com.tr\/en\/sectoral-products\/torque-machine-solutions\/cordless-high-torque-wrench\/\" \/>\n<meta property=\"og:site_name\" content=\"\u00dcsfen Makina\" \/>\n<meta property=\"article:publisher\" content=\"https:\/\/www.facebook.com\/%c3%9csfen-Makina-280420642481393\/\" \/>\n<meta property=\"article:modified_time\" content=\"2022-02-28T10:34:16+00:00\" \/>\n<meta name=\"twitter:card\" content=\"summary_large_image\" \/>\n<meta name=\"twitter:site\" content=\"@usfenmakina\" \/>\n<meta name=\"twitter:label1\" content=\"Est. reading time\" \/>\n\t<meta name=\"twitter:data1\" content=\"1 minute\" \/>\n<script type=\"application\/ld+json\" class=\"yoast-schema-graph\">{\"@context\":\"https:\/\/schema.org\",\"@graph\":[{\"@type\":\"WebPage\",\"@id\":\"https:\/\/www.usfen.com.tr\/en\/sectoral-products\/torque-machine-solutions\/cordless-high-torque-wrench\/\",\"url\":\"https:\/\/www.usfen.com.tr\/en\/sectoral-products\/torque-machine-solutions\/cordless-high-torque-wrench\/\",\"name\":\"Cordless High Torque Wrench - \u00dcsfen Makina\",\"isPartOf\":{\"@id\":\"https:\/\/www.usfen.com.tr\/#website\"},\"datePublished\":\"2018-01-03T10:45:05+00:00\",\"dateModified\":\"2022-02-28T10:34:16+00:00\",\"description\":\"Ak\u00fcl\u00fc Tork Anahtar\u0131, \u00e7e\u015fitli c\u0131vata uygulamalar\u0131nda h\u0131zl\u0131, esnek kullan\u0131m sa\u011flar. \u00c7ift patentli c\u0131vata kontrol\u00fc ve Li-Ion pil teknolojisi, g\u00fc\u00e7l\u00fc ve dayan\u0131kl\u0131 bir \u00e7al\u0131\u015fma sa\u011flar.\",\"breadcrumb\":{\"@id\":\"https:\/\/www.usfen.com.tr\/en\/sectoral-products\/torque-machine-solutions\/cordless-high-torque-wrench\/#breadcrumb\"},\"inLanguage\":\"en-US\",\"potentialAction\":[{\"@type\":\"ReadAction\",\"target\":[\"https:\/\/www.usfen.com.tr\/en\/sectoral-products\/torque-machine-solutions\/cordless-high-torque-wrench\/\"]}]},{\"@type\":\"BreadcrumbList\",\"@id\":\"https:\/\/www.usfen.com.tr\/en\/sectoral-products\/torque-machine-solutions\/cordless-high-torque-wrench\/#breadcrumb\",\"itemListElement\":[{\"@type\":\"ListItem\",\"position\":1,\"name\":\"Ana sayfa\",\"item\":\"https:\/\/www.usfen.com.tr\/en\/\"},{\"@type\":\"ListItem\",\"position\":2,\"name\":\"Products\",\"item\":\"https:\/\/www.usfen.com.tr\/en\/sectoral-products\/\"},{\"@type\":\"ListItem\",\"position\":3,\"name\":\"Torque Machine Solutions\",\"item\":\"https:\/\/www.usfen.com.tr\/en\/sectoral-products\/torque-machine-solutions\/\"},{\"@type\":\"ListItem\",\"position\":4,\"name\":\"Cordless High Torque Wrench\"}]},{\"@type\":\"WebSite\",\"@id\":\"https:\/\/www.usfen.com.tr\/#website\",\"url\":\"https:\/\/www.usfen.com.tr\/\",\"name\":\"\u00dcsfen Makina\",\"description\":\"M\u00fchendislik, Teknoloji \u00dcss\u00fc\",\"publisher\":{\"@id\":\"https:\/\/www.usfen.com.tr\/#organization\"},\"potentialAction\":[{\"@type\":\"SearchAction\",\"target\":{\"@type\":\"EntryPoint\",\"urlTemplate\":\"https:\/\/www.usfen.com.tr\/?s={search_term_string}\"},\"query-input\":\"required name=search_term_string\"}],\"inLanguage\":\"en-US\"},{\"@type\":\"Organization\",\"@id\":\"https:\/\/www.usfen.com.tr\/#organization\",\"name\":\"\u00dcsfen Makina\",\"url\":\"https:\/\/www.usfen.com.tr\/\",\"logo\":{\"@type\":\"ImageObject\",\"inLanguage\":\"en-US\",\"@id\":\"https:\/\/www.usfen.com.tr\/#\/schema\/logo\/image\/\",\"url\":\"https:\/\/www.usfen.com.tr\/wp-content\/uploads\/2017\/12\/usfen-logo-bg.png\",\"contentUrl\":\"https:\/\/www.usfen.com.tr\/wp-content\/uploads\/2017\/12\/usfen-logo-bg.png\",\"width\":400,\"height\":151,\"caption\":\"\u00dcsfen Makina\"},\"image\":{\"@id\":\"https:\/\/www.usfen.com.tr\/#\/schema\/logo\/image\/\"},\"sameAs\":[\"https:\/\/www.facebook.com\/\u00dcsfen-Makina-280420642481393\/\",\"https:\/\/twitter.com\/usfenmakina\",\"https:\/\/www.instagram.com\/usfenmakina\/\",\"https:\/\/www.linkedin.com\/company\/18375652\/\"]}]}<\/script>\n<!-- \/ Yoast SEO plugin. -->","yoast_head_json":{"title":"Cordless High Torque Wrench - \u00dcsfen Makina","description":"Ak\u00fcl\u00fc Tork Anahtar\u0131, \u00e7e\u015fitli c\u0131vata uygulamalar\u0131nda h\u0131zl\u0131, esnek kullan\u0131m sa\u011flar. \u00c7ift patentli c\u0131vata kontrol\u00fc ve Li-Ion pil teknolojisi, g\u00fc\u00e7l\u00fc ve dayan\u0131kl\u0131 bir \u00e7al\u0131\u015fma sa\u011flar.","robots":{"index":"index","follow":"follow","max-snippet":"max-snippet:-1","max-image-preview":"max-image-preview:large","max-video-preview":"max-video-preview:-1"},"canonical":"https:\/\/www.usfen.com.tr\/en\/sectoral-products\/torque-machine-solutions\/cordless-high-torque-wrench\/","og_locale":"en_US","og_type":"article","og_title":"Cordless High Torque Wrench - \u00dcsfen Makina","og_description":"Ak\u00fcl\u00fc Tork Anahtar\u0131, \u00e7e\u015fitli c\u0131vata uygulamalar\u0131nda h\u0131zl\u0131, esnek kullan\u0131m sa\u011flar. \u00c7ift patentli c\u0131vata kontrol\u00fc ve Li-Ion pil teknolojisi, g\u00fc\u00e7l\u00fc ve dayan\u0131kl\u0131 bir \u00e7al\u0131\u015fma sa\u011flar.","og_url":"https:\/\/www.usfen.com.tr\/en\/sectoral-products\/torque-machine-solutions\/cordless-high-torque-wrench\/","og_site_name":"\u00dcsfen Makina","article_publisher":"https:\/\/www.facebook.com\/%c3%9csfen-Makina-280420642481393\/","article_modified_time":"2022-02-28T10:34:16+00:00","twitter_card":"summary_large_image","twitter_site":"@usfenmakina","twitter_misc":{"Est. reading time":"1 minute"},"schema":{"@context":"https:\/\/schema.org","@graph":[{"@type":"WebPage","@id":"https:\/\/www.usfen.com.tr\/en\/sectoral-products\/torque-machine-solutions\/cordless-high-torque-wrench\/","url":"https:\/\/www.usfen.com.tr\/en\/sectoral-products\/torque-machine-solutions\/cordless-high-torque-wrench\/","name":"Cordless High Torque Wrench - \u00dcsfen Makina","isPartOf":{"@id":"https:\/\/www.usfen.com.tr\/#website"},"datePublished":"2018-01-03T10:45:05+00:00","dateModified":"2022-02-28T10:34:16+00:00","description":"Ak\u00fcl\u00fc Tork Anahtar\u0131, \u00e7e\u015fitli c\u0131vata uygulamalar\u0131nda h\u0131zl\u0131, esnek kullan\u0131m sa\u011flar. \u00c7ift patentli c\u0131vata kontrol\u00fc ve Li-Ion pil teknolojisi, g\u00fc\u00e7l\u00fc ve dayan\u0131kl\u0131 bir \u00e7al\u0131\u015fma sa\u011flar.","breadcrumb":{"@id":"https:\/\/www.usfen.com.tr\/en\/sectoral-products\/torque-machine-solutions\/cordless-high-torque-wrench\/#breadcrumb"},"inLanguage":"en-US","potentialAction":[{"@type":"ReadAction","target":["https:\/\/www.usfen.com.tr\/en\/sectoral-products\/torque-machine-solutions\/cordless-high-torque-wrench\/"]}]},{"@type":"BreadcrumbList","@id":"https:\/\/www.usfen.com.tr\/en\/sectoral-products\/torque-machine-solutions\/cordless-high-torque-wrench\/#breadcrumb","itemListElement":[{"@type":"ListItem","position":1,"name":"Ana sayfa","item":"https:\/\/www.usfen.com.tr\/en\/"},{"@type":"ListItem","position":2,"name":"Products","item":"https:\/\/www.usfen.com.tr\/en\/sectoral-products\/"},{"@type":"ListItem","position":3,"name":"Torque Machine Solutions","item":"https:\/\/www.usfen.com.tr\/en\/sectoral-products\/torque-machine-solutions\/"},{"@type":"ListItem","position":4,"name":"Cordless High Torque Wrench"}]},{"@type":"WebSite","@id":"https:\/\/www.usfen.com.tr\/#website","url":"https:\/\/www.usfen.com.tr\/","name":"\u00dcsfen Makina","description":"M\u00fchendislik, Teknoloji \u00dcss\u00fc","publisher":{"@id":"https:\/\/www.usfen.com.tr\/#organization"},"potentialAction":[{"@type":"SearchAction","target":{"@type":"EntryPoint","urlTemplate":"https:\/\/www.usfen.com.tr\/?s={search_term_string}"},"query-input":"required name=search_term_string"}],"inLanguage":"en-US"},{"@type":"Organization","@id":"https:\/\/www.usfen.com.tr\/#organization","name":"\u00dcsfen Makina","url":"https:\/\/www.usfen.com.tr\/","logo":{"@type":"ImageObject","inLanguage":"en-US","@id":"https:\/\/www.usfen.com.tr\/#\/schema\/logo\/image\/","url":"https:\/\/www.usfen.com.tr\/wp-content\/uploads\/2017\/12\/usfen-logo-bg.png","contentUrl":"https:\/\/www.usfen.com.tr\/wp-content\/uploads\/2017\/12\/usfen-logo-bg.png","width":400,"height":151,"caption":"\u00dcsfen Makina"},"image":{"@id":"https:\/\/www.usfen.com.tr\/#\/schema\/logo\/image\/"},"sameAs":["https:\/\/www.facebook.com\/\u00dcsfen-Makina-280420642481393\/","https:\/\/twitter.com\/usfenmakina","https:\/\/www.instagram.com\/usfenmakina\/","https:\/\/www.linkedin.com\/company\/18375652\/"]}]}},"jetpack_sharing_enabled":true,"_links":{"self":[{"href":"https:\/\/www.usfen.com.tr\/en\/wp-json\/wp\/v2\/pages\/7753"}],"collection":[{"href":"https:\/\/www.usfen.com.tr\/en\/wp-json\/wp\/v2\/pages"}],"about":[{"href":"https:\/\/www.usfen.com.tr\/en\/wp-json\/wp\/v2\/types\/page"}],"author":[{"embeddable":true,"href":"https:\/\/www.usfen.com.tr\/en\/wp-json\/wp\/v2\/users\/1"}],"replies":[{"embeddable":true,"href":"https:\/\/www.usfen.com.tr\/en\/wp-json\/wp\/v2\/comments?post=7753"}],"version-history":[{"count":3,"href":"https:\/\/www.usfen.com.tr\/en\/wp-json\/wp\/v2\/pages\/7753\/revisions"}],"predecessor-version":[{"id":8209,"href":"https:\/\/www.usfen.com.tr\/en\/wp-json\/wp\/v2\/pages\/7753\/revisions\/8209"}],"up":[{"embeddable":true,"href":"https:\/\/www.usfen.com.tr\/en\/wp-json\/wp\/v2\/pages\/7786"}],"wp:attachment":[{"href":"https:\/\/www.usfen.com.tr\/en\/wp-json\/wp\/v2\/media?parent=7753"}],"curies":[{"name":"wp","href":"https:\/\/api.w.org\/{rel}","templated":true}]}}