{"id":7765,"date":"2018-01-02T14:14:25","date_gmt":"2018-01-02T11:14:25","guid":{"rendered":"http:\/\/www.usfen.com.tr\/kar-rotatifi\/"},"modified":"2022-02-17T16:47:03","modified_gmt":"2022-02-17T13:47:03","slug":"snow-blowers","status":"publish","type":"page","link":"https:\/\/www.usfen.com.tr\/en\/sectoral-products\/snow-blowers\/","title":{"rendered":"Snow Blowers"},"content":{"rendered":"<p>[vc_row][vc_column][vc_tta_tabs spacing=&#8221;2&#8243; alignment=&#8221;center&#8221; active_section=&#8221;1&#8243;][vc_tta_section title=&#8221;SNOW BLOWERS&#8221; tab_id=&#8221;1514199267873-513b7fb0-0274e7cc-9afb13e7-12db2213-9514&#8243;][vc_row_inner][vc_column_inner]<div class=\"mgt-header-block clearfix text-left text-black wpb_content_element  mgt-header-block-style-1 mgt-header-texttransform-header  vc_custom_1645106273047\"><h2 class=\"mgt-header-block-title\">Snow Blowers<\/h2><p class=\"mgt-header-block-subtitle\">Product Features<\/p><div class=\"mgt-header-line\"><\/div><\/div>[\/vc_column_inner][\/vc_row_inner][vc_row_inner][vc_column_inner width=&#8221;1\/2&#8243;][vc_gallery type=&#8221;flexslider_slide&#8221; interval=&#8221;0&#8243; images=&#8221;4130&#8243; img_size=&#8221;large&#8221;][\/vc_column_inner][vc_column_inner width=&#8221;1\/2&#8243;][vc_column_text][\/vc_column_text][\/vc_column_inner][\/vc_row_inner][vc_toggle title=&#8221;Technical Data&#8221; open=&#8221;true&#8221;]<\/p>\n<table width=\"468\">\n<tbody>\n<tr>\n<td width=\"171\"><\/td>\n<td width=\"89\">PKR170<\/td>\n<td width=\"89\">PKR185<\/td>\n<td width=\"119\">PKR215<\/td>\n<\/tr>\n<tr>\n<td>Blade Width\u00a0mm<\/td>\n<td>170<\/td>\n<td>185<\/td>\n<td>215<\/td>\n<\/tr>\n<tr>\n<td>Spray Distance m<\/td>\n<td>9<\/td>\n<td>11<\/td>\n<td>12<\/td>\n<\/tr>\n<tr>\n<td>Shovel Height cm<\/td>\n<td>61<\/td>\n<td>83<\/td>\n<td>90<\/td>\n<\/tr>\n<tr>\n<td>Oil Flow lt\/dk<\/td>\n<td>55-75<\/td>\n<td>65-85<\/td>\n<td>65-85<\/td>\n<\/tr>\n<\/tbody>\n<\/table>\n<p>[\/vc_toggle][vc_toggle title=&#8221;Video&#8221; el_id=&#8221;1514219102466-71ea4d31-99ce&#8221;][\/vc_toggle][\/vc_tta_section][\/vc_tta_tabs][\/vc_column][\/vc_row]<\/p>\n","protected":false},"excerpt":{"rendered":"<p>[vc_row][vc_column][vc_tta_tabs spacing=&#8221;2&#8243; alignment=&#8221;center&#8221; active_section=&#8221;1&#8243;][vc_tta_section title=&#8221;SNOW BLOWERS&#8221; tab_id=&#8221;1514199267873-513b7fb0-0274e7cc-9afb13e7-12db2213-9514&#8243;][vc_row_inner][vc_column_inner][\/vc_column_inner][\/vc_row_inner][vc_row_inner][vc_column_inner width=&#8221;1\/2&#8243;][vc_gallery type=&#8221;flexslider_slide&#8221; interval=&#8221;0&#8243; images=&#8221;4130&#8243; img_size=&#8221;large&#8221;][\/vc_column_inner][vc_column_inner width=&#8221;1\/2&#8243;][vc_column_text][\/vc_column_text][\/vc_column_inner][\/vc_row_inner][vc_toggle title=&#8221;Technical Data&#8221; open=&#8221;true&#8221;] PKR170 PKR185 PKR215 Blade Width\u00a0mm 170 185 215 Spray Distance m 9 11 12&#8230;<\/p>\n","protected":false},"author":1,"featured_media":0,"parent":7792,"menu_order":0,"comment_status":"closed","ping_status":"closed","template":"","meta":{"footnotes":""},"yoast_head":"<!-- This site is optimized with the Yoast SEO plugin v22.2 - https:\/\/yoast.com\/wordpress\/plugins\/seo\/ -->\n<title>Snow Blowers - \u00dcsfen Makina<\/title>\n<meta name=\"description\" content=\"Kar rotatifi \u00fcr\u00fcn\u00fcn\u00fcn teknik \u00f6zelliklerini ve kullan\u0131m alanlar\u0131n\u0131 inceleyin.\" \/>\n<meta name=\"robots\" content=\"index, follow, max-snippet:-1, max-image-preview:large, max-video-preview:-1\" \/>\n<link rel=\"canonical\" href=\"https:\/\/www.usfen.com.tr\/urunler\/kar-rotatifi\/\" \/>\n<meta property=\"og:locale\" content=\"en_US\" \/>\n<meta property=\"og:type\" content=\"article\" \/>\n<meta property=\"og:title\" content=\"Snow Blowers - \u00dcsfen Makina\" \/>\n<meta property=\"og:description\" content=\"Kar rotatifi \u00fcr\u00fcn\u00fcn\u00fcn teknik \u00f6zelliklerini ve kullan\u0131m alanlar\u0131n\u0131 inceleyin.\" \/>\n<meta property=\"og:url\" content=\"https:\/\/www.usfen.com.tr\/urunler\/kar-rotatifi\/\" \/>\n<meta property=\"og:site_name\" content=\"\u00dcsfen Makina\" \/>\n<meta property=\"article:publisher\" content=\"https:\/\/www.facebook.com\/%c3%9csfen-Makina-280420642481393\/\" \/>\n<meta property=\"article:modified_time\" content=\"2022-02-17T13:47:03+00:00\" \/>\n<meta name=\"twitter:card\" content=\"summary_large_image\" \/>\n<meta name=\"twitter:site\" content=\"@usfenmakina\" \/>\n<meta name=\"twitter:label1\" content=\"Est. reading time\" \/>\n\t<meta name=\"twitter:data1\" content=\"1 minute\" \/>\n<script type=\"application\/ld+json\" class=\"yoast-schema-graph\">{\"@context\":\"https:\/\/schema.org\",\"@graph\":[{\"@type\":\"WebPage\",\"@id\":\"https:\/\/www.usfen.com.tr\/urunler\/kar-rotatifi\/\",\"url\":\"https:\/\/www.usfen.com.tr\/urunler\/kar-rotatifi\/\",\"name\":\"Snow Blowers - \u00dcsfen Makina\",\"isPartOf\":{\"@id\":\"https:\/\/www.usfen.com.tr\/#website\"},\"datePublished\":\"2018-01-02T11:14:25+00:00\",\"dateModified\":\"2022-02-17T13:47:03+00:00\",\"description\":\"Kar rotatifi \u00fcr\u00fcn\u00fcn\u00fcn teknik \u00f6zelliklerini ve kullan\u0131m alanlar\u0131n\u0131 inceleyin.\",\"breadcrumb\":{\"@id\":\"https:\/\/www.usfen.com.tr\/urunler\/kar-rotatifi\/#breadcrumb\"},\"inLanguage\":\"en-US\",\"potentialAction\":[{\"@type\":\"ReadAction\",\"target\":[\"https:\/\/www.usfen.com.tr\/urunler\/kar-rotatifi\/\"]}]},{\"@type\":\"BreadcrumbList\",\"@id\":\"https:\/\/www.usfen.com.tr\/urunler\/kar-rotatifi\/#breadcrumb\",\"itemListElement\":[{\"@type\":\"ListItem\",\"position\":1,\"name\":\"Ana sayfa\",\"item\":\"https:\/\/www.usfen.com.tr\/en\/\"},{\"@type\":\"ListItem\",\"position\":2,\"name\":\"Products\",\"item\":\"https:\/\/www.usfen.com.tr\/en\/sectoral-products\/\"},{\"@type\":\"ListItem\",\"position\":3,\"name\":\"Snow Blowers\"}]},{\"@type\":\"WebSite\",\"@id\":\"https:\/\/www.usfen.com.tr\/#website\",\"url\":\"https:\/\/www.usfen.com.tr\/\",\"name\":\"\u00dcsfen Makina\",\"description\":\"M\u00fchendislik, Teknoloji \u00dcss\u00fc\",\"publisher\":{\"@id\":\"https:\/\/www.usfen.com.tr\/#organization\"},\"potentialAction\":[{\"@type\":\"SearchAction\",\"target\":{\"@type\":\"EntryPoint\",\"urlTemplate\":\"https:\/\/www.usfen.com.tr\/?s={search_term_string}\"},\"query-input\":\"required name=search_term_string\"}],\"inLanguage\":\"en-US\"},{\"@type\":\"Organization\",\"@id\":\"https:\/\/www.usfen.com.tr\/#organization\",\"name\":\"\u00dcsfen Makina\",\"url\":\"https:\/\/www.usfen.com.tr\/\",\"logo\":{\"@type\":\"ImageObject\",\"inLanguage\":\"en-US\",\"@id\":\"https:\/\/www.usfen.com.tr\/#\/schema\/logo\/image\/\",\"url\":\"https:\/\/www.usfen.com.tr\/wp-content\/uploads\/2017\/12\/usfen-logo-bg.png\",\"contentUrl\":\"https:\/\/www.usfen.com.tr\/wp-content\/uploads\/2017\/12\/usfen-logo-bg.png\",\"width\":400,\"height\":151,\"caption\":\"\u00dcsfen Makina\"},\"image\":{\"@id\":\"https:\/\/www.usfen.com.tr\/#\/schema\/logo\/image\/\"},\"sameAs\":[\"https:\/\/www.facebook.com\/\u00dcsfen-Makina-280420642481393\/\",\"https:\/\/twitter.com\/usfenmakina\",\"https:\/\/www.instagram.com\/usfenmakina\/\",\"https:\/\/www.linkedin.com\/company\/18375652\/\"]}]}<\/script>\n<!-- \/ Yoast SEO plugin. -->","yoast_head_json":{"title":"Snow Blowers - \u00dcsfen Makina","description":"Kar rotatifi \u00fcr\u00fcn\u00fcn\u00fcn teknik \u00f6zelliklerini ve kullan\u0131m alanlar\u0131n\u0131 inceleyin.","robots":{"index":"index","follow":"follow","max-snippet":"max-snippet:-1","max-image-preview":"max-image-preview:large","max-video-preview":"max-video-preview:-1"},"canonical":"https:\/\/www.usfen.com.tr\/urunler\/kar-rotatifi\/","og_locale":"en_US","og_type":"article","og_title":"Snow Blowers - \u00dcsfen Makina","og_description":"Kar rotatifi \u00fcr\u00fcn\u00fcn\u00fcn teknik \u00f6zelliklerini ve kullan\u0131m alanlar\u0131n\u0131 inceleyin.","og_url":"https:\/\/www.usfen.com.tr\/urunler\/kar-rotatifi\/","og_site_name":"\u00dcsfen Makina","article_publisher":"https:\/\/www.facebook.com\/%c3%9csfen-Makina-280420642481393\/","article_modified_time":"2022-02-17T13:47:03+00:00","twitter_card":"summary_large_image","twitter_site":"@usfenmakina","twitter_misc":{"Est. reading time":"1 minute"},"schema":{"@context":"https:\/\/schema.org","@graph":[{"@type":"WebPage","@id":"https:\/\/www.usfen.com.tr\/urunler\/kar-rotatifi\/","url":"https:\/\/www.usfen.com.tr\/urunler\/kar-rotatifi\/","name":"Snow Blowers - \u00dcsfen Makina","isPartOf":{"@id":"https:\/\/www.usfen.com.tr\/#website"},"datePublished":"2018-01-02T11:14:25+00:00","dateModified":"2022-02-17T13:47:03+00:00","description":"Kar rotatifi \u00fcr\u00fcn\u00fcn\u00fcn teknik \u00f6zelliklerini ve kullan\u0131m alanlar\u0131n\u0131 inceleyin.","breadcrumb":{"@id":"https:\/\/www.usfen.com.tr\/urunler\/kar-rotatifi\/#breadcrumb"},"inLanguage":"en-US","potentialAction":[{"@type":"ReadAction","target":["https:\/\/www.usfen.com.tr\/urunler\/kar-rotatifi\/"]}]},{"@type":"BreadcrumbList","@id":"https:\/\/www.usfen.com.tr\/urunler\/kar-rotatifi\/#breadcrumb","itemListElement":[{"@type":"ListItem","position":1,"name":"Ana sayfa","item":"https:\/\/www.usfen.com.tr\/en\/"},{"@type":"ListItem","position":2,"name":"Products","item":"https:\/\/www.usfen.com.tr\/en\/sectoral-products\/"},{"@type":"ListItem","position":3,"name":"Snow Blowers"}]},{"@type":"WebSite","@id":"https:\/\/www.usfen.com.tr\/#website","url":"https:\/\/www.usfen.com.tr\/","name":"\u00dcsfen Makina","description":"M\u00fchendislik, Teknoloji \u00dcss\u00fc","publisher":{"@id":"https:\/\/www.usfen.com.tr\/#organization"},"potentialAction":[{"@type":"SearchAction","target":{"@type":"EntryPoint","urlTemplate":"https:\/\/www.usfen.com.tr\/?s={search_term_string}"},"query-input":"required name=search_term_string"}],"inLanguage":"en-US"},{"@type":"Organization","@id":"https:\/\/www.usfen.com.tr\/#organization","name":"\u00dcsfen Makina","url":"https:\/\/www.usfen.com.tr\/","logo":{"@type":"ImageObject","inLanguage":"en-US","@id":"https:\/\/www.usfen.com.tr\/#\/schema\/logo\/image\/","url":"https:\/\/www.usfen.com.tr\/wp-content\/uploads\/2017\/12\/usfen-logo-bg.png","contentUrl":"https:\/\/www.usfen.com.tr\/wp-content\/uploads\/2017\/12\/usfen-logo-bg.png","width":400,"height":151,"caption":"\u00dcsfen Makina"},"image":{"@id":"https:\/\/www.usfen.com.tr\/#\/schema\/logo\/image\/"},"sameAs":["https:\/\/www.facebook.com\/\u00dcsfen-Makina-280420642481393\/","https:\/\/twitter.com\/usfenmakina","https:\/\/www.instagram.com\/usfenmakina\/","https:\/\/www.linkedin.com\/company\/18375652\/"]}]}},"jetpack_sharing_enabled":true,"_links":{"self":[{"href":"https:\/\/www.usfen.com.tr\/en\/wp-json\/wp\/v2\/pages\/7765"}],"collection":[{"href":"https:\/\/www.usfen.com.tr\/en\/wp-json\/wp\/v2\/pages"}],"about":[{"href":"https:\/\/www.usfen.com.tr\/en\/wp-json\/wp\/v2\/types\/page"}],"author":[{"embeddable":true,"href":"https:\/\/www.usfen.com.tr\/en\/wp-json\/wp\/v2\/users\/1"}],"replies":[{"embeddable":true,"href":"https:\/\/www.usfen.com.tr\/en\/wp-json\/wp\/v2\/comments?post=7765"}],"version-history":[{"count":2,"href":"https:\/\/www.usfen.com.tr\/en\/wp-json\/wp\/v2\/pages\/7765\/revisions"}],"predecessor-version":[{"id":7893,"href":"https:\/\/www.usfen.com.tr\/en\/wp-json\/wp\/v2\/pages\/7765\/revisions\/7893"}],"up":[{"embeddable":true,"href":"https:\/\/www.usfen.com.tr\/en\/wp-json\/wp\/v2\/pages\/7792"}],"wp:attachment":[{"href":"https:\/\/www.usfen.com.tr\/en\/wp-json\/wp\/v2\/media?parent=7765"}],"curies":[{"name":"wp","href":"https:\/\/api.w.org\/{rel}","templated":true}]}}