{"id":7775,"date":"2017-12-29T16:30:01","date_gmt":"2017-12-29T13:30:01","guid":{"rendered":"http:\/\/www.usfen.com.tr\/hidrolik-vibrator\/"},"modified":"2022-03-16T22:04:56","modified_gmt":"2022-03-16T19:04:56","slug":"hydraulic-vibrator","status":"publish","type":"page","link":"https:\/\/www.usfen.com.tr\/en\/sectoral-products\/concrete-vibration-solutions\/industrial-vibration\/hydraulic-vibrator\/","title":{"rendered":"Hydraulic Vibrator"},"content":{"rendered":"<p>[vc_row][vc_column][vc_tta_tabs spacing=&#8221;2&#8243; alignment=&#8221;center&#8221; active_section=&#8221;1&#8243;][vc_tta_section title=&#8221;HYDRAULIC VIBRATORS&#8221; tab_id=&#8221;1514199267873-513b7fb0-0274e7cc-9afb770d-21de&#8221;][vc_row_inner][vc_column_inner]<div class=\"mgt-header-block clearfix text-left text-black wpb_content_element  mgt-header-block-style-1 mgt-header-texttransform-header  vc_custom_1647457969719\"><h2 class=\"mgt-header-block-title\">Hydraulic Vibrators<\/h2><p class=\"mgt-header-block-subtitle\">Product Features<\/p><div class=\"mgt-header-line\"><\/div><\/div>[\/vc_column_inner][\/vc_row_inner][vc_row_inner][vc_column_inner width=&#8221;1\/2&#8243;][vc_gallery type=&#8221;flexslider_slide&#8221; interval=&#8221;0&#8243; images=&#8221;3698&#8243; img_size=&#8221;large&#8221;][\/vc_column_inner][vc_column_inner width=&#8221;1\/2&#8243;][vc_column_text]Equipped with motor driven eccentric rotating weights that can be driven by a hydraulic motor, it transmits rotary vibration in all frequency ranges. The engine is attached to the cover or housing assembly containing the eccentric weights, bearings and rotating shafts.[\/vc_column_text][\/vc_column_inner][\/vc_row_inner][vc_toggle title=&#8221;Models&#8221; open=&#8221;true&#8221; el_id=&#8221;1514218984874-193c5caf-e939&#8243;]<\/p>\n<ul>\n<li>CCV Series<br \/>\nThese powerful vibrators are suitable for portable applications such as wagon unloading thanks to the integrated clamping foot.<\/li>\n<li>DV Series<br \/>\nThese vibrators are delivered with a mounting body with four or six screw holes for permanent installation in large tanks.<\/li>\n<li>CV Series<br \/>\nCV Series Vibrators have two screw holes that allow them to be permanently mounted on railcars, boilers and chutes. It also works with DC electrical energy.<\/li>\n<li>CC Series<br \/>\nWith its slide latch bracket, the CC Series is suitable for applications that require portability and repositioning.<\/li>\n<\/ul>\n<p>[\/vc_toggle][vc_toggle title=&#8221;Features and Advantages&#8221;]<\/p>\n<ul>\n<li>High quality cast iron enclosure offers maximum durability<\/li>\n<li>Low-maintenance bearings need lubrication after 500 hours of operation<\/li>\n<li>Portability and positive mounting are ensured by the Internal Clamping Foot on the CCV Series<\/li>\n<li>Powerful and efficient motor structure offers long working life and ensures minimum power consumption.<\/li>\n<li>Adjustable camshafts allow power output to be adjusted to suit the application on many models<\/li>\n<\/ul>\n<p>[\/vc_toggle][vc_toggle title=&#8221;Video&#8221; el_id=&#8221;1514219102466-71ea4d31-99ce&#8221;][\/vc_toggle][\/vc_tta_section][\/vc_tta_tabs][\/vc_column][\/vc_row]<\/p>\n","protected":false},"excerpt":{"rendered":"<p>[vc_row][vc_column][vc_tta_tabs spacing=&#8221;2&#8243; alignment=&#8221;center&#8221; active_section=&#8221;1&#8243;][vc_tta_section title=&#8221;HYDRAULIC VIBRATORS&#8221; tab_id=&#8221;1514199267873-513b7fb0-0274e7cc-9afb770d-21de&#8221;][vc_row_inner][vc_column_inner][\/vc_column_inner][\/vc_row_inner][vc_row_inner][vc_column_inner width=&#8221;1\/2&#8243;][vc_gallery type=&#8221;flexslider_slide&#8221; interval=&#8221;0&#8243; images=&#8221;3698&#8243; img_size=&#8221;large&#8221;][\/vc_column_inner][vc_column_inner width=&#8221;1\/2&#8243;][vc_column_text]Equipped with motor driven eccentric rotating weights that can be driven by a hydraulic motor, it transmits rotary&#8230;<\/p>\n","protected":false},"author":1,"featured_media":0,"parent":7783,"menu_order":0,"comment_status":"closed","ping_status":"closed","template":"","meta":{"footnotes":""},"yoast_head":"<!-- This site is optimized with the Yoast SEO plugin v22.2 - https:\/\/yoast.com\/wordpress\/plugins\/seo\/ -->\n<title>Hydraulic Vibrator - \u00dcsfen Makina<\/title>\n<meta name=\"description\" content=\"Hidrolik vibrat\u00f6r, Hidrolik bir motorla \u00e7al\u0131\u015ft\u0131r\u0131labilen motor tahrikli eksantrik d\u00f6ner a\u011f\u0131rl\u0131klarla donat\u0131lm\u0131\u015f olup, b\u00fct\u00fcn frekans aral\u0131klar\u0131nda d\u00f6ner vibrasyon iletir. Motor, eksantrik a\u011f\u0131rl\u0131klar\u0131, rulmanlar\u0131 ve d\u00f6ner milleri i\u00e7eren kapak veya muhafaza tertibat\u0131na tutturulmu\u015ftur.\" \/>\n<meta name=\"robots\" content=\"index, follow, max-snippet:-1, max-image-preview:large, max-video-preview:-1\" \/>\n<link rel=\"canonical\" href=\"https:\/\/www.usfen.com.tr\/en\/sectoral-products\/concrete-vibration-solutions\/industrial-vibration\/hydraulic-vibrator\/\" \/>\n<meta property=\"og:locale\" content=\"en_US\" \/>\n<meta property=\"og:type\" content=\"article\" \/>\n<meta property=\"og:title\" content=\"Hydraulic Vibrator - \u00dcsfen Makina\" \/>\n<meta property=\"og:description\" content=\"Hidrolik vibrat\u00f6r, Hidrolik bir motorla \u00e7al\u0131\u015ft\u0131r\u0131labilen motor tahrikli eksantrik d\u00f6ner a\u011f\u0131rl\u0131klarla donat\u0131lm\u0131\u015f olup, b\u00fct\u00fcn frekans aral\u0131klar\u0131nda d\u00f6ner vibrasyon iletir. Motor, eksantrik a\u011f\u0131rl\u0131klar\u0131, rulmanlar\u0131 ve d\u00f6ner milleri i\u00e7eren kapak veya muhafaza tertibat\u0131na tutturulmu\u015ftur.\" \/>\n<meta property=\"og:url\" content=\"https:\/\/www.usfen.com.tr\/en\/sectoral-products\/concrete-vibration-solutions\/industrial-vibration\/hydraulic-vibrator\/\" \/>\n<meta property=\"og:site_name\" content=\"\u00dcsfen Makina\" \/>\n<meta property=\"article:publisher\" content=\"https:\/\/www.facebook.com\/%c3%9csfen-Makina-280420642481393\/\" \/>\n<meta property=\"article:modified_time\" content=\"2022-03-16T19:04:56+00:00\" \/>\n<meta name=\"twitter:card\" content=\"summary_large_image\" \/>\n<meta name=\"twitter:site\" content=\"@usfenmakina\" \/>\n<meta name=\"twitter:label1\" content=\"Est. reading time\" \/>\n\t<meta name=\"twitter:data1\" content=\"2 minutes\" \/>\n<script type=\"application\/ld+json\" class=\"yoast-schema-graph\">{\"@context\":\"https:\/\/schema.org\",\"@graph\":[{\"@type\":\"WebPage\",\"@id\":\"https:\/\/www.usfen.com.tr\/en\/sectoral-products\/concrete-vibration-solutions\/industrial-vibration\/hydraulic-vibrator\/\",\"url\":\"https:\/\/www.usfen.com.tr\/en\/sectoral-products\/concrete-vibration-solutions\/industrial-vibration\/hydraulic-vibrator\/\",\"name\":\"Hydraulic Vibrator - \u00dcsfen Makina\",\"isPartOf\":{\"@id\":\"https:\/\/www.usfen.com.tr\/#website\"},\"datePublished\":\"2017-12-29T13:30:01+00:00\",\"dateModified\":\"2022-03-16T19:04:56+00:00\",\"description\":\"Hidrolik vibrat\u00f6r, Hidrolik bir motorla \u00e7al\u0131\u015ft\u0131r\u0131labilen motor tahrikli eksantrik d\u00f6ner a\u011f\u0131rl\u0131klarla donat\u0131lm\u0131\u015f olup, b\u00fct\u00fcn frekans aral\u0131klar\u0131nda d\u00f6ner vibrasyon iletir. Motor, eksantrik a\u011f\u0131rl\u0131klar\u0131, rulmanlar\u0131 ve d\u00f6ner milleri i\u00e7eren kapak veya muhafaza tertibat\u0131na tutturulmu\u015ftur.\",\"breadcrumb\":{\"@id\":\"https:\/\/www.usfen.com.tr\/en\/sectoral-products\/concrete-vibration-solutions\/industrial-vibration\/hydraulic-vibrator\/#breadcrumb\"},\"inLanguage\":\"en-US\",\"potentialAction\":[{\"@type\":\"ReadAction\",\"target\":[\"https:\/\/www.usfen.com.tr\/en\/sectoral-products\/concrete-vibration-solutions\/industrial-vibration\/hydraulic-vibrator\/\"]}]},{\"@type\":\"BreadcrumbList\",\"@id\":\"https:\/\/www.usfen.com.tr\/en\/sectoral-products\/concrete-vibration-solutions\/industrial-vibration\/hydraulic-vibrator\/#breadcrumb\",\"itemListElement\":[{\"@type\":\"ListItem\",\"position\":1,\"name\":\"Ana sayfa\",\"item\":\"https:\/\/www.usfen.com.tr\/en\/\"},{\"@type\":\"ListItem\",\"position\":2,\"name\":\"Products\",\"item\":\"https:\/\/www.usfen.com.tr\/en\/sectoral-products\/\"},{\"@type\":\"ListItem\",\"position\":3,\"name\":\"Concrete Vibration Solutions\",\"item\":\"https:\/\/www.usfen.com.tr\/en\/sectoral-products\/concrete-vibration-solutions\/\"},{\"@type\":\"ListItem\",\"position\":4,\"name\":\"Industrial Vibration\",\"item\":\"https:\/\/www.usfen.com.tr\/en\/sectoral-products\/concrete-vibration-solutions\/industrial-vibration\/\"},{\"@type\":\"ListItem\",\"position\":5,\"name\":\"Hydraulic Vibrator\"}]},{\"@type\":\"WebSite\",\"@id\":\"https:\/\/www.usfen.com.tr\/#website\",\"url\":\"https:\/\/www.usfen.com.tr\/\",\"name\":\"\u00dcsfen Makina\",\"description\":\"M\u00fchendislik, Teknoloji \u00dcss\u00fc\",\"publisher\":{\"@id\":\"https:\/\/www.usfen.com.tr\/#organization\"},\"potentialAction\":[{\"@type\":\"SearchAction\",\"target\":{\"@type\":\"EntryPoint\",\"urlTemplate\":\"https:\/\/www.usfen.com.tr\/?s={search_term_string}\"},\"query-input\":\"required name=search_term_string\"}],\"inLanguage\":\"en-US\"},{\"@type\":\"Organization\",\"@id\":\"https:\/\/www.usfen.com.tr\/#organization\",\"name\":\"\u00dcsfen Makina\",\"url\":\"https:\/\/www.usfen.com.tr\/\",\"logo\":{\"@type\":\"ImageObject\",\"inLanguage\":\"en-US\",\"@id\":\"https:\/\/www.usfen.com.tr\/#\/schema\/logo\/image\/\",\"url\":\"https:\/\/www.usfen.com.tr\/wp-content\/uploads\/2017\/12\/usfen-logo-bg.png\",\"contentUrl\":\"https:\/\/www.usfen.com.tr\/wp-content\/uploads\/2017\/12\/usfen-logo-bg.png\",\"width\":400,\"height\":151,\"caption\":\"\u00dcsfen Makina\"},\"image\":{\"@id\":\"https:\/\/www.usfen.com.tr\/#\/schema\/logo\/image\/\"},\"sameAs\":[\"https:\/\/www.facebook.com\/\u00dcsfen-Makina-280420642481393\/\",\"https:\/\/twitter.com\/usfenmakina\",\"https:\/\/www.instagram.com\/usfenmakina\/\",\"https:\/\/www.linkedin.com\/company\/18375652\/\"]}]}<\/script>\n<!-- \/ Yoast SEO plugin. -->","yoast_head_json":{"title":"Hydraulic Vibrator - \u00dcsfen Makina","description":"Hidrolik vibrat\u00f6r, Hidrolik bir motorla \u00e7al\u0131\u015ft\u0131r\u0131labilen motor tahrikli eksantrik d\u00f6ner a\u011f\u0131rl\u0131klarla donat\u0131lm\u0131\u015f olup, b\u00fct\u00fcn frekans aral\u0131klar\u0131nda d\u00f6ner vibrasyon iletir. Motor, eksantrik a\u011f\u0131rl\u0131klar\u0131, rulmanlar\u0131 ve d\u00f6ner milleri i\u00e7eren kapak veya muhafaza tertibat\u0131na tutturulmu\u015ftur.","robots":{"index":"index","follow":"follow","max-snippet":"max-snippet:-1","max-image-preview":"max-image-preview:large","max-video-preview":"max-video-preview:-1"},"canonical":"https:\/\/www.usfen.com.tr\/en\/sectoral-products\/concrete-vibration-solutions\/industrial-vibration\/hydraulic-vibrator\/","og_locale":"en_US","og_type":"article","og_title":"Hydraulic Vibrator - \u00dcsfen Makina","og_description":"Hidrolik vibrat\u00f6r, Hidrolik bir motorla \u00e7al\u0131\u015ft\u0131r\u0131labilen motor tahrikli eksantrik d\u00f6ner a\u011f\u0131rl\u0131klarla donat\u0131lm\u0131\u015f olup, b\u00fct\u00fcn frekans aral\u0131klar\u0131nda d\u00f6ner vibrasyon iletir. Motor, eksantrik a\u011f\u0131rl\u0131klar\u0131, rulmanlar\u0131 ve d\u00f6ner milleri i\u00e7eren kapak veya muhafaza tertibat\u0131na tutturulmu\u015ftur.","og_url":"https:\/\/www.usfen.com.tr\/en\/sectoral-products\/concrete-vibration-solutions\/industrial-vibration\/hydraulic-vibrator\/","og_site_name":"\u00dcsfen Makina","article_publisher":"https:\/\/www.facebook.com\/%c3%9csfen-Makina-280420642481393\/","article_modified_time":"2022-03-16T19:04:56+00:00","twitter_card":"summary_large_image","twitter_site":"@usfenmakina","twitter_misc":{"Est. reading time":"2 minutes"},"schema":{"@context":"https:\/\/schema.org","@graph":[{"@type":"WebPage","@id":"https:\/\/www.usfen.com.tr\/en\/sectoral-products\/concrete-vibration-solutions\/industrial-vibration\/hydraulic-vibrator\/","url":"https:\/\/www.usfen.com.tr\/en\/sectoral-products\/concrete-vibration-solutions\/industrial-vibration\/hydraulic-vibrator\/","name":"Hydraulic Vibrator - \u00dcsfen Makina","isPartOf":{"@id":"https:\/\/www.usfen.com.tr\/#website"},"datePublished":"2017-12-29T13:30:01+00:00","dateModified":"2022-03-16T19:04:56+00:00","description":"Hidrolik vibrat\u00f6r, Hidrolik bir motorla \u00e7al\u0131\u015ft\u0131r\u0131labilen motor tahrikli eksantrik d\u00f6ner a\u011f\u0131rl\u0131klarla donat\u0131lm\u0131\u015f olup, b\u00fct\u00fcn frekans aral\u0131klar\u0131nda d\u00f6ner vibrasyon iletir. Motor, eksantrik a\u011f\u0131rl\u0131klar\u0131, rulmanlar\u0131 ve d\u00f6ner milleri i\u00e7eren kapak veya muhafaza tertibat\u0131na tutturulmu\u015ftur.","breadcrumb":{"@id":"https:\/\/www.usfen.com.tr\/en\/sectoral-products\/concrete-vibration-solutions\/industrial-vibration\/hydraulic-vibrator\/#breadcrumb"},"inLanguage":"en-US","potentialAction":[{"@type":"ReadAction","target":["https:\/\/www.usfen.com.tr\/en\/sectoral-products\/concrete-vibration-solutions\/industrial-vibration\/hydraulic-vibrator\/"]}]},{"@type":"BreadcrumbList","@id":"https:\/\/www.usfen.com.tr\/en\/sectoral-products\/concrete-vibration-solutions\/industrial-vibration\/hydraulic-vibrator\/#breadcrumb","itemListElement":[{"@type":"ListItem","position":1,"name":"Ana sayfa","item":"https:\/\/www.usfen.com.tr\/en\/"},{"@type":"ListItem","position":2,"name":"Products","item":"https:\/\/www.usfen.com.tr\/en\/sectoral-products\/"},{"@type":"ListItem","position":3,"name":"Concrete Vibration Solutions","item":"https:\/\/www.usfen.com.tr\/en\/sectoral-products\/concrete-vibration-solutions\/"},{"@type":"ListItem","position":4,"name":"Industrial Vibration","item":"https:\/\/www.usfen.com.tr\/en\/sectoral-products\/concrete-vibration-solutions\/industrial-vibration\/"},{"@type":"ListItem","position":5,"name":"Hydraulic Vibrator"}]},{"@type":"WebSite","@id":"https:\/\/www.usfen.com.tr\/#website","url":"https:\/\/www.usfen.com.tr\/","name":"\u00dcsfen Makina","description":"M\u00fchendislik, Teknoloji \u00dcss\u00fc","publisher":{"@id":"https:\/\/www.usfen.com.tr\/#organization"},"potentialAction":[{"@type":"SearchAction","target":{"@type":"EntryPoint","urlTemplate":"https:\/\/www.usfen.com.tr\/?s={search_term_string}"},"query-input":"required name=search_term_string"}],"inLanguage":"en-US"},{"@type":"Organization","@id":"https:\/\/www.usfen.com.tr\/#organization","name":"\u00dcsfen Makina","url":"https:\/\/www.usfen.com.tr\/","logo":{"@type":"ImageObject","inLanguage":"en-US","@id":"https:\/\/www.usfen.com.tr\/#\/schema\/logo\/image\/","url":"https:\/\/www.usfen.com.tr\/wp-content\/uploads\/2017\/12\/usfen-logo-bg.png","contentUrl":"https:\/\/www.usfen.com.tr\/wp-content\/uploads\/2017\/12\/usfen-logo-bg.png","width":400,"height":151,"caption":"\u00dcsfen Makina"},"image":{"@id":"https:\/\/www.usfen.com.tr\/#\/schema\/logo\/image\/"},"sameAs":["https:\/\/www.facebook.com\/\u00dcsfen-Makina-280420642481393\/","https:\/\/twitter.com\/usfenmakina","https:\/\/www.instagram.com\/usfenmakina\/","https:\/\/www.linkedin.com\/company\/18375652\/"]}]}},"jetpack_sharing_enabled":true,"_links":{"self":[{"href":"https:\/\/www.usfen.com.tr\/en\/wp-json\/wp\/v2\/pages\/7775"}],"collection":[{"href":"https:\/\/www.usfen.com.tr\/en\/wp-json\/wp\/v2\/pages"}],"about":[{"href":"https:\/\/www.usfen.com.tr\/en\/wp-json\/wp\/v2\/types\/page"}],"author":[{"embeddable":true,"href":"https:\/\/www.usfen.com.tr\/en\/wp-json\/wp\/v2\/users\/1"}],"replies":[{"embeddable":true,"href":"https:\/\/www.usfen.com.tr\/en\/wp-json\/wp\/v2\/comments?post=7775"}],"version-history":[{"count":2,"href":"https:\/\/www.usfen.com.tr\/en\/wp-json\/wp\/v2\/pages\/7775\/revisions"}],"predecessor-version":[{"id":8317,"href":"https:\/\/www.usfen.com.tr\/en\/wp-json\/wp\/v2\/pages\/7775\/revisions\/8317"}],"up":[{"embeddable":true,"href":"https:\/\/www.usfen.com.tr\/en\/wp-json\/wp\/v2\/pages\/7783"}],"wp:attachment":[{"href":"https:\/\/www.usfen.com.tr\/en\/wp-json\/wp\/v2\/media?parent=7775"}],"curies":[{"name":"wp","href":"https:\/\/api.w.org\/{rel}","templated":true}]}}