{"id":7776,"date":"2017-12-29T14:23:35","date_gmt":"2017-12-29T11:23:35","guid":{"rendered":"http:\/\/www.usfen.com.tr\/elektrikli-vibrator-korumali\/"},"modified":"2022-03-16T21:55:31","modified_gmt":"2022-03-16T18:55:31","slug":"explosion-proof-external-electric-vibrator","status":"publish","type":"page","link":"https:\/\/www.usfen.com.tr\/en\/sectoral-products\/concrete-vibration-solutions\/industrial-vibration\/explosion-proof-external-electric-vibrator\/","title":{"rendered":"Explosion-Proof External Electric Vibrator"},"content":{"rendered":"<p>[vc_row][vc_column][vc_tta_tabs spacing=&#8221;2&#8243; alignment=&#8221;center&#8221; active_section=&#8221;1&#8243;][vc_tta_section title=&#8221;MVE-D EXPLOSION-PROOF EXTERNAL ELECTRIC VIBRATOR&#8221; tab_id=&#8221;1514199267873-513b7fb0-0274e7cc-9afb13e7-12db6121-3157&#8243;][vc_row_inner][vc_column_inner]<div class=\"mgt-header-block clearfix text-left text-black wpb_content_element  mgt-header-block-style-1 mgt-header-texttransform-header  vc_custom_1647457046678\"><h2 class=\"mgt-header-block-title\">MVE-D Explosion-Proof External Electric Vibrator<\/h2><p class=\"mgt-header-block-subtitle\">Product Features<\/p><div class=\"mgt-header-line\"><\/div><\/div>[\/vc_column_inner][\/vc_row_inner][vc_row_inner][vc_column_inner width=&#8221;1\/2&#8243;][vc_gallery type=&#8221;flexslider_slide&#8221; interval=&#8221;0&#8243; images=&#8221;3687,3691&#8243; img_size=&#8221;large&#8221;][\/vc_column_inner][vc_column_inner width=&#8221;1\/2&#8243;][vc_column_text]The Explosion Proof range of MVE-D External Electric Motovibrators delivers 800 to 5,500 kg of centrifugal force in 2, 4, 6 or 8 poles, for application on drilling fluid recovery systems in oil and gas extraction plants as well as sand evacuation equipment in fracking operations. The MVE-D comes with ATEX ExII2GD and ETL Class I, Division 1 and Class II, Division 1 certifications for use in the presence of potentially flammable dusts or gases for the explosion proof design of the engine. In addition, MVE-D has an international IECEx certification.[\/vc_column_text][\/vc_column_inner][\/vc_row_inner][vc_row_inner css=&#8221;.vc_custom_1514472186822{margin-bottom: 20px !important;}&#8221;][vc_column_inner width=&#8221;1\/3&#8243;][vc_single_image image=&#8221;3688&#8243; img_size=&#8221;medium&#8221;][vc_custom_heading text=&#8221;SPECIALLY DESIGNED FOR THE OIL AND GAS INDUSTRY&#8221; font_container=&#8221;tag:h5|text_align:left&#8221; use_theme_fonts=&#8221;yes&#8221;][\/vc_column_inner][vc_column_inner width=&#8221;1\/3&#8243;][vc_single_image image=&#8221;3689&#8243; img_size=&#8221;medium&#8221;][vc_custom_heading text=&#8221;CERTIFIED FOR USE IN RISKY ENVIRONMENTS&#8221; font_container=&#8221;tag:h5|text_align:left&#8221; use_theme_fonts=&#8221;yes&#8221;][\/vc_column_inner][vc_column_inner width=&#8221;1\/3&#8243;][vc_single_image image=&#8221;3690&#8243; img_size=&#8221;medium&#8221;][vc_custom_heading text=&#8221;COMPATIBLE WITH ORIGINAL MACHINERY AND EQUIPMENT LEADING IN THE PETROLEUM INDUSTRY&#8221; font_container=&#8221;tag:h5|text_align:left&#8221; use_theme_fonts=&#8221;yes&#8221;][\/vc_column_inner][\/vc_row_inner][vc_toggle title=&#8221;Description&#8221; open=&#8221;true&#8221; el_id=&#8221;1514218984874-193c5caf-e939&#8243;]Explosion Proof MVE-D External Electric Motovibrators consist of an electric motor housed in a robust FMEA designed cast enclosure with eccentric weights on both shaft ends. Special design features and tight tolerances prevent potential explosions inside the engine from affecting the external environment, making the explosion proof MVE-D suitable for applications where such a feature is essential in the oil and gas industry.<\/p>\n<p>Explosion proof MVE-D External Electric Motovibrators can be used as flow aids in hoppers or silos to improve material discharge, or as drives in vibrating machinery, particularly in the oil and gas industry, sometimes in the transport, sifting, dewatering or liquid recovery industry.<br \/>\nWhen the MVE is turned on, a sinusoidal centrifugal force is provided by the rotation of the eccentric weights. With only one MVE attached to a vibrating machine, rotational force is provided and the machine is made to move circularly. Two counter-rotating MVEs installed in parallel on the same machine provide linear force resulting in linear motion of the machine. Circular or linear motion requirement depends on the application.<br \/>\nMost applications in the oil and gas industry use two MVE Motovibrators per machine to generate linear motion.[\/vc_toggle][vc_toggle title=&#8221;Technical Data&#8221;]<\/p>\n<ul>\n<li>Centrifugal force: 800-5,500 kg<\/li>\n<li>Windings impregnated under vacuum with class F insulating materials<\/li>\n<li>Premium quality bearings<\/li>\n<li>Robust FMEA designed body<\/li>\n<\/ul>\n<p>[\/vc_toggle][vc_toggle title=&#8221;Advantages&#8221;]<\/p>\n<ul>\n<li>Certification for ATEX ExII2GD and ETL Class I, Division 1 and Class II, Division 1, hazardous environments with combustible dust or gas<\/li>\n<li>Wide range of centrifugal forces for all applications<\/li>\n<li>Different supply voltages for global use<\/li>\n<li>Stainless steel mass covers<\/li>\n<\/ul>\n<p>[\/vc_toggle][vc_toggle title=&#8221;Options&#8221;]<\/p>\n<div class=\"vc_row wpb_row vc_inner vc_row-fluid vc_row-o-equal-height vc_row-o-content-top vc_row-flex\">\n<div class=\"wpb_column vc_column_container vc_col-sm-11\">\n<div class=\"vc_column-inner\">\n<div class=\"wpb_wrapper\">\n<div class=\"wpb_text_column wpb_content_element\">\n<div class=\"wpb_wrapper\">\n<ul>\n<li>2, 4, 6, 8 poles, three-phase<\/li>\n<\/ul>\n<\/div>\n<\/div>\n<\/div>\n<\/div>\n<\/div>\n<\/div>\n<div class=\"vc_row wpb_row vc_inner vc_row-fluid vc_row-o-equal-height vc_row-o-content-top vc_row-flex\">\n<div class=\"wpb_column vc_column_container vc_col-sm-1\">\n<div class=\"vc_column-inner\">\n<div class=\"wpb_wrapper\"><\/div>\n<\/div>\n<\/div>\n<\/div>\n<p>[\/vc_toggle][vc_toggle title=&#8221;Accessories&#8221;]Standard PTC 60 (on request for smaller sizes)[\/vc_toggle][vc_toggle title=&#8221;Sectoral Solutions&#8221;]<\/p>\n<ul>\n<li>Petroleum Industry<\/li>\n<li>Chemical and Pharmaceutical<\/li>\n<li>Recycle<\/li>\n<\/ul>\n<p>[\/vc_toggle][vc_toggle title=&#8221;Video&#8221; el_id=&#8221;1514219102466-71ea4d31-99ce&#8221;][\/vc_toggle][\/vc_tta_section][\/vc_tta_tabs][\/vc_column][\/vc_row]<\/p>\n","protected":false},"excerpt":{"rendered":"<p>[vc_row][vc_column][vc_tta_tabs spacing=&#8221;2&#8243; alignment=&#8221;center&#8221; active_section=&#8221;1&#8243;][vc_tta_section title=&#8221;MVE-D EXPLOSION-PROOF EXTERNAL ELECTRIC VIBRATOR&#8221; tab_id=&#8221;1514199267873-513b7fb0-0274e7cc-9afb13e7-12db6121-3157&#8243;][vc_row_inner][vc_column_inner][\/vc_column_inner][\/vc_row_inner][vc_row_inner][vc_column_inner width=&#8221;1\/2&#8243;][vc_gallery type=&#8221;flexslider_slide&#8221; interval=&#8221;0&#8243; images=&#8221;3687,3691&#8243; img_size=&#8221;large&#8221;][\/vc_column_inner][vc_column_inner width=&#8221;1\/2&#8243;][vc_column_text]The Explosion Proof range of MVE-D External Electric Motovibrators delivers 800 to 5,500 kg of&#8230;<\/p>\n","protected":false},"author":1,"featured_media":0,"parent":7783,"menu_order":0,"comment_status":"closed","ping_status":"closed","template":"","meta":{"footnotes":""},"yoast_head":"<!-- This site is optimized with the Yoast SEO plugin v22.2 - https:\/\/yoast.com\/wordpress\/plugins\/seo\/ -->\n<title>Explosion-Proof External Electric Vibrator - \u00dcsfen Makina<\/title>\n<meta name=\"description\" content=\"Korumal\u0131 elektrikli vibrat\u00f6rler, menzili, 800 ila 5,500 kg\u2019lik santrif\u00fcj kuvvetini 2, 4, 6 veya 8 kutuplu olarak verir, petrol ve gaz \u00e7\u0131karma tesislerinde sondaj s\u0131v\u0131s\u0131 geri kazan\u0131m sistemleri \u00fczerine uygulama i\u00e7in tasarlanm\u0131\u015ft\u0131r.\" \/>\n<meta name=\"robots\" content=\"index, follow, max-snippet:-1, max-image-preview:large, max-video-preview:-1\" \/>\n<link rel=\"canonical\" href=\"https:\/\/www.usfen.com.tr\/en\/sectoral-products\/concrete-vibration-solutions\/industrial-vibration\/explosion-proof-external-electric-vibrator\/\" \/>\n<meta property=\"og:locale\" content=\"en_US\" \/>\n<meta property=\"og:type\" content=\"article\" \/>\n<meta property=\"og:title\" content=\"Explosion-Proof External Electric Vibrator - \u00dcsfen Makina\" \/>\n<meta property=\"og:description\" content=\"Korumal\u0131 elektrikli vibrat\u00f6rler, menzili, 800 ila 5,500 kg\u2019lik santrif\u00fcj kuvvetini 2, 4, 6 veya 8 kutuplu olarak verir, petrol ve gaz \u00e7\u0131karma tesislerinde sondaj s\u0131v\u0131s\u0131 geri kazan\u0131m sistemleri \u00fczerine uygulama i\u00e7in tasarlanm\u0131\u015ft\u0131r.\" \/>\n<meta property=\"og:url\" content=\"https:\/\/www.usfen.com.tr\/en\/sectoral-products\/concrete-vibration-solutions\/industrial-vibration\/explosion-proof-external-electric-vibrator\/\" \/>\n<meta property=\"og:site_name\" content=\"\u00dcsfen Makina\" \/>\n<meta property=\"article:publisher\" content=\"https:\/\/www.facebook.com\/%c3%9csfen-Makina-280420642481393\/\" \/>\n<meta property=\"article:modified_time\" content=\"2022-03-16T18:55:31+00:00\" \/>\n<meta name=\"twitter:card\" content=\"summary_large_image\" \/>\n<meta name=\"twitter:site\" content=\"@usfenmakina\" \/>\n<meta name=\"twitter:label1\" content=\"Est. reading time\" \/>\n\t<meta name=\"twitter:data1\" content=\"3 minutes\" \/>\n<script type=\"application\/ld+json\" class=\"yoast-schema-graph\">{\"@context\":\"https:\/\/schema.org\",\"@graph\":[{\"@type\":\"WebPage\",\"@id\":\"https:\/\/www.usfen.com.tr\/en\/sectoral-products\/concrete-vibration-solutions\/industrial-vibration\/explosion-proof-external-electric-vibrator\/\",\"url\":\"https:\/\/www.usfen.com.tr\/en\/sectoral-products\/concrete-vibration-solutions\/industrial-vibration\/explosion-proof-external-electric-vibrator\/\",\"name\":\"Explosion-Proof External Electric Vibrator - \u00dcsfen Makina\",\"isPartOf\":{\"@id\":\"https:\/\/www.usfen.com.tr\/#website\"},\"datePublished\":\"2017-12-29T11:23:35+00:00\",\"dateModified\":\"2022-03-16T18:55:31+00:00\",\"description\":\"Korumal\u0131 elektrikli vibrat\u00f6rler, menzili, 800 ila 5,500 kg\u2019lik santrif\u00fcj kuvvetini 2, 4, 6 veya 8 kutuplu olarak verir, petrol ve gaz \u00e7\u0131karma tesislerinde sondaj s\u0131v\u0131s\u0131 geri kazan\u0131m sistemleri \u00fczerine uygulama i\u00e7in tasarlanm\u0131\u015ft\u0131r.\",\"breadcrumb\":{\"@id\":\"https:\/\/www.usfen.com.tr\/en\/sectoral-products\/concrete-vibration-solutions\/industrial-vibration\/explosion-proof-external-electric-vibrator\/#breadcrumb\"},\"inLanguage\":\"en-US\",\"potentialAction\":[{\"@type\":\"ReadAction\",\"target\":[\"https:\/\/www.usfen.com.tr\/en\/sectoral-products\/concrete-vibration-solutions\/industrial-vibration\/explosion-proof-external-electric-vibrator\/\"]}]},{\"@type\":\"BreadcrumbList\",\"@id\":\"https:\/\/www.usfen.com.tr\/en\/sectoral-products\/concrete-vibration-solutions\/industrial-vibration\/explosion-proof-external-electric-vibrator\/#breadcrumb\",\"itemListElement\":[{\"@type\":\"ListItem\",\"position\":1,\"name\":\"Ana sayfa\",\"item\":\"https:\/\/www.usfen.com.tr\/en\/\"},{\"@type\":\"ListItem\",\"position\":2,\"name\":\"Products\",\"item\":\"https:\/\/www.usfen.com.tr\/en\/sectoral-products\/\"},{\"@type\":\"ListItem\",\"position\":3,\"name\":\"Concrete Vibration Solutions\",\"item\":\"https:\/\/www.usfen.com.tr\/en\/sectoral-products\/concrete-vibration-solutions\/\"},{\"@type\":\"ListItem\",\"position\":4,\"name\":\"Industrial Vibration\",\"item\":\"https:\/\/www.usfen.com.tr\/en\/sectoral-products\/concrete-vibration-solutions\/industrial-vibration\/\"},{\"@type\":\"ListItem\",\"position\":5,\"name\":\"Explosion-Proof External Electric Vibrator\"}]},{\"@type\":\"WebSite\",\"@id\":\"https:\/\/www.usfen.com.tr\/#website\",\"url\":\"https:\/\/www.usfen.com.tr\/\",\"name\":\"\u00dcsfen Makina\",\"description\":\"M\u00fchendislik, Teknoloji \u00dcss\u00fc\",\"publisher\":{\"@id\":\"https:\/\/www.usfen.com.tr\/#organization\"},\"potentialAction\":[{\"@type\":\"SearchAction\",\"target\":{\"@type\":\"EntryPoint\",\"urlTemplate\":\"https:\/\/www.usfen.com.tr\/?s={search_term_string}\"},\"query-input\":\"required name=search_term_string\"}],\"inLanguage\":\"en-US\"},{\"@type\":\"Organization\",\"@id\":\"https:\/\/www.usfen.com.tr\/#organization\",\"name\":\"\u00dcsfen Makina\",\"url\":\"https:\/\/www.usfen.com.tr\/\",\"logo\":{\"@type\":\"ImageObject\",\"inLanguage\":\"en-US\",\"@id\":\"https:\/\/www.usfen.com.tr\/#\/schema\/logo\/image\/\",\"url\":\"https:\/\/www.usfen.com.tr\/wp-content\/uploads\/2017\/12\/usfen-logo-bg.png\",\"contentUrl\":\"https:\/\/www.usfen.com.tr\/wp-content\/uploads\/2017\/12\/usfen-logo-bg.png\",\"width\":400,\"height\":151,\"caption\":\"\u00dcsfen Makina\"},\"image\":{\"@id\":\"https:\/\/www.usfen.com.tr\/#\/schema\/logo\/image\/\"},\"sameAs\":[\"https:\/\/www.facebook.com\/\u00dcsfen-Makina-280420642481393\/\",\"https:\/\/twitter.com\/usfenmakina\",\"https:\/\/www.instagram.com\/usfenmakina\/\",\"https:\/\/www.linkedin.com\/company\/18375652\/\"]}]}<\/script>\n<!-- \/ Yoast SEO plugin. -->","yoast_head_json":{"title":"Explosion-Proof External Electric Vibrator - \u00dcsfen Makina","description":"Korumal\u0131 elektrikli vibrat\u00f6rler, menzili, 800 ila 5,500 kg\u2019lik santrif\u00fcj kuvvetini 2, 4, 6 veya 8 kutuplu olarak verir, petrol ve gaz \u00e7\u0131karma tesislerinde sondaj s\u0131v\u0131s\u0131 geri kazan\u0131m sistemleri \u00fczerine uygulama i\u00e7in tasarlanm\u0131\u015ft\u0131r.","robots":{"index":"index","follow":"follow","max-snippet":"max-snippet:-1","max-image-preview":"max-image-preview:large","max-video-preview":"max-video-preview:-1"},"canonical":"https:\/\/www.usfen.com.tr\/en\/sectoral-products\/concrete-vibration-solutions\/industrial-vibration\/explosion-proof-external-electric-vibrator\/","og_locale":"en_US","og_type":"article","og_title":"Explosion-Proof External Electric Vibrator - \u00dcsfen Makina","og_description":"Korumal\u0131 elektrikli vibrat\u00f6rler, menzili, 800 ila 5,500 kg\u2019lik santrif\u00fcj kuvvetini 2, 4, 6 veya 8 kutuplu olarak verir, petrol ve gaz \u00e7\u0131karma tesislerinde sondaj s\u0131v\u0131s\u0131 geri kazan\u0131m sistemleri \u00fczerine uygulama i\u00e7in tasarlanm\u0131\u015ft\u0131r.","og_url":"https:\/\/www.usfen.com.tr\/en\/sectoral-products\/concrete-vibration-solutions\/industrial-vibration\/explosion-proof-external-electric-vibrator\/","og_site_name":"\u00dcsfen Makina","article_publisher":"https:\/\/www.facebook.com\/%c3%9csfen-Makina-280420642481393\/","article_modified_time":"2022-03-16T18:55:31+00:00","twitter_card":"summary_large_image","twitter_site":"@usfenmakina","twitter_misc":{"Est. reading time":"3 minutes"},"schema":{"@context":"https:\/\/schema.org","@graph":[{"@type":"WebPage","@id":"https:\/\/www.usfen.com.tr\/en\/sectoral-products\/concrete-vibration-solutions\/industrial-vibration\/explosion-proof-external-electric-vibrator\/","url":"https:\/\/www.usfen.com.tr\/en\/sectoral-products\/concrete-vibration-solutions\/industrial-vibration\/explosion-proof-external-electric-vibrator\/","name":"Explosion-Proof External Electric Vibrator - \u00dcsfen Makina","isPartOf":{"@id":"https:\/\/www.usfen.com.tr\/#website"},"datePublished":"2017-12-29T11:23:35+00:00","dateModified":"2022-03-16T18:55:31+00:00","description":"Korumal\u0131 elektrikli vibrat\u00f6rler, menzili, 800 ila 5,500 kg\u2019lik santrif\u00fcj kuvvetini 2, 4, 6 veya 8 kutuplu olarak verir, petrol ve gaz \u00e7\u0131karma tesislerinde sondaj s\u0131v\u0131s\u0131 geri kazan\u0131m sistemleri \u00fczerine uygulama i\u00e7in tasarlanm\u0131\u015ft\u0131r.","breadcrumb":{"@id":"https:\/\/www.usfen.com.tr\/en\/sectoral-products\/concrete-vibration-solutions\/industrial-vibration\/explosion-proof-external-electric-vibrator\/#breadcrumb"},"inLanguage":"en-US","potentialAction":[{"@type":"ReadAction","target":["https:\/\/www.usfen.com.tr\/en\/sectoral-products\/concrete-vibration-solutions\/industrial-vibration\/explosion-proof-external-electric-vibrator\/"]}]},{"@type":"BreadcrumbList","@id":"https:\/\/www.usfen.com.tr\/en\/sectoral-products\/concrete-vibration-solutions\/industrial-vibration\/explosion-proof-external-electric-vibrator\/#breadcrumb","itemListElement":[{"@type":"ListItem","position":1,"name":"Ana sayfa","item":"https:\/\/www.usfen.com.tr\/en\/"},{"@type":"ListItem","position":2,"name":"Products","item":"https:\/\/www.usfen.com.tr\/en\/sectoral-products\/"},{"@type":"ListItem","position":3,"name":"Concrete Vibration Solutions","item":"https:\/\/www.usfen.com.tr\/en\/sectoral-products\/concrete-vibration-solutions\/"},{"@type":"ListItem","position":4,"name":"Industrial Vibration","item":"https:\/\/www.usfen.com.tr\/en\/sectoral-products\/concrete-vibration-solutions\/industrial-vibration\/"},{"@type":"ListItem","position":5,"name":"Explosion-Proof External Electric Vibrator"}]},{"@type":"WebSite","@id":"https:\/\/www.usfen.com.tr\/#website","url":"https:\/\/www.usfen.com.tr\/","name":"\u00dcsfen Makina","description":"M\u00fchendislik, Teknoloji \u00dcss\u00fc","publisher":{"@id":"https:\/\/www.usfen.com.tr\/#organization"},"potentialAction":[{"@type":"SearchAction","target":{"@type":"EntryPoint","urlTemplate":"https:\/\/www.usfen.com.tr\/?s={search_term_string}"},"query-input":"required name=search_term_string"}],"inLanguage":"en-US"},{"@type":"Organization","@id":"https:\/\/www.usfen.com.tr\/#organization","name":"\u00dcsfen Makina","url":"https:\/\/www.usfen.com.tr\/","logo":{"@type":"ImageObject","inLanguage":"en-US","@id":"https:\/\/www.usfen.com.tr\/#\/schema\/logo\/image\/","url":"https:\/\/www.usfen.com.tr\/wp-content\/uploads\/2017\/12\/usfen-logo-bg.png","contentUrl":"https:\/\/www.usfen.com.tr\/wp-content\/uploads\/2017\/12\/usfen-logo-bg.png","width":400,"height":151,"caption":"\u00dcsfen Makina"},"image":{"@id":"https:\/\/www.usfen.com.tr\/#\/schema\/logo\/image\/"},"sameAs":["https:\/\/www.facebook.com\/\u00dcsfen-Makina-280420642481393\/","https:\/\/twitter.com\/usfenmakina","https:\/\/www.instagram.com\/usfenmakina\/","https:\/\/www.linkedin.com\/company\/18375652\/"]}]}},"jetpack_sharing_enabled":true,"_links":{"self":[{"href":"https:\/\/www.usfen.com.tr\/en\/wp-json\/wp\/v2\/pages\/7776"}],"collection":[{"href":"https:\/\/www.usfen.com.tr\/en\/wp-json\/wp\/v2\/pages"}],"about":[{"href":"https:\/\/www.usfen.com.tr\/en\/wp-json\/wp\/v2\/types\/page"}],"author":[{"embeddable":true,"href":"https:\/\/www.usfen.com.tr\/en\/wp-json\/wp\/v2\/users\/1"}],"replies":[{"embeddable":true,"href":"https:\/\/www.usfen.com.tr\/en\/wp-json\/wp\/v2\/comments?post=7776"}],"version-history":[{"count":2,"href":"https:\/\/www.usfen.com.tr\/en\/wp-json\/wp\/v2\/pages\/7776\/revisions"}],"predecessor-version":[{"id":8314,"href":"https:\/\/www.usfen.com.tr\/en\/wp-json\/wp\/v2\/pages\/7776\/revisions\/8314"}],"up":[{"embeddable":true,"href":"https:\/\/www.usfen.com.tr\/en\/wp-json\/wp\/v2\/pages\/7783"}],"wp:attachment":[{"href":"https:\/\/www.usfen.com.tr\/en\/wp-json\/wp\/v2\/media?parent=7776"}],"curies":[{"name":"wp","href":"https:\/\/api.w.org\/{rel}","templated":true}]}}