{"id":7778,"date":"2017-12-28T15:04:36","date_gmt":"2017-12-28T12:04:36","guid":{"rendered":"http:\/\/www.usfen.com.tr\/tasinabilir-frekans-konvertoru\/"},"modified":"2022-03-16T22:30:40","modified_gmt":"2022-03-16T19:30:40","slug":"portable-frequency-converter","status":"publish","type":"page","link":"https:\/\/www.usfen.com.tr\/en\/sectoral-products\/concrete-vibration-solutions\/frequency-converters\/portable-frequency-converter\/","title":{"rendered":"Portable Frequency Converter"},"content":{"rendered":"<p>[vc_row][vc_column][vc_tta_tabs spacing=&#8221;2&#8243; alignment=&#8221;center&#8221; active_section=&#8221;1&#8243;][vc_tta_section title=&#8221;ATAK GASOLINE AND DIESEL FREQUENCY CONVERTER&#8221; tab_id=&#8221;1514199267873-513b7fb0-0274e7cc-9afb2804-52cb&#8221;][vc_row_inner][vc_column_inner]<div class=\"mgt-header-block clearfix text-left text-black wpb_content_element  mgt-header-block-style-1 mgt-header-texttransform-header  vc_custom_1647459419539\"><h2 class=\"mgt-header-block-title\">Atak Gasoline and Diesel Frequency Converter<\/h2><p class=\"mgt-header-block-subtitle\">Product Features<\/p><div class=\"mgt-header-line\"><\/div><\/div>[\/vc_column_inner][\/vc_row_inner][vc_row_inner][vc_column_inner width=&#8221;1\/2&#8243;][vc_gallery type=&#8221;flexslider_slide&#8221; interval=&#8221;0&#8243; images=&#8221;3637&#8243; img_size=&#8221;large&#8221;][\/vc_column_inner][vc_column_inner width=&#8221;1\/2&#8243;][vc_column_text]<\/p>\n<ul>\n<li>Magnetic brushless motors are used in CF series converters, they do not require maintenance and do not cause any additional costs.<\/li>\n<li>Models with 2, 3 and 4 outputs.<\/li>\n<li>CFG and CFD series models have a voltmeter indicator as standard.<\/li>\n<li>CFG series are with gasoline engine, CFD series are with diesel engine.<\/li>\n<\/ul>\n<p>[\/vc_column_text][\/vc_column_inner][\/vc_row_inner][vc_toggle title=&#8221;Technical Data&#8221; open=&#8221;true&#8221; el_id=&#8221;1514218984874-193c5caf-e939&#8243;]<\/p>\n<table>\n<tbody>\n<tr>\n<th>Model<\/th>\n<th>CFG 25<\/th>\n<th>CFG 67<\/th>\n<th>CFD 33<\/th>\n<th>CFD 67<\/th>\n<\/tr>\n<tr>\n<td>Engine Brand<\/td>\n<td>Honda<\/td>\n<td>Honda<\/td>\n<td>Lombardini<\/td>\n<td>Lombardini<\/td>\n<\/tr>\n<tr>\n<td>Engine Model<\/td>\n<td>GX160<\/td>\n<td>GX270<\/td>\n<td>15LD225<\/td>\n<td>15LD350<\/td>\n<\/tr>\n<tr>\n<td>Engine Type<\/td>\n<td>Gasoline<\/td>\n<td>Gasoline<\/td>\n<td>Diesel<\/td>\n<td>Diesel<\/td>\n<\/tr>\n<tr>\n<td>Fuel Tank<\/td>\n<td>3.1 lt<\/td>\n<td>5.3 lt<\/td>\n<td>3 lt<\/td>\n<td>4.3 lt<\/td>\n<\/tr>\n<tr>\n<td>Maximum Power<\/td>\n<td>3.3 kW<\/td>\n<td>5.9 kW<\/td>\n<td>3.3 kW<\/td>\n<td>5.2 kW<\/td>\n<\/tr>\n<tr>\n<td>Current<\/td>\n<td>25 Amps<\/td>\n<td>67 Amps<\/td>\n<td>33 Amps<\/td>\n<td>67 Amps<\/td>\n<\/tr>\n<tr>\n<td>Outputs<\/td>\n<td>2<\/td>\n<td>4<\/td>\n<td>3<\/td>\n<td>4<\/td>\n<\/tr>\n<tr>\n<td>Weight<\/td>\n<td>45 kg<\/td>\n<td>85 kg<\/td>\n<td>68 kg<\/td>\n<td>95 kg<\/td>\n<\/tr>\n<tr>\n<td>Noise Level<\/td>\n<td>93 dB(A)<\/td>\n<td>96 dB(A)<\/td>\n<td>104 dB(A)<\/td>\n<td>107 dB(A)<\/td>\n<\/tr>\n<tr>\n<td>Transport Wheel<\/td>\n<td>Optional<\/td>\n<td>Standard<\/td>\n<td>Standard<\/td>\n<td>Standard<\/td>\n<\/tr>\n<\/tbody>\n<\/table>\n<p>[\/vc_toggle][vc_toggle title=&#8221;Video&#8221; el_id=&#8221;1514219102466-71ea4d31-99ce&#8221;][\/vc_toggle][\/vc_tta_section][vc_tta_section title=&#8221;MONKON AND TRIKON SERIES ELECTRIC FREQUENCY CONVERTER&#8221; tab_id=&#8221;1514199682240-f713275b-bae7e7cc-9afb2804-52cb&#8221;][vc_row_inner][vc_column_inner]<div class=\"mgt-header-block clearfix text-left text-black wpb_content_element  mgt-header-block-style-1 mgt-header-texttransform-header  vc_custom_1647459744406\"><h2 class=\"mgt-header-block-title\">Monkon and Trikon Series Electric Frequency Converter<\/h2><p class=\"mgt-header-block-subtitle\">Product Features<\/p><div class=\"mgt-header-line\"><\/div><\/div>[\/vc_column_inner][\/vc_row_inner][vc_row_inner][vc_column_inner width=&#8221;1\/2&#8243;][vc_gallery type=&#8221;flexslider_slide&#8221; interval=&#8221;0&#8243; images=&#8221;3639,3640,3641&#8243; img_size=&#8221;large&#8221;][\/vc_column_inner][vc_column_inner width=&#8221;1\/2&#8243;][vc_column_text]<\/p>\n<ul>\n<li>2 and 3 output models<\/li>\n<\/ul>\n<p>[\/vc_column_text][\/vc_column_inner][\/vc_row_inner][vc_toggle title=&#8221;Technical Data&#8221; open=&#8221;true&#8221; el_id=&#8221;1514219146184-bfe7a46a-6cbd&#8221;]<\/p>\n<table>\n<tbody>\n<tr>\n<th>Model<\/th>\n<th>Monkon<\/th>\n<th>Trikon 2<\/th>\n<th>Trikon 3<\/th>\n<\/tr>\n<tr>\n<td>Power<\/td>\n<td>0,8 kW<\/td>\n<td>1,8 kW<\/td>\n<td>1,8 kW<\/td>\n<\/tr>\n<tr>\n<td>Current<\/td>\n<td>30Amps<\/td>\n<td>25 Amps<\/td>\n<td>25 Amps<\/td>\n<\/tr>\n<tr>\n<td>Phases<\/td>\n<td>Monofaz<\/td>\n<td>Monofaz<\/td>\n<td>Trifaz<\/td>\n<\/tr>\n<tr>\n<td>Input Voltage<\/td>\n<td>230V-1-50HZ<\/td>\n<td>230V-1-50HZ<\/td>\n<td>400V-3-50HZ<\/td>\n<\/tr>\n<tr>\n<td>Outputs<\/td>\n<td>1<\/td>\n<td>1<\/td>\n<td>2<\/td>\n<\/tr>\n<tr>\n<td>Weight<\/td>\n<td>18 kg<\/td>\n<td>31 kg<\/td>\n<td>31 kg<\/td>\n<\/tr>\n<tr>\n<td>Protection Class<\/td>\n<td>IP55<\/td>\n<td>IP55<\/td>\n<td>IP55<\/td>\n<\/tr>\n<tr>\n<td>Noise Level<\/td>\n<td>76 dB(A)<\/td>\n<td>80 dB(A)<\/td>\n<td>80 dB(A)<\/td>\n<\/tr>\n<tr>\n<td>Transport Wheel<\/td>\n<td>&#8211;<\/td>\n<td>Optional<\/td>\n<td>Optional<\/td>\n<\/tr>\n<\/tbody>\n<\/table>\n<p>[\/vc_toggle][vc_toggle title=&#8221;Video&#8221; el_id=&#8221;1514219168939-f744dfee-e4a7&#8243;][\/vc_toggle][\/vc_tta_section][\/vc_tta_tabs][\/vc_column][\/vc_row]<\/p>\n","protected":false},"excerpt":{"rendered":"<p>[vc_row][vc_column][vc_tta_tabs spacing=&#8221;2&#8243; alignment=&#8221;center&#8221; active_section=&#8221;1&#8243;][vc_tta_section title=&#8221;ATAK GASOLINE AND DIESEL FREQUENCY CONVERTER&#8221; tab_id=&#8221;1514199267873-513b7fb0-0274e7cc-9afb2804-52cb&#8221;][vc_row_inner][vc_column_inner][\/vc_column_inner][\/vc_row_inner][vc_row_inner][vc_column_inner width=&#8221;1\/2&#8243;][vc_gallery type=&#8221;flexslider_slide&#8221; interval=&#8221;0&#8243; images=&#8221;3637&#8243; img_size=&#8221;large&#8221;][\/vc_column_inner][vc_column_inner width=&#8221;1\/2&#8243;][vc_column_text] Magnetic brushless motors are used in CF series converters, they do not require&#8230;<\/p>\n","protected":false},"author":1,"featured_media":0,"parent":7784,"menu_order":0,"comment_status":"closed","ping_status":"closed","template":"","meta":{"footnotes":""},"yoast_head":"<!-- This site is optimized with the Yoast SEO plugin v22.2 - https:\/\/yoast.com\/wordpress\/plugins\/seo\/ -->\n<title>Portable Frequency Converter - \u00dcsfen Makina<\/title>\n<meta name=\"description\" content=\"Ta\u015f\u0131nabilir frekans konvert\u00f6rleri, manyetik k\u00f6m\u00fcrs\u00fcz motorlar kullan\u0131l\u0131r, bak\u0131m gerektirmez, ek masraf a\u00e7maz. 2,3 ve 4 \u00e7\u0131k\u0131\u015fl\u0131 modeller. CFG ve CFD serisi modellerde standart olarak voltmetre g\u00f6stergesi bulunmaktad\u0131r. CFG serileri benzin motorlu, CFD serisi dizel motorludur.\" \/>\n<meta name=\"robots\" content=\"index, follow, max-snippet:-1, max-image-preview:large, max-video-preview:-1\" \/>\n<link rel=\"canonical\" href=\"https:\/\/www.usfen.com.tr\/en\/sectoral-products\/concrete-vibration-solutions\/frequency-converters\/portable-frequency-converter\/\" \/>\n<meta property=\"og:locale\" content=\"en_US\" \/>\n<meta property=\"og:type\" content=\"article\" \/>\n<meta property=\"og:title\" content=\"Portable Frequency Converter - \u00dcsfen Makina\" \/>\n<meta property=\"og:description\" content=\"Ta\u015f\u0131nabilir frekans konvert\u00f6rleri, manyetik k\u00f6m\u00fcrs\u00fcz motorlar kullan\u0131l\u0131r, bak\u0131m gerektirmez, ek masraf a\u00e7maz. 2,3 ve 4 \u00e7\u0131k\u0131\u015fl\u0131 modeller. CFG ve CFD serisi modellerde standart olarak voltmetre g\u00f6stergesi bulunmaktad\u0131r. CFG serileri benzin motorlu, CFD serisi dizel motorludur.\" \/>\n<meta property=\"og:url\" content=\"https:\/\/www.usfen.com.tr\/en\/sectoral-products\/concrete-vibration-solutions\/frequency-converters\/portable-frequency-converter\/\" \/>\n<meta property=\"og:site_name\" content=\"\u00dcsfen Makina\" \/>\n<meta property=\"article:publisher\" content=\"https:\/\/www.facebook.com\/%c3%9csfen-Makina-280420642481393\/\" \/>\n<meta property=\"article:modified_time\" content=\"2022-03-16T19:30:40+00:00\" \/>\n<meta name=\"twitter:card\" content=\"summary_large_image\" \/>\n<meta name=\"twitter:site\" content=\"@usfenmakina\" \/>\n<meta name=\"twitter:label1\" content=\"Est. reading time\" \/>\n\t<meta name=\"twitter:data1\" content=\"2 minutes\" \/>\n<script type=\"application\/ld+json\" class=\"yoast-schema-graph\">{\"@context\":\"https:\/\/schema.org\",\"@graph\":[{\"@type\":\"WebPage\",\"@id\":\"https:\/\/www.usfen.com.tr\/en\/sectoral-products\/concrete-vibration-solutions\/frequency-converters\/portable-frequency-converter\/\",\"url\":\"https:\/\/www.usfen.com.tr\/en\/sectoral-products\/concrete-vibration-solutions\/frequency-converters\/portable-frequency-converter\/\",\"name\":\"Portable Frequency Converter - \u00dcsfen Makina\",\"isPartOf\":{\"@id\":\"https:\/\/www.usfen.com.tr\/#website\"},\"datePublished\":\"2017-12-28T12:04:36+00:00\",\"dateModified\":\"2022-03-16T19:30:40+00:00\",\"description\":\"Ta\u015f\u0131nabilir frekans konvert\u00f6rleri, manyetik k\u00f6m\u00fcrs\u00fcz motorlar kullan\u0131l\u0131r, bak\u0131m gerektirmez, ek masraf a\u00e7maz. 2,3 ve 4 \u00e7\u0131k\u0131\u015fl\u0131 modeller. CFG ve CFD serisi modellerde standart olarak voltmetre g\u00f6stergesi bulunmaktad\u0131r. CFG serileri benzin motorlu, CFD serisi dizel motorludur.\",\"breadcrumb\":{\"@id\":\"https:\/\/www.usfen.com.tr\/en\/sectoral-products\/concrete-vibration-solutions\/frequency-converters\/portable-frequency-converter\/#breadcrumb\"},\"inLanguage\":\"en-US\",\"potentialAction\":[{\"@type\":\"ReadAction\",\"target\":[\"https:\/\/www.usfen.com.tr\/en\/sectoral-products\/concrete-vibration-solutions\/frequency-converters\/portable-frequency-converter\/\"]}]},{\"@type\":\"BreadcrumbList\",\"@id\":\"https:\/\/www.usfen.com.tr\/en\/sectoral-products\/concrete-vibration-solutions\/frequency-converters\/portable-frequency-converter\/#breadcrumb\",\"itemListElement\":[{\"@type\":\"ListItem\",\"position\":1,\"name\":\"Ana sayfa\",\"item\":\"https:\/\/www.usfen.com.tr\/en\/\"},{\"@type\":\"ListItem\",\"position\":2,\"name\":\"Products\",\"item\":\"https:\/\/www.usfen.com.tr\/en\/sectoral-products\/\"},{\"@type\":\"ListItem\",\"position\":3,\"name\":\"Concrete Vibration Solutions\",\"item\":\"https:\/\/www.usfen.com.tr\/en\/sectoral-products\/concrete-vibration-solutions\/\"},{\"@type\":\"ListItem\",\"position\":4,\"name\":\"Frequency Converters\",\"item\":\"https:\/\/www.usfen.com.tr\/en\/sectoral-products\/concrete-vibration-solutions\/frequency-converters\/\"},{\"@type\":\"ListItem\",\"position\":5,\"name\":\"Portable Frequency Converter\"}]},{\"@type\":\"WebSite\",\"@id\":\"https:\/\/www.usfen.com.tr\/#website\",\"url\":\"https:\/\/www.usfen.com.tr\/\",\"name\":\"\u00dcsfen Makina\",\"description\":\"M\u00fchendislik, Teknoloji \u00dcss\u00fc\",\"publisher\":{\"@id\":\"https:\/\/www.usfen.com.tr\/#organization\"},\"potentialAction\":[{\"@type\":\"SearchAction\",\"target\":{\"@type\":\"EntryPoint\",\"urlTemplate\":\"https:\/\/www.usfen.com.tr\/?s={search_term_string}\"},\"query-input\":\"required name=search_term_string\"}],\"inLanguage\":\"en-US\"},{\"@type\":\"Organization\",\"@id\":\"https:\/\/www.usfen.com.tr\/#organization\",\"name\":\"\u00dcsfen Makina\",\"url\":\"https:\/\/www.usfen.com.tr\/\",\"logo\":{\"@type\":\"ImageObject\",\"inLanguage\":\"en-US\",\"@id\":\"https:\/\/www.usfen.com.tr\/#\/schema\/logo\/image\/\",\"url\":\"https:\/\/www.usfen.com.tr\/wp-content\/uploads\/2017\/12\/usfen-logo-bg.png\",\"contentUrl\":\"https:\/\/www.usfen.com.tr\/wp-content\/uploads\/2017\/12\/usfen-logo-bg.png\",\"width\":400,\"height\":151,\"caption\":\"\u00dcsfen Makina\"},\"image\":{\"@id\":\"https:\/\/www.usfen.com.tr\/#\/schema\/logo\/image\/\"},\"sameAs\":[\"https:\/\/www.facebook.com\/\u00dcsfen-Makina-280420642481393\/\",\"https:\/\/twitter.com\/usfenmakina\",\"https:\/\/www.instagram.com\/usfenmakina\/\",\"https:\/\/www.linkedin.com\/company\/18375652\/\"]}]}<\/script>\n<!-- \/ Yoast SEO plugin. -->","yoast_head_json":{"title":"Portable Frequency Converter - \u00dcsfen Makina","description":"Ta\u015f\u0131nabilir frekans konvert\u00f6rleri, manyetik k\u00f6m\u00fcrs\u00fcz motorlar kullan\u0131l\u0131r, bak\u0131m gerektirmez, ek masraf a\u00e7maz. 2,3 ve 4 \u00e7\u0131k\u0131\u015fl\u0131 modeller. CFG ve CFD serisi modellerde standart olarak voltmetre g\u00f6stergesi bulunmaktad\u0131r. CFG serileri benzin motorlu, CFD serisi dizel motorludur.","robots":{"index":"index","follow":"follow","max-snippet":"max-snippet:-1","max-image-preview":"max-image-preview:large","max-video-preview":"max-video-preview:-1"},"canonical":"https:\/\/www.usfen.com.tr\/en\/sectoral-products\/concrete-vibration-solutions\/frequency-converters\/portable-frequency-converter\/","og_locale":"en_US","og_type":"article","og_title":"Portable Frequency Converter - \u00dcsfen Makina","og_description":"Ta\u015f\u0131nabilir frekans konvert\u00f6rleri, manyetik k\u00f6m\u00fcrs\u00fcz motorlar kullan\u0131l\u0131r, bak\u0131m gerektirmez, ek masraf a\u00e7maz. 2,3 ve 4 \u00e7\u0131k\u0131\u015fl\u0131 modeller. CFG ve CFD serisi modellerde standart olarak voltmetre g\u00f6stergesi bulunmaktad\u0131r. CFG serileri benzin motorlu, CFD serisi dizel motorludur.","og_url":"https:\/\/www.usfen.com.tr\/en\/sectoral-products\/concrete-vibration-solutions\/frequency-converters\/portable-frequency-converter\/","og_site_name":"\u00dcsfen Makina","article_publisher":"https:\/\/www.facebook.com\/%c3%9csfen-Makina-280420642481393\/","article_modified_time":"2022-03-16T19:30:40+00:00","twitter_card":"summary_large_image","twitter_site":"@usfenmakina","twitter_misc":{"Est. reading time":"2 minutes"},"schema":{"@context":"https:\/\/schema.org","@graph":[{"@type":"WebPage","@id":"https:\/\/www.usfen.com.tr\/en\/sectoral-products\/concrete-vibration-solutions\/frequency-converters\/portable-frequency-converter\/","url":"https:\/\/www.usfen.com.tr\/en\/sectoral-products\/concrete-vibration-solutions\/frequency-converters\/portable-frequency-converter\/","name":"Portable Frequency Converter - \u00dcsfen Makina","isPartOf":{"@id":"https:\/\/www.usfen.com.tr\/#website"},"datePublished":"2017-12-28T12:04:36+00:00","dateModified":"2022-03-16T19:30:40+00:00","description":"Ta\u015f\u0131nabilir frekans konvert\u00f6rleri, manyetik k\u00f6m\u00fcrs\u00fcz motorlar kullan\u0131l\u0131r, bak\u0131m gerektirmez, ek masraf a\u00e7maz. 2,3 ve 4 \u00e7\u0131k\u0131\u015fl\u0131 modeller. CFG ve CFD serisi modellerde standart olarak voltmetre g\u00f6stergesi bulunmaktad\u0131r. CFG serileri benzin motorlu, CFD serisi dizel motorludur.","breadcrumb":{"@id":"https:\/\/www.usfen.com.tr\/en\/sectoral-products\/concrete-vibration-solutions\/frequency-converters\/portable-frequency-converter\/#breadcrumb"},"inLanguage":"en-US","potentialAction":[{"@type":"ReadAction","target":["https:\/\/www.usfen.com.tr\/en\/sectoral-products\/concrete-vibration-solutions\/frequency-converters\/portable-frequency-converter\/"]}]},{"@type":"BreadcrumbList","@id":"https:\/\/www.usfen.com.tr\/en\/sectoral-products\/concrete-vibration-solutions\/frequency-converters\/portable-frequency-converter\/#breadcrumb","itemListElement":[{"@type":"ListItem","position":1,"name":"Ana sayfa","item":"https:\/\/www.usfen.com.tr\/en\/"},{"@type":"ListItem","position":2,"name":"Products","item":"https:\/\/www.usfen.com.tr\/en\/sectoral-products\/"},{"@type":"ListItem","position":3,"name":"Concrete Vibration Solutions","item":"https:\/\/www.usfen.com.tr\/en\/sectoral-products\/concrete-vibration-solutions\/"},{"@type":"ListItem","position":4,"name":"Frequency Converters","item":"https:\/\/www.usfen.com.tr\/en\/sectoral-products\/concrete-vibration-solutions\/frequency-converters\/"},{"@type":"ListItem","position":5,"name":"Portable Frequency Converter"}]},{"@type":"WebSite","@id":"https:\/\/www.usfen.com.tr\/#website","url":"https:\/\/www.usfen.com.tr\/","name":"\u00dcsfen Makina","description":"M\u00fchendislik, Teknoloji \u00dcss\u00fc","publisher":{"@id":"https:\/\/www.usfen.com.tr\/#organization"},"potentialAction":[{"@type":"SearchAction","target":{"@type":"EntryPoint","urlTemplate":"https:\/\/www.usfen.com.tr\/?s={search_term_string}"},"query-input":"required name=search_term_string"}],"inLanguage":"en-US"},{"@type":"Organization","@id":"https:\/\/www.usfen.com.tr\/#organization","name":"\u00dcsfen Makina","url":"https:\/\/www.usfen.com.tr\/","logo":{"@type":"ImageObject","inLanguage":"en-US","@id":"https:\/\/www.usfen.com.tr\/#\/schema\/logo\/image\/","url":"https:\/\/www.usfen.com.tr\/wp-content\/uploads\/2017\/12\/usfen-logo-bg.png","contentUrl":"https:\/\/www.usfen.com.tr\/wp-content\/uploads\/2017\/12\/usfen-logo-bg.png","width":400,"height":151,"caption":"\u00dcsfen Makina"},"image":{"@id":"https:\/\/www.usfen.com.tr\/#\/schema\/logo\/image\/"},"sameAs":["https:\/\/www.facebook.com\/\u00dcsfen-Makina-280420642481393\/","https:\/\/twitter.com\/usfenmakina","https:\/\/www.instagram.com\/usfenmakina\/","https:\/\/www.linkedin.com\/company\/18375652\/"]}]}},"jetpack_sharing_enabled":true,"_links":{"self":[{"href":"https:\/\/www.usfen.com.tr\/en\/wp-json\/wp\/v2\/pages\/7778"}],"collection":[{"href":"https:\/\/www.usfen.com.tr\/en\/wp-json\/wp\/v2\/pages"}],"about":[{"href":"https:\/\/www.usfen.com.tr\/en\/wp-json\/wp\/v2\/types\/page"}],"author":[{"embeddable":true,"href":"https:\/\/www.usfen.com.tr\/en\/wp-json\/wp\/v2\/users\/1"}],"replies":[{"embeddable":true,"href":"https:\/\/www.usfen.com.tr\/en\/wp-json\/wp\/v2\/comments?post=7778"}],"version-history":[{"count":2,"href":"https:\/\/www.usfen.com.tr\/en\/wp-json\/wp\/v2\/pages\/7778\/revisions"}],"predecessor-version":[{"id":8325,"href":"https:\/\/www.usfen.com.tr\/en\/wp-json\/wp\/v2\/pages\/7778\/revisions\/8325"}],"up":[{"embeddable":true,"href":"https:\/\/www.usfen.com.tr\/en\/wp-json\/wp\/v2\/pages\/7784"}],"wp:attachment":[{"href":"https:\/\/www.usfen.com.tr\/en\/wp-json\/wp\/v2\/media?parent=7778"}],"curies":[{"name":"wp","href":"https:\/\/api.w.org\/{rel}","templated":true}]}}