{"id":7780,"date":"2017-12-28T13:55:45","date_gmt":"2017-12-28T10:55:45","guid":{"rendered":"http:\/\/www.usfen.com.tr\/harici-konvertorlu-beton-vibratoru\/"},"modified":"2022-03-01T10:34:13","modified_gmt":"2022-03-01T07:34:13","slug":"internal-electric-vibrator","status":"publish","type":"page","link":"https:\/\/www.usfen.com.tr\/en\/sectoral-products\/concrete-vibration-solutions\/concrete-vibrators\/internal-electric-vibrator\/","title":{"rendered":"Internal Electric Vibrator"},"content":{"rendered":"<p>[vc_row][vc_column][vc_tta_tabs spacing=&#8221;2&#8243; alignment=&#8221;center&#8221; active_section=&#8221;1&#8243;][vc_tta_section title=&#8221;INTERNAL ELECTRIC VIBRATOR&#8221; tab_id=&#8221;1514199267873-513b7fb0-02746ce0-ddf0&#8243;][vc_row_inner][vc_column_inner]<div class=\"mgt-header-block clearfix text-left text-black wpb_content_element  mgt-header-block-style-1 mgt-header-texttransform-header  vc_custom_1646120719744\"><h2 class=\"mgt-header-block-title\">Lur<\/h2><p class=\"mgt-header-block-subtitle\">Product Features<\/p><div class=\"mgt-header-line\"><\/div><\/div>[\/vc_column_inner][\/vc_row_inner][vc_row_inner][vc_column_inner width=&#8221;1\/2&#8243;][vc_gallery type=&#8221;flexslider_slide&#8221; interval=&#8221;0&#8243; images=&#8221;3604,3603,3605&#8243; img_size=&#8221;large&#8221;][\/vc_column_inner][vc_column_inner width=&#8221;1\/2&#8243;][vc_column_text]<\/p>\n<ul>\n<li>LUR series bottles are equipped with special motors to have high impact diameters.<\/li>\n<li>The hoses are double-protected and designed to last a long time.<\/li>\n<li>Thermal On-Off switch is used for safety.<\/li>\n<\/ul>\n<p>[\/vc_column_text][\/vc_column_inner][\/vc_row_inner][vc_toggle title=&#8221;Technical Data&#8221; open=&#8221;true&#8221; el_id=&#8221;1514218984874-193c5caf-e939&#8243;]<\/p>\n<table>\n<tbody>\n<tr>\n<th>Model<\/th>\n<th>LUR 45<\/th>\n<th>LUR 60<\/th>\n<th>LUR 65<\/th>\n<\/tr>\n<tr>\n<td>Head Diameter<\/td>\n<td>45 mm<\/td>\n<td>60 mm<\/td>\n<td>65 mm<\/td>\n<\/tr>\n<tr>\n<td>Impact Diameter<\/td>\n<td>65 cm<\/td>\n<td>90 cm<\/td>\n<td>105 cm<\/td>\n<\/tr>\n<tr>\n<td>Protective Hose Length<\/td>\n<td>5m<\/td>\n<td>5m<\/td>\n<td>5m<\/td>\n<\/tr>\n<tr>\n<td>Protective Hose Length Range<\/td>\n<td>1m-14m<\/td>\n<td>1m-14m<\/td>\n<td>1m-14m<\/td>\n<\/tr>\n<tr>\n<td>Frequency<\/td>\n<td>12.000 vpm<\/td>\n<td>12.000 vpm<\/td>\n<td>12.000 vpm<\/td>\n<\/tr>\n<tr>\n<td>Current (42v&#8217;ta)<\/td>\n<td>12 Amper<\/td>\n<td>13 Amper<\/td>\n<td>17 Amper<\/td>\n<\/tr>\n<tr>\n<td>Voltage<\/td>\n<td>42V<\/td>\n<td>42V<\/td>\n<td>42V<\/td>\n<\/tr>\n<\/tbody>\n<\/table>\n<p>[\/vc_toggle][vc_toggle title=&#8221;Video&#8221; el_id=&#8221;1514219102466-71ea4d31-99ce&#8221;][\/vc_toggle][\/vc_tta_section][\/vc_tta_tabs][\/vc_column][\/vc_row]<\/p>\n","protected":false},"excerpt":{"rendered":"<p>[vc_row][vc_column][vc_tta_tabs spacing=&#8221;2&#8243; alignment=&#8221;center&#8221; active_section=&#8221;1&#8243;][vc_tta_section title=&#8221;INTERNAL ELECTRIC VIBRATOR&#8221; tab_id=&#8221;1514199267873-513b7fb0-02746ce0-ddf0&#8243;][vc_row_inner][vc_column_inner][\/vc_column_inner][\/vc_row_inner][vc_row_inner][vc_column_inner width=&#8221;1\/2&#8243;][vc_gallery type=&#8221;flexslider_slide&#8221; interval=&#8221;0&#8243; images=&#8221;3604,3603,3605&#8243; img_size=&#8221;large&#8221;][\/vc_column_inner][vc_column_inner width=&#8221;1\/2&#8243;][vc_column_text] LUR series bottles are equipped with special motors to have high impact diameters. The hoses are&#8230;<\/p>\n","protected":false},"author":1,"featured_media":0,"parent":7785,"menu_order":0,"comment_status":"closed","ping_status":"closed","template":"","meta":{"footnotes":""},"yoast_head":"<!-- This site is optimized with the Yoast SEO plugin v22.2 - https:\/\/yoast.com\/wordpress\/plugins\/seo\/ -->\n<title>Internal Electric Vibrator - \u00dcsfen Makina<\/title>\n<meta name=\"description\" content=\"Harici konvert\u00f6rl\u00fc beton vibrat\u00f6r\u00fc, y\u00fcksek etki \u00e7aplar\u0131na sahip olmalar\u0131 i\u00e7in \u00f6zel motorlarla donat\u0131lm\u0131\u015ft\u0131r. Hortumlar \u00e7ift kat korumal\u0131d\u0131r ve uzun \u00f6m\u00fcrl\u00fcd\u00fcr. G\u00fcvenlik i\u00e7in Termik A\u00e7ma Kapama \u015falteri kullan\u0131lmaktad\u0131r.\" \/>\n<meta name=\"robots\" content=\"index, follow, max-snippet:-1, max-image-preview:large, max-video-preview:-1\" \/>\n<link rel=\"canonical\" href=\"https:\/\/www.usfen.com.tr\/en\/sectoral-products\/concrete-vibration-solutions\/concrete-vibrators\/internal-electric-vibrator\/\" \/>\n<meta property=\"og:locale\" content=\"en_US\" \/>\n<meta property=\"og:type\" content=\"article\" \/>\n<meta property=\"og:title\" content=\"Internal Electric Vibrator - \u00dcsfen Makina\" \/>\n<meta property=\"og:description\" content=\"Harici konvert\u00f6rl\u00fc beton vibrat\u00f6r\u00fc, y\u00fcksek etki \u00e7aplar\u0131na sahip olmalar\u0131 i\u00e7in \u00f6zel motorlarla donat\u0131lm\u0131\u015ft\u0131r. Hortumlar \u00e7ift kat korumal\u0131d\u0131r ve uzun \u00f6m\u00fcrl\u00fcd\u00fcr. G\u00fcvenlik i\u00e7in Termik A\u00e7ma Kapama \u015falteri kullan\u0131lmaktad\u0131r.\" \/>\n<meta property=\"og:url\" content=\"https:\/\/www.usfen.com.tr\/en\/sectoral-products\/concrete-vibration-solutions\/concrete-vibrators\/internal-electric-vibrator\/\" \/>\n<meta property=\"og:site_name\" content=\"\u00dcsfen Makina\" \/>\n<meta property=\"article:publisher\" content=\"https:\/\/www.facebook.com\/%c3%9csfen-Makina-280420642481393\/\" \/>\n<meta property=\"article:modified_time\" content=\"2022-03-01T07:34:13+00:00\" \/>\n<meta name=\"twitter:card\" content=\"summary_large_image\" \/>\n<meta name=\"twitter:site\" content=\"@usfenmakina\" \/>\n<meta name=\"twitter:label1\" content=\"Est. reading time\" \/>\n\t<meta name=\"twitter:data1\" content=\"1 minute\" \/>\n<script type=\"application\/ld+json\" class=\"yoast-schema-graph\">{\"@context\":\"https:\/\/schema.org\",\"@graph\":[{\"@type\":\"WebPage\",\"@id\":\"https:\/\/www.usfen.com.tr\/en\/sectoral-products\/concrete-vibration-solutions\/concrete-vibrators\/internal-electric-vibrator\/\",\"url\":\"https:\/\/www.usfen.com.tr\/en\/sectoral-products\/concrete-vibration-solutions\/concrete-vibrators\/internal-electric-vibrator\/\",\"name\":\"Internal Electric Vibrator - \u00dcsfen Makina\",\"isPartOf\":{\"@id\":\"https:\/\/www.usfen.com.tr\/#website\"},\"datePublished\":\"2017-12-28T10:55:45+00:00\",\"dateModified\":\"2022-03-01T07:34:13+00:00\",\"description\":\"Harici konvert\u00f6rl\u00fc beton vibrat\u00f6r\u00fc, y\u00fcksek etki \u00e7aplar\u0131na sahip olmalar\u0131 i\u00e7in \u00f6zel motorlarla donat\u0131lm\u0131\u015ft\u0131r. Hortumlar \u00e7ift kat korumal\u0131d\u0131r ve uzun \u00f6m\u00fcrl\u00fcd\u00fcr. G\u00fcvenlik i\u00e7in Termik A\u00e7ma Kapama \u015falteri kullan\u0131lmaktad\u0131r.\",\"breadcrumb\":{\"@id\":\"https:\/\/www.usfen.com.tr\/en\/sectoral-products\/concrete-vibration-solutions\/concrete-vibrators\/internal-electric-vibrator\/#breadcrumb\"},\"inLanguage\":\"en-US\",\"potentialAction\":[{\"@type\":\"ReadAction\",\"target\":[\"https:\/\/www.usfen.com.tr\/en\/sectoral-products\/concrete-vibration-solutions\/concrete-vibrators\/internal-electric-vibrator\/\"]}]},{\"@type\":\"BreadcrumbList\",\"@id\":\"https:\/\/www.usfen.com.tr\/en\/sectoral-products\/concrete-vibration-solutions\/concrete-vibrators\/internal-electric-vibrator\/#breadcrumb\",\"itemListElement\":[{\"@type\":\"ListItem\",\"position\":1,\"name\":\"Ana sayfa\",\"item\":\"https:\/\/www.usfen.com.tr\/en\/\"},{\"@type\":\"ListItem\",\"position\":2,\"name\":\"Products\",\"item\":\"https:\/\/www.usfen.com.tr\/en\/sectoral-products\/\"},{\"@type\":\"ListItem\",\"position\":3,\"name\":\"Concrete Vibration Solutions\",\"item\":\"https:\/\/www.usfen.com.tr\/en\/sectoral-products\/concrete-vibration-solutions\/\"},{\"@type\":\"ListItem\",\"position\":4,\"name\":\"Concrete Vibrators\",\"item\":\"https:\/\/www.usfen.com.tr\/en\/sectoral-products\/concrete-vibration-solutions\/concrete-vibrators\/\"},{\"@type\":\"ListItem\",\"position\":5,\"name\":\"Internal Electric Vibrator\"}]},{\"@type\":\"WebSite\",\"@id\":\"https:\/\/www.usfen.com.tr\/#website\",\"url\":\"https:\/\/www.usfen.com.tr\/\",\"name\":\"\u00dcsfen Makina\",\"description\":\"M\u00fchendislik, Teknoloji \u00dcss\u00fc\",\"publisher\":{\"@id\":\"https:\/\/www.usfen.com.tr\/#organization\"},\"potentialAction\":[{\"@type\":\"SearchAction\",\"target\":{\"@type\":\"EntryPoint\",\"urlTemplate\":\"https:\/\/www.usfen.com.tr\/?s={search_term_string}\"},\"query-input\":\"required name=search_term_string\"}],\"inLanguage\":\"en-US\"},{\"@type\":\"Organization\",\"@id\":\"https:\/\/www.usfen.com.tr\/#organization\",\"name\":\"\u00dcsfen Makina\",\"url\":\"https:\/\/www.usfen.com.tr\/\",\"logo\":{\"@type\":\"ImageObject\",\"inLanguage\":\"en-US\",\"@id\":\"https:\/\/www.usfen.com.tr\/#\/schema\/logo\/image\/\",\"url\":\"https:\/\/www.usfen.com.tr\/wp-content\/uploads\/2017\/12\/usfen-logo-bg.png\",\"contentUrl\":\"https:\/\/www.usfen.com.tr\/wp-content\/uploads\/2017\/12\/usfen-logo-bg.png\",\"width\":400,\"height\":151,\"caption\":\"\u00dcsfen Makina\"},\"image\":{\"@id\":\"https:\/\/www.usfen.com.tr\/#\/schema\/logo\/image\/\"},\"sameAs\":[\"https:\/\/www.facebook.com\/\u00dcsfen-Makina-280420642481393\/\",\"https:\/\/twitter.com\/usfenmakina\",\"https:\/\/www.instagram.com\/usfenmakina\/\",\"https:\/\/www.linkedin.com\/company\/18375652\/\"]}]}<\/script>\n<!-- \/ Yoast SEO plugin. -->","yoast_head_json":{"title":"Internal Electric Vibrator - \u00dcsfen Makina","description":"Harici konvert\u00f6rl\u00fc beton vibrat\u00f6r\u00fc, y\u00fcksek etki \u00e7aplar\u0131na sahip olmalar\u0131 i\u00e7in \u00f6zel motorlarla donat\u0131lm\u0131\u015ft\u0131r. Hortumlar \u00e7ift kat korumal\u0131d\u0131r ve uzun \u00f6m\u00fcrl\u00fcd\u00fcr. G\u00fcvenlik i\u00e7in Termik A\u00e7ma Kapama \u015falteri kullan\u0131lmaktad\u0131r.","robots":{"index":"index","follow":"follow","max-snippet":"max-snippet:-1","max-image-preview":"max-image-preview:large","max-video-preview":"max-video-preview:-1"},"canonical":"https:\/\/www.usfen.com.tr\/en\/sectoral-products\/concrete-vibration-solutions\/concrete-vibrators\/internal-electric-vibrator\/","og_locale":"en_US","og_type":"article","og_title":"Internal Electric Vibrator - \u00dcsfen Makina","og_description":"Harici konvert\u00f6rl\u00fc beton vibrat\u00f6r\u00fc, y\u00fcksek etki \u00e7aplar\u0131na sahip olmalar\u0131 i\u00e7in \u00f6zel motorlarla donat\u0131lm\u0131\u015ft\u0131r. Hortumlar \u00e7ift kat korumal\u0131d\u0131r ve uzun \u00f6m\u00fcrl\u00fcd\u00fcr. G\u00fcvenlik i\u00e7in Termik A\u00e7ma Kapama \u015falteri kullan\u0131lmaktad\u0131r.","og_url":"https:\/\/www.usfen.com.tr\/en\/sectoral-products\/concrete-vibration-solutions\/concrete-vibrators\/internal-electric-vibrator\/","og_site_name":"\u00dcsfen Makina","article_publisher":"https:\/\/www.facebook.com\/%c3%9csfen-Makina-280420642481393\/","article_modified_time":"2022-03-01T07:34:13+00:00","twitter_card":"summary_large_image","twitter_site":"@usfenmakina","twitter_misc":{"Est. reading time":"1 minute"},"schema":{"@context":"https:\/\/schema.org","@graph":[{"@type":"WebPage","@id":"https:\/\/www.usfen.com.tr\/en\/sectoral-products\/concrete-vibration-solutions\/concrete-vibrators\/internal-electric-vibrator\/","url":"https:\/\/www.usfen.com.tr\/en\/sectoral-products\/concrete-vibration-solutions\/concrete-vibrators\/internal-electric-vibrator\/","name":"Internal Electric Vibrator - \u00dcsfen Makina","isPartOf":{"@id":"https:\/\/www.usfen.com.tr\/#website"},"datePublished":"2017-12-28T10:55:45+00:00","dateModified":"2022-03-01T07:34:13+00:00","description":"Harici konvert\u00f6rl\u00fc beton vibrat\u00f6r\u00fc, y\u00fcksek etki \u00e7aplar\u0131na sahip olmalar\u0131 i\u00e7in \u00f6zel motorlarla donat\u0131lm\u0131\u015ft\u0131r. Hortumlar \u00e7ift kat korumal\u0131d\u0131r ve uzun \u00f6m\u00fcrl\u00fcd\u00fcr. G\u00fcvenlik i\u00e7in Termik A\u00e7ma Kapama \u015falteri kullan\u0131lmaktad\u0131r.","breadcrumb":{"@id":"https:\/\/www.usfen.com.tr\/en\/sectoral-products\/concrete-vibration-solutions\/concrete-vibrators\/internal-electric-vibrator\/#breadcrumb"},"inLanguage":"en-US","potentialAction":[{"@type":"ReadAction","target":["https:\/\/www.usfen.com.tr\/en\/sectoral-products\/concrete-vibration-solutions\/concrete-vibrators\/internal-electric-vibrator\/"]}]},{"@type":"BreadcrumbList","@id":"https:\/\/www.usfen.com.tr\/en\/sectoral-products\/concrete-vibration-solutions\/concrete-vibrators\/internal-electric-vibrator\/#breadcrumb","itemListElement":[{"@type":"ListItem","position":1,"name":"Ana sayfa","item":"https:\/\/www.usfen.com.tr\/en\/"},{"@type":"ListItem","position":2,"name":"Products","item":"https:\/\/www.usfen.com.tr\/en\/sectoral-products\/"},{"@type":"ListItem","position":3,"name":"Concrete Vibration Solutions","item":"https:\/\/www.usfen.com.tr\/en\/sectoral-products\/concrete-vibration-solutions\/"},{"@type":"ListItem","position":4,"name":"Concrete Vibrators","item":"https:\/\/www.usfen.com.tr\/en\/sectoral-products\/concrete-vibration-solutions\/concrete-vibrators\/"},{"@type":"ListItem","position":5,"name":"Internal Electric Vibrator"}]},{"@type":"WebSite","@id":"https:\/\/www.usfen.com.tr\/#website","url":"https:\/\/www.usfen.com.tr\/","name":"\u00dcsfen Makina","description":"M\u00fchendislik, Teknoloji \u00dcss\u00fc","publisher":{"@id":"https:\/\/www.usfen.com.tr\/#organization"},"potentialAction":[{"@type":"SearchAction","target":{"@type":"EntryPoint","urlTemplate":"https:\/\/www.usfen.com.tr\/?s={search_term_string}"},"query-input":"required name=search_term_string"}],"inLanguage":"en-US"},{"@type":"Organization","@id":"https:\/\/www.usfen.com.tr\/#organization","name":"\u00dcsfen Makina","url":"https:\/\/www.usfen.com.tr\/","logo":{"@type":"ImageObject","inLanguage":"en-US","@id":"https:\/\/www.usfen.com.tr\/#\/schema\/logo\/image\/","url":"https:\/\/www.usfen.com.tr\/wp-content\/uploads\/2017\/12\/usfen-logo-bg.png","contentUrl":"https:\/\/www.usfen.com.tr\/wp-content\/uploads\/2017\/12\/usfen-logo-bg.png","width":400,"height":151,"caption":"\u00dcsfen Makina"},"image":{"@id":"https:\/\/www.usfen.com.tr\/#\/schema\/logo\/image\/"},"sameAs":["https:\/\/www.facebook.com\/\u00dcsfen-Makina-280420642481393\/","https:\/\/twitter.com\/usfenmakina","https:\/\/www.instagram.com\/usfenmakina\/","https:\/\/www.linkedin.com\/company\/18375652\/"]}]}},"jetpack_sharing_enabled":true,"_links":{"self":[{"href":"https:\/\/www.usfen.com.tr\/en\/wp-json\/wp\/v2\/pages\/7780"}],"collection":[{"href":"https:\/\/www.usfen.com.tr\/en\/wp-json\/wp\/v2\/pages"}],"about":[{"href":"https:\/\/www.usfen.com.tr\/en\/wp-json\/wp\/v2\/types\/page"}],"author":[{"embeddable":true,"href":"https:\/\/www.usfen.com.tr\/en\/wp-json\/wp\/v2\/users\/1"}],"replies":[{"embeddable":true,"href":"https:\/\/www.usfen.com.tr\/en\/wp-json\/wp\/v2\/comments?post=7780"}],"version-history":[{"count":2,"href":"https:\/\/www.usfen.com.tr\/en\/wp-json\/wp\/v2\/pages\/7780\/revisions"}],"predecessor-version":[{"id":8243,"href":"https:\/\/www.usfen.com.tr\/en\/wp-json\/wp\/v2\/pages\/7780\/revisions\/8243"}],"up":[{"embeddable":true,"href":"https:\/\/www.usfen.com.tr\/en\/wp-json\/wp\/v2\/pages\/7785"}],"wp:attachment":[{"href":"https:\/\/www.usfen.com.tr\/en\/wp-json\/wp\/v2\/media?parent=7780"}],"curies":[{"name":"wp","href":"https:\/\/api.w.org\/{rel}","templated":true}]}}