{"id":7782,"date":"2017-12-21T15:38:38","date_gmt":"2017-12-21T12:38:38","guid":{"rendered":"http:\/\/www.usfen.com.tr\/hidrolik-tork-anahtarlari\/"},"modified":"2022-03-18T22:41:32","modified_gmt":"2022-03-18T19:41:32","slug":"hydraulic-high-torque-wrench","status":"publish","type":"page","link":"https:\/\/www.usfen.com.tr\/en\/sectoral-products\/torque-machine-solutions\/hydraulic-high-torque-wrench\/","title":{"rendered":"Hydraulic High Torque Wrench"},"content":{"rendered":"<p>[vc_row][vc_column][vc_column_text]Hydraulic Torque Wrenches have two different model options. Square head torque wrench is preferred where the nut head is accessible. In cases where the head of the nut is in tight spaces and inaccessible, the cassette type hydraulic torque wrench is selected by considering the necessary dimensions in accordance with the bolt quality.[\/vc_column_text][\/vc_column][\/vc_row][vc_row][vc_column width=&#8221;1\/2&#8243;]<style scoped='scoped'>.mgt-promo-block-423153322164.mgt-promo-block.darken .mgt-promo-block-content {background-color: rgba(10,10,10,0.3)!important;}.mgt-promo-block-423153322164.mgt-promo-block.animated:hover .mgt-promo-block-content {background-color: rgba(0,0,0,0.5)!important;}<\/style><a class=\"mgt-promo-block-link\" href=\"https:\/\/www.usfen.com.tr\/en\/products\/torque-solutions\/hydraulic-high-torque-wrench\/hydraulic-torque-wrench\/\"><div class=\"mgt-promo-block animated white-text cover-image text-size-normal darken mgt-promo-block-423153322164 wpb_content_element wpb_animate_when_almost_visible wpb_top-to-bottom\" data-style=\"background-image: url(https:\/\/www.usfen.com.tr\/wp-content\/uploads\/2018\/01\/usfen-hidrolik-tork-anahtari-kare-tipi-1.jpg);background-repeat: no-repeat;width: 100%; height: 270px;\"><div class=\"mgt-promo-block-content va-bottom\"><div class=\"mgt-promo-block-content-inside vc_custom_1647633349945\"><i class=\"fa fa-2 fa-angle-double-down\"><!-- Icon --><\/i>\n<h3 style=\"text-align: left\">HYRDAULIC<br \/>\nTORQUE WRENCH<\/h3>\n<div class=\"mgt-button-wrapper mgt-button-wrapper-align-left mgt-button-wrapper-display-newline mgt-button-top-margin-disable\"><a class=\"btn hvr-icon-wobble-horizontal mgt-button mgt-style-textwhite mgt-size-normal mgt-align-left mgt-display-newline mgt-text-size-small mgt-button-icon-position-right mgt-text-transform-uppercase \" href=\"https:\/\/www.usfen.com.tr\/en\/products\/torque-solutions\/hydraulic-high-torque-wrench\/hydraulic-torque-wrench\/\">view<i class=\"fa fa-arrow-right\"><\/i><\/a><\/div><\/div><\/div><\/div><\/a>[\/vc_column][vc_column width=&#8221;1\/2&#8243;]<style scoped='scoped'>.mgt-promo-block-23311638664.mgt-promo-block.darken .mgt-promo-block-content {background-color: rgba(10,10,10,0.38)!important;}.mgt-promo-block-23311638664.mgt-promo-block.animated:hover .mgt-promo-block-content {background-color: rgba(0,0,0,0.5)!important;}<\/style><a class=\"mgt-promo-block-link\" href=\"https:\/\/www.usfen.com.tr\/en\/products\/torque-solutions\/hydraulic-high-torque-wrench\/cassette-wrench\/\"><div class=\"mgt-promo-block animated white-text cover-image text-size-normal darken mgt-promo-block-23311638664 wpb_content_element wpb_animate_when_almost_visible wpb_top-to-bottom\" data-style=\"background-image: url(https:\/\/www.usfen.com.tr\/wp-content\/uploads\/2018\/01\/usfen-hidrolik-tork-anahtari-kaset-tipi-1.jpg);background-repeat: no-repeat;width: 100%; height: 270px;\"><div class=\"mgt-promo-block-content va-bottom\"><div class=\"mgt-promo-block-content-inside vc_custom_1647633358692\"><i class=\"fa fa-2 fa-angle-double-down\"><!-- Icon --><\/i>\n<h3>CASSETTE<br \/>\nWRENCH<\/h3>\n<div class=\"mgt-button-wrapper mgt-button-wrapper-align-left mgt-button-wrapper-display-newline mgt-button-top-margin-disable\"><a class=\"btn hvr-icon-wobble-horizontal mgt-button mgt-style-textwhite mgt-size-normal mgt-align-left mgt-display-newline mgt-text-size-small mgt-button-icon-position-right mgt-text-transform-uppercase \" href=\"https:\/\/www.usfen.com.tr\/en\/products\/torque-solutions\/hydraulic-high-torque-wrench\/cassette-wrench\/\">view<i class=\"fa fa-arrow-right\"><\/i><\/a><\/div><\/div><\/div><\/div><\/a>[\/vc_column][\/vc_row]<\/p>\n","protected":false},"excerpt":{"rendered":"<p>[vc_row][vc_column][vc_column_text]Hydraulic Torque Wrenches have two different model options. Square head torque wrench is preferred where the nut head is accessible. In cases where the head of the nut is in&#8230;<\/p>\n","protected":false},"author":1,"featured_media":0,"parent":7786,"menu_order":0,"comment_status":"closed","ping_status":"closed","template":"","meta":{"footnotes":""},"yoast_head":"<!-- This site is optimized with the Yoast SEO plugin v22.2 - https:\/\/yoast.com\/wordpress\/plugins\/seo\/ -->\n<title>Hydraulic High Torque Wrench - \u00dcsfen Makina<\/title>\n<meta name=\"description\" content=\"\u00dcsfen Makina hidrolik tork anahtarlar\u0131.\" \/>\n<meta name=\"robots\" content=\"index, follow, max-snippet:-1, max-image-preview:large, max-video-preview:-1\" \/>\n<link rel=\"canonical\" href=\"https:\/\/www.usfen.com.tr\/en\/sectoral-products\/torque-machine-solutions\/hydraulic-high-torque-wrench\/\" \/>\n<meta property=\"og:locale\" content=\"en_US\" \/>\n<meta property=\"og:type\" content=\"article\" \/>\n<meta property=\"og:title\" content=\"Hydraulic High Torque Wrench - \u00dcsfen Makina\" \/>\n<meta property=\"og:description\" content=\"\u00dcsfen Makina hidrolik tork anahtarlar\u0131.\" \/>\n<meta property=\"og:url\" content=\"https:\/\/www.usfen.com.tr\/en\/sectoral-products\/torque-machine-solutions\/hydraulic-high-torque-wrench\/\" \/>\n<meta property=\"og:site_name\" content=\"\u00dcsfen Makina\" \/>\n<meta property=\"article:publisher\" content=\"https:\/\/www.facebook.com\/%c3%9csfen-Makina-280420642481393\/\" \/>\n<meta property=\"article:modified_time\" content=\"2022-03-18T19:41:32+00:00\" \/>\n<meta name=\"twitter:card\" content=\"summary_large_image\" \/>\n<meta name=\"twitter:site\" content=\"@usfenmakina\" \/>\n<meta name=\"twitter:label1\" content=\"Est. reading time\" \/>\n\t<meta name=\"twitter:data1\" content=\"1 minute\" \/>\n<script type=\"application\/ld+json\" class=\"yoast-schema-graph\">{\"@context\":\"https:\/\/schema.org\",\"@graph\":[{\"@type\":\"WebPage\",\"@id\":\"https:\/\/www.usfen.com.tr\/en\/sectoral-products\/torque-machine-solutions\/hydraulic-high-torque-wrench\/\",\"url\":\"https:\/\/www.usfen.com.tr\/en\/sectoral-products\/torque-machine-solutions\/hydraulic-high-torque-wrench\/\",\"name\":\"Hydraulic High Torque Wrench - \u00dcsfen Makina\",\"isPartOf\":{\"@id\":\"https:\/\/www.usfen.com.tr\/#website\"},\"datePublished\":\"2017-12-21T12:38:38+00:00\",\"dateModified\":\"2022-03-18T19:41:32+00:00\",\"description\":\"\u00dcsfen Makina hidrolik tork anahtarlar\u0131.\",\"breadcrumb\":{\"@id\":\"https:\/\/www.usfen.com.tr\/en\/sectoral-products\/torque-machine-solutions\/hydraulic-high-torque-wrench\/#breadcrumb\"},\"inLanguage\":\"en-US\",\"potentialAction\":[{\"@type\":\"ReadAction\",\"target\":[\"https:\/\/www.usfen.com.tr\/en\/sectoral-products\/torque-machine-solutions\/hydraulic-high-torque-wrench\/\"]}]},{\"@type\":\"BreadcrumbList\",\"@id\":\"https:\/\/www.usfen.com.tr\/en\/sectoral-products\/torque-machine-solutions\/hydraulic-high-torque-wrench\/#breadcrumb\",\"itemListElement\":[{\"@type\":\"ListItem\",\"position\":1,\"name\":\"Ana sayfa\",\"item\":\"https:\/\/www.usfen.com.tr\/en\/\"},{\"@type\":\"ListItem\",\"position\":2,\"name\":\"Products\",\"item\":\"https:\/\/www.usfen.com.tr\/en\/sectoral-products\/\"},{\"@type\":\"ListItem\",\"position\":3,\"name\":\"Torque Machine Solutions\",\"item\":\"https:\/\/www.usfen.com.tr\/en\/sectoral-products\/torque-machine-solutions\/\"},{\"@type\":\"ListItem\",\"position\":4,\"name\":\"Hydraulic High Torque Wrench\"}]},{\"@type\":\"WebSite\",\"@id\":\"https:\/\/www.usfen.com.tr\/#website\",\"url\":\"https:\/\/www.usfen.com.tr\/\",\"name\":\"\u00dcsfen Makina\",\"description\":\"M\u00fchendislik, Teknoloji \u00dcss\u00fc\",\"publisher\":{\"@id\":\"https:\/\/www.usfen.com.tr\/#organization\"},\"potentialAction\":[{\"@type\":\"SearchAction\",\"target\":{\"@type\":\"EntryPoint\",\"urlTemplate\":\"https:\/\/www.usfen.com.tr\/?s={search_term_string}\"},\"query-input\":\"required name=search_term_string\"}],\"inLanguage\":\"en-US\"},{\"@type\":\"Organization\",\"@id\":\"https:\/\/www.usfen.com.tr\/#organization\",\"name\":\"\u00dcsfen Makina\",\"url\":\"https:\/\/www.usfen.com.tr\/\",\"logo\":{\"@type\":\"ImageObject\",\"inLanguage\":\"en-US\",\"@id\":\"https:\/\/www.usfen.com.tr\/#\/schema\/logo\/image\/\",\"url\":\"https:\/\/www.usfen.com.tr\/wp-content\/uploads\/2017\/12\/usfen-logo-bg.png\",\"contentUrl\":\"https:\/\/www.usfen.com.tr\/wp-content\/uploads\/2017\/12\/usfen-logo-bg.png\",\"width\":400,\"height\":151,\"caption\":\"\u00dcsfen Makina\"},\"image\":{\"@id\":\"https:\/\/www.usfen.com.tr\/#\/schema\/logo\/image\/\"},\"sameAs\":[\"https:\/\/www.facebook.com\/\u00dcsfen-Makina-280420642481393\/\",\"https:\/\/twitter.com\/usfenmakina\",\"https:\/\/www.instagram.com\/usfenmakina\/\",\"https:\/\/www.linkedin.com\/company\/18375652\/\"]}]}<\/script>\n<!-- \/ Yoast SEO plugin. -->","yoast_head_json":{"title":"Hydraulic High Torque Wrench - \u00dcsfen Makina","description":"\u00dcsfen Makina hidrolik tork anahtarlar\u0131.","robots":{"index":"index","follow":"follow","max-snippet":"max-snippet:-1","max-image-preview":"max-image-preview:large","max-video-preview":"max-video-preview:-1"},"canonical":"https:\/\/www.usfen.com.tr\/en\/sectoral-products\/torque-machine-solutions\/hydraulic-high-torque-wrench\/","og_locale":"en_US","og_type":"article","og_title":"Hydraulic High Torque Wrench - \u00dcsfen Makina","og_description":"\u00dcsfen Makina hidrolik tork anahtarlar\u0131.","og_url":"https:\/\/www.usfen.com.tr\/en\/sectoral-products\/torque-machine-solutions\/hydraulic-high-torque-wrench\/","og_site_name":"\u00dcsfen Makina","article_publisher":"https:\/\/www.facebook.com\/%c3%9csfen-Makina-280420642481393\/","article_modified_time":"2022-03-18T19:41:32+00:00","twitter_card":"summary_large_image","twitter_site":"@usfenmakina","twitter_misc":{"Est. reading time":"1 minute"},"schema":{"@context":"https:\/\/schema.org","@graph":[{"@type":"WebPage","@id":"https:\/\/www.usfen.com.tr\/en\/sectoral-products\/torque-machine-solutions\/hydraulic-high-torque-wrench\/","url":"https:\/\/www.usfen.com.tr\/en\/sectoral-products\/torque-machine-solutions\/hydraulic-high-torque-wrench\/","name":"Hydraulic High Torque Wrench - \u00dcsfen Makina","isPartOf":{"@id":"https:\/\/www.usfen.com.tr\/#website"},"datePublished":"2017-12-21T12:38:38+00:00","dateModified":"2022-03-18T19:41:32+00:00","description":"\u00dcsfen Makina hidrolik tork anahtarlar\u0131.","breadcrumb":{"@id":"https:\/\/www.usfen.com.tr\/en\/sectoral-products\/torque-machine-solutions\/hydraulic-high-torque-wrench\/#breadcrumb"},"inLanguage":"en-US","potentialAction":[{"@type":"ReadAction","target":["https:\/\/www.usfen.com.tr\/en\/sectoral-products\/torque-machine-solutions\/hydraulic-high-torque-wrench\/"]}]},{"@type":"BreadcrumbList","@id":"https:\/\/www.usfen.com.tr\/en\/sectoral-products\/torque-machine-solutions\/hydraulic-high-torque-wrench\/#breadcrumb","itemListElement":[{"@type":"ListItem","position":1,"name":"Ana sayfa","item":"https:\/\/www.usfen.com.tr\/en\/"},{"@type":"ListItem","position":2,"name":"Products","item":"https:\/\/www.usfen.com.tr\/en\/sectoral-products\/"},{"@type":"ListItem","position":3,"name":"Torque Machine Solutions","item":"https:\/\/www.usfen.com.tr\/en\/sectoral-products\/torque-machine-solutions\/"},{"@type":"ListItem","position":4,"name":"Hydraulic High Torque Wrench"}]},{"@type":"WebSite","@id":"https:\/\/www.usfen.com.tr\/#website","url":"https:\/\/www.usfen.com.tr\/","name":"\u00dcsfen Makina","description":"M\u00fchendislik, Teknoloji \u00dcss\u00fc","publisher":{"@id":"https:\/\/www.usfen.com.tr\/#organization"},"potentialAction":[{"@type":"SearchAction","target":{"@type":"EntryPoint","urlTemplate":"https:\/\/www.usfen.com.tr\/?s={search_term_string}"},"query-input":"required name=search_term_string"}],"inLanguage":"en-US"},{"@type":"Organization","@id":"https:\/\/www.usfen.com.tr\/#organization","name":"\u00dcsfen Makina","url":"https:\/\/www.usfen.com.tr\/","logo":{"@type":"ImageObject","inLanguage":"en-US","@id":"https:\/\/www.usfen.com.tr\/#\/schema\/logo\/image\/","url":"https:\/\/www.usfen.com.tr\/wp-content\/uploads\/2017\/12\/usfen-logo-bg.png","contentUrl":"https:\/\/www.usfen.com.tr\/wp-content\/uploads\/2017\/12\/usfen-logo-bg.png","width":400,"height":151,"caption":"\u00dcsfen Makina"},"image":{"@id":"https:\/\/www.usfen.com.tr\/#\/schema\/logo\/image\/"},"sameAs":["https:\/\/www.facebook.com\/\u00dcsfen-Makina-280420642481393\/","https:\/\/twitter.com\/usfenmakina","https:\/\/www.instagram.com\/usfenmakina\/","https:\/\/www.linkedin.com\/company\/18375652\/"]}]}},"jetpack_sharing_enabled":true,"_links":{"self":[{"href":"https:\/\/www.usfen.com.tr\/en\/wp-json\/wp\/v2\/pages\/7782"}],"collection":[{"href":"https:\/\/www.usfen.com.tr\/en\/wp-json\/wp\/v2\/pages"}],"about":[{"href":"https:\/\/www.usfen.com.tr\/en\/wp-json\/wp\/v2\/types\/page"}],"author":[{"embeddable":true,"href":"https:\/\/www.usfen.com.tr\/en\/wp-json\/wp\/v2\/users\/1"}],"replies":[{"embeddable":true,"href":"https:\/\/www.usfen.com.tr\/en\/wp-json\/wp\/v2\/comments?post=7782"}],"version-history":[{"count":11,"href":"https:\/\/www.usfen.com.tr\/en\/wp-json\/wp\/v2\/pages\/7782\/revisions"}],"predecessor-version":[{"id":8392,"href":"https:\/\/www.usfen.com.tr\/en\/wp-json\/wp\/v2\/pages\/7782\/revisions\/8392"}],"up":[{"embeddable":true,"href":"https:\/\/www.usfen.com.tr\/en\/wp-json\/wp\/v2\/pages\/7786"}],"wp:attachment":[{"href":"https:\/\/www.usfen.com.tr\/en\/wp-json\/wp\/v2\/media?parent=7782"}],"curies":[{"name":"wp","href":"https:\/\/api.w.org\/{rel}","templated":true}]}}