{"id":8848,"date":"2023-02-02T22:30:27","date_gmt":"2023-02-02T19:30:27","guid":{"rendered":"https:\/\/www.usfen.com.tr\/floor-milling-machine-bfm320e\/"},"modified":"2023-02-02T22:30:28","modified_gmt":"2023-02-02T19:30:28","slug":"floor-milling-machine-bfm320e","status":"publish","type":"page","link":"https:\/\/www.usfen.com.tr\/en\/sectoral-products\/floor-milling-machines\/floor-milling-machine-bfm320e\/","title":{"rendered":"Floor Milling Machine BFM320E"},"content":{"rendered":"<p>[vc_row][vc_column][vc_tta_tabs spacing=&#8221;2&#8243; alignment=&#8221;center&#8221; active_section=&#8221;1&#8243;][vc_tta_section title=&#8221;Floor Milling Machine BFM320E&#8221; tab_id=&#8221;1514199267873-513b7fb0-0274e7cc-9afb13e7-12dbc8b3-6f55af15-c914&#8243;][vc_row_inner][vc_column_inner]<div class=\"mgt-header-block clearfix text-left text-black wpb_content_element  mgt-header-block-style-1 mgt-header-texttransform-header  vc_custom_1675365416615\"><h2 class=\"mgt-header-block-title\">Floor Milling Machine BFM320E<\/h2><p class=\"mgt-header-block-subtitle\">Product Properties<\/p><div class=\"mgt-header-line\"><\/div><\/div>[\/vc_column_inner][\/vc_row_inner][vc_row_inner][vc_column_inner width=&#8221;1\/2&#8243;][vc_gallery type=&#8221;flexslider_slide&#8221; interval=&#8221;0&#8243; images=&#8221;8845,8843&#8243; img_size=&#8221;large&#8221;][\/vc_column_inner][vc_column_inner width=&#8221;1\/2&#8243;][vc_column_text]Floor Milling Machine BFM320E<\/p>\n<p>The BFM 320 E floor milling machine is specially designed to handle large areas and tough tasks with power and precision. With an 11 kW 400 V motor, it can reach a milling depth of 8 mm on concrete C20\/25 in one operation and has a working width of 320 mm. The machine has a hydrostatic drive that allows for both forward and reverse travel, and a connection for a vacuum cleaner for efficient operation.<\/p>\n<p>This floor milling machine is optimized for removing large flooring areas and is equipped with a fine feed depth adjustment and quick lowering feature. The center of gravity is positioned directly above the rotor, ensuring maximum contact pressure between the milling unit and the floor surface. With long-lasting LISSMAC milling tools, the BFM 320 E offers excellent performance in removing floor coatings and thermoplastic-based coverings. It also excels in removing concrete and screed floors and preparing robust mountings for surface-hardened lamellar rods.<\/p>\n<p>LISSMAC created the BFM 320 E to handle large tasks quickly and efficiently. Its powerful and durable design is sure to impress.[\/vc_column_text][\/vc_column_inner][\/vc_row_inner][vc_toggle title=&#8221;Technical Properties&#8221; open=&#8221;true&#8221;]BFM 320 E<br \/>\nMilling depth max. 8 mm<br \/>\nWorking width 320 mm<br \/>\nMax. output power 11 kW; 400 V; 50 Hz<br \/>\nSpeed 2835 1\/min.<br \/>\nDimensions (L\/W\/H) 1400\/580\/1000 mm<br \/>\nWeight 320 kg[\/vc_toggle][vc_toggle title=&#8221;What can be done with the Floor Milling Machine?&#8221; el_id=&#8221;1514219102466-71ea4d31-99ce&#8221;]Floor scarifer of Lissmac can do: Floor depth adjustment for precise work. Surface renovation of washed out concrete. Effective removal of adhesive on surfaces. Removal of uneven floors. Removal of markings on the floor and surfaces. Fine milling depth adjustment. Quick lowering the surface. Hardened mountings for lamellar rods in scarifying drums. Removal of road markings, including hard plastic.<br \/>\n[\/vc_toggle][\/vc_tta_section][\/vc_tta_tabs][\/vc_column][\/vc_row]<\/p>\n","protected":false},"excerpt":{"rendered":"<p>[vc_row][vc_column][vc_tta_tabs spacing=&#8221;2&#8243; alignment=&#8221;center&#8221; active_section=&#8221;1&#8243;][vc_tta_section title=&#8221;Floor Milling Machine BFM320E&#8221; tab_id=&#8221;1514199267873-513b7fb0-0274e7cc-9afb13e7-12dbc8b3-6f55af15-c914&#8243;][vc_row_inner][vc_column_inner][\/vc_column_inner][\/vc_row_inner][vc_row_inner][vc_column_inner width=&#8221;1\/2&#8243;][vc_gallery type=&#8221;flexslider_slide&#8221; interval=&#8221;0&#8243; images=&#8221;8845,8843&#8243; img_size=&#8221;large&#8221;][\/vc_column_inner][vc_column_inner width=&#8221;1\/2&#8243;][vc_column_text]Floor Milling Machine BFM320E The BFM 320 E floor milling machine is specially designed to handle&#8230;<\/p>\n","protected":false},"author":1,"featured_media":0,"parent":8853,"menu_order":0,"comment_status":"closed","ping_status":"closed","template":"","meta":{"footnotes":""},"yoast_head":"<!-- This site is optimized with the Yoast SEO plugin v22.2 - https:\/\/yoast.com\/wordpress\/plugins\/seo\/ -->\n<title>Floor Milling Machine BFM320E - \u00dcsfen Makina<\/title>\n<meta name=\"robots\" content=\"index, follow, max-snippet:-1, max-image-preview:large, max-video-preview:-1\" \/>\n<link rel=\"canonical\" href=\"https:\/\/www.usfen.com.tr\/en\/floor-milling-machine-bfm320e\/\" \/>\n<meta property=\"og:locale\" content=\"en_US\" \/>\n<meta property=\"og:type\" content=\"article\" \/>\n<meta property=\"og:title\" content=\"Floor Milling Machine BFM320E - \u00dcsfen Makina\" \/>\n<meta property=\"og:description\" content=\"[vc_row][vc_column][vc_tta_tabs spacing=&#8221;2&#8243; alignment=&#8221;center&#8221; active_section=&#8221;1&#8243;][vc_tta_section title=&#8221;Floor Milling Machine BFM320E&#8221; tab_id=&#8221;1514199267873-513b7fb0-0274e7cc-9afb13e7-12dbc8b3-6f55af15-c914&#8243;][vc_row_inner][vc_column_inner][\/vc_column_inner][\/vc_row_inner][vc_row_inner][vc_column_inner width=&#8221;1\/2&#8243;][vc_gallery type=&#8221;flexslider_slide&#8221; interval=&#8221;0&#8243; images=&#8221;8845,8843&#8243; img_size=&#8221;large&#8221;][\/vc_column_inner][vc_column_inner width=&#8221;1\/2&#8243;][vc_column_text]Floor Milling Machine BFM320E The BFM 320 E floor milling machine is specially designed to handle...\" \/>\n<meta property=\"og:url\" content=\"https:\/\/www.usfen.com.tr\/en\/floor-milling-machine-bfm320e\/\" \/>\n<meta property=\"og:site_name\" content=\"\u00dcsfen Makina\" \/>\n<meta property=\"article:publisher\" content=\"https:\/\/www.facebook.com\/%c3%9csfen-Makina-280420642481393\/\" \/>\n<meta property=\"article:modified_time\" content=\"2023-02-02T19:30:28+00:00\" \/>\n<meta name=\"twitter:card\" content=\"summary_large_image\" \/>\n<meta name=\"twitter:site\" content=\"@usfenmakina\" \/>\n<meta name=\"twitter:label1\" content=\"Est. reading time\" \/>\n\t<meta name=\"twitter:data1\" content=\"2 minutes\" \/>\n<script type=\"application\/ld+json\" class=\"yoast-schema-graph\">{\"@context\":\"https:\/\/schema.org\",\"@graph\":[{\"@type\":\"WebPage\",\"@id\":\"https:\/\/www.usfen.com.tr\/en\/floor-milling-machine-bfm320e\/\",\"url\":\"https:\/\/www.usfen.com.tr\/en\/floor-milling-machine-bfm320e\/\",\"name\":\"Floor Milling Machine BFM320E - \u00dcsfen Makina\",\"isPartOf\":{\"@id\":\"https:\/\/www.usfen.com.tr\/#website\"},\"datePublished\":\"2023-02-02T19:30:27+00:00\",\"dateModified\":\"2023-02-02T19:30:28+00:00\",\"breadcrumb\":{\"@id\":\"https:\/\/www.usfen.com.tr\/en\/floor-milling-machine-bfm320e\/#breadcrumb\"},\"inLanguage\":\"en-US\",\"potentialAction\":[{\"@type\":\"ReadAction\",\"target\":[\"https:\/\/www.usfen.com.tr\/en\/floor-milling-machine-bfm320e\/\"]}]},{\"@type\":\"BreadcrumbList\",\"@id\":\"https:\/\/www.usfen.com.tr\/en\/floor-milling-machine-bfm320e\/#breadcrumb\",\"itemListElement\":[{\"@type\":\"ListItem\",\"position\":1,\"name\":\"Ana sayfa\",\"item\":\"https:\/\/www.usfen.com.tr\/en\/\"},{\"@type\":\"ListItem\",\"position\":2,\"name\":\"Floor Milling Machine BFM320E\"}]},{\"@type\":\"WebSite\",\"@id\":\"https:\/\/www.usfen.com.tr\/#website\",\"url\":\"https:\/\/www.usfen.com.tr\/\",\"name\":\"\u00dcsfen Makina\",\"description\":\"M\u00fchendislik, Teknoloji \u00dcss\u00fc\",\"publisher\":{\"@id\":\"https:\/\/www.usfen.com.tr\/#organization\"},\"potentialAction\":[{\"@type\":\"SearchAction\",\"target\":{\"@type\":\"EntryPoint\",\"urlTemplate\":\"https:\/\/www.usfen.com.tr\/?s={search_term_string}\"},\"query-input\":\"required name=search_term_string\"}],\"inLanguage\":\"en-US\"},{\"@type\":\"Organization\",\"@id\":\"https:\/\/www.usfen.com.tr\/#organization\",\"name\":\"\u00dcsfen Makina\",\"url\":\"https:\/\/www.usfen.com.tr\/\",\"logo\":{\"@type\":\"ImageObject\",\"inLanguage\":\"en-US\",\"@id\":\"https:\/\/www.usfen.com.tr\/#\/schema\/logo\/image\/\",\"url\":\"https:\/\/www.usfen.com.tr\/wp-content\/uploads\/2017\/12\/usfen-logo-bg.png\",\"contentUrl\":\"https:\/\/www.usfen.com.tr\/wp-content\/uploads\/2017\/12\/usfen-logo-bg.png\",\"width\":400,\"height\":151,\"caption\":\"\u00dcsfen Makina\"},\"image\":{\"@id\":\"https:\/\/www.usfen.com.tr\/#\/schema\/logo\/image\/\"},\"sameAs\":[\"https:\/\/www.facebook.com\/\u00dcsfen-Makina-280420642481393\/\",\"https:\/\/twitter.com\/usfenmakina\",\"https:\/\/www.instagram.com\/usfenmakina\/\",\"https:\/\/www.linkedin.com\/company\/18375652\/\"]}]}<\/script>\n<!-- \/ Yoast SEO plugin. -->","yoast_head_json":{"title":"Floor Milling Machine BFM320E - \u00dcsfen Makina","robots":{"index":"index","follow":"follow","max-snippet":"max-snippet:-1","max-image-preview":"max-image-preview:large","max-video-preview":"max-video-preview:-1"},"canonical":"https:\/\/www.usfen.com.tr\/en\/floor-milling-machine-bfm320e\/","og_locale":"en_US","og_type":"article","og_title":"Floor Milling Machine BFM320E - \u00dcsfen Makina","og_description":"[vc_row][vc_column][vc_tta_tabs spacing=&#8221;2&#8243; alignment=&#8221;center&#8221; active_section=&#8221;1&#8243;][vc_tta_section title=&#8221;Floor Milling Machine BFM320E&#8221; tab_id=&#8221;1514199267873-513b7fb0-0274e7cc-9afb13e7-12dbc8b3-6f55af15-c914&#8243;][vc_row_inner][vc_column_inner][\/vc_column_inner][\/vc_row_inner][vc_row_inner][vc_column_inner width=&#8221;1\/2&#8243;][vc_gallery type=&#8221;flexslider_slide&#8221; interval=&#8221;0&#8243; images=&#8221;8845,8843&#8243; img_size=&#8221;large&#8221;][\/vc_column_inner][vc_column_inner width=&#8221;1\/2&#8243;][vc_column_text]Floor Milling Machine BFM320E The BFM 320 E floor milling machine is specially designed to handle...","og_url":"https:\/\/www.usfen.com.tr\/en\/floor-milling-machine-bfm320e\/","og_site_name":"\u00dcsfen Makina","article_publisher":"https:\/\/www.facebook.com\/%c3%9csfen-Makina-280420642481393\/","article_modified_time":"2023-02-02T19:30:28+00:00","twitter_card":"summary_large_image","twitter_site":"@usfenmakina","twitter_misc":{"Est. reading time":"2 minutes"},"schema":{"@context":"https:\/\/schema.org","@graph":[{"@type":"WebPage","@id":"https:\/\/www.usfen.com.tr\/en\/floor-milling-machine-bfm320e\/","url":"https:\/\/www.usfen.com.tr\/en\/floor-milling-machine-bfm320e\/","name":"Floor Milling Machine BFM320E - \u00dcsfen Makina","isPartOf":{"@id":"https:\/\/www.usfen.com.tr\/#website"},"datePublished":"2023-02-02T19:30:27+00:00","dateModified":"2023-02-02T19:30:28+00:00","breadcrumb":{"@id":"https:\/\/www.usfen.com.tr\/en\/floor-milling-machine-bfm320e\/#breadcrumb"},"inLanguage":"en-US","potentialAction":[{"@type":"ReadAction","target":["https:\/\/www.usfen.com.tr\/en\/floor-milling-machine-bfm320e\/"]}]},{"@type":"BreadcrumbList","@id":"https:\/\/www.usfen.com.tr\/en\/floor-milling-machine-bfm320e\/#breadcrumb","itemListElement":[{"@type":"ListItem","position":1,"name":"Ana sayfa","item":"https:\/\/www.usfen.com.tr\/en\/"},{"@type":"ListItem","position":2,"name":"Floor Milling Machine BFM320E"}]},{"@type":"WebSite","@id":"https:\/\/www.usfen.com.tr\/#website","url":"https:\/\/www.usfen.com.tr\/","name":"\u00dcsfen Makina","description":"M\u00fchendislik, Teknoloji \u00dcss\u00fc","publisher":{"@id":"https:\/\/www.usfen.com.tr\/#organization"},"potentialAction":[{"@type":"SearchAction","target":{"@type":"EntryPoint","urlTemplate":"https:\/\/www.usfen.com.tr\/?s={search_term_string}"},"query-input":"required name=search_term_string"}],"inLanguage":"en-US"},{"@type":"Organization","@id":"https:\/\/www.usfen.com.tr\/#organization","name":"\u00dcsfen Makina","url":"https:\/\/www.usfen.com.tr\/","logo":{"@type":"ImageObject","inLanguage":"en-US","@id":"https:\/\/www.usfen.com.tr\/#\/schema\/logo\/image\/","url":"https:\/\/www.usfen.com.tr\/wp-content\/uploads\/2017\/12\/usfen-logo-bg.png","contentUrl":"https:\/\/www.usfen.com.tr\/wp-content\/uploads\/2017\/12\/usfen-logo-bg.png","width":400,"height":151,"caption":"\u00dcsfen Makina"},"image":{"@id":"https:\/\/www.usfen.com.tr\/#\/schema\/logo\/image\/"},"sameAs":["https:\/\/www.facebook.com\/\u00dcsfen-Makina-280420642481393\/","https:\/\/twitter.com\/usfenmakina","https:\/\/www.instagram.com\/usfenmakina\/","https:\/\/www.linkedin.com\/company\/18375652\/"]}]}},"jetpack_sharing_enabled":true,"_links":{"self":[{"href":"https:\/\/www.usfen.com.tr\/en\/wp-json\/wp\/v2\/pages\/8848"}],"collection":[{"href":"https:\/\/www.usfen.com.tr\/en\/wp-json\/wp\/v2\/pages"}],"about":[{"href":"https:\/\/www.usfen.com.tr\/en\/wp-json\/wp\/v2\/types\/page"}],"author":[{"embeddable":true,"href":"https:\/\/www.usfen.com.tr\/en\/wp-json\/wp\/v2\/users\/1"}],"replies":[{"embeddable":true,"href":"https:\/\/www.usfen.com.tr\/en\/wp-json\/wp\/v2\/comments?post=8848"}],"version-history":[{"count":2,"href":"https:\/\/www.usfen.com.tr\/en\/wp-json\/wp\/v2\/pages\/8848\/revisions"}],"predecessor-version":[{"id":8850,"href":"https:\/\/www.usfen.com.tr\/en\/wp-json\/wp\/v2\/pages\/8848\/revisions\/8850"}],"up":[{"embeddable":true,"href":"https:\/\/www.usfen.com.tr\/en\/wp-json\/wp\/v2\/pages\/8853"}],"wp:attachment":[{"href":"https:\/\/www.usfen.com.tr\/en\/wp-json\/wp\/v2\/media?parent=8848"}],"curies":[{"name":"wp","href":"https:\/\/api.w.org\/{rel}","templated":true}]}}