{"id":8911,"date":"2023-02-06T16:06:42","date_gmt":"2023-02-06T13:06:42","guid":{"rendered":"https:\/\/www.usfen.com.tr\/concrete-grinding-machine-lissmac-bms340e\/"},"modified":"2023-02-06T16:06:43","modified_gmt":"2023-02-06T13:06:43","slug":"concrete-grinding-machine-lissmac-bms340e","status":"publish","type":"page","link":"https:\/\/www.usfen.com.tr\/en\/sectoral-products\/floor-grinding-machines\/concrete-grinding-machine-lissmac-bms340e\/","title":{"rendered":"Concrete Grinding Machine Lissmac BMS340E"},"content":{"rendered":"<p>[vc_row][vc_column][vc_tta_tabs spacing=&#8221;2&#8243; alignment=&#8221;center&#8221; active_section=&#8221;1&#8243;][vc_tta_section title=&#8221;Concrete Grinding Machine Lissmac BMS340E&#8221; tab_id=&#8221;1514199267873-513b7fb0-0274e7cc-9afb13e7-12dbc8b3-6f55af15-c914&#8243;][vc_row_inner][vc_column_inner]<div class=\"mgt-header-block clearfix text-left text-black wpb_content_element  mgt-header-block-style-1 mgt-header-texttransform-header  vc_custom_1675688152544\"><h2 class=\"mgt-header-block-title\">Concrete Grinding Machine Lissmac BMS340E<\/h2><p class=\"mgt-header-block-subtitle\">Product Properties<\/p><div class=\"mgt-header-line\"><\/div><\/div>[\/vc_column_inner][\/vc_row_inner][vc_row_inner][vc_column_inner width=&#8221;1\/2&#8243;][vc_gallery type=&#8221;flexslider_slide&#8221; interval=&#8221;0&#8243; images=&#8221;8904,8902,8906,8908&#8243; img_size=&#8221;large&#8221;][\/vc_column_inner][vc_column_inner width=&#8221;1\/2&#8243;][vc_column_text]<strong>Concrete grinding machine BSM340E<\/strong>\u00a0is designed to handle demanding tasks with ease. With its powerful engine, durable components, and a wide selection of tools, this machine is capable of completing tough jobs while reducing stress on the operator. Equipped with a speed-regulated 5.5 kW 400 V motor, the BSM 340 E offers a working width of 340 mm and is optimized for long-term use. Its versatility is demonstrated by its ability to remove uneven surfaces, coatings, clean concrete and screed surfaces, peel off foam backing, and remove adhesives, paints, and coatings. The machine&#8217;s head can be adjusted to grind close to the edge of the work area and its ergonomic design protects the operator. Discover the advantages of the powerful and efficient BSM 340 E concrete grinding machine.[\/vc_column_text][\/vc_column_inner][\/vc_row_inner][vc_toggle title=&#8221;Technical Properties&#8221; open=&#8221;true&#8221;]<\/p>\n<div class=\"item-productaccord-table-row\">\n<div class=\"item-productaccord-table-head\"><strong>BSM 340 E<\/strong><\/div>\n<\/div>\n<div class=\"item-productaccord-table-row\">\n<div class=\"item-productaccord-table-td item-productaccord-table-td-2\">Working width 340 mm<\/div>\n<\/div>\n<div class=\"item-productaccord-table-row\">\n<div class=\"item-productaccord-table-td item-productaccord-table-td-2\">Max. output power 5,5 kW; 400V; 50 Hz<\/div>\n<\/div>\n<div class=\"item-productaccord-table-row\">\n<div class=\"item-productaccord-table-td item-productaccord-table-td-2\">Speed 350-1000 1\/min.<\/div>\n<\/div>\n<div class=\"item-productaccord-table-row\">\n<div class=\"item-productaccord-table-td item-productaccord-table-td-2\">Dimensions (L\/W\/H) 865\/430\/770 mm<\/div>\n<\/div>\n<div class=\"item-productaccord-table-row\">\n<div class=\"item-productaccord-table-td item-productaccord-table-td-2\">Weight 135 kg<\/div>\n<\/div>\n<p>[\/vc_toggle][vc_toggle title=&#8221;Concrete Grinding Machine Lissmac BMS340E More Detail&#8221; el_id=&#8221;1514219102466-71ea4d31-99ce&#8221;]<br \/>\nA highly useful and adaptable floor grinding machine<\/p>\n<p>Elimination of roughness and layers<\/p>\n<p>Efficient elimination of glue, paint, and layers<\/p>\n<p>Cleaning of soiled concrete surfaces<\/p>\n<p>Stripping of foam backing<\/p>\n<p>Grinding of floors up to moderate size areas<\/p>\n<p>Grinding head that can be aligned to the right or left to be level with the wall<\/p>\n<p>Variable speed capability<\/p>\n<p>High engine power with lightweight design<br \/>\n[\/vc_toggle][\/vc_tta_section][\/vc_tta_tabs][\/vc_column][\/vc_row]<\/p>\n","protected":false},"excerpt":{"rendered":"<p>[vc_row][vc_column][vc_tta_tabs spacing=&#8221;2&#8243; alignment=&#8221;center&#8221; active_section=&#8221;1&#8243;][vc_tta_section title=&#8221;Concrete Grinding Machine Lissmac BMS340E&#8221; tab_id=&#8221;1514199267873-513b7fb0-0274e7cc-9afb13e7-12dbc8b3-6f55af15-c914&#8243;][vc_row_inner][vc_column_inner][\/vc_column_inner][\/vc_row_inner][vc_row_inner][vc_column_inner width=&#8221;1\/2&#8243;][vc_gallery type=&#8221;flexslider_slide&#8221; interval=&#8221;0&#8243; images=&#8221;8904,8902,8906,8908&#8243; img_size=&#8221;large&#8221;][\/vc_column_inner][vc_column_inner width=&#8221;1\/2&#8243;][vc_column_text]Concrete grinding machine BSM340E\u00a0is designed to handle demanding tasks with ease. With its powerful engine,&#8230;<\/p>\n","protected":false},"author":1,"featured_media":0,"parent":8961,"menu_order":0,"comment_status":"closed","ping_status":"closed","template":"","meta":{"footnotes":""},"yoast_head":"<!-- This site is optimized with the Yoast SEO plugin v22.2 - https:\/\/yoast.com\/wordpress\/plugins\/seo\/ -->\n<title>Concrete Grinding Machine Lissmac BMS340E - \u00dcsfen Makina<\/title>\n<meta name=\"robots\" content=\"index, follow, max-snippet:-1, max-image-preview:large, max-video-preview:-1\" \/>\n<link rel=\"canonical\" href=\"https:\/\/www.usfen.com.tr\/en\/concrete-grinding-machine-lissmac-bms340e\/\" \/>\n<meta property=\"og:locale\" content=\"en_US\" \/>\n<meta property=\"og:type\" content=\"article\" \/>\n<meta property=\"og:title\" content=\"Concrete Grinding Machine Lissmac BMS340E - \u00dcsfen Makina\" \/>\n<meta property=\"og:description\" content=\"[vc_row][vc_column][vc_tta_tabs spacing=&#8221;2&#8243; alignment=&#8221;center&#8221; active_section=&#8221;1&#8243;][vc_tta_section title=&#8221;Concrete Grinding Machine Lissmac BMS340E&#8221; tab_id=&#8221;1514199267873-513b7fb0-0274e7cc-9afb13e7-12dbc8b3-6f55af15-c914&#8243;][vc_row_inner][vc_column_inner][\/vc_column_inner][\/vc_row_inner][vc_row_inner][vc_column_inner width=&#8221;1\/2&#8243;][vc_gallery type=&#8221;flexslider_slide&#8221; interval=&#8221;0&#8243; images=&#8221;8904,8902,8906,8908&#8243; img_size=&#8221;large&#8221;][\/vc_column_inner][vc_column_inner width=&#8221;1\/2&#8243;][vc_column_text]Concrete grinding machine BSM340E\u00a0is designed to handle demanding tasks with ease. With its powerful engine,...\" \/>\n<meta property=\"og:url\" content=\"https:\/\/www.usfen.com.tr\/en\/concrete-grinding-machine-lissmac-bms340e\/\" \/>\n<meta property=\"og:site_name\" content=\"\u00dcsfen Makina\" \/>\n<meta property=\"article:publisher\" content=\"https:\/\/www.facebook.com\/%c3%9csfen-Makina-280420642481393\/\" \/>\n<meta property=\"article:modified_time\" content=\"2023-02-06T13:06:43+00:00\" \/>\n<meta name=\"twitter:card\" content=\"summary_large_image\" \/>\n<meta name=\"twitter:site\" content=\"@usfenmakina\" \/>\n<meta name=\"twitter:label1\" content=\"Est. reading time\" \/>\n\t<meta name=\"twitter:data1\" content=\"2 minutes\" \/>\n<script type=\"application\/ld+json\" class=\"yoast-schema-graph\">{\"@context\":\"https:\/\/schema.org\",\"@graph\":[{\"@type\":\"WebPage\",\"@id\":\"https:\/\/www.usfen.com.tr\/en\/concrete-grinding-machine-lissmac-bms340e\/\",\"url\":\"https:\/\/www.usfen.com.tr\/en\/concrete-grinding-machine-lissmac-bms340e\/\",\"name\":\"Concrete Grinding Machine Lissmac BMS340E - \u00dcsfen Makina\",\"isPartOf\":{\"@id\":\"https:\/\/www.usfen.com.tr\/#website\"},\"datePublished\":\"2023-02-06T13:06:42+00:00\",\"dateModified\":\"2023-02-06T13:06:43+00:00\",\"breadcrumb\":{\"@id\":\"https:\/\/www.usfen.com.tr\/en\/concrete-grinding-machine-lissmac-bms340e\/#breadcrumb\"},\"inLanguage\":\"en-US\",\"potentialAction\":[{\"@type\":\"ReadAction\",\"target\":[\"https:\/\/www.usfen.com.tr\/en\/concrete-grinding-machine-lissmac-bms340e\/\"]}]},{\"@type\":\"BreadcrumbList\",\"@id\":\"https:\/\/www.usfen.com.tr\/en\/concrete-grinding-machine-lissmac-bms340e\/#breadcrumb\",\"itemListElement\":[{\"@type\":\"ListItem\",\"position\":1,\"name\":\"Ana sayfa\",\"item\":\"https:\/\/www.usfen.com.tr\/en\/\"},{\"@type\":\"ListItem\",\"position\":2,\"name\":\"Concrete Grinding Machine Lissmac BMS340E\"}]},{\"@type\":\"WebSite\",\"@id\":\"https:\/\/www.usfen.com.tr\/#website\",\"url\":\"https:\/\/www.usfen.com.tr\/\",\"name\":\"\u00dcsfen Makina\",\"description\":\"M\u00fchendislik, Teknoloji \u00dcss\u00fc\",\"publisher\":{\"@id\":\"https:\/\/www.usfen.com.tr\/#organization\"},\"potentialAction\":[{\"@type\":\"SearchAction\",\"target\":{\"@type\":\"EntryPoint\",\"urlTemplate\":\"https:\/\/www.usfen.com.tr\/?s={search_term_string}\"},\"query-input\":\"required name=search_term_string\"}],\"inLanguage\":\"en-US\"},{\"@type\":\"Organization\",\"@id\":\"https:\/\/www.usfen.com.tr\/#organization\",\"name\":\"\u00dcsfen Makina\",\"url\":\"https:\/\/www.usfen.com.tr\/\",\"logo\":{\"@type\":\"ImageObject\",\"inLanguage\":\"en-US\",\"@id\":\"https:\/\/www.usfen.com.tr\/#\/schema\/logo\/image\/\",\"url\":\"https:\/\/www.usfen.com.tr\/wp-content\/uploads\/2017\/12\/usfen-logo-bg.png\",\"contentUrl\":\"https:\/\/www.usfen.com.tr\/wp-content\/uploads\/2017\/12\/usfen-logo-bg.png\",\"width\":400,\"height\":151,\"caption\":\"\u00dcsfen Makina\"},\"image\":{\"@id\":\"https:\/\/www.usfen.com.tr\/#\/schema\/logo\/image\/\"},\"sameAs\":[\"https:\/\/www.facebook.com\/\u00dcsfen-Makina-280420642481393\/\",\"https:\/\/twitter.com\/usfenmakina\",\"https:\/\/www.instagram.com\/usfenmakina\/\",\"https:\/\/www.linkedin.com\/company\/18375652\/\"]}]}<\/script>\n<!-- \/ Yoast SEO plugin. -->","yoast_head_json":{"title":"Concrete Grinding Machine Lissmac BMS340E - \u00dcsfen Makina","robots":{"index":"index","follow":"follow","max-snippet":"max-snippet:-1","max-image-preview":"max-image-preview:large","max-video-preview":"max-video-preview:-1"},"canonical":"https:\/\/www.usfen.com.tr\/en\/concrete-grinding-machine-lissmac-bms340e\/","og_locale":"en_US","og_type":"article","og_title":"Concrete Grinding Machine Lissmac BMS340E - \u00dcsfen Makina","og_description":"[vc_row][vc_column][vc_tta_tabs spacing=&#8221;2&#8243; alignment=&#8221;center&#8221; active_section=&#8221;1&#8243;][vc_tta_section title=&#8221;Concrete Grinding Machine Lissmac BMS340E&#8221; tab_id=&#8221;1514199267873-513b7fb0-0274e7cc-9afb13e7-12dbc8b3-6f55af15-c914&#8243;][vc_row_inner][vc_column_inner][\/vc_column_inner][\/vc_row_inner][vc_row_inner][vc_column_inner width=&#8221;1\/2&#8243;][vc_gallery type=&#8221;flexslider_slide&#8221; interval=&#8221;0&#8243; images=&#8221;8904,8902,8906,8908&#8243; img_size=&#8221;large&#8221;][\/vc_column_inner][vc_column_inner width=&#8221;1\/2&#8243;][vc_column_text]Concrete grinding machine BSM340E\u00a0is designed to handle demanding tasks with ease. With its powerful engine,...","og_url":"https:\/\/www.usfen.com.tr\/en\/concrete-grinding-machine-lissmac-bms340e\/","og_site_name":"\u00dcsfen Makina","article_publisher":"https:\/\/www.facebook.com\/%c3%9csfen-Makina-280420642481393\/","article_modified_time":"2023-02-06T13:06:43+00:00","twitter_card":"summary_large_image","twitter_site":"@usfenmakina","twitter_misc":{"Est. reading time":"2 minutes"},"schema":{"@context":"https:\/\/schema.org","@graph":[{"@type":"WebPage","@id":"https:\/\/www.usfen.com.tr\/en\/concrete-grinding-machine-lissmac-bms340e\/","url":"https:\/\/www.usfen.com.tr\/en\/concrete-grinding-machine-lissmac-bms340e\/","name":"Concrete Grinding Machine Lissmac BMS340E - \u00dcsfen Makina","isPartOf":{"@id":"https:\/\/www.usfen.com.tr\/#website"},"datePublished":"2023-02-06T13:06:42+00:00","dateModified":"2023-02-06T13:06:43+00:00","breadcrumb":{"@id":"https:\/\/www.usfen.com.tr\/en\/concrete-grinding-machine-lissmac-bms340e\/#breadcrumb"},"inLanguage":"en-US","potentialAction":[{"@type":"ReadAction","target":["https:\/\/www.usfen.com.tr\/en\/concrete-grinding-machine-lissmac-bms340e\/"]}]},{"@type":"BreadcrumbList","@id":"https:\/\/www.usfen.com.tr\/en\/concrete-grinding-machine-lissmac-bms340e\/#breadcrumb","itemListElement":[{"@type":"ListItem","position":1,"name":"Ana sayfa","item":"https:\/\/www.usfen.com.tr\/en\/"},{"@type":"ListItem","position":2,"name":"Concrete Grinding Machine Lissmac BMS340E"}]},{"@type":"WebSite","@id":"https:\/\/www.usfen.com.tr\/#website","url":"https:\/\/www.usfen.com.tr\/","name":"\u00dcsfen Makina","description":"M\u00fchendislik, Teknoloji \u00dcss\u00fc","publisher":{"@id":"https:\/\/www.usfen.com.tr\/#organization"},"potentialAction":[{"@type":"SearchAction","target":{"@type":"EntryPoint","urlTemplate":"https:\/\/www.usfen.com.tr\/?s={search_term_string}"},"query-input":"required name=search_term_string"}],"inLanguage":"en-US"},{"@type":"Organization","@id":"https:\/\/www.usfen.com.tr\/#organization","name":"\u00dcsfen Makina","url":"https:\/\/www.usfen.com.tr\/","logo":{"@type":"ImageObject","inLanguage":"en-US","@id":"https:\/\/www.usfen.com.tr\/#\/schema\/logo\/image\/","url":"https:\/\/www.usfen.com.tr\/wp-content\/uploads\/2017\/12\/usfen-logo-bg.png","contentUrl":"https:\/\/www.usfen.com.tr\/wp-content\/uploads\/2017\/12\/usfen-logo-bg.png","width":400,"height":151,"caption":"\u00dcsfen Makina"},"image":{"@id":"https:\/\/www.usfen.com.tr\/#\/schema\/logo\/image\/"},"sameAs":["https:\/\/www.facebook.com\/\u00dcsfen-Makina-280420642481393\/","https:\/\/twitter.com\/usfenmakina","https:\/\/www.instagram.com\/usfenmakina\/","https:\/\/www.linkedin.com\/company\/18375652\/"]}]}},"jetpack_sharing_enabled":true,"_links":{"self":[{"href":"https:\/\/www.usfen.com.tr\/en\/wp-json\/wp\/v2\/pages\/8911"}],"collection":[{"href":"https:\/\/www.usfen.com.tr\/en\/wp-json\/wp\/v2\/pages"}],"about":[{"href":"https:\/\/www.usfen.com.tr\/en\/wp-json\/wp\/v2\/types\/page"}],"author":[{"embeddable":true,"href":"https:\/\/www.usfen.com.tr\/en\/wp-json\/wp\/v2\/users\/1"}],"replies":[{"embeddable":true,"href":"https:\/\/www.usfen.com.tr\/en\/wp-json\/wp\/v2\/comments?post=8911"}],"version-history":[{"count":2,"href":"https:\/\/www.usfen.com.tr\/en\/wp-json\/wp\/v2\/pages\/8911\/revisions"}],"predecessor-version":[{"id":8913,"href":"https:\/\/www.usfen.com.tr\/en\/wp-json\/wp\/v2\/pages\/8911\/revisions\/8913"}],"up":[{"embeddable":true,"href":"https:\/\/www.usfen.com.tr\/en\/wp-json\/wp\/v2\/pages\/8961"}],"wp:attachment":[{"href":"https:\/\/www.usfen.com.tr\/en\/wp-json\/wp\/v2\/media?parent=8911"}],"curies":[{"name":"wp","href":"https:\/\/api.w.org\/{rel}","templated":true}]}}